{"id":8485,"date":"2016-06-03T19:04:07","date_gmt":"2016-06-03T17:04:07","guid":{"rendered":"https:\/\/neue-herbold.com\/de\/?page_id=8485"},"modified":"2016-06-12T22:39:53","modified_gmt":"2016-06-12T20:39:53","slug":"feingutabscheider-hs","status":"publish","type":"page","link":"https:\/\/neue-herbold.com\/de\/feingutabscheider-hs\/","title":{"rendered":"Feingutabscheider HS"},"content":{"rendered":"<h3><span style=\"color: #000000;\"><strong><a href=\"https:\/\/neue-herbold.com\/wp-content\/uploads\/2014\/12\/Feingutabscheider.jpg\" target=\"_blank\"><img loading=\"lazy\" decoding=\"async\" class=\"alignleft wp-image-3079 size-full\" title=\"Feingutabscheider HS\" src=\"https:\/\/neue-herbold.com\/wp-content\/uploads\/2014\/12\/Feingutabscheider.jpg\" alt=\"Feingutabscheider\" width=\"261\" height=\"326\" \/><\/a><\/strong><\/span><em><span style=\"color: #000000;\"><strong>Technik der NEUE HERBOLD\u00a0Feingutabscheider<\/strong><\/span><\/em><\/h3>\n<p><span style=\"color: #000000;\">Als mechanisches Trennverfahren dient die sog. Abscheidung zum Trennen von Stoffgemischen. Eine Abscheidungsvorrichtung wird auch als Abscheider bezeichnet.<br \/><\/span><\/p>\n<p><span style=\"color: #000000;\">Abscheider der Baureihe HS arbeiten nach dem Prinzip des freien Falls, das bedeutet es besteht kein Versatz zwischen Mahlguteintritt und dem Mahlaustritt. <\/span><\/p>\n<p><span style=\"color: #000000;\">Die Nachr\u00fcstung bzw. Integration in bestehende Anlagen ist besonders einfach m\u00e4glich. <br \/><\/span><\/p>\n<p><span style=\"color: #000000;\">\u00dcber eine Drosselklappe ist der Abschiebegrad je nach speziellem Bedarf und Notwendigkeit stufenlos einstellbar. <\/span><\/p>\n<p>&nbsp;<\/p>\n<p>&nbsp;<\/p>\n<p><span style=\"color: #000000;\"><strong><em>Einsatzgebiet der NEUE HERBOLD Abscheider <\/em><\/strong><\/span><\/p>\n<p><em>Die <span style=\"color: #000000;\">Feingutabscheider HS entstauben nicht nur das Mahlgut, sondern fangen den Staub und die Flusen (die vor allem bei HD-PE Blasabf\u00e4llen oder Spritzgu\u00dfabf\u00e4llen sehr st\u00f6rend sind) in einem Auffangbeh\u00e4lter, staubfrei f\u00fcr die Umgebung, auf. Es tritt praktisch kein Reststaub mit der Abluft aus.<\/span><\/em><\/p>\n<p><em><span style=\"color: #000000;\"><strong>Vorteile der NEUE HERBOLD Abscheider<\/strong><\/span><\/em><\/p>\n<p><span style=\"color: #000000;\">Durch den druckfreien Mahlgutaustritt nach dem Feingutabscheider ist die Funktion eines ggf. nachgeschalteten Allmetallabscheiders erleichtert.<\/span><\/p>\n<p><span style=\"color: #000000;\">Abscheider der Baureihe HS k\u00f6nnen sowohl in Normalstahlausf\u00fchrung als auch in Edelstahl geliefert werden. Das Ger\u00e4t ist einfach, schnell und problemlos \u00fcber eine Wartungst\u00fcr zu reinigen &#8211; dies ist auch besonderst vorteilhaft beim Produkt- oder Farbwechsel. <\/span><\/p>\n<p><strong>Windsichter \/ Staubabscheider\u00a0<\/strong><\/p>\n<p><span style=\"color: #000000;\">Mit Hilfe eines Windsichters werden k\u00f6rnige und\u00a0 granulat\u00e4hnliche\u00a0 Stoffe\u00a0 von Staub &#8211; und\u00a0 Leichtanteilen gereinigt. So wird beispielsweise Kunststoff Mahlgut entstaubt, Folien- und Papieranteile werden abgeschoben,\u00a0 und es erfolgt eine Trennung von spezifisch leichten und spezifisch schwerden Materialien.<\/span><\/p>\n<p><span style=\"color: #000000;\">Die\u00a0 Beschickung\u00a0 erfolgt\u00a0 in\u00a0 der\u00a0 Regel\u00a0 durch\u00a0 eine\u00a0 F\u00f6rderanlage\u00a0 (beispielsweise eine pneumatische\u00a0 F\u00f6rderanlage,\u00a0 F\u00f6rderschnecke,\u00a0 Dosierrinne\u00a0 oder \u00e4hnlichen). Eine pneumatische\u00a0 Beschickung\u00a0 ist ebenfalls m\u00f6glich. Dabei ist auf einen drucklosen Eintritt des Meterials zu achten, daher ist\u00a0 in diesen\u00a0 F\u00e4llen\u00a0 vor\u00a0 dem\u00a0 Sichter\u00a0 ein\u00a0 Zyklonabscheider\u00a0 zur\u00a0 Trennung\u00a0 der\u00a0 F\u00f6rderluft\u00a0 vom\u00a0 Aufgabematerial\u00a0 einzusetzen.<\/span><\/p>\n<p>&nbsp;<\/p>\n<p><strong>Technische Angaben<\/strong><\/p>\n<table>\n<tbody>\n<tr>\n<td style=\"text-align: center;\"><span style=\"color: #000000;\"><strong>Bautypen<\/strong><\/span><\/td>\n<td style=\"text-align: center;\"><span style=\"color: #000000;\"><strong><a href=\"https:\/\/neue-herbold.com\/wp-content\/uploads\/2014\/12\/Feingutabscheider-HS-300-HS-500.pdf\" target=\"_blank\"><img loading=\"lazy\" decoding=\"async\" class=\"alignnone wp-image-5703\" title=\"Feingutabscheider PDF-Datenblatt\" src=\"https:\/\/neue-herbold.com\/wp-content\/uploads\/2014\/12\/PDF-ICON.jpg\" alt=\"Feingutabscheider\" width=\"50\" height=\"48\" \/><\/a><\/strong><\/span><\/td>\n<td style=\"text-align: center;\">\u00a0<\/td>\n<\/tr>\n<tr>\n<td style=\"text-align: left;\"><span style=\"color: #000000;\">Typ HS 300<\/span><\/td>\n<td style=\"text-align: center;\">\u00a0<\/td>\n<td style=\"text-align: center;\">\u00a0<\/td>\n<\/tr>\n<tr>\n<td style=\"text-align: left;\"><span style=\"color: #000000;\">Typ HS 500<\/span><\/td>\n<td style=\"text-align: center;\">\u00a0<\/td>\n<td style=\"text-align: center;\">\u00a0<\/td>\n<\/tr>\n<\/tbody>\n<\/table>\n<p><span style=\"color: #000000;\"><strong><a href=\"https:\/\/neue-herbold.com\/wp-content\/uploads\/2014\/12\/Windsichter_WR.pdf\" target=\"_blank\"><img loading=\"lazy\" decoding=\"async\" class=\"alignleft wp-image-5703\" title=\"Windsichter WR\" src=\"https:\/\/neue-herbold.com\/wp-content\/uploads\/2014\/12\/PDF-ICON.jpg\" alt=\"PDF-ICON\" width=\"50\" height=\"48\" \/><\/a><\/strong><\/span> <span style=\"color: #000000;\"><a href=\"https:\/\/neue-herbold.com\/wp-content\/uploads\/2014\/12\/Windsichter_WR.pdf\" target=\"_blank\">Windsichter WR<\/a><\/span><\/p>\n","protected":false},"excerpt":{"rendered":"<p><span style=\"color: #000000;\"><strong><a href=\"https:\/\/neue-herbold.com\/wp-content\/uploads\/2014\/12\/Feingutabscheider.jpg\" target=\"_blank\"><img loading=\"lazy\" decoding=\"async\" class=\"alignleft wp-image-3079 size-full\" title=\"Feingutabscheider HS\" src=\"https:\/\/neue-herbold.com\/wp-content\/uploads\/2014\/12\/Feingutabscheider.jpg\" alt=\"Feingutabscheider\" width=\"261\" height=\"326\" \/><\/a><\/strong><\/span><em><span style=\"color: #000000;\"><strong>Technik der NEUE HERBOLD\u00a0Feingutabscheider<\/strong><\/span><\/em><\/p>\n<p><span style=\"color: #000000;\">Als mechanisches Trennverfahren dient die sog. Abscheidung zum Trennen von Stoffgemischen. Eine Abscheidungsvorrichtung wird auch als Abscheider bezeichnet.<br \/><\/span><\/p>\n<p><span style=\"color: #000000;\">Abscheider der Baureihe HS arbeiten nach dem Prinzip des freien Falls,<\/span><\/p>\n<p><span class=\"ellipsis\">&hellip;<\/span><\/p>\n<div class=\"read-more\"><a href=\"https:\/\/neue-herbold.com\/de\/feingutabscheider-hs\/\">Weiterlesen \u203a<\/a><\/div>\n<p><!-- end of .read-more --><\/p>\n","protected":false},"author":1,"featured_media":0,"parent":0,"menu_order":0,"comment_status":"closed","ping_status":"closed","template":"","meta":{"footnotes":""},"class_list":["post-8485","page","type-page","status-publish","hentry"],"yoast_head":"<!-- This site is optimized with the Yoast SEO plugin v25.4 - https:\/\/yoast.com\/wordpress\/plugins\/seo\/ -->\n<title>Feingutabscheider HS - Neue Herbold GmbH<\/title>\n<meta name=\"description\" content=\"Neue Herbold Feingutabscheider entstauben nicht nur das Mahlgut, sondern fangen den Staub und die Flusen (die vor allem bei HD-PE Blasabf\u00e4llen oder\" \/>\n<meta name=\"robots\" content=\"index, follow, max-snippet:-1, max-image-preview:large, max-video-preview:-1\" \/>\n<link rel=\"canonical\" href=\"https:\/\/neue-herbold.com\/de\/feingutabscheider-hs\/\" \/>\n<meta property=\"og:locale\" content=\"de_DE\" \/>\n<meta property=\"og:type\" content=\"article\" \/>\n<meta property=\"og:title\" content=\"Feingutabscheider HS - Neue Herbold GmbH\" \/>\n<meta property=\"og:description\" content=\"Neue Herbold Feingutabscheider entstauben nicht nur das Mahlgut, sondern fangen den Staub und die Flusen (die vor allem bei HD-PE Blasabf\u00e4llen oder\" \/>\n<meta property=\"og:url\" content=\"https:\/\/neue-herbold.com\/de\/feingutabscheider-hs\/\" \/>\n<meta property=\"og:site_name\" content=\"Neue Herbold GmbH\" \/>\n<meta property=\"article:modified_time\" content=\"2016-06-12T20:39:53+00:00\" \/>\n<meta property=\"og:image\" content=\"https:\/\/neue-herbold.com\/wp-content\/uploads\/2014\/12\/Feingutabscheider.jpg\" \/>\n<meta name=\"twitter:label1\" content=\"Gesch\u00e4tzte Lesezeit\" \/>\n\t<meta name=\"twitter:data1\" content=\"1\u00a0Minute\" \/>\n<script type=\"application\/ld+json\" class=\"yoast-schema-graph\">{\"@context\":\"https:\/\/schema.org\",\"@graph\":[{\"@type\":\"WebPage\",\"@id\":\"https:\/\/neue-herbold.com\/de\/feingutabscheider-hs\/\",\"url\":\"https:\/\/neue-herbold.com\/de\/feingutabscheider-hs\/\",\"name\":\"Feingutabscheider HS - Neue Herbold GmbH\",\"isPartOf\":{\"@id\":\"https:\/\/neue-herbold.com\/en\/#website\"},\"primaryImageOfPage\":{\"@id\":\"https:\/\/neue-herbold.com\/de\/feingutabscheider-hs\/#primaryimage\"},\"image\":{\"@id\":\"https:\/\/neue-herbold.com\/de\/feingutabscheider-hs\/#primaryimage\"},\"thumbnailUrl\":\"https:\/\/neue-herbold.com\/wp-content\/uploads\/2014\/12\/Feingutabscheider.jpg\",\"datePublished\":\"2016-06-03T17:04:07+00:00\",\"dateModified\":\"2016-06-12T20:39:53+00:00\",\"description\":\"Neue Herbold Feingutabscheider entstauben nicht nur das Mahlgut, sondern fangen den Staub und die Flusen (die vor allem bei HD-PE Blasabf\u00e4llen oder\",\"breadcrumb\":{\"@id\":\"https:\/\/neue-herbold.com\/de\/feingutabscheider-hs\/#breadcrumb\"},\"inLanguage\":\"de\",\"potentialAction\":[{\"@type\":\"ReadAction\",\"target\":[\"https:\/\/neue-herbold.com\/de\/feingutabscheider-hs\/\"]}]},{\"@type\":\"ImageObject\",\"inLanguage\":\"de\",\"@id\":\"https:\/\/neue-herbold.com\/de\/feingutabscheider-hs\/#primaryimage\",\"url\":\"https:\/\/neue-herbold.com\/wp-content\/uploads\/2014\/12\/Feingutabscheider.jpg\",\"contentUrl\":\"https:\/\/neue-herbold.com\/wp-content\/uploads\/2014\/12\/Feingutabscheider.jpg\"},{\"@type\":\"BreadcrumbList\",\"@id\":\"https:\/\/neue-herbold.com\/de\/feingutabscheider-hs\/#breadcrumb\",\"itemListElement\":[{\"@type\":\"ListItem\",\"position\":1,\"name\":\"Startseite\",\"item\":\"https:\/\/neue-herbold.com\/de\/\"},{\"@type\":\"ListItem\",\"position\":2,\"name\":\"Feingutabscheider HS\"}]},{\"@type\":\"WebSite\",\"@id\":\"https:\/\/neue-herbold.com\/en\/#website\",\"url\":\"https:\/\/neue-herbold.com\/en\/\",\"name\":\"Neue Herbold GmbH\",\"description\":\"\",\"potentialAction\":[{\"@type\":\"SearchAction\",\"target\":{\"@type\":\"EntryPoint\",\"urlTemplate\":\"https:\/\/neue-herbold.com\/en\/?s={search_term_string}\"},\"query-input\":{\"@type\":\"PropertyValueSpecification\",\"valueRequired\":true,\"valueName\":\"search_term_string\"}}],\"inLanguage\":\"de\"}]}<\/script>\n<!-- \/ Yoast SEO plugin. -->","yoast_head_json":{"title":"Feingutabscheider HS - Neue Herbold GmbH","description":"Neue Herbold Feingutabscheider entstauben nicht nur das Mahlgut, sondern fangen den Staub und die Flusen (die vor allem bei HD-PE Blasabf\u00e4llen oder","robots":{"index":"index","follow":"follow","max-snippet":"max-snippet:-1","max-image-preview":"max-image-preview:large","max-video-preview":"max-video-preview:-1"},"canonical":"https:\/\/neue-herbold.com\/de\/feingutabscheider-hs\/","og_locale":"de_DE","og_type":"article","og_title":"Feingutabscheider HS - Neue Herbold GmbH","og_description":"Neue Herbold Feingutabscheider entstauben nicht nur das Mahlgut, sondern fangen den Staub und die Flusen (die vor allem bei HD-PE Blasabf\u00e4llen oder","og_url":"https:\/\/neue-herbold.com\/de\/feingutabscheider-hs\/","og_site_name":"Neue Herbold GmbH","article_modified_time":"2016-06-12T20:39:53+00:00","og_image":[{"url":"https:\/\/neue-herbold.com\/wp-content\/uploads\/2014\/12\/Feingutabscheider.jpg","type":"","width":"","height":""}],"twitter_misc":{"Gesch\u00e4tzte Lesezeit":"1\u00a0Minute"},"schema":{"@context":"https:\/\/schema.org","@graph":[{"@type":"WebPage","@id":"https:\/\/neue-herbold.com\/de\/feingutabscheider-hs\/","url":"https:\/\/neue-herbold.com\/de\/feingutabscheider-hs\/","name":"Feingutabscheider HS - Neue Herbold GmbH","isPartOf":{"@id":"https:\/\/neue-herbold.com\/en\/#website"},"primaryImageOfPage":{"@id":"https:\/\/neue-herbold.com\/de\/feingutabscheider-hs\/#primaryimage"},"image":{"@id":"https:\/\/neue-herbold.com\/de\/feingutabscheider-hs\/#primaryimage"},"thumbnailUrl":"https:\/\/neue-herbold.com\/wp-content\/uploads\/2014\/12\/Feingutabscheider.jpg","datePublished":"2016-06-03T17:04:07+00:00","dateModified":"2016-06-12T20:39:53+00:00","description":"Neue Herbold Feingutabscheider entstauben nicht nur das Mahlgut, sondern fangen den Staub und die Flusen (die vor allem bei HD-PE Blasabf\u00e4llen oder","breadcrumb":{"@id":"https:\/\/neue-herbold.com\/de\/feingutabscheider-hs\/#breadcrumb"},"inLanguage":"de","potentialAction":[{"@type":"ReadAction","target":["https:\/\/neue-herbold.com\/de\/feingutabscheider-hs\/"]}]},{"@type":"ImageObject","inLanguage":"de","@id":"https:\/\/neue-herbold.com\/de\/feingutabscheider-hs\/#primaryimage","url":"https:\/\/neue-herbold.com\/wp-content\/uploads\/2014\/12\/Feingutabscheider.jpg","contentUrl":"https:\/\/neue-herbold.com\/wp-content\/uploads\/2014\/12\/Feingutabscheider.jpg"},{"@type":"BreadcrumbList","@id":"https:\/\/neue-herbold.com\/de\/feingutabscheider-hs\/#breadcrumb","itemListElement":[{"@type":"ListItem","position":1,"name":"Startseite","item":"https:\/\/neue-herbold.com\/de\/"},{"@type":"ListItem","position":2,"name":"Feingutabscheider HS"}]},{"@type":"WebSite","@id":"https:\/\/neue-herbold.com\/en\/#website","url":"https:\/\/neue-herbold.com\/en\/","name":"Neue Herbold GmbH","description":"","potentialAction":[{"@type":"SearchAction","target":{"@type":"EntryPoint","urlTemplate":"https:\/\/neue-herbold.com\/en\/?s={search_term_string}"},"query-input":{"@type":"PropertyValueSpecification","valueRequired":true,"valueName":"search_term_string"}}],"inLanguage":"de"}]}},"_links":{"self":[{"href":"https:\/\/neue-herbold.com\/de\/wp-json\/wp\/v2\/pages\/8485"}],"collection":[{"href":"https:\/\/neue-herbold.com\/de\/wp-json\/wp\/v2\/pages"}],"about":[{"href":"https:\/\/neue-herbold.com\/de\/wp-json\/wp\/v2\/types\/page"}],"author":[{"embeddable":true,"href":"https:\/\/neue-herbold.com\/de\/wp-json\/wp\/v2\/users\/1"}],"replies":[{"embeddable":true,"href":"https:\/\/neue-herbold.com\/de\/wp-json\/wp\/v2\/comments?post=8485"}],"version-history":[{"count":21,"href":"https:\/\/neue-herbold.com\/de\/wp-json\/wp\/v2\/pages\/8485\/revisions"}],"predecessor-version":[{"id":10419,"href":"https:\/\/neue-herbold.com\/de\/wp-json\/wp\/v2\/pages\/8485\/revisions\/10419"}],"wp:attachment":[{"href":"https:\/\/neue-herbold.com\/de\/wp-json\/wp\/v2\/media?parent=8485"}],"curies":[{"name":"wp","href":"https:\/\/api.w.org\/{rel}","templated":true}]}}