{"id":8451,"date":"2016-06-03T18:29:26","date_gmt":"2016-06-03T16:29:26","guid":{"rendered":"https:\/\/neue-herbold.com\/de\/?page_id=8451"},"modified":"2017-01-24T18:47:39","modified_gmt":"2017-01-24T17:47:39","slug":"schneidmuehlen-sx","status":"publish","type":"page","link":"https:\/\/neue-herbold.com\/de\/schneidmuehlen-sx\/","title":{"rendered":"Schneidm\u00fchlen SX"},"content":{"rendered":"<p><span style=\"color: #000000;\"><strong><a href=\"https:\/\/neue-herbold.com\/wp-content\/uploads\/2014\/12\/SX800_1200.jpg\" target=\"_blank\"><img loading=\"lazy\" decoding=\"async\" class=\"alignright wp-image-3006\" src=\"https:\/\/neue-herbold.com\/wp-content\/uploads\/2014\/12\/SX800_1200.jpg\" alt=\"Granulatoren \/ Schneidm\u00fchlen SX 800_1200\" width=\"352\" height=\"522\" srcset=\"https:\/\/neue-herbold.com\/wp-content\/uploads\/2014\/12\/SX800_1200.jpg 608w, https:\/\/neue-herbold.com\/wp-content\/uploads\/2014\/12\/SX800_1200-202x300.jpg 202w, https:\/\/neue-herbold.com\/wp-content\/uploads\/2014\/12\/SX800_1200-100x148.jpg 100w, https:\/\/neue-herbold.com\/wp-content\/uploads\/2014\/12\/SX800_1200-150x222.jpg 150w, https:\/\/neue-herbold.com\/wp-content\/uploads\/2014\/12\/SX800_1200-200x296.jpg 200w, https:\/\/neue-herbold.com\/wp-content\/uploads\/2014\/12\/SX800_1200-300x444.jpg 300w, https:\/\/neue-herbold.com\/wp-content\/uploads\/2014\/12\/SX800_1200-450x666.jpg 450w, https:\/\/neue-herbold.com\/wp-content\/uploads\/2014\/12\/SX800_1200-600x888.jpg 600w\" sizes=\"(max-width: 352px) 100vw, 352px\" \/><\/a><\/strong><\/span><em><span style=\"color: #000000;\"><strong>Technik der Baureihe SX<\/strong><\/span><\/em><\/p>\n<p><span style=\"color: #000000;\">Die<strong> NEUE HERBOLD<\/strong> Schneidm\u00fchlen der Baureihe SX sind mit der Doppelschr\u00e4gschnitt-Technik ausgestattet. Sowohl die rotierenden Messer, als auch die Statormesser im M\u00fchlengeh\u00e4use stehen schr\u00e4g zueinander. Diese Technik sorgt f\u00fcr einen genauen Schnittspalt \u00fcber die gesamte Arbeitsbreite und f\u00fcr einen <span style=\"color: #000000;\">exakten<\/span> Schnitt. Der Ger\u00e4uschpegel wird dadurch signifikant reduziert.<br \/><\/span><\/p>\n<p><span style=\"color: #000000;\">In Stehlagern untergebracht ist die au\u00dfen gelagerte und vom Mahlraum getrennte Rotorwelle.<\/span><span style=\"color: #000000;\"> Hierdurch ist eine sichere Trennung zum Zerkleinerungsgut gew\u00e4hrleistet. Die Schneidm\u00fchle SX unterscheidet sich von den anderen Schneidm\u00fchlen durch ihre \u00fcberaus stabile Stahlkonstruktion der Geh\u00e4useausf\u00fchrung. Auf Wunsch kann das M\u00fchlengeh\u00e4use mit austauschbaren Verschlei\u00dfplatten ausgekleidet werden.<\/span><\/p>\n<p><span style=\"color: #000000;\">Diese Bauhreihe zeichnet sich durch ihre kompakte Bauweise und den dadurch resultierenden Einsatz bei niedrigem Platzbedarf aus. Durch die pfeilf\u00f6rmige Anordnung der Schneidwerkzeuge wird zudem eine geringere thermische Belastung des Materials erzielt. Die Materialverteilung \u00fcber die Arbeitsbreite im Mahlraum ist nahezu identisch. <\/span><\/p>\n<p><span style=\"color: #000000;\"><strong><em>Einsatzgebiet der Schneidm\u00fchle SX<\/em><\/strong><\/span><\/p>\n<p><span style=\"color: #000000;\">Die<strong> NEUE HERBOLD<\/strong> Schneidm\u00fchlen \/ Granulatoren der Baureihe SX sind Hochleistungsschneidm\u00fchlen.<\/span><\/p>\n<p><span style=\"color: #000000;\"><em><strong>Folgendes Einsatzspektrum deckt die Baureihe SX ab:<\/strong><\/em><br \/> <\/span><\/p>\n<ul>\n<li><span style=\"color: #000000;\">Zerkleinerung von gro\u00dfen Mengen von D\u00fcnnfolien<\/span> (z. B. BOPP \/ BOPET \/ PP)<\/li>\n<li><span style=\"color: #000000;\">Zerkleinerung von PP-Big Bag`s<\/span><\/li>\n<li><span style=\"color: #000000;\">Zerkleinerung von Flaschenk\u00e4sten<\/span><\/li>\n<li><span style=\"color: #000000;\">Zerkleinerung von B\u00e4ndchengew\u00f6llen<\/span><\/li>\n<li><span style=\"color: #000000;\">Zerkleinerung von Hohlk\u00f6rpern<\/span><\/li>\n<li><span style=\"color: #000000;\">Zerkleinerung von Folienpaketen<\/span><\/li>\n<li><span style=\"color: #000000;\">Zerkleinerung von PET Flaschen<br \/> <\/span><\/li>\n<li><span style=\"color: #000000;\">Bis hin zur Aufbereitung \/ Zerkleinerung von Flachfolien <\/span><span style=\"color: #000000;\">sowohl im Inlinebetrieb als auch im Offlinebetrieb<\/span><\/li>\n<\/ul>\n<p><span style=\"color: #000000;\">Bei einem Rotordurchmesser von 600 mm und 800 mm und mit Arbeitsbreiten von 1000 mm bis 2000 mm werden mit einer Antriebsleistung der Granulatoren zwischen 90 kW bis 315 kW je nach Sieblochung und Art des Aufgabematerials Durchsatzleistungen von 2 bis zu 15 Tonnen pro Stunde erzielt.<\/span><\/p>\n<p><span style=\"color: #000000;\"><strong><em><a href=\"https:\/\/neue-herbold.com\/wp-content\/uploads\/2014\/12\/SX-800_1200-S7-3-\u00b497-IV.jpg\" target=\"_blank\"><img loading=\"lazy\" decoding=\"async\" class=\"alignleft wp-image-3007\" src=\"https:\/\/neue-herbold.com\/wp-content\/uploads\/2014\/12\/SX-800_1200-S7-3-\u00b497-IV.jpg\" alt=\"SX 800_1200-S7-3 \u00b497 IV\" width=\"206\" height=\"277\" srcset=\"https:\/\/neue-herbold.com\/wp-content\/uploads\/2014\/12\/SX-800_1200-S7-3-\u00b497-IV.jpg 355w, https:\/\/neue-herbold.com\/wp-content\/uploads\/2014\/12\/SX-800_1200-S7-3-\u00b497-IV-222x300.jpg 222w, https:\/\/neue-herbold.com\/wp-content\/uploads\/2014\/12\/SX-800_1200-S7-3-\u00b497-IV-100x134.jpg 100w, https:\/\/neue-herbold.com\/wp-content\/uploads\/2014\/12\/SX-800_1200-S7-3-\u00b497-IV-150x201.jpg 150w, https:\/\/neue-herbold.com\/wp-content\/uploads\/2014\/12\/SX-800_1200-S7-3-\u00b497-IV-200x269.jpg 200w, https:\/\/neue-herbold.com\/wp-content\/uploads\/2014\/12\/SX-800_1200-S7-3-\u00b497-IV-300x403.jpg 300w\" sizes=\"(max-width: 206px) 100vw, 206px\" \/><\/a><\/em><\/strong><\/span><\/p>\n<p>&nbsp;<\/p>\n<p><span style=\"color: #000000;\"><strong><em>Vorteile der Schneidm\u00fchle SX<br \/><\/em><\/strong><\/span><\/p>\n<ul>\n<li><span style=\"color: #000000;\">h\u00f6chste Durchsatzleistungen<\/span><\/li>\n<li><span style=\"color: #000000;\">energiesparende Zerkleinerung<\/span><\/li>\n<li><span style=\"color: #000000;\">geringe thermische Belastung des Zerkleinerungsguts<\/span><\/li>\n<li><span style=\"color: #000000;\">geringer Platzbedarf<\/span><\/li>\n<li><span style=\"color: #000000;\">geringe Stillstandzeiten bei Messerwechsel durch Messervoreinstellung<\/span><\/li>\n<li><span style=\"color: #000000;\">geringer Ger\u00e4uschpegel durch <a href=\"https:\/\/neue-herbold.com\/wp-content\/uploads\/2014\/11\/Doppelschraegschnitt.pdf\" target=\"_blank\">Doppelschr\u00e4gschnitt<\/a><\/span><\/li>\n<\/ul>\n<p>&nbsp;<\/p>\n<p>&nbsp;<\/p>\n<p><span style=\"color: #000000;\">Folien, Hohlk\u00f6rper und Klumpen aus verschiedenen Kunststoffen k\u00f6nnen durch einfaches Umr\u00fcsten verarbeitet werden. Versuche in unserem Technikum belegen, dass durch die Optimierungen der Rotor- und Geh\u00e4usebauart bis zu 20% Energieeinsparung zur Bauhreihe S erzielt werden. Ebenso konnte durch die Verbesserung des Handlings die Arbeitssicherheit erh\u00f6ht werden. Die <strong>NEUE HERBOLD<\/strong> Schneidm\u00fchlen der Baureihe SX sind f\u00fcr h\u00e4rteste Beanspruchungen zugeschnitten und auf die unterschiedlichsten Anforderungen moderner Recycling-Betriebe geeignet.<br \/><\/span><\/p>\n<p><span style=\"font-family: arial,helvetica,sans-serif; font-size: 10pt;\"><a href=\"https:\/\/neue-herbold.com\/wp-content\/uploads\/2015\/03\/Einstelllehre.jpg\" target=\"_blank\"><img loading=\"lazy\" decoding=\"async\" class=\"wp-image-6007 alignleft\" src=\"https:\/\/neue-herbold.com\/wp-content\/uploads\/2015\/03\/Einstelllehre-300x225.jpg\" alt=\"Einstelllehre\" width=\"280\" height=\"210\" srcset=\"https:\/\/neue-herbold.com\/wp-content\/uploads\/2015\/03\/Einstelllehre-300x225.jpg 300w, https:\/\/neue-herbold.com\/wp-content\/uploads\/2015\/03\/Einstelllehre.jpg 1024w, https:\/\/neue-herbold.com\/wp-content\/uploads\/2015\/03\/Einstelllehre-100x75.jpg 100w, https:\/\/neue-herbold.com\/wp-content\/uploads\/2015\/03\/Einstelllehre-150x113.jpg 150w, https:\/\/neue-herbold.com\/wp-content\/uploads\/2015\/03\/Einstelllehre-200x150.jpg 200w, https:\/\/neue-herbold.com\/wp-content\/uploads\/2015\/03\/Einstelllehre-450x338.jpg 450w, https:\/\/neue-herbold.com\/wp-content\/uploads\/2015\/03\/Einstelllehre-600x450.jpg 600w, https:\/\/neue-herbold.com\/wp-content\/uploads\/2015\/03\/Einstelllehre-900x675.jpg 900w\" sizes=\"(max-width: 280px) 100vw, 280px\" \/><\/a><\/span><\/p>\n<p>&nbsp;<\/p>\n<p><em><span style=\"color: #000000;\"><strong>Messereinstelllehre der Bauhreihe SX<br \/><\/strong><\/span><\/em><\/p>\n<p><span style=\"color: #000000;\">Die Justierung der Rotor- und Statormesser geschieht au\u00dferhalb der Maschine in einer speziell hierf\u00fcr konstruierten Einstelllehre. Die Justierschrauben im Rotor und im M\u00fchlengeh\u00e4use sind bei Auslieferung fest eingestellt, die Justierschrauben im Schneidmesser werden entsprechend dem Nachschleifzustand nachgestellt. Die Einstellarbeiten der Schneidmesser k\u00f6nnen w\u00e4hrend dem Einsatz der Schneidm\u00fchle ausgef\u00fchrt werden.<\/span><\/p>\n<p>&nbsp;<\/p>\n<p><span style=\"color: #000000;\">Bei Rotoren mit einstellbaren Messern wird eine Einstelllehre zur Voreinstellung au\u00dferhalb der Maschine mitgeliefert. Die korrekte und sorgf\u00e4ltige Einstellung des Schneidspaltes ist entscheidend f\u00fcr die Leistungsf\u00e4higkeit der Schneidm\u00fchle.<\/span><\/p>\n<p><a href=\"https:\/\/neue-herbold.com\/wp-content\/uploads\/2014\/12\/Masse-SM.jpg\" target=\"_blank\"><img loading=\"lazy\" decoding=\"async\" class=\"wp-image-3428 alignleft\" src=\"https:\/\/neue-herbold.com\/wp-content\/uploads\/2014\/12\/Masse-SM-300x208.jpg\" alt=\"\" width=\"371\" height=\"257\" srcset=\"https:\/\/neue-herbold.com\/wp-content\/uploads\/2014\/12\/Masse-SM-300x208.jpg 300w, https:\/\/neue-herbold.com\/wp-content\/uploads\/2014\/12\/Masse-SM-100x69.jpg 100w, https:\/\/neue-herbold.com\/wp-content\/uploads\/2014\/12\/Masse-SM-150x104.jpg 150w, https:\/\/neue-herbold.com\/wp-content\/uploads\/2014\/12\/Masse-SM-200x139.jpg 200w, https:\/\/neue-herbold.com\/wp-content\/uploads\/2014\/12\/Masse-SM-450x313.jpg 450w, https:\/\/neue-herbold.com\/wp-content\/uploads\/2014\/12\/Masse-SM-600x417.jpg 600w, https:\/\/neue-herbold.com\/wp-content\/uploads\/2014\/12\/Masse-SM-900x626.jpg 900w, https:\/\/neue-herbold.com\/wp-content\/uploads\/2014\/12\/Masse-SM.jpg 985w\" sizes=\"(max-width: 371px) 100vw, 371px\" \/><\/a><\/p>\n<table>\n<tbody>\n<tr>\n<td style=\"text-align: left;\"><span style=\"color: #000000;\"><strong><a href=\"https:\/\/neue-herbold.com\/wp-content\/uploads\/2014\/12\/Schneidmuehle-SX.pdf\" target=\"_blank\"><img loading=\"lazy\" decoding=\"async\" class=\"wp-image-5703 alignleft\" src=\"https:\/\/neue-herbold.com\/wp-content\/uploads\/2014\/12\/PDF-ICON.jpg\" alt=\"PDF-ICON\" width=\"50\" height=\"48\" \/><\/a>Maschinentyp <\/strong><\/span><\/td>\n<td style=\"text-align: center;\"><span style=\"color: #000000;\"><strong>A <br \/>(mm)<\/strong><\/span><\/td>\n<td style=\"text-align: center;\"><span style=\"color: #000000;\"><strong>B <br \/>(mm)<\/strong><\/span><\/td>\n<td style=\"text-align: center;\"><span style=\"color: #000000;\"><strong>C <br \/>(mm)<\/strong><\/span><\/td>\n<td style=\"text-align: center;\"><span style=\"color: #000000;\"><strong>D <br \/>(mm)<\/strong><\/span><\/td>\n<td style=\"text-align: center;\"><span style=\"color: #000000;\"><strong>E <br \/>(mm)<\/strong><\/span><\/td>\n<\/tr>\n<tr>\n<td style=\"text-align: left;\"><span style=\"color: #000000;\">Schneidm\u00fchle Typ SX 800\/1200<\/span><\/td>\n<td style=\"text-align: center;\"><span style=\"color: #000000;\">1645<\/span><\/td>\n<td style=\"text-align: center;\"><span style=\"color: #000000;\">2790<\/span><\/td>\n<td style=\"text-align: center;\"><span style=\"color: #000000;\">1304<\/span><\/td>\n<td style=\"text-align: center;\"><span style=\"color: #000000;\">2584<\/span><\/td>\n<td style=\"text-align: center;\"><span style=\"color: #000000;\">940<\/span><\/td>\n<\/tr>\n<tr>\n<td style=\"text-align: left;\"><span style=\"color: #000000;\">Schneidm\u00fchle Typ SX 800\/1600<\/span><\/td>\n<td style=\"text-align: center;\"><span style=\"color: #000000;\">2063<\/span><\/td>\n<td style=\"text-align: center;\"><span style=\"color: #000000;\">2700<\/span><\/td>\n<td style=\"text-align: center;\"><span style=\"color: #000000;\">1584<\/span><\/td>\n<td style=\"text-align: center;\"><span style=\"color: #000000;\">2819<\/span><\/td>\n<td style=\"text-align: center;\"><span style=\"color: #000000;\">940<\/span><\/td>\n<\/tr>\n<tr>\n<td style=\"text-align: left;\"><span style=\"color: #000000;\">Schneidm\u00fchle Typ SX 800\/2000<\/span><\/td>\n<td style=\"text-align: center;\"><span style=\"color: #000000;\">2000<\/span><\/td>\n<td style=\"text-align: center;\"><span style=\"color: #000000;\">2730<\/span><\/td>\n<td style=\"text-align: center;\"><span style=\"color: #000000;\">2104<\/span><\/td>\n<td style=\"text-align: center;\"><span style=\"color: #000000;\">3384<\/span><\/td>\n<td style=\"text-align: center;\"><span style=\"color: #000000;\">940<\/span><\/td>\n<\/tr>\n<\/tbody>\n<\/table>\n<hr \/>\n<p><a href=\"https:\/\/de.wikipedia.org\/wiki\/Polypropylen\" target=\"_blank\"><img loading=\"lazy\" decoding=\"async\" class=\"alignnone wp-image-6978\" src=\"https:\/\/neue-herbold.com\/wp-content\/uploads\/2014\/11\/Wikipedia.jpg\" alt=\"Wikipedia\" width=\"48\" height=\"48\" srcset=\"https:\/\/neue-herbold.com\/wp-content\/uploads\/2014\/11\/Wikipedia.jpg 265w, https:\/\/neue-herbold.com\/wp-content\/uploads\/2014\/11\/Wikipedia-100x100.jpg 100w, https:\/\/neue-herbold.com\/wp-content\/uploads\/2014\/11\/Wikipedia-150x150.jpg 150w, https:\/\/neue-herbold.com\/wp-content\/uploads\/2014\/11\/Wikipedia-200x200.jpg 200w\" sizes=\"(max-width: 48px) 100vw, 48px\" \/>PP<\/a> \/ <a href=\"https:\/\/de.wikipedia.org\/wiki\/Polyethylenterephthalat\" target=\"_blank\">PET<\/a> \/ <a href=\"https:\/\/de.wikipedia.org\/wiki\/Polypropylen#Gereckte_Polypropylen-Folie_.28OPP_und_BOPP.29\" target=\"_blank\">BOPP<\/a> \/ <a href=\"https:\/\/de.wikipedia.org\/wiki\/Biaxial_orientierte_Polyester-Folie\" target=\"_blank\">BOPET<\/a><\/p>\n","protected":false},"excerpt":{"rendered":"<p><span style=\"color: #000000;\"><strong><a href=\"https:\/\/neue-herbold.com\/wp-content\/uploads\/2014\/12\/SX800_1200.jpg\" target=\"_blank\"><img loading=\"lazy\" decoding=\"async\" class=\"alignright wp-image-3006\" src=\"https:\/\/neue-herbold.com\/wp-content\/uploads\/2014\/12\/SX800_1200.jpg\" alt=\"Granulatoren \/ Schneidm\u00fchlen SX 800_1200\" width=\"352\" height=\"522\" srcset=\"https:\/\/neue-herbold.com\/wp-content\/uploads\/2014\/12\/SX800_1200.jpg 608w, https:\/\/neue-herbold.com\/wp-content\/uploads\/2014\/12\/SX800_1200-202x300.jpg 202w, https:\/\/neue-herbold.com\/wp-content\/uploads\/2014\/12\/SX800_1200-100x148.jpg 100w, https:\/\/neue-herbold.com\/wp-content\/uploads\/2014\/12\/SX800_1200-150x222.jpg 150w, https:\/\/neue-herbold.com\/wp-content\/uploads\/2014\/12\/SX800_1200-200x296.jpg 200w, https:\/\/neue-herbold.com\/wp-content\/uploads\/2014\/12\/SX800_1200-300x444.jpg 300w, https:\/\/neue-herbold.com\/wp-content\/uploads\/2014\/12\/SX800_1200-450x666.jpg 450w, https:\/\/neue-herbold.com\/wp-content\/uploads\/2014\/12\/SX800_1200-600x888.jpg 600w\" sizes=\"(max-width: 352px) 100vw, 352px\" \/><\/a><\/strong><\/span><em><span style=\"color: #000000;\"><strong>Technik der Baureihe SX<\/strong><\/span><\/em><\/p>\n<p><span style=\"color: #000000;\">Die<strong> NEUE HERBOLD<\/strong> Schneidm\u00fchlen der Baureihe SX sind mit der Doppelschr\u00e4gschnitt-Technik ausgestattet. Sowohl die rotierenden Messer, als auch die Statormesser im M\u00fchlengeh\u00e4use stehen schr\u00e4g zueinander.<\/span><\/p>\n<p><span class=\"ellipsis\">&hellip;<\/span><\/p>\n<div class=\"read-more\"><a href=\"https:\/\/neue-herbold.com\/de\/schneidmuehlen-sx\/\">Weiterlesen \u203a<\/a><\/div>\n<p><!-- end of .read-more --><\/p>\n","protected":false},"author":1,"featured_media":0,"parent":0,"menu_order":0,"comment_status":"closed","ping_status":"closed","template":"","meta":{"footnotes":""},"class_list":["post-8451","page","type-page","status-publish","hentry"],"yoast_head":"<!-- This site is optimized with the Yoast SEO plugin v25.4 - https:\/\/yoast.com\/wordpress\/plugins\/seo\/ -->\n<title>Schneidm\u00fchlen SX - Neue Herbold GmbH<\/title>\n<meta name=\"description\" content=\"Neue Herbold Schneidm\u00fchlen \/ Granulatoren der Baureihe SX sind Hochleistungsschneidm\u00fchlen. Das Einsatzspektrum reicht von der Zerkleinerung von Folien\" \/>\n<meta name=\"robots\" content=\"index, follow, max-snippet:-1, max-image-preview:large, max-video-preview:-1\" \/>\n<link rel=\"canonical\" href=\"https:\/\/neue-herbold.com\/de\/schneidmuehlen-sx\/\" \/>\n<meta property=\"og:locale\" content=\"de_DE\" \/>\n<meta property=\"og:type\" content=\"article\" \/>\n<meta property=\"og:title\" content=\"Schneidm\u00fchlen SX - Neue Herbold GmbH\" \/>\n<meta property=\"og:description\" content=\"Neue Herbold Schneidm\u00fchlen \/ Granulatoren der Baureihe SX sind Hochleistungsschneidm\u00fchlen. Das Einsatzspektrum reicht von der Zerkleinerung von Folien\" \/>\n<meta property=\"og:url\" content=\"https:\/\/neue-herbold.com\/de\/schneidmuehlen-sx\/\" \/>\n<meta property=\"og:site_name\" content=\"Neue Herbold GmbH\" \/>\n<meta property=\"article:modified_time\" content=\"2017-01-24T17:47:39+00:00\" \/>\n<meta property=\"og:image\" content=\"https:\/\/neue-herbold.com\/wp-content\/uploads\/2014\/12\/SX800_1200.jpg\" \/>\n<meta name=\"twitter:label1\" content=\"Gesch\u00e4tzte Lesezeit\" \/>\n\t<meta name=\"twitter:data1\" content=\"2\u00a0Minuten\" \/>\n<script type=\"application\/ld+json\" class=\"yoast-schema-graph\">{\"@context\":\"https:\/\/schema.org\",\"@graph\":[{\"@type\":\"WebPage\",\"@id\":\"https:\/\/neue-herbold.com\/de\/schneidmuehlen-sx\/\",\"url\":\"https:\/\/neue-herbold.com\/de\/schneidmuehlen-sx\/\",\"name\":\"Schneidm\u00fchlen SX - Neue Herbold GmbH\",\"isPartOf\":{\"@id\":\"https:\/\/neue-herbold.com\/en\/#website\"},\"primaryImageOfPage\":{\"@id\":\"https:\/\/neue-herbold.com\/de\/schneidmuehlen-sx\/#primaryimage\"},\"image\":{\"@id\":\"https:\/\/neue-herbold.com\/de\/schneidmuehlen-sx\/#primaryimage\"},\"thumbnailUrl\":\"https:\/\/neue-herbold.com\/wp-content\/uploads\/2014\/12\/SX800_1200.jpg\",\"datePublished\":\"2016-06-03T16:29:26+00:00\",\"dateModified\":\"2017-01-24T17:47:39+00:00\",\"description\":\"Neue Herbold Schneidm\u00fchlen \/ Granulatoren der Baureihe SX sind Hochleistungsschneidm\u00fchlen. Das Einsatzspektrum reicht von der Zerkleinerung von Folien\",\"breadcrumb\":{\"@id\":\"https:\/\/neue-herbold.com\/de\/schneidmuehlen-sx\/#breadcrumb\"},\"inLanguage\":\"de\",\"potentialAction\":[{\"@type\":\"ReadAction\",\"target\":[\"https:\/\/neue-herbold.com\/de\/schneidmuehlen-sx\/\"]}]},{\"@type\":\"ImageObject\",\"inLanguage\":\"de\",\"@id\":\"https:\/\/neue-herbold.com\/de\/schneidmuehlen-sx\/#primaryimage\",\"url\":\"https:\/\/neue-herbold.com\/wp-content\/uploads\/2014\/12\/SX800_1200.jpg\",\"contentUrl\":\"https:\/\/neue-herbold.com\/wp-content\/uploads\/2014\/12\/SX800_1200.jpg\"},{\"@type\":\"BreadcrumbList\",\"@id\":\"https:\/\/neue-herbold.com\/de\/schneidmuehlen-sx\/#breadcrumb\",\"itemListElement\":[{\"@type\":\"ListItem\",\"position\":1,\"name\":\"Startseite\",\"item\":\"https:\/\/neue-herbold.com\/de\/\"},{\"@type\":\"ListItem\",\"position\":2,\"name\":\"Schneidm\u00fchlen SX\"}]},{\"@type\":\"WebSite\",\"@id\":\"https:\/\/neue-herbold.com\/en\/#website\",\"url\":\"https:\/\/neue-herbold.com\/en\/\",\"name\":\"Neue Herbold GmbH\",\"description\":\"\",\"potentialAction\":[{\"@type\":\"SearchAction\",\"target\":{\"@type\":\"EntryPoint\",\"urlTemplate\":\"https:\/\/neue-herbold.com\/en\/?s={search_term_string}\"},\"query-input\":{\"@type\":\"PropertyValueSpecification\",\"valueRequired\":true,\"valueName\":\"search_term_string\"}}],\"inLanguage\":\"de\"}]}<\/script>\n<!-- \/ Yoast SEO plugin. -->","yoast_head_json":{"title":"Schneidm\u00fchlen SX - Neue Herbold GmbH","description":"Neue Herbold Schneidm\u00fchlen \/ Granulatoren der Baureihe SX sind Hochleistungsschneidm\u00fchlen. Das Einsatzspektrum reicht von der Zerkleinerung von Folien","robots":{"index":"index","follow":"follow","max-snippet":"max-snippet:-1","max-image-preview":"max-image-preview:large","max-video-preview":"max-video-preview:-1"},"canonical":"https:\/\/neue-herbold.com\/de\/schneidmuehlen-sx\/","og_locale":"de_DE","og_type":"article","og_title":"Schneidm\u00fchlen SX - Neue Herbold GmbH","og_description":"Neue Herbold Schneidm\u00fchlen \/ Granulatoren der Baureihe SX sind Hochleistungsschneidm\u00fchlen. Das Einsatzspektrum reicht von der Zerkleinerung von Folien","og_url":"https:\/\/neue-herbold.com\/de\/schneidmuehlen-sx\/","og_site_name":"Neue Herbold GmbH","article_modified_time":"2017-01-24T17:47:39+00:00","og_image":[{"url":"https:\/\/neue-herbold.com\/wp-content\/uploads\/2014\/12\/SX800_1200.jpg","type":"","width":"","height":""}],"twitter_misc":{"Gesch\u00e4tzte Lesezeit":"2\u00a0Minuten"},"schema":{"@context":"https:\/\/schema.org","@graph":[{"@type":"WebPage","@id":"https:\/\/neue-herbold.com\/de\/schneidmuehlen-sx\/","url":"https:\/\/neue-herbold.com\/de\/schneidmuehlen-sx\/","name":"Schneidm\u00fchlen SX - Neue Herbold GmbH","isPartOf":{"@id":"https:\/\/neue-herbold.com\/en\/#website"},"primaryImageOfPage":{"@id":"https:\/\/neue-herbold.com\/de\/schneidmuehlen-sx\/#primaryimage"},"image":{"@id":"https:\/\/neue-herbold.com\/de\/schneidmuehlen-sx\/#primaryimage"},"thumbnailUrl":"https:\/\/neue-herbold.com\/wp-content\/uploads\/2014\/12\/SX800_1200.jpg","datePublished":"2016-06-03T16:29:26+00:00","dateModified":"2017-01-24T17:47:39+00:00","description":"Neue Herbold Schneidm\u00fchlen \/ Granulatoren der Baureihe SX sind Hochleistungsschneidm\u00fchlen. Das Einsatzspektrum reicht von der Zerkleinerung von Folien","breadcrumb":{"@id":"https:\/\/neue-herbold.com\/de\/schneidmuehlen-sx\/#breadcrumb"},"inLanguage":"de","potentialAction":[{"@type":"ReadAction","target":["https:\/\/neue-herbold.com\/de\/schneidmuehlen-sx\/"]}]},{"@type":"ImageObject","inLanguage":"de","@id":"https:\/\/neue-herbold.com\/de\/schneidmuehlen-sx\/#primaryimage","url":"https:\/\/neue-herbold.com\/wp-content\/uploads\/2014\/12\/SX800_1200.jpg","contentUrl":"https:\/\/neue-herbold.com\/wp-content\/uploads\/2014\/12\/SX800_1200.jpg"},{"@type":"BreadcrumbList","@id":"https:\/\/neue-herbold.com\/de\/schneidmuehlen-sx\/#breadcrumb","itemListElement":[{"@type":"ListItem","position":1,"name":"Startseite","item":"https:\/\/neue-herbold.com\/de\/"},{"@type":"ListItem","position":2,"name":"Schneidm\u00fchlen SX"}]},{"@type":"WebSite","@id":"https:\/\/neue-herbold.com\/en\/#website","url":"https:\/\/neue-herbold.com\/en\/","name":"Neue Herbold GmbH","description":"","potentialAction":[{"@type":"SearchAction","target":{"@type":"EntryPoint","urlTemplate":"https:\/\/neue-herbold.com\/en\/?s={search_term_string}"},"query-input":{"@type":"PropertyValueSpecification","valueRequired":true,"valueName":"search_term_string"}}],"inLanguage":"de"}]}},"_links":{"self":[{"href":"https:\/\/neue-herbold.com\/de\/wp-json\/wp\/v2\/pages\/8451"}],"collection":[{"href":"https:\/\/neue-herbold.com\/de\/wp-json\/wp\/v2\/pages"}],"about":[{"href":"https:\/\/neue-herbold.com\/de\/wp-json\/wp\/v2\/types\/page"}],"author":[{"embeddable":true,"href":"https:\/\/neue-herbold.com\/de\/wp-json\/wp\/v2\/users\/1"}],"replies":[{"embeddable":true,"href":"https:\/\/neue-herbold.com\/de\/wp-json\/wp\/v2\/comments?post=8451"}],"version-history":[{"count":37,"href":"https:\/\/neue-herbold.com\/de\/wp-json\/wp\/v2\/pages\/8451\/revisions"}],"predecessor-version":[{"id":10580,"href":"https:\/\/neue-herbold.com\/de\/wp-json\/wp\/v2\/pages\/8451\/revisions\/10580"}],"wp:attachment":[{"href":"https:\/\/neue-herbold.com\/de\/wp-json\/wp\/v2\/media?parent=8451"}],"curies":[{"name":"wp","href":"https:\/\/api.w.org\/{rel}","templated":true}]}}