{"id":8431,"date":"2016-06-03T18:26:12","date_gmt":"2016-06-03T16:26:12","guid":{"rendered":"https:\/\/neue-herbold.com\/es\/?page_id=8431"},"modified":"2017-03-21T21:29:05","modified_gmt":"2017-03-21T20:29:05","slug":"hammermuehlen","status":"publish","type":"page","link":"https:\/\/neue-herbold.com\/de\/hammermuehlen\/","title":{"rendered":"Hammerm\u00fchlen"},"content":{"rendered":"<h2><span style=\"color: #000000;\"><strong><a href=\"https:\/\/neue-herbold.com\/wp-content\/uploads\/2014\/11\/Hammermuehle-002.jpg\" target=\"_blank\"><img loading=\"lazy\" decoding=\"async\" class=\"alignright wp-image-3315\" title=\"Hammerm\u00fchlen\" src=\"https:\/\/neue-herbold.com\/wp-content\/uploads\/2014\/11\/Hammermuehle-002.jpg\" alt=\"Hammerm\u00fchlen\" width=\"469\" height=\"369\" srcset=\"https:\/\/neue-herbold.com\/wp-content\/uploads\/2014\/11\/Hammermuehle-002.jpg 752w, https:\/\/neue-herbold.com\/wp-content\/uploads\/2014\/11\/Hammermuehle-002-300x235.jpg 300w, https:\/\/neue-herbold.com\/wp-content\/uploads\/2014\/11\/Hammermuehle-002-100x78.jpg 100w, https:\/\/neue-herbold.com\/wp-content\/uploads\/2014\/11\/Hammermuehle-002-150x117.jpg 150w, https:\/\/neue-herbold.com\/wp-content\/uploads\/2014\/11\/Hammermuehle-002-200x157.jpg 200w, https:\/\/neue-herbold.com\/wp-content\/uploads\/2014\/11\/Hammermuehle-002-450x353.jpg 450w, https:\/\/neue-herbold.com\/wp-content\/uploads\/2014\/11\/Hammermuehle-002-600x471.jpg 600w\" sizes=\"(max-width: 469px) 100vw, 469px\" \/><\/a><em>Einsatzgebiet der Hammerm\u00fchlen<br \/>\n <\/em><\/strong><\/span><\/h2>\n<p><span style=\"color: #000000;\">Die<strong> NEUE HERBOLD<\/strong> Hammerm\u00fchlen der Baureihe HM weisen vielseitige Einsatzm\u00f6glichkeiten auf. Mit au\u00dferordentlich<\/span> <span style=\"color: #000000;\">hohen Durchsatzleistungen wurde diese Bauhreihe speziell zur \u00f6konomischen Zerkleinerung aller schlagspr\u00f6den Materialien entwickelt.<\/span><\/p>\n<p><span style=\"color: #000000;\">Durch das Ausr\u00fcsten von Rotorwelle und Maschinengeh\u00e4use mit unterschiedlichen Werkzeugen lassen sich unter anderem folgende Anwendungen umsetzen:<\/span><\/p>\n<ul>\n<li><span style=\"color: #000000;\">Zerkleinerung von Holzabfall<\/span><\/li>\n<li><span style=\"color: #000000;\">Zerkleinerung von schlagspr\u00f6den Kunststoffe<br \/>\n <\/span><\/li>\n<li><span style=\"color: #000000;\">Zerkleinerung von Elektroschrott<\/span><\/li>\n<li><span style=\"color: #000000;\">Zerkleinerung von mineralischem D\u00e4mmstoffabfall<\/span><\/li>\n<\/ul>\n<h2><em><span style=\"color: #000000;\"><strong>Technik der Bauhreihe HM<br \/>\n <\/strong><\/span><\/em><\/h2>\n<p><span style=\"color: #000000;\">Die<strong> NEUE HERBOLD<\/strong> Hammerm\u00fchlen der Baureihe HM sind mit robusten und hochverschlei\u00dffesten Werkzeugen (H\u00e4mmer, Schlagleisten) ausgestattet. Die au\u00dfen in Stehlagern untergebrachte Rotorwelle ist vom Mahlraum getrennt. Durch die Vollstahl-Schwei\u00dfkonstruktion ist die Hammerm\u00fchle sehr belastbar und h\u00e4lt enormen Beanspruchungen stand. Das Maschinengeh\u00e4use wird mittels geschraubten und auswechselbaren Verschlei\u00dfplatten vor Abrieb gesch\u00fctzt. Betroffene Fl\u00e4chen k\u00f6nnen bei Abrieb leicht ausgetauscht werden.<br \/>\n <\/span><\/p>\n<p><span style=\"color: #000000;\">Um die jeweiligen, optimalen Zerkleinerungsergebnisse zu erzielen ist es m\u00f6glich die Rotorwelle und das Maschinengeh\u00e4use mit verschiedenen Werkzeugen zu best\u00fccken.<\/span><\/p>\n<p><span style=\"color: #000000;\"><strong><a href=\"https:\/\/neue-herbold.com\/wp-content\/uploads\/2014\/11\/Hammerm\u00fchle-03.jpg\" target=\"_blank\"><img loading=\"lazy\" decoding=\"async\" class=\"alignleft wp-image-3346 size-medium\" title=\"Hammerm\u00fchle\" src=\"https:\/\/neue-herbold.com\/wp-content\/uploads\/2014\/11\/Hammerm\u00fchle-03-221x300.jpg\" alt=\"Hammerm\u00fchle\" width=\"221\" height=\"300\" srcset=\"https:\/\/neue-herbold.com\/wp-content\/uploads\/2014\/11\/Hammerm\u00fchle-03-221x300.jpg 221w, https:\/\/neue-herbold.com\/wp-content\/uploads\/2014\/11\/Hammerm\u00fchle-03-100x135.jpg 100w, https:\/\/neue-herbold.com\/wp-content\/uploads\/2014\/11\/Hammerm\u00fchle-03-200x270.jpg 200w, https:\/\/neue-herbold.com\/wp-content\/uploads\/2014\/11\/Hammerm\u00fchle-03-450x608.jpg 450w, https:\/\/neue-herbold.com\/wp-content\/uploads\/2014\/11\/Hammerm\u00fchle-03.jpg 473w\" sizes=\"(max-width: 221px) 100vw, 221px\" \/><\/a><\/strong><\/span><\/p>\n<p>&nbsp;<\/p>\n<h2><span style=\"color: #000000;\"><strong><em>Vorteile der Hammerm\u00fchlen HM<br \/>\n <\/em><\/strong><\/span><\/h2>\n<ul>\n<li><span style=\"color: #000000;\">energiesparende Zerkleinerung<\/span><\/li>\n<li><span style=\"color: #000000;\">h\u00f6chste Durchsatzleistungen<\/span><\/li>\n<li><span style=\"color: #000000;\"> vielf\u00e4ltige Einsatzm\u00f6glichkeiten<\/span><\/li>\n<li><span style=\"color: #000000;\">geringer Platzbedarf<\/span><\/li>\n<li><span style=\"color: #000000;\">geringe Stillstandzeiten <\/span><span style=\"color: #000000;\">bei Werkzeugwechsel<\/span><\/li>\n<\/ul>\n<p>&nbsp;<\/p>\n<p>&nbsp;<\/p>\n<table>\n<tbody>\n<tr>\n<td style=\"text-align: center;\"><strong><span style=\"color: #000000;\">Maschinentyp<\/span><\/strong><\/td>\n<td style=\"text-align: center;\"><strong><span style=\"color: #000000;\">Rotordurchmesser (mm)<\/span><\/strong><\/td>\n<td style=\"text-align: center;\"><strong><span style=\"color: #000000;\">Arbeitsbreite (mm)<\/span><\/strong><\/td>\n<td style=\"text-align: center;\"><strong><span style=\"color: #000000;\"><a href=\"https:\/\/neue-herbold.com\/wp-content\/uploads\/2014\/11\/HM-Hammermuehle.pdf\" target=\"_blank\"><img loading=\"lazy\" decoding=\"async\" class=\"alignnone wp-image-5703\" src=\"https:\/\/neue-herbold.com\/wp-content\/uploads\/2014\/12\/PDF-ICON.jpg\" alt=\"PDF-ICON\" width=\"50\" height=\"48\" \/><\/a><\/span><\/strong><\/td>\n<\/tr>\n<tr>\n<td><span style=\"color: #000000;\">Hammerm\u00fchle Typ HM 450\/300<\/span><\/td>\n<td style=\"text-align: center;\"><span style=\"color: #000000;\">450<\/span><\/td>\n<td style=\"text-align: center;\"><span style=\"color: #000000;\">300<\/span><\/td>\n<td style=\"text-align: center;\">\u00a0<\/td>\n<\/tr>\n<tr>\n<td><span style=\"color: #000000;\">Hammerm\u00fchle Typ HM 450\/600<\/span><\/td>\n<td style=\"text-align: center;\"><span style=\"color: #000000;\">450<\/span><\/td>\n<td style=\"text-align: center;\"><span style=\"color: #000000;\">600<\/span><\/td>\n<td style=\"text-align: center;\">\u00a0<\/td>\n<\/tr>\n<tr>\n<td><span style=\"color: #000000;\">Hammerm\u00fchle Typ HM 650\/250<\/span><\/td>\n<td style=\"text-align: center;\"><span style=\"color: #000000;\">650<\/span><\/td>\n<td style=\"text-align: center;\"><span style=\"color: #000000;\">250<\/span><\/td>\n<td style=\"text-align: center;\">\u00a0<\/td>\n<\/tr>\n<tr>\n<td><span style=\"color: #000000;\">Hammerm\u00fchle Typ HM 650\/500<\/span><\/td>\n<td style=\"text-align: center;\"><span style=\"color: #000000;\">650<\/span><\/td>\n<td style=\"text-align: center;\"><span style=\"color: #000000;\">500<\/span><\/td>\n<td style=\"text-align: center;\">\u00a0<\/td>\n<\/tr>\n<tr>\n<td><span style=\"color: #000000;\">Hammerm\u00fchle Typ HM 650\/750<\/span><\/td>\n<td style=\"text-align: center;\"><span style=\"color: #000000;\">650<\/span><\/td>\n<td style=\"text-align: center;\"><span style=\"color: #000000;\">750<\/span><\/td>\n<td style=\"text-align: center;\">\u00a0<\/td>\n<\/tr>\n<tr>\n<td><span style=\"color: #000000;\">Hammerm\u00fchle Typ HM 800\/1000<\/span><\/td>\n<td style=\"text-align: center;\"><span style=\"color: #000000;\">800<\/span><\/td>\n<td style=\"text-align: center;\"><span style=\"color: #000000;\">1000<\/span><\/td>\n<td style=\"text-align: center;\">\u00a0<\/td>\n<\/tr>\n<tr>\n<td><span style=\"color: #000000;\">Hammerm\u00fchle Typ HM 1000\/1600<\/span><\/td>\n<td style=\"text-align: center;\"><span style=\"color: #000000;\">1000<\/span><\/td>\n<td style=\"text-align: center;\"><span style=\"color: #000000;\">1600<\/span><\/td>\n<td style=\"text-align: center;\">\u00a0<\/td>\n<\/tr>\n<\/tbody>\n<\/table>\n<hr \/>\n<p><strong>Allgemeine Informationen:<\/strong><\/p>\n<p>Hammer-M\u00fchlen werden oft auch als Schlagm\u00fchlen bezeichnet, diese dienen beim industrieellen Kunststoff Recycling weitgehendst der Zerschlagung, anstelle der sogenannten\u00a0 Zerkleinerung, von gemischten Materialien. Die Trennung der Sorten folgt meist als n\u00e4chster\u00a0 Schritt im Recyclingprozess. Bei der Verarbeitung von Holz oder Holzabf\u00e4llen wie z.B. Paletten und Holzkisten werden diese meist zur Zermahlung zu Holznebenprodukten wie beispielsweise S\u00e4gesp\u00e4nen oder Hackgut verwendet, welche in nachfolgenden Prozessen z.B. zu Holzpellets verpresst werden.<\/p>\n<p>Hammerbrecher dienen beispielsweise auch zum Brechen von Stein bzw. Steinbrocken. Ein leistungsf\u00e4higer Scheibenrotor und gelenkig gelagerte H\u00e4mmer sind die haupts\u00e4chlichen Bestandteile f\u00fcr die Funktionsweise dieser Anlagen.<\/p>\n<p>&nbsp;<\/p>\n<p><a href=\"https:\/\/neue-herbold.com\/wp-content\/uploads\/2014\/11\/Wikipedia.jpg\"><img loading=\"lazy\" decoding=\"async\" class=\"wp-image-6978 alignnone\" src=\"https:\/\/neue-herbold.com\/wp-content\/uploads\/2014\/11\/Wikipedia.jpg\" alt=\"Wikipedia\" width=\"48\" height=\"48\" srcset=\"https:\/\/neue-herbold.com\/wp-content\/uploads\/2014\/11\/Wikipedia.jpg 265w, https:\/\/neue-herbold.com\/wp-content\/uploads\/2014\/11\/Wikipedia-100x100.jpg 100w, https:\/\/neue-herbold.com\/wp-content\/uploads\/2014\/11\/Wikipedia-150x150.jpg 150w, https:\/\/neue-herbold.com\/wp-content\/uploads\/2014\/11\/Wikipedia-200x200.jpg 200w\" sizes=\"(max-width: 48px) 100vw, 48px\" \/><\/a><a href=\"https:\/\/de.wikipedia.org\/wiki\/Hammerm%C3%BChle_%28Technik%29\" target=\"_blank\">Hammerm\u00fchle<\/a><\/p>\n<p><a href=\"https:\/\/neue-herbold.com\/wp-content\/uploads\/2014\/11\/Wikipedia.jpg\"><img loading=\"lazy\" decoding=\"async\" class=\"wp-image-6978 alignnone\" src=\"https:\/\/neue-herbold.com\/wp-content\/uploads\/2014\/11\/Wikipedia.jpg\" alt=\"Wikipedia\" width=\"48\" height=\"48\" srcset=\"https:\/\/neue-herbold.com\/wp-content\/uploads\/2014\/11\/Wikipedia.jpg 265w, https:\/\/neue-herbold.com\/wp-content\/uploads\/2014\/11\/Wikipedia-100x100.jpg 100w, https:\/\/neue-herbold.com\/wp-content\/uploads\/2014\/11\/Wikipedia-150x150.jpg 150w, https:\/\/neue-herbold.com\/wp-content\/uploads\/2014\/11\/Wikipedia-200x200.jpg 200w\" sizes=\"(max-width: 48px) 100vw, 48px\" \/><\/a><a title=\"Hammerbrecher\" href=\"https:\/\/de.wikipedia.org\/wiki\/Hammerbrecher\" target=\"_blank\">Hammerbrecher<\/a><\/p>\n","protected":false},"excerpt":{"rendered":"<p><span style=\"color: #000000;\"><strong><a href=\"https:\/\/neue-herbold.com\/wp-content\/uploads\/2014\/11\/Hammermuehle-002.jpg\" target=\"_blank\"><img loading=\"lazy\" decoding=\"async\" class=\"alignright wp-image-3315\" title=\"Hammerm\u00fchlen\" src=\"https:\/\/neue-herbold.com\/wp-content\/uploads\/2014\/11\/Hammermuehle-002.jpg\" alt=\"Hammerm\u00fchlen\" width=\"469\" height=\"369\" srcset=\"https:\/\/neue-herbold.com\/wp-content\/uploads\/2014\/11\/Hammermuehle-002.jpg 752w, https:\/\/neue-herbold.com\/wp-content\/uploads\/2014\/11\/Hammermuehle-002-300x235.jpg 300w, https:\/\/neue-herbold.com\/wp-content\/uploads\/2014\/11\/Hammermuehle-002-100x78.jpg 100w, https:\/\/neue-herbold.com\/wp-content\/uploads\/2014\/11\/Hammermuehle-002-150x117.jpg 150w, https:\/\/neue-herbold.com\/wp-content\/uploads\/2014\/11\/Hammermuehle-002-200x157.jpg 200w, https:\/\/neue-herbold.com\/wp-content\/uploads\/2014\/11\/Hammermuehle-002-450x353.jpg 450w, https:\/\/neue-herbold.com\/wp-content\/uploads\/2014\/11\/Hammermuehle-002-600x471.jpg 600w\" sizes=\"(max-width: 469px) 100vw, 469px\" \/><\/a><em>Einsatzgebiet der Hammerm\u00fchlen<br \/>\n <\/em><\/strong><\/span><\/p>\n<p><span style=\"color: #000000;\">Die<strong> NEUE HERBOLD<\/strong> Hammerm\u00fchlen der Baureihe HM weisen vielseitige Einsatzm\u00f6glichkeiten auf. Mit au\u00dferordentlich<\/span> <span style=\"color: #000000;\">hohen Durchsatzleistungen wurde diese Bauhreihe speziell zur \u00f6konomischen Zerkleinerung aller schlagspr\u00f6den Materialien entwickelt.<\/span><\/p>\n<p><span class=\"ellipsis\">&hellip;<\/span><\/p>\n<div class=\"read-more\"><a href=\"https:\/\/neue-herbold.com\/de\/hammermuehlen\/\">Weiterlesen \u203a<\/a><\/div>\n<p><!-- end of .read-more --><\/p>\n","protected":false},"author":1,"featured_media":0,"parent":0,"menu_order":0,"comment_status":"closed","ping_status":"closed","template":"","meta":{"footnotes":""},"class_list":["post-8431","page","type-page","status-publish","hentry"],"yoast_head":"<!-- This site is optimized with the Yoast SEO plugin v25.4 - https:\/\/yoast.com\/wordpress\/plugins\/seo\/ -->\n<title>Hammerm\u00fchlen - Neue Herbold GmbH Sinsheim Germany<\/title>\n<meta name=\"description\" content=\"NEUE HERBOLD - Hammerm\u00fchlen der Baureihe HM weisen eine vielf\u00e4ltige Einsatzm\u00f6glichkeit auf. Durch das Ausr\u00fcsten von Rotorwelle und Maschinengeh\u00e4use mit\" \/>\n<meta name=\"robots\" content=\"index, follow, max-snippet:-1, max-image-preview:large, max-video-preview:-1\" \/>\n<link rel=\"canonical\" href=\"https:\/\/neue-herbold.com\/de\/hammermuehlen\/\" \/>\n<meta property=\"og:locale\" content=\"de_DE\" \/>\n<meta property=\"og:type\" content=\"article\" \/>\n<meta property=\"og:title\" content=\"Hammerm\u00fchlen - Neue Herbold GmbH Sinsheim Germany\" \/>\n<meta property=\"og:description\" content=\"NEUE HERBOLD - Hammerm\u00fchlen der Baureihe HM weisen eine vielf\u00e4ltige Einsatzm\u00f6glichkeit auf. Durch das Ausr\u00fcsten von Rotorwelle und Maschinengeh\u00e4use mit\" \/>\n<meta property=\"og:url\" content=\"https:\/\/neue-herbold.com\/de\/hammermuehlen\/\" \/>\n<meta property=\"og:site_name\" content=\"Neue Herbold GmbH\" \/>\n<meta property=\"article:modified_time\" content=\"2017-03-21T20:29:05+00:00\" \/>\n<meta property=\"og:image\" content=\"https:\/\/neue-herbold.com\/wp-content\/uploads\/2014\/11\/Hammermuehle-002.jpg\" \/>\n<meta name=\"twitter:label1\" content=\"Gesch\u00e4tzte Lesezeit\" \/>\n\t<meta name=\"twitter:data1\" content=\"2\u00a0Minuten\" \/>\n<script type=\"application\/ld+json\" class=\"yoast-schema-graph\">{\"@context\":\"https:\/\/schema.org\",\"@graph\":[{\"@type\":\"WebPage\",\"@id\":\"https:\/\/neue-herbold.com\/de\/hammermuehlen\/\",\"url\":\"https:\/\/neue-herbold.com\/de\/hammermuehlen\/\",\"name\":\"Hammerm\u00fchlen - Neue Herbold GmbH Sinsheim Germany\",\"isPartOf\":{\"@id\":\"https:\/\/neue-herbold.com\/en\/#website\"},\"primaryImageOfPage\":{\"@id\":\"https:\/\/neue-herbold.com\/de\/hammermuehlen\/#primaryimage\"},\"image\":{\"@id\":\"https:\/\/neue-herbold.com\/de\/hammermuehlen\/#primaryimage\"},\"thumbnailUrl\":\"https:\/\/neue-herbold.com\/wp-content\/uploads\/2014\/11\/Hammermuehle-002.jpg\",\"datePublished\":\"2016-06-03T16:26:12+00:00\",\"dateModified\":\"2017-03-21T20:29:05+00:00\",\"description\":\"NEUE HERBOLD - Hammerm\u00fchlen der Baureihe HM weisen eine vielf\u00e4ltige Einsatzm\u00f6glichkeit auf. Durch das Ausr\u00fcsten von Rotorwelle und Maschinengeh\u00e4use mit\",\"breadcrumb\":{\"@id\":\"https:\/\/neue-herbold.com\/de\/hammermuehlen\/#breadcrumb\"},\"inLanguage\":\"de\",\"potentialAction\":[{\"@type\":\"ReadAction\",\"target\":[\"https:\/\/neue-herbold.com\/de\/hammermuehlen\/\"]}]},{\"@type\":\"ImageObject\",\"inLanguage\":\"de\",\"@id\":\"https:\/\/neue-herbold.com\/de\/hammermuehlen\/#primaryimage\",\"url\":\"https:\/\/neue-herbold.com\/wp-content\/uploads\/2014\/11\/Hammermuehle-002.jpg\",\"contentUrl\":\"https:\/\/neue-herbold.com\/wp-content\/uploads\/2014\/11\/Hammermuehle-002.jpg\"},{\"@type\":\"BreadcrumbList\",\"@id\":\"https:\/\/neue-herbold.com\/de\/hammermuehlen\/#breadcrumb\",\"itemListElement\":[{\"@type\":\"ListItem\",\"position\":1,\"name\":\"Startseite\",\"item\":\"https:\/\/neue-herbold.com\/de\/\"},{\"@type\":\"ListItem\",\"position\":2,\"name\":\"Hammerm\u00fchlen\"}]},{\"@type\":\"WebSite\",\"@id\":\"https:\/\/neue-herbold.com\/en\/#website\",\"url\":\"https:\/\/neue-herbold.com\/en\/\",\"name\":\"Neue Herbold GmbH\",\"description\":\"\",\"potentialAction\":[{\"@type\":\"SearchAction\",\"target\":{\"@type\":\"EntryPoint\",\"urlTemplate\":\"https:\/\/neue-herbold.com\/en\/?s={search_term_string}\"},\"query-input\":{\"@type\":\"PropertyValueSpecification\",\"valueRequired\":true,\"valueName\":\"search_term_string\"}}],\"inLanguage\":\"de\"}]}<\/script>\n<!-- \/ Yoast SEO plugin. -->","yoast_head_json":{"title":"Hammerm\u00fchlen - Neue Herbold GmbH Sinsheim Germany","description":"NEUE HERBOLD - Hammerm\u00fchlen der Baureihe HM weisen eine vielf\u00e4ltige Einsatzm\u00f6glichkeit auf. Durch das Ausr\u00fcsten von Rotorwelle und Maschinengeh\u00e4use mit","robots":{"index":"index","follow":"follow","max-snippet":"max-snippet:-1","max-image-preview":"max-image-preview:large","max-video-preview":"max-video-preview:-1"},"canonical":"https:\/\/neue-herbold.com\/de\/hammermuehlen\/","og_locale":"de_DE","og_type":"article","og_title":"Hammerm\u00fchlen - Neue Herbold GmbH Sinsheim Germany","og_description":"NEUE HERBOLD - Hammerm\u00fchlen der Baureihe HM weisen eine vielf\u00e4ltige Einsatzm\u00f6glichkeit auf. Durch das Ausr\u00fcsten von Rotorwelle und Maschinengeh\u00e4use mit","og_url":"https:\/\/neue-herbold.com\/de\/hammermuehlen\/","og_site_name":"Neue Herbold GmbH","article_modified_time":"2017-03-21T20:29:05+00:00","og_image":[{"url":"https:\/\/neue-herbold.com\/wp-content\/uploads\/2014\/11\/Hammermuehle-002.jpg","type":"","width":"","height":""}],"twitter_misc":{"Gesch\u00e4tzte Lesezeit":"2\u00a0Minuten"},"schema":{"@context":"https:\/\/schema.org","@graph":[{"@type":"WebPage","@id":"https:\/\/neue-herbold.com\/de\/hammermuehlen\/","url":"https:\/\/neue-herbold.com\/de\/hammermuehlen\/","name":"Hammerm\u00fchlen - Neue Herbold GmbH Sinsheim Germany","isPartOf":{"@id":"https:\/\/neue-herbold.com\/en\/#website"},"primaryImageOfPage":{"@id":"https:\/\/neue-herbold.com\/de\/hammermuehlen\/#primaryimage"},"image":{"@id":"https:\/\/neue-herbold.com\/de\/hammermuehlen\/#primaryimage"},"thumbnailUrl":"https:\/\/neue-herbold.com\/wp-content\/uploads\/2014\/11\/Hammermuehle-002.jpg","datePublished":"2016-06-03T16:26:12+00:00","dateModified":"2017-03-21T20:29:05+00:00","description":"NEUE HERBOLD - Hammerm\u00fchlen der Baureihe HM weisen eine vielf\u00e4ltige Einsatzm\u00f6glichkeit auf. Durch das Ausr\u00fcsten von Rotorwelle und Maschinengeh\u00e4use mit","breadcrumb":{"@id":"https:\/\/neue-herbold.com\/de\/hammermuehlen\/#breadcrumb"},"inLanguage":"de","potentialAction":[{"@type":"ReadAction","target":["https:\/\/neue-herbold.com\/de\/hammermuehlen\/"]}]},{"@type":"ImageObject","inLanguage":"de","@id":"https:\/\/neue-herbold.com\/de\/hammermuehlen\/#primaryimage","url":"https:\/\/neue-herbold.com\/wp-content\/uploads\/2014\/11\/Hammermuehle-002.jpg","contentUrl":"https:\/\/neue-herbold.com\/wp-content\/uploads\/2014\/11\/Hammermuehle-002.jpg"},{"@type":"BreadcrumbList","@id":"https:\/\/neue-herbold.com\/de\/hammermuehlen\/#breadcrumb","itemListElement":[{"@type":"ListItem","position":1,"name":"Startseite","item":"https:\/\/neue-herbold.com\/de\/"},{"@type":"ListItem","position":2,"name":"Hammerm\u00fchlen"}]},{"@type":"WebSite","@id":"https:\/\/neue-herbold.com\/en\/#website","url":"https:\/\/neue-herbold.com\/en\/","name":"Neue Herbold GmbH","description":"","potentialAction":[{"@type":"SearchAction","target":{"@type":"EntryPoint","urlTemplate":"https:\/\/neue-herbold.com\/en\/?s={search_term_string}"},"query-input":{"@type":"PropertyValueSpecification","valueRequired":true,"valueName":"search_term_string"}}],"inLanguage":"de"}]}},"_links":{"self":[{"href":"https:\/\/neue-herbold.com\/de\/wp-json\/wp\/v2\/pages\/8431"}],"collection":[{"href":"https:\/\/neue-herbold.com\/de\/wp-json\/wp\/v2\/pages"}],"about":[{"href":"https:\/\/neue-herbold.com\/de\/wp-json\/wp\/v2\/types\/page"}],"author":[{"embeddable":true,"href":"https:\/\/neue-herbold.com\/de\/wp-json\/wp\/v2\/users\/1"}],"replies":[{"embeddable":true,"href":"https:\/\/neue-herbold.com\/de\/wp-json\/wp\/v2\/comments?post=8431"}],"version-history":[{"count":22,"href":"https:\/\/neue-herbold.com\/de\/wp-json\/wp\/v2\/pages\/8431\/revisions"}],"predecessor-version":[{"id":10663,"href":"https:\/\/neue-herbold.com\/de\/wp-json\/wp\/v2\/pages\/8431\/revisions\/10663"}],"wp:attachment":[{"href":"https:\/\/neue-herbold.com\/de\/wp-json\/wp\/v2\/media?parent=8431"}],"curies":[{"name":"wp","href":"https:\/\/api.w.org\/{rel}","templated":true}]}}