{"id":8408,"date":"2016-06-03T17:45:40","date_gmt":"2016-06-03T15:45:40","guid":{"rendered":"https:\/\/neue-herbold.com\/de\/?page_id=8408"},"modified":"2017-01-24T18:40:48","modified_gmt":"2017-01-24T17:40:48","slug":"schneidmuehle-smv","status":"publish","type":"page","link":"https:\/\/neue-herbold.com\/de\/schneidmuehle-smv\/","title":{"rendered":"Schneidm\u00fchle SMV"},"content":{"rendered":"<p><span style=\"color: #000000;\"><strong><a href=\"https:\/\/neue-herbold.com\/wp-content\/uploads\/2014\/12\/SMV600_1000S51.jpg\" target=\"_blank\"><img loading=\"lazy\" decoding=\"async\" class=\"alignright wp-image-2979\" src=\"https:\/\/neue-herbold.com\/wp-content\/uploads\/2014\/12\/SMV600_1000S51-1024x724.jpg\" alt=\"SMV 600\/1000 zum zerkleinen von Folien\" width=\"492\" height=\"347\" srcset=\"https:\/\/neue-herbold.com\/wp-content\/uploads\/2014\/12\/SMV600_1000S51-1024x724.jpg 1024w, https:\/\/neue-herbold.com\/wp-content\/uploads\/2014\/12\/SMV600_1000S51-300x212.jpg 300w, https:\/\/neue-herbold.com\/wp-content\/uploads\/2014\/12\/SMV600_1000S51-100x70.jpg 100w, https:\/\/neue-herbold.com\/wp-content\/uploads\/2014\/12\/SMV600_1000S51-150x106.jpg 150w, https:\/\/neue-herbold.com\/wp-content\/uploads\/2014\/12\/SMV600_1000S51-200x141.jpg 200w, https:\/\/neue-herbold.com\/wp-content\/uploads\/2014\/12\/SMV600_1000S51-450x318.jpg 450w, https:\/\/neue-herbold.com\/wp-content\/uploads\/2014\/12\/SMV600_1000S51-600x424.jpg 600w, https:\/\/neue-herbold.com\/wp-content\/uploads\/2014\/12\/SMV600_1000S51-900x636.jpg 900w, https:\/\/neue-herbold.com\/wp-content\/uploads\/2014\/12\/SMV600_1000S51.jpg 1200w\" sizes=\"(max-width: 492px) 100vw, 492px\" \/><\/a><\/strong><\/span><\/p>\n<p><em><strong><span style=\"color: #000000;\">Technik der NEUE HERBOLD Schneidm\u00fchlen SMV<\/span><\/strong><\/em><\/p>\n<p><span style=\"color: #000000;\">Die<\/span> <span style=\"color: #000000;\">Schneidm\u00fchlen der Baureihe SMV sind mit den bekannten Vorteilen des Doppelschr\u00e4gschnitt-Verfahren ausger\u00fcstet. <\/span><\/p>\n<p><span style=\"color: #000000;\">Ein gepfeiltes Rotor-Stator-Messersystem ist das eigentliche Werkzeug mit der die Leistung erheblich gesteigert wird. <\/span><\/p>\n<p><span style=\"color: #000000;\">Die kompakte Bauweise der Schneidm\u00fchle SMV ist ein klar sichtbares Konstruktionsmerkmal, welches den flexiblen Einsatz bei niedrigem Platzbedarf erm\u00f6glicht. <\/span><\/p>\n<p><span style=\"color: #000000;\">Die schr\u00e4g gestellten und rotierenden Messer arbeiten gegen ebenfalls schr\u00e4g stehende Statormesser im M\u00fchlengeh\u00e4use. Ein pr\u00e4ziser Schnittspalt \u00fcber die gesamte Arbeitsbreite gew\u00e4hrleistet eine \u00f6konomische Arbeitsweise mit ruhigem Lauf. Durch das bruchsicher konstruierte M\u00fchlengeh\u00e4use h\u00e4lt die Schneidm\u00fchle den sehr hohen Erfordernissen im Betrieb stand.<\/span><\/p>\n<p><span style=\"color: #000000;\"><strong><em>Einsatzgebiet der Schneidm\u00fchlen SMV<\/em><\/strong><\/span><\/p>\n<p><a href=\"https:\/\/neue-herbold.com\/wp-content\/uploads\/2014\/12\/Masse-SM.jpg\"><img loading=\"lazy\" decoding=\"async\" class=\"wp-image-3428 alignright\" src=\"https:\/\/neue-herbold.com\/wp-content\/uploads\/2014\/12\/Masse-SM.jpg\" alt=\"Masse-SM\" width=\"400\" height=\"278\" srcset=\"https:\/\/neue-herbold.com\/wp-content\/uploads\/2014\/12\/Masse-SM.jpg 985w, https:\/\/neue-herbold.com\/wp-content\/uploads\/2014\/12\/Masse-SM-300x208.jpg 300w, https:\/\/neue-herbold.com\/wp-content\/uploads\/2014\/12\/Masse-SM-100x69.jpg 100w, https:\/\/neue-herbold.com\/wp-content\/uploads\/2014\/12\/Masse-SM-150x104.jpg 150w, https:\/\/neue-herbold.com\/wp-content\/uploads\/2014\/12\/Masse-SM-200x139.jpg 200w, https:\/\/neue-herbold.com\/wp-content\/uploads\/2014\/12\/Masse-SM-450x313.jpg 450w, https:\/\/neue-herbold.com\/wp-content\/uploads\/2014\/12\/Masse-SM-600x417.jpg 600w, https:\/\/neue-herbold.com\/wp-content\/uploads\/2014\/12\/Masse-SM-900x626.jpg 900w\" sizes=\"(max-width: 400px) 100vw, 400px\" \/><\/a>Die <span style=\"color: #000000;\">Schneidm\u00fchlen \/ Granulatoren der Baureihe SMV sind konzipiert f\u00fcr universelle Eins\u00e4tze.<\/span><\/p>\n<p><span style=\"color: #000000;\">Die SMV-Schneidm\u00fchlen sind daf\u00fcr ausgelegt, die verschiedensten Erfordernisse eines technisch modernen Recyclingbetriebes zu erf\u00fcllen.<\/span><\/p>\n<p><span style=\"color: #000000;\">Durch das problemlose Umr\u00fcsten eignet sich die Bauhreihe SMV f\u00fcr folgende, verschiedene Zerkleinerungen:<\/span><\/p>\n<ul>\n<li><span style=\"color: #000000;\">zerkleinern von sperrigen Teilen, wie K\u00e4sten oder Hohlk\u00f6rpern<\/span><\/li>\n<li><span style=\"color: #000000;\">zerkleinen von Folien \/ D\u00fcnnfolien (z.B. BOPP\/BOPET\/PP)<\/span><\/li>\n<li><span style=\"color: #000000;\">zerkleinen von Folienpaketen, B\u00e4ndchengew\u00f6llen, PP-Big Bag\u00b4<\/span><\/li>\n<\/ul>\n<p>&nbsp;<\/p>\n<p>&nbsp;<\/p>\n<p><em><span style=\"color: #000000;\"><strong>Vorteile der Bauhreihe SMV<br \/><\/strong><\/span><\/em><\/p>\n<ul>\n<li><span style=\"color: #000000;\">universelle Einsatzm\u00f6glichkeiten<\/span><\/li>\n<li><span style=\"color: #000000;\">geringer Platzbedarf<\/span><\/li>\n<li><span style=\"color: #000000;\">energiesparende und effiziente Zerkleinerung<\/span><\/li>\n<li><span style=\"color: #000000;\">geringer Ger\u00e4uschpegel durch Doppelschr\u00e4gschnitt-Geometrie<\/span><\/li>\n<li><span style=\"color: #000000;\">h\u00f6chste Durchsatzleistungen<\/span><\/li>\n<li><span style=\"color: #000000;\">geringe Maschinen-Stillstandzeiten bei Messerwechsel<\/span><\/li>\n<\/ul>\n<p>&nbsp;<\/p>\n<hr \/>\n<p><span style=\"font-family: arial,helvetica,sans-serif; font-size: 10pt;\"><a href=\"https:\/\/neue-herbold.com\/wp-content\/uploads\/2015\/03\/Einstelllehre.jpg\" target=\"_blank\"><img loading=\"lazy\" decoding=\"async\" class=\"wp-image-6007 alignleft\" src=\"https:\/\/neue-herbold.com\/wp-content\/uploads\/2015\/03\/Einstelllehre-300x225.jpg\" alt=\"Einstelllehre\" width=\"280\" height=\"210\" srcset=\"https:\/\/neue-herbold.com\/wp-content\/uploads\/2015\/03\/Einstelllehre-300x225.jpg 300w, https:\/\/neue-herbold.com\/wp-content\/uploads\/2015\/03\/Einstelllehre.jpg 1024w, https:\/\/neue-herbold.com\/wp-content\/uploads\/2015\/03\/Einstelllehre-100x75.jpg 100w, https:\/\/neue-herbold.com\/wp-content\/uploads\/2015\/03\/Einstelllehre-150x113.jpg 150w, https:\/\/neue-herbold.com\/wp-content\/uploads\/2015\/03\/Einstelllehre-200x150.jpg 200w, https:\/\/neue-herbold.com\/wp-content\/uploads\/2015\/03\/Einstelllehre-450x338.jpg 450w, https:\/\/neue-herbold.com\/wp-content\/uploads\/2015\/03\/Einstelllehre-600x450.jpg 600w, https:\/\/neue-herbold.com\/wp-content\/uploads\/2015\/03\/Einstelllehre-900x675.jpg 900w\" sizes=\"(max-width: 280px) 100vw, 280px\" \/><\/a><\/span><em><span style=\"color: #000000;\"><strong>Messereinstelllehre der Bauhreihe SMV<\/strong><\/span><\/em><\/p>\n<p><span style=\"color: #000000;\">Die Einstellung der Rotor- und Statormesser erfolgt au\u00dferhalb der Maschine in einer Lehre. Bei Rotoren mit einstellbaren Messern wird zur Voreinstellung au\u00dferhalb der Schneidm\u00fchle eine spezielle Einstellvorrichtung mitgeliefert. Dies dient der Verk\u00fcrzung der Maschinenstillstandzeit und der Vereinfachung der Messereinstellung. Die sorgf\u00e4ltige Einstellung des Schneidspaltes ist eine wichtige Voraussetzung f\u00fcr die Leistungsf\u00e4higkeit der Schneidm\u00fchle. <\/span><span style=\"color: #000000;\">Ma\u00dfgeblich f\u00fcr die richtige Gr\u00f6\u00dfe des Schneidspaltes sind M\u00fchlengr\u00f6\u00dfe, Rotorbauart sowie das zu zerkleinernde Material. Der Schneidspalt ist der Abstand zwischen der Schneide des Rotormessers und der Schneide des Statormessers. <br \/><\/span><\/p>\n<hr \/>\n<p>&nbsp;<\/p>\n<p><strong>Technische Angaben<\/strong> <strong>und Leistungsdaten<\/strong><\/p>\n<table>\n<tbody>\n<tr>\n<td style=\"text-align: center;\"><span style=\"color: #000000;\"><strong>Maschinentyp<\/strong><\/span><\/td>\n<td style=\"text-align: center;\"><span style=\"color: #000000;\"><strong>A (mm)<\/strong><\/span><\/td>\n<td style=\"text-align: center;\"><span style=\"color: #000000;\"><strong>B (mm)<\/strong><\/span><\/td>\n<td style=\"text-align: center;\"><span style=\"color: #000000;\"><strong>C (mm)<\/strong><\/span><\/td>\n<td style=\"text-align: center;\"><span style=\"color: #000000;\"><strong>D (mm)<\/strong><\/span><\/td>\n<td style=\"text-align: center;\"><span style=\"color: #000000;\"><strong>E (mm)<\/strong><\/span><\/td>\n<td style=\"text-align: center;\"><span style=\"color: #000000;\"><strong><a href=\"https:\/\/neue-herbold.com\/wp-content\/uploads\/2014\/12\/Schneidmuehle-SMV.pdf\" target=\"_blank\"><img loading=\"lazy\" decoding=\"async\" class=\"alignleft wp-image-5703\" src=\"https:\/\/neue-herbold.com\/wp-content\/uploads\/2014\/12\/PDF-ICON.jpg\" alt=\"\" width=\"50\" height=\"48\" \/><\/a><\/strong><\/span><\/td>\n<\/tr>\n<tr>\n<td style=\"text-align: left;\"><span style=\"color: #000000;\">Schneidm\u00fchle Typ SMV 450\/600<\/span><\/td>\n<td style=\"text-align: center;\"><span style=\"color: #000000;\">1233<\/span><\/td>\n<td style=\"text-align: center;\"><span style=\"color: #000000;\">2150<\/span><\/td>\n<td style=\"text-align: center;\"><span style=\"color: #000000;\">578<\/span><\/td>\n<td style=\"text-align: center;\"><span style=\"color: #000000;\">1500<\/span><\/td>\n<td style=\"text-align: center;\"><span style=\"color: #000000;\">600<\/span><\/td>\n<td style=\"text-align: center;\">\u00a0<\/td>\n<\/tr>\n<tr>\n<td style=\"text-align: left;\"><span style=\"color: #000000;\">Schneidm\u00fchle Typ SMV 450\/1000<\/span><\/td>\n<td style=\"text-align: center;\"><span style=\"color: #000000;\">1385<\/span><\/td>\n<td style=\"text-align: center;\"><span style=\"color: #000000;\">2150<\/span><\/td>\n<td style=\"text-align: center;\"><span style=\"color: #000000;\">990<\/span><\/td>\n<td style=\"text-align: center;\"><span style=\"color: #000000;\">2055<\/span><\/td>\n<td style=\"text-align: center;\"><span style=\"color: #000000;\">600<\/span><\/td>\n<td style=\"text-align: center;\">\u00a0<\/td>\n<\/tr>\n<tr>\n<td style=\"text-align: left;\"><span style=\"color: #000000;\">Schneidm\u00fchle Typ SMV 600\/1000 <\/span><\/td>\n<td style=\"text-align: center;\"><span style=\"color: #000000;\">1440<\/span><\/td>\n<td style=\"text-align: center;\"><span style=\"color: #000000;\">2580<\/span><\/td>\n<td style=\"text-align: center;\"><span style=\"color: #000000;\">990<\/span><\/td>\n<td style=\"text-align: center;\"><span style=\"color: #000000;\">2055<\/span><\/td>\n<td style=\"text-align: center;\"><span style=\"color: #000000;\">720<\/span><\/td>\n<td style=\"text-align: center;\">\u00a0<\/td>\n<\/tr>\n<tr>\n<td style=\"text-align: left;\"><span style=\"color: #000000;\">Schneidm\u00fchle Typ SMV 800\/1200<\/span><\/td>\n<td style=\"text-align: center;\"><span style=\"color: #000000;\">1960<\/span><\/td>\n<td style=\"text-align: center;\"><span style=\"color: #000000;\">2680<\/span><\/td>\n<td style=\"text-align: center;\"><span style=\"color: #000000;\">1150<\/span><\/td>\n<td style=\"text-align: center;\"><span style=\"color: #000000;\">2250<\/span><\/td>\n<td style=\"text-align: center;\"><span style=\"color: #000000;\">940<\/span><\/td>\n<td style=\"text-align: center;\">\u00a0<\/td>\n<\/tr>\n<tr>\n<td style=\"text-align: left;\"><span style=\"color: #000000;\">Schneidm\u00fchle Typ SMV 800\/1600<\/span><\/td>\n<td style=\"text-align: center;\"><span style=\"color: #000000;\">2051<\/span><\/td>\n<td style=\"text-align: center;\"><span style=\"color: #000000;\">2800<\/span><\/td>\n<td style=\"text-align: center;\"><span style=\"color: #000000;\">1560<\/span><\/td>\n<td style=\"text-align: center;\"><span style=\"color: #000000;\">2840<\/span><\/td>\n<td style=\"text-align: center;\"><span style=\"color: #000000;\">940<\/span><\/td>\n<td style=\"text-align: center;\">\u00a0<\/td>\n<\/tr>\n<tr>\n<td style=\"text-align: left;\"><span style=\"color: #000000;\">Schneidm\u00fchle Typ SMV 800\/2000<\/span><\/td>\n<td style=\"text-align: center;\"><span style=\"color: #000000;\">1858<\/span><\/td>\n<td style=\"text-align: center;\"><span style=\"color: #000000;\">3264<\/span><\/td>\n<td style=\"text-align: center;\"><span style=\"color: #000000;\">1970<\/span><\/td>\n<td style=\"text-align: center;\"><span style=\"color: #000000;\">3266<\/span><\/td>\n<td style=\"text-align: center;\"><span style=\"color: #000000;\">940<\/span><\/td>\n<td style=\"text-align: center;\">\u00a0<\/td>\n<\/tr>\n<\/tbody>\n<\/table>\n<p>&nbsp;<\/p>\n<p>&nbsp;<\/p>\n<p><span style=\"color: #000000;\"><strong><a href=\"https:\/\/neue-herbold.com\/wp-content\/uploads\/2014\/12\/SM-Schneidgeometrie.pdf\" target=\"_blank\"><img loading=\"lazy\" decoding=\"async\" class=\"alignleft wp-image-5703\" src=\"https:\/\/neue-herbold.com\/wp-content\/uploads\/2014\/12\/PDF-ICON.jpg\" alt=\"\" width=\"50\" height=\"48\" \/><\/a><\/strong><\/span><a href=\"https:\/\/neue-herbold.com\/wp-content\/uploads\/2014\/12\/SM-Schneidgeometrie.pdf\" target=\"_blank\">Schneidgeometrie<\/a><\/p>\n<p>&nbsp;<\/p>\n<p><a href=\"https:\/\/neue-herbold.com\/wp-content\/uploads\/2014\/11\/Doppelschraegschnitt.pdf\" target=\"_blank\"><img loading=\"lazy\" decoding=\"async\" class=\"alignnone wp-image-5703\" src=\"https:\/\/neue-herbold.com\/wp-content\/uploads\/2014\/12\/PDF-ICON.jpg\" alt=\"PDF\" width=\"50\" height=\"48\" \/>Doppelschr\u00e4gschnitt<\/a><\/p>\n","protected":false},"excerpt":{"rendered":"<p><span style=\"color: #000000;\"><strong><a href=\"https:\/\/neue-herbold.com\/wp-content\/uploads\/2014\/12\/SMV600_1000S51.jpg\" target=\"_blank\"><img loading=\"lazy\" decoding=\"async\" class=\"alignright wp-image-2979\" src=\"https:\/\/neue-herbold.com\/wp-content\/uploads\/2014\/12\/SMV600_1000S51-1024x724.jpg\" alt=\"SMV 600\/1000 zum zerkleinen von Folien\" width=\"492\" height=\"347\" srcset=\"https:\/\/neue-herbold.com\/wp-content\/uploads\/2014\/12\/SMV600_1000S51-1024x724.jpg 1024w, https:\/\/neue-herbold.com\/wp-content\/uploads\/2014\/12\/SMV600_1000S51-300x212.jpg 300w, https:\/\/neue-herbold.com\/wp-content\/uploads\/2014\/12\/SMV600_1000S51-100x70.jpg 100w, https:\/\/neue-herbold.com\/wp-content\/uploads\/2014\/12\/SMV600_1000S51-150x106.jpg 150w, https:\/\/neue-herbold.com\/wp-content\/uploads\/2014\/12\/SMV600_1000S51-200x141.jpg 200w, https:\/\/neue-herbold.com\/wp-content\/uploads\/2014\/12\/SMV600_1000S51-450x318.jpg 450w, https:\/\/neue-herbold.com\/wp-content\/uploads\/2014\/12\/SMV600_1000S51-600x424.jpg 600w, https:\/\/neue-herbold.com\/wp-content\/uploads\/2014\/12\/SMV600_1000S51-900x636.jpg 900w, https:\/\/neue-herbold.com\/wp-content\/uploads\/2014\/12\/SMV600_1000S51.jpg 1200w\" sizes=\"(max-width: 492px) 100vw, 492px\" \/><\/a><\/strong><\/span><\/p>\n<p><em><strong><span style=\"color: #000000;\">Technik der NEUE HERBOLD Schneidm\u00fchlen SMV<\/span><\/strong><\/em><\/p>\n<p><span style=\"color: #000000;\">Die<\/span> <span style=\"color: #000000;\">Schneidm\u00fchlen der Baureihe SMV sind mit den bekannten Vorteilen des Doppelschr\u00e4gschnitt-Verfahren ausger\u00fcstet. <\/span><\/p>\n<p><span style=\"color: #000000;\">Ein gepfeiltes Rotor-Stator-Messersystem ist das eigentliche Werkzeug mit der die Leistung erheblich gesteigert wird.<\/span><\/p>\n<p><span class=\"ellipsis\">&hellip;<\/span><\/p>\n<div class=\"read-more\"><a href=\"https:\/\/neue-herbold.com\/de\/schneidmuehle-smv\/\">Weiterlesen \u203a<\/a><\/div>\n<p><!-- end of .read-more --><\/p>\n","protected":false},"author":1,"featured_media":0,"parent":0,"menu_order":0,"comment_status":"closed","ping_status":"closed","template":"","meta":{"footnotes":""},"class_list":["post-8408","page","type-page","status-publish","hentry"],"yoast_head":"<!-- This site is optimized with the Yoast SEO plugin v25.4 - https:\/\/yoast.com\/wordpress\/plugins\/seo\/ -->\n<title>Schneidm\u00fchle SMV - Neue Herbold GmbH<\/title>\n<meta name=\"description\" content=\"Einsatzgebiet Neue Herbold Schneidm\u00fchlen SMV \/ Granulatoren SMV weisen eine universelle Einsatzm\u00f6glichkeit auf. Schneidm\u00fchle SMV von NEUE HERBOLD Sinsheim\" \/>\n<meta name=\"robots\" content=\"index, follow, max-snippet:-1, max-image-preview:large, max-video-preview:-1\" \/>\n<link rel=\"canonical\" href=\"https:\/\/neue-herbold.com\/de\/schneidmuehle-smv\/\" \/>\n<meta property=\"og:locale\" content=\"de_DE\" \/>\n<meta property=\"og:type\" content=\"article\" \/>\n<meta property=\"og:title\" content=\"Schneidm\u00fchle SMV - Neue Herbold GmbH\" \/>\n<meta property=\"og:description\" content=\"Einsatzgebiet Neue Herbold Schneidm\u00fchlen SMV \/ Granulatoren SMV weisen eine universelle Einsatzm\u00f6glichkeit auf. Schneidm\u00fchle SMV von NEUE HERBOLD Sinsheim\" \/>\n<meta property=\"og:url\" content=\"https:\/\/neue-herbold.com\/de\/schneidmuehle-smv\/\" \/>\n<meta property=\"og:site_name\" content=\"Neue Herbold GmbH\" \/>\n<meta property=\"article:modified_time\" content=\"2017-01-24T17:40:48+00:00\" \/>\n<meta property=\"og:image\" content=\"https:\/\/neue-herbold.com\/wp-content\/uploads\/2014\/12\/SMV600_1000S51-1024x724.jpg\" \/>\n<meta name=\"twitter:label1\" content=\"Gesch\u00e4tzte Lesezeit\" \/>\n\t<meta name=\"twitter:data1\" content=\"2\u00a0Minuten\" \/>\n<script type=\"application\/ld+json\" class=\"yoast-schema-graph\">{\"@context\":\"https:\/\/schema.org\",\"@graph\":[{\"@type\":\"WebPage\",\"@id\":\"https:\/\/neue-herbold.com\/de\/schneidmuehle-smv\/\",\"url\":\"https:\/\/neue-herbold.com\/de\/schneidmuehle-smv\/\",\"name\":\"Schneidm\u00fchle SMV - Neue Herbold GmbH\",\"isPartOf\":{\"@id\":\"https:\/\/neue-herbold.com\/en\/#website\"},\"primaryImageOfPage\":{\"@id\":\"https:\/\/neue-herbold.com\/de\/schneidmuehle-smv\/#primaryimage\"},\"image\":{\"@id\":\"https:\/\/neue-herbold.com\/de\/schneidmuehle-smv\/#primaryimage\"},\"thumbnailUrl\":\"https:\/\/neue-herbold.com\/wp-content\/uploads\/2014\/12\/SMV600_1000S51-1024x724.jpg\",\"datePublished\":\"2016-06-03T15:45:40+00:00\",\"dateModified\":\"2017-01-24T17:40:48+00:00\",\"description\":\"Einsatzgebiet Neue Herbold Schneidm\u00fchlen SMV \/ Granulatoren SMV weisen eine universelle Einsatzm\u00f6glichkeit auf. Schneidm\u00fchle SMV von NEUE HERBOLD Sinsheim\",\"breadcrumb\":{\"@id\":\"https:\/\/neue-herbold.com\/de\/schneidmuehle-smv\/#breadcrumb\"},\"inLanguage\":\"de\",\"potentialAction\":[{\"@type\":\"ReadAction\",\"target\":[\"https:\/\/neue-herbold.com\/de\/schneidmuehle-smv\/\"]}]},{\"@type\":\"ImageObject\",\"inLanguage\":\"de\",\"@id\":\"https:\/\/neue-herbold.com\/de\/schneidmuehle-smv\/#primaryimage\",\"url\":\"https:\/\/neue-herbold.com\/wp-content\/uploads\/2014\/12\/SMV600_1000S51-1024x724.jpg\",\"contentUrl\":\"https:\/\/neue-herbold.com\/wp-content\/uploads\/2014\/12\/SMV600_1000S51-1024x724.jpg\"},{\"@type\":\"BreadcrumbList\",\"@id\":\"https:\/\/neue-herbold.com\/de\/schneidmuehle-smv\/#breadcrumb\",\"itemListElement\":[{\"@type\":\"ListItem\",\"position\":1,\"name\":\"Startseite\",\"item\":\"https:\/\/neue-herbold.com\/de\/\"},{\"@type\":\"ListItem\",\"position\":2,\"name\":\"Schneidm\u00fchle SMV\"}]},{\"@type\":\"WebSite\",\"@id\":\"https:\/\/neue-herbold.com\/en\/#website\",\"url\":\"https:\/\/neue-herbold.com\/en\/\",\"name\":\"Neue Herbold GmbH\",\"description\":\"\",\"potentialAction\":[{\"@type\":\"SearchAction\",\"target\":{\"@type\":\"EntryPoint\",\"urlTemplate\":\"https:\/\/neue-herbold.com\/en\/?s={search_term_string}\"},\"query-input\":{\"@type\":\"PropertyValueSpecification\",\"valueRequired\":true,\"valueName\":\"search_term_string\"}}],\"inLanguage\":\"de\"}]}<\/script>\n<!-- \/ Yoast SEO plugin. -->","yoast_head_json":{"title":"Schneidm\u00fchle SMV - Neue Herbold GmbH","description":"Einsatzgebiet Neue Herbold Schneidm\u00fchlen SMV \/ Granulatoren SMV weisen eine universelle Einsatzm\u00f6glichkeit auf. Schneidm\u00fchle SMV von NEUE HERBOLD Sinsheim","robots":{"index":"index","follow":"follow","max-snippet":"max-snippet:-1","max-image-preview":"max-image-preview:large","max-video-preview":"max-video-preview:-1"},"canonical":"https:\/\/neue-herbold.com\/de\/schneidmuehle-smv\/","og_locale":"de_DE","og_type":"article","og_title":"Schneidm\u00fchle SMV - Neue Herbold GmbH","og_description":"Einsatzgebiet Neue Herbold Schneidm\u00fchlen SMV \/ Granulatoren SMV weisen eine universelle Einsatzm\u00f6glichkeit auf. Schneidm\u00fchle SMV von NEUE HERBOLD Sinsheim","og_url":"https:\/\/neue-herbold.com\/de\/schneidmuehle-smv\/","og_site_name":"Neue Herbold GmbH","article_modified_time":"2017-01-24T17:40:48+00:00","og_image":[{"url":"https:\/\/neue-herbold.com\/wp-content\/uploads\/2014\/12\/SMV600_1000S51-1024x724.jpg","type":"","width":"","height":""}],"twitter_misc":{"Gesch\u00e4tzte Lesezeit":"2\u00a0Minuten"},"schema":{"@context":"https:\/\/schema.org","@graph":[{"@type":"WebPage","@id":"https:\/\/neue-herbold.com\/de\/schneidmuehle-smv\/","url":"https:\/\/neue-herbold.com\/de\/schneidmuehle-smv\/","name":"Schneidm\u00fchle SMV - Neue Herbold GmbH","isPartOf":{"@id":"https:\/\/neue-herbold.com\/en\/#website"},"primaryImageOfPage":{"@id":"https:\/\/neue-herbold.com\/de\/schneidmuehle-smv\/#primaryimage"},"image":{"@id":"https:\/\/neue-herbold.com\/de\/schneidmuehle-smv\/#primaryimage"},"thumbnailUrl":"https:\/\/neue-herbold.com\/wp-content\/uploads\/2014\/12\/SMV600_1000S51-1024x724.jpg","datePublished":"2016-06-03T15:45:40+00:00","dateModified":"2017-01-24T17:40:48+00:00","description":"Einsatzgebiet Neue Herbold Schneidm\u00fchlen SMV \/ Granulatoren SMV weisen eine universelle Einsatzm\u00f6glichkeit auf. Schneidm\u00fchle SMV von NEUE HERBOLD Sinsheim","breadcrumb":{"@id":"https:\/\/neue-herbold.com\/de\/schneidmuehle-smv\/#breadcrumb"},"inLanguage":"de","potentialAction":[{"@type":"ReadAction","target":["https:\/\/neue-herbold.com\/de\/schneidmuehle-smv\/"]}]},{"@type":"ImageObject","inLanguage":"de","@id":"https:\/\/neue-herbold.com\/de\/schneidmuehle-smv\/#primaryimage","url":"https:\/\/neue-herbold.com\/wp-content\/uploads\/2014\/12\/SMV600_1000S51-1024x724.jpg","contentUrl":"https:\/\/neue-herbold.com\/wp-content\/uploads\/2014\/12\/SMV600_1000S51-1024x724.jpg"},{"@type":"BreadcrumbList","@id":"https:\/\/neue-herbold.com\/de\/schneidmuehle-smv\/#breadcrumb","itemListElement":[{"@type":"ListItem","position":1,"name":"Startseite","item":"https:\/\/neue-herbold.com\/de\/"},{"@type":"ListItem","position":2,"name":"Schneidm\u00fchle SMV"}]},{"@type":"WebSite","@id":"https:\/\/neue-herbold.com\/en\/#website","url":"https:\/\/neue-herbold.com\/en\/","name":"Neue Herbold GmbH","description":"","potentialAction":[{"@type":"SearchAction","target":{"@type":"EntryPoint","urlTemplate":"https:\/\/neue-herbold.com\/en\/?s={search_term_string}"},"query-input":{"@type":"PropertyValueSpecification","valueRequired":true,"valueName":"search_term_string"}}],"inLanguage":"de"}]}},"_links":{"self":[{"href":"https:\/\/neue-herbold.com\/de\/wp-json\/wp\/v2\/pages\/8408"}],"collection":[{"href":"https:\/\/neue-herbold.com\/de\/wp-json\/wp\/v2\/pages"}],"about":[{"href":"https:\/\/neue-herbold.com\/de\/wp-json\/wp\/v2\/types\/page"}],"author":[{"embeddable":true,"href":"https:\/\/neue-herbold.com\/de\/wp-json\/wp\/v2\/users\/1"}],"replies":[{"embeddable":true,"href":"https:\/\/neue-herbold.com\/de\/wp-json\/wp\/v2\/comments?post=8408"}],"version-history":[{"count":52,"href":"https:\/\/neue-herbold.com\/de\/wp-json\/wp\/v2\/pages\/8408\/revisions"}],"predecessor-version":[{"id":10573,"href":"https:\/\/neue-herbold.com\/de\/wp-json\/wp\/v2\/pages\/8408\/revisions\/10573"}],"wp:attachment":[{"href":"https:\/\/neue-herbold.com\/de\/wp-json\/wp\/v2\/media?parent=8408"}],"curies":[{"name":"wp","href":"https:\/\/api.w.org\/{rel}","templated":true}]}}