{"id":8381,"date":"2016-06-03T17:32:53","date_gmt":"2016-06-03T15:32:53","guid":{"rendered":"https:\/\/neue-herbold.com\/de\/?page_id=8381"},"modified":"2017-03-22T00:18:21","modified_gmt":"2017-03-21T23:18:21","slug":"mobile-recyclinganlagen","status":"publish","type":"page","link":"https:\/\/neue-herbold.com\/de\/mobile-recyclinganlagen\/","title":{"rendered":"Mobile Zerkleinerungs- und Recyclinganlagen"},"content":{"rendered":"<h3><strong>Einsatzgebiet f\u00fcr Mobile Recyclinganlagen<\/strong><\/h3>\n<p><span style=\"color: #000000;\">Die<strong> NEUE HERBOLD<\/strong> bietet portable, auf Verfahrensziele zugeschnittene mobile\u00a0 Recyclinganlagen \/ Mobile Zerkleinerungsanlagen. Damit k\u00f6nnen Verfahren wie zerkleinern, sichten, waschen, trennen und trocknen transportabel realisiert werden.<\/span><\/p>\n<p><span style=\"color: #000000;\">Die relevanten Einzelkomponenten werden miteinander verbunden. Die Gr\u00f6\u00dfe und die Ausf\u00fchrung der Anlage wird so bestimmt, da\u00df die Mobilit\u00e4t und \/ oder die Unterbringung der Anlage in einem Container oder auf einem LKW &#8211; uneingeschr\u00e4nkt m\u00f6glich ist.<\/span><\/p>\n<p><strong>Mobile Anlage zur Zerkleinerung von Wasserk\u00e4sten \/ Bierk\u00e4sten<\/strong><\/p>\n<p><a href=\"https:\/\/neue-herbold.com\/wp-content\/uploads\/2014\/11\/Flaschenkaesten_mobile_Anlage2.jpg\" target=\"_blank\"><img loading=\"lazy\" decoding=\"async\" class=\"alignnone wp-image-2156 size-medium\" src=\"https:\/\/neue-herbold.com\/wp-content\/uploads\/2014\/11\/Flaschenkaesten_mobile_Anlage2-300x225.jpg\" alt=\"Mobile Recyclinganlagen f\u00fcr Flaschenk\u00e4sten\" width=\"300\" height=\"225\" srcset=\"https:\/\/neue-herbold.com\/wp-content\/uploads\/2014\/11\/Flaschenkaesten_mobile_Anlage2-300x225.jpg 300w, https:\/\/neue-herbold.com\/wp-content\/uploads\/2014\/11\/Flaschenkaesten_mobile_Anlage2-100x75.jpg 100w, https:\/\/neue-herbold.com\/wp-content\/uploads\/2014\/11\/Flaschenkaesten_mobile_Anlage2-150x112.jpg 150w, https:\/\/neue-herbold.com\/wp-content\/uploads\/2014\/11\/Flaschenkaesten_mobile_Anlage2-200x150.jpg 200w, https:\/\/neue-herbold.com\/wp-content\/uploads\/2014\/11\/Flaschenkaesten_mobile_Anlage2-450x337.jpg 450w, https:\/\/neue-herbold.com\/wp-content\/uploads\/2014\/11\/Flaschenkaesten_mobile_Anlage2.jpg 480w\" sizes=\"(max-width: 300px) 100vw, 300px\" \/><\/a> <a href=\"https:\/\/neue-herbold.com\/wp-content\/uploads\/2014\/11\/Flaschenkaesten_mobile_Anlage.jpg\" target=\"_blank\"><img loading=\"lazy\" decoding=\"async\" class=\"alignnone wp-image-2157 size-medium\" src=\"https:\/\/neue-herbold.com\/wp-content\/uploads\/2014\/11\/Flaschenkaesten_mobile_Anlage-300x224.jpg\" alt=\"Mobile Zerkleinerungs- und Recyclinganlagen f\u00fcr Flaschenk\u00e4sten\" width=\"300\" height=\"224\" srcset=\"https:\/\/neue-herbold.com\/wp-content\/uploads\/2014\/11\/Flaschenkaesten_mobile_Anlage-300x224.jpg 300w, https:\/\/neue-herbold.com\/wp-content\/uploads\/2014\/11\/Flaschenkaesten_mobile_Anlage-100x74.jpg 100w, https:\/\/neue-herbold.com\/wp-content\/uploads\/2014\/11\/Flaschenkaesten_mobile_Anlage-150x112.jpg 150w, https:\/\/neue-herbold.com\/wp-content\/uploads\/2014\/11\/Flaschenkaesten_mobile_Anlage-200x149.jpg 200w, https:\/\/neue-herbold.com\/wp-content\/uploads\/2014\/11\/Flaschenkaesten_mobile_Anlage-450x337.jpg 450w, https:\/\/neue-herbold.com\/wp-content\/uploads\/2014\/11\/Flaschenkaesten_mobile_Anlage.jpg 567w\" sizes=\"(max-width: 300px) 100vw, 300px\" \/><\/a> <a href=\"https:\/\/neue-herbold.com\/wp-content\/uploads\/2014\/11\/Flaschenkaesten_mobile_Anlage1.jpg\" target=\"_blank\"><img loading=\"lazy\" decoding=\"async\" class=\"alignnone wp-image-2158\" src=\"https:\/\/neue-herbold.com\/wp-content\/uploads\/2014\/11\/Flaschenkaesten_mobile_Anlage1-224x300.jpg\" alt=\"Flaschenk\u00e4sten\" width=\"167\" height=\"224\" srcset=\"https:\/\/neue-herbold.com\/wp-content\/uploads\/2014\/11\/Flaschenkaesten_mobile_Anlage1-224x300.jpg 224w, https:\/\/neue-herbold.com\/wp-content\/uploads\/2014\/11\/Flaschenkaesten_mobile_Anlage1-100x133.jpg 100w, https:\/\/neue-herbold.com\/wp-content\/uploads\/2014\/11\/Flaschenkaesten_mobile_Anlage1-150x200.jpg 150w, https:\/\/neue-herbold.com\/wp-content\/uploads\/2014\/11\/Flaschenkaesten_mobile_Anlage1-300x400.jpg 300w, https:\/\/neue-herbold.com\/wp-content\/uploads\/2014\/11\/Flaschenkaesten_mobile_Anlage1.jpg 425w\" sizes=\"(max-width: 167px) 100vw, 167px\" \/><\/a><\/p>\n<p><strong>Mobile Anlage (waschen \/ trennen \/ trocknen) f\u00fcr Wasserk\u00e4sten \/ Bierk\u00e4sten<\/strong><\/p>\n<p><a href=\"https:\/\/neue-herbold.com\/wp-content\/uploads\/2014\/11\/mobile-anlage-1.gif\"><img loading=\"lazy\" decoding=\"async\" class=\"alignnone  wp-image-2941\" src=\"https:\/\/neue-herbold.com\/wp-content\/uploads\/2014\/11\/mobile-anlage-1.gif\" alt=\"mobile-anlage-1\" width=\"169\" height=\"226\" \/><\/a><a href=\"https:\/\/neue-herbold.com\/wp-content\/uploads\/2014\/11\/mobile-anlage-2.gif\"><img loading=\"lazy\" decoding=\"async\" class=\"alignnone size-full wp-image-2940\" src=\"https:\/\/neue-herbold.com\/wp-content\/uploads\/2014\/11\/mobile-anlage-2.gif\" alt=\"mobile-anlage-2\" width=\"640\" height=\"230\" \/><\/a><\/p>\n<p><strong>Allgemeine Informationen:<\/strong><\/p>\n<p>Der Einsatz solcher transportablen und mobilen Anlagen zur Wiederaufbereitung von Kunstoffprodukten beinhaltet vielerlei Vorteile, so ist eine flexibilit\u00e4t bez\u00fcglich der Lagerung bzw. Lagerhaltung gegeben, welche bei station\u00e4ren Anlagen meist nicht oder nur in sehr begrenztem Umfang m\u00f6glich sind. So werden unter anderem auch Transportwege und Resourcen eingespart. Strassen und andere Verkehrs- und Transportwege werden so entlastet und die Umwelt weniger belastet.<\/p>\n<p>Viele Entsorgungs- und Recylingbetriebe vermieten Ihre mobilen Anlagen und bieten somit eine g\u00fcnstige M\u00f6glichkeit Aufbereitungsanlagen und Periferie nutzen zu k\u00f6nnen.<\/p>\n<hr \/>\n<p>Unsere Mitarbeier beraten Sie gerne:<\/p>\n<a href=\"https:\/\/neue-herbold.com\" class=\"su-button su-button-style-glass\" style=\"color:#FFFFFF;background-color:#001159;border-color:#000e48;border-radius:5px\" target=\"_self\"><span style=\"color:#FFFFFF;padding:0px 16px;font-size:13px;line-height:26px;border-color:#4d598b;border-radius:5px;text-shadow:none\"> Jetzt Kontakt aufnehmen!<\/span><\/a>\n","protected":false},"excerpt":{"rendered":"<p><strong>Einsatzgebiet f\u00fcr Mobile Recyclinganlagen<\/strong><\/p>\n<p><span style=\"color: #000000;\">Die<strong> NEUE HERBOLD<\/strong> bietet portable, auf Verfahrensziele zugeschnittene mobile\u00a0 Recyclinganlagen \/ Mobile Zerkleinerungsanlagen. Damit k\u00f6nnen Verfahren wie zerkleinern, sichten, waschen, trennen und trocknen transportabel realisiert werden.<\/span><\/p>\n<p><span style=\"color: #000000;\">Die relevanten Einzelkomponenten werden miteinander verbunden.<\/span><\/p>\n<p><span class=\"ellipsis\">&hellip;<\/span><\/p>\n<div class=\"read-more\"><a href=\"https:\/\/neue-herbold.com\/de\/mobile-recyclinganlagen\/\">Weiterlesen \u203a<\/a><\/div>\n<p><!-- end of .read-more --><\/p>\n","protected":false},"author":1,"featured_media":0,"parent":0,"menu_order":0,"comment_status":"closed","ping_status":"closed","template":"","meta":{"footnotes":""},"class_list":["post-8381","page","type-page","status-publish","hentry"],"yoast_head":"<!-- This site is optimized with the Yoast SEO plugin v25.4 - https:\/\/yoast.com\/wordpress\/plugins\/seo\/ -->\n<title>Mobile Recyclinganlagen - Neue Herbold GmbH Sinsheim<\/title>\n<meta name=\"description\" content=\"Neue Herbold bietet vollmobile, auf das jeweilige Verfahrensziel zugeschnittene Anlagen, wie z. B. Mobile Zerkleinerungsanlagen und Mobile Recyclinganlagen\" \/>\n<meta name=\"robots\" content=\"index, follow, max-snippet:-1, max-image-preview:large, max-video-preview:-1\" \/>\n<link rel=\"canonical\" href=\"https:\/\/neue-herbold.com\/de\/mobile-recyclinganlagen\/\" \/>\n<meta property=\"og:locale\" content=\"de_DE\" \/>\n<meta property=\"og:type\" content=\"article\" \/>\n<meta property=\"og:title\" content=\"Mobile Recyclinganlagen - Neue Herbold GmbH Sinsheim\" \/>\n<meta property=\"og:description\" content=\"Neue Herbold bietet vollmobile, auf das jeweilige Verfahrensziel zugeschnittene Anlagen, wie z. B. Mobile Zerkleinerungsanlagen und Mobile Recyclinganlagen\" \/>\n<meta property=\"og:url\" content=\"https:\/\/neue-herbold.com\/de\/mobile-recyclinganlagen\/\" \/>\n<meta property=\"og:site_name\" content=\"Neue Herbold GmbH\" \/>\n<meta property=\"article:modified_time\" content=\"2017-03-21T23:18:21+00:00\" \/>\n<meta property=\"og:image\" content=\"https:\/\/neue-herbold.com\/wp-content\/uploads\/2014\/11\/Flaschenkaesten_mobile_Anlage2-300x225.jpg\" \/>\n<meta name=\"twitter:label1\" content=\"Gesch\u00e4tzte Lesezeit\" \/>\n\t<meta name=\"twitter:data1\" content=\"1\u00a0Minute\" \/>\n<script type=\"application\/ld+json\" class=\"yoast-schema-graph\">{\"@context\":\"https:\/\/schema.org\",\"@graph\":[{\"@type\":\"WebPage\",\"@id\":\"https:\/\/neue-herbold.com\/de\/mobile-recyclinganlagen\/\",\"url\":\"https:\/\/neue-herbold.com\/de\/mobile-recyclinganlagen\/\",\"name\":\"Mobile Recyclinganlagen - Neue Herbold GmbH Sinsheim\",\"isPartOf\":{\"@id\":\"https:\/\/neue-herbold.com\/en\/#website\"},\"primaryImageOfPage\":{\"@id\":\"https:\/\/neue-herbold.com\/de\/mobile-recyclinganlagen\/#primaryimage\"},\"image\":{\"@id\":\"https:\/\/neue-herbold.com\/de\/mobile-recyclinganlagen\/#primaryimage\"},\"thumbnailUrl\":\"https:\/\/neue-herbold.com\/wp-content\/uploads\/2014\/11\/Flaschenkaesten_mobile_Anlage2-300x225.jpg\",\"datePublished\":\"2016-06-03T15:32:53+00:00\",\"dateModified\":\"2017-03-21T23:18:21+00:00\",\"description\":\"Neue Herbold bietet vollmobile, auf das jeweilige Verfahrensziel zugeschnittene Anlagen, wie z. B. Mobile Zerkleinerungsanlagen und Mobile Recyclinganlagen\",\"breadcrumb\":{\"@id\":\"https:\/\/neue-herbold.com\/de\/mobile-recyclinganlagen\/#breadcrumb\"},\"inLanguage\":\"de\",\"potentialAction\":[{\"@type\":\"ReadAction\",\"target\":[\"https:\/\/neue-herbold.com\/de\/mobile-recyclinganlagen\/\"]}]},{\"@type\":\"ImageObject\",\"inLanguage\":\"de\",\"@id\":\"https:\/\/neue-herbold.com\/de\/mobile-recyclinganlagen\/#primaryimage\",\"url\":\"https:\/\/neue-herbold.com\/wp-content\/uploads\/2014\/11\/Flaschenkaesten_mobile_Anlage2-300x225.jpg\",\"contentUrl\":\"https:\/\/neue-herbold.com\/wp-content\/uploads\/2014\/11\/Flaschenkaesten_mobile_Anlage2-300x225.jpg\"},{\"@type\":\"BreadcrumbList\",\"@id\":\"https:\/\/neue-herbold.com\/de\/mobile-recyclinganlagen\/#breadcrumb\",\"itemListElement\":[{\"@type\":\"ListItem\",\"position\":1,\"name\":\"Startseite\",\"item\":\"https:\/\/neue-herbold.com\/de\/\"},{\"@type\":\"ListItem\",\"position\":2,\"name\":\"Mobile Zerkleinerungs- und Recyclinganlagen\"}]},{\"@type\":\"WebSite\",\"@id\":\"https:\/\/neue-herbold.com\/en\/#website\",\"url\":\"https:\/\/neue-herbold.com\/en\/\",\"name\":\"Neue Herbold GmbH\",\"description\":\"\",\"potentialAction\":[{\"@type\":\"SearchAction\",\"target\":{\"@type\":\"EntryPoint\",\"urlTemplate\":\"https:\/\/neue-herbold.com\/en\/?s={search_term_string}\"},\"query-input\":{\"@type\":\"PropertyValueSpecification\",\"valueRequired\":true,\"valueName\":\"search_term_string\"}}],\"inLanguage\":\"de\"}]}<\/script>\n<!-- \/ Yoast SEO plugin. -->","yoast_head_json":{"title":"Mobile Recyclinganlagen - Neue Herbold GmbH Sinsheim","description":"Neue Herbold bietet vollmobile, auf das jeweilige Verfahrensziel zugeschnittene Anlagen, wie z. B. Mobile Zerkleinerungsanlagen und Mobile Recyclinganlagen","robots":{"index":"index","follow":"follow","max-snippet":"max-snippet:-1","max-image-preview":"max-image-preview:large","max-video-preview":"max-video-preview:-1"},"canonical":"https:\/\/neue-herbold.com\/de\/mobile-recyclinganlagen\/","og_locale":"de_DE","og_type":"article","og_title":"Mobile Recyclinganlagen - Neue Herbold GmbH Sinsheim","og_description":"Neue Herbold bietet vollmobile, auf das jeweilige Verfahrensziel zugeschnittene Anlagen, wie z. B. Mobile Zerkleinerungsanlagen und Mobile Recyclinganlagen","og_url":"https:\/\/neue-herbold.com\/de\/mobile-recyclinganlagen\/","og_site_name":"Neue Herbold GmbH","article_modified_time":"2017-03-21T23:18:21+00:00","og_image":[{"url":"https:\/\/neue-herbold.com\/wp-content\/uploads\/2014\/11\/Flaschenkaesten_mobile_Anlage2-300x225.jpg","type":"","width":"","height":""}],"twitter_misc":{"Gesch\u00e4tzte Lesezeit":"1\u00a0Minute"},"schema":{"@context":"https:\/\/schema.org","@graph":[{"@type":"WebPage","@id":"https:\/\/neue-herbold.com\/de\/mobile-recyclinganlagen\/","url":"https:\/\/neue-herbold.com\/de\/mobile-recyclinganlagen\/","name":"Mobile Recyclinganlagen - Neue Herbold GmbH Sinsheim","isPartOf":{"@id":"https:\/\/neue-herbold.com\/en\/#website"},"primaryImageOfPage":{"@id":"https:\/\/neue-herbold.com\/de\/mobile-recyclinganlagen\/#primaryimage"},"image":{"@id":"https:\/\/neue-herbold.com\/de\/mobile-recyclinganlagen\/#primaryimage"},"thumbnailUrl":"https:\/\/neue-herbold.com\/wp-content\/uploads\/2014\/11\/Flaschenkaesten_mobile_Anlage2-300x225.jpg","datePublished":"2016-06-03T15:32:53+00:00","dateModified":"2017-03-21T23:18:21+00:00","description":"Neue Herbold bietet vollmobile, auf das jeweilige Verfahrensziel zugeschnittene Anlagen, wie z. B. Mobile Zerkleinerungsanlagen und Mobile Recyclinganlagen","breadcrumb":{"@id":"https:\/\/neue-herbold.com\/de\/mobile-recyclinganlagen\/#breadcrumb"},"inLanguage":"de","potentialAction":[{"@type":"ReadAction","target":["https:\/\/neue-herbold.com\/de\/mobile-recyclinganlagen\/"]}]},{"@type":"ImageObject","inLanguage":"de","@id":"https:\/\/neue-herbold.com\/de\/mobile-recyclinganlagen\/#primaryimage","url":"https:\/\/neue-herbold.com\/wp-content\/uploads\/2014\/11\/Flaschenkaesten_mobile_Anlage2-300x225.jpg","contentUrl":"https:\/\/neue-herbold.com\/wp-content\/uploads\/2014\/11\/Flaschenkaesten_mobile_Anlage2-300x225.jpg"},{"@type":"BreadcrumbList","@id":"https:\/\/neue-herbold.com\/de\/mobile-recyclinganlagen\/#breadcrumb","itemListElement":[{"@type":"ListItem","position":1,"name":"Startseite","item":"https:\/\/neue-herbold.com\/de\/"},{"@type":"ListItem","position":2,"name":"Mobile Zerkleinerungs- und Recyclinganlagen"}]},{"@type":"WebSite","@id":"https:\/\/neue-herbold.com\/en\/#website","url":"https:\/\/neue-herbold.com\/en\/","name":"Neue Herbold GmbH","description":"","potentialAction":[{"@type":"SearchAction","target":{"@type":"EntryPoint","urlTemplate":"https:\/\/neue-herbold.com\/en\/?s={search_term_string}"},"query-input":{"@type":"PropertyValueSpecification","valueRequired":true,"valueName":"search_term_string"}}],"inLanguage":"de"}]}},"_links":{"self":[{"href":"https:\/\/neue-herbold.com\/de\/wp-json\/wp\/v2\/pages\/8381"}],"collection":[{"href":"https:\/\/neue-herbold.com\/de\/wp-json\/wp\/v2\/pages"}],"about":[{"href":"https:\/\/neue-herbold.com\/de\/wp-json\/wp\/v2\/types\/page"}],"author":[{"embeddable":true,"href":"https:\/\/neue-herbold.com\/de\/wp-json\/wp\/v2\/users\/1"}],"replies":[{"embeddable":true,"href":"https:\/\/neue-herbold.com\/de\/wp-json\/wp\/v2\/comments?post=8381"}],"version-history":[{"count":22,"href":"https:\/\/neue-herbold.com\/de\/wp-json\/wp\/v2\/pages\/8381\/revisions"}],"predecessor-version":[{"id":10674,"href":"https:\/\/neue-herbold.com\/de\/wp-json\/wp\/v2\/pages\/8381\/revisions\/10674"}],"wp:attachment":[{"href":"https:\/\/neue-herbold.com\/de\/wp-json\/wp\/v2\/media?parent=8381"}],"curies":[{"name":"wp","href":"https:\/\/api.w.org\/{rel}","templated":true}]}}