{"id":8328,"date":"2016-06-03T17:08:16","date_gmt":"2016-06-03T15:08:16","guid":{"rendered":"https:\/\/neue-herbold.com\/de\/?page_id=8328"},"modified":"2017-05-23T11:42:14","modified_gmt":"2017-05-23T09:42:14","slug":"verfuegbare-rotorvarianten","status":"publish","type":"page","link":"https:\/\/neue-herbold.com\/de\/verfuegbare-rotorvarianten\/","title":{"rendered":"Verf\u00fcgbare Rotorvarianten f\u00fcr unsere Schneidm\u00fchlen"},"content":{"rendered":"<p><span style=\"color: #000000;\">Da nicht jeder Rotor f\u00fcr jede Aufgabenstellung optimal geeignet ist, bietet die <strong>NEUE HERBOLD<\/strong> Varianten an. So besteht die M\u00f6glichkeit, den Vorstellungen des Kunden gerecht zu werden. Die n<\/span><span style=\"color: #000000;\">achstehende Auflistung gibt einen \u00dcberblick \u00fcber Bauformen und Merkmale dieser Varianten. In unseren ausf\u00fchrlichen Typenbezeichnungen ist die Bauform und die Messerreihenzahl enthalten (z.B. SM 600\/1000-S5-3).<\/span><\/p>\n<table>\n<tbody>\n<tr>\n<td><span style=\"color: #000000;\"><strong><em><span style=\"font-family: Arial; font-size: small;\">Rotorausf\u00fchrung<\/span><\/em><\/strong><\/span><\/td>\n<td><span style=\"color: #000000;\"><em><strong><span style=\"font-family: Arial; font-size: small;\">Einsatzgebiete<\/span><\/strong><\/em><\/span><\/td>\n<td>&nbsp;<\/td>\n<\/tr>\n<tr>\n<td>\n<p><span style=\"font-family: Arial; font-size: small; color: #000000;\"><b>Rotorausf\u00fchrung L<\/b><br \/>\n verf\u00fcgbare Rotortypen: <br \/>\n Typ L3, Typ L4, Typ L6<\/span><\/p>\n<\/td>\n<td><span style=\"font-family: Arial; font-size: small; color: #000000;\">zur Zerkleinerung von d\u00fcnnwandigen<br \/>\n Kunststoffen, Hohlk\u00f6rpern,<br \/>\n Spritzgussspindeln und d\u00fcnne Folien<\/span><\/td>\n<td><span style=\"color: #000000;\"><a style=\"color: #000000;\" href=\"https:\/\/neue-herbold.com\/wp-content\/uploads\/2014\/11\/rotortypen-L.jpg\" target=\"_blank\" rel=\"noopener noreferrer\"><img loading=\"lazy\" decoding=\"async\" class=\"alignnone wp-image-2197\" src=\"https:\/\/neue-herbold.com\/wp-content\/uploads\/2014\/11\/rotortypen-L.jpg\" alt=\"rotortypen-L\" width=\"270\" height=\"203\" srcset=\"https:\/\/neue-herbold.com\/wp-content\/uploads\/2014\/11\/rotortypen-L.jpg 283w, https:\/\/neue-herbold.com\/wp-content\/uploads\/2014\/11\/rotortypen-L-100x75.jpg 100w, https:\/\/neue-herbold.com\/wp-content\/uploads\/2014\/11\/rotortypen-L-150x112.jpg 150w, https:\/\/neue-herbold.com\/wp-content\/uploads\/2014\/11\/rotortypen-L-200x150.jpg 200w\" sizes=\"(max-width: 270px) 100vw, 270px\" \/><\/a><\/span><\/td>\n<\/tr>\n<tr>\n<td>\n<p><span style=\"font-family: Arial; font-size: small; color: #000000;\"><b>Rotorausf\u00fchrung S<\/b><br \/>\n verf\u00fcgbare Rotortypen:<br \/>\n Typ S3, Typ S5, Typ S7, Typ S9<\/span><\/p>\n<\/td>\n<td>\n<p><span style=\"font-family: Arial; font-size: small; color: #000000;\">zur Zerkleinerung von mittelstarken<br \/>\n Kunststoffen, Kanister, Getr\u00e4nkek\u00e4sten usw.<\/span><\/p>\n<\/td>\n<td><span style=\"color: #000000;\"><a style=\"color: #000000;\" href=\"https:\/\/neue-herbold.com\/wp-content\/uploads\/2014\/11\/rotortypen_S.jpg\" target=\"_blank\" rel=\"noopener noreferrer\"><img loading=\"lazy\" decoding=\"async\" class=\"alignnone wp-image-2199\" src=\"https:\/\/neue-herbold.com\/wp-content\/uploads\/2014\/11\/rotortypen_S-300x220.jpg\" alt=\"rotortypen_S\" width=\"270\" height=\"198\" srcset=\"https:\/\/neue-herbold.com\/wp-content\/uploads\/2014\/11\/rotortypen_S-300x220.jpg 300w, https:\/\/neue-herbold.com\/wp-content\/uploads\/2014\/11\/rotortypen_S-100x73.jpg 100w, https:\/\/neue-herbold.com\/wp-content\/uploads\/2014\/11\/rotortypen_S-150x110.jpg 150w, https:\/\/neue-herbold.com\/wp-content\/uploads\/2014\/11\/rotortypen_S-200x147.jpg 200w, https:\/\/neue-herbold.com\/wp-content\/uploads\/2014\/11\/rotortypen_S.jpg 310w\" sizes=\"(max-width: 270px) 100vw, 270px\" \/><\/a><\/span><\/td>\n<\/tr>\n<tr>\n<td>\n<p><span style=\"font-family: Arial; font-size: small; color: #000000;\"><b>Rotorausf\u00fchrung SP<\/b><br \/>\n verf\u00fcgbare Rotortypen:<br \/>\n Typ SP5, Typ SP7, Typ SP9<\/span><\/p>\n<\/td>\n<td><span style=\"font-family: Arial; font-size: small; color: #000000;\">V-f\u00f6rmige Anordnung; zur Folienzerkleinerung<\/span><\/td>\n<td><span style=\"color: #000000;\"><a style=\"color: #000000;\" href=\"https:\/\/neue-herbold.com\/wp-content\/uploads\/2014\/11\/rotortypen-SP.jpg\" target=\"_blank\" rel=\"noopener noreferrer\"><img loading=\"lazy\" decoding=\"async\" class=\"alignnone wp-image-2200\" src=\"https:\/\/neue-herbold.com\/wp-content\/uploads\/2014\/11\/rotortypen-SP.jpg\" alt=\"rotortypen-SP\" width=\"270\" height=\"235\" srcset=\"https:\/\/neue-herbold.com\/wp-content\/uploads\/2014\/11\/rotortypen-SP.jpg 292w, https:\/\/neue-herbold.com\/wp-content\/uploads\/2014\/11\/rotortypen-SP-100x86.jpg 100w, https:\/\/neue-herbold.com\/wp-content\/uploads\/2014\/11\/rotortypen-SP-150x130.jpg 150w, https:\/\/neue-herbold.com\/wp-content\/uploads\/2014\/11\/rotortypen-SP-200x173.jpg 200w\" sizes=\"(max-width: 270px) 100vw, 270px\" \/><\/a><\/span><\/td>\n<\/tr>\n<tr>\n<td>\n<p><span style=\"font-family: Arial; font-size: small; color: #000000;\"><b>Rotorausf\u00fchrung SX<\/b><\/span><\/p>\n<\/td>\n<td><span style=\"color: #000000; font-family: Arial; font-size: small;\">Das Einsatzspektrum reicht \u00fcber Folien-, <br \/>\n B\u00e4ndchengew\u00f6lle-, PP-Bigbags-, <br \/>\n Flaschenk\u00e4sten- oder Hohlk\u00f6rper-Zerkleinerung <br \/>\n bis hin zur Aufbereitung von BOPP\/BOPET\/PP<\/span><\/td>\n<td><span style=\"color: #000000;\"><a style=\"color: #000000;\" href=\"https:\/\/neue-herbold.com\/wp-content\/uploads\/2014\/11\/rotortypenSX.jpg\" target=\"_blank\" rel=\"noopener noreferrer\"><img loading=\"lazy\" decoding=\"async\" class=\"alignnone wp-image-2201\" src=\"https:\/\/neue-herbold.com\/wp-content\/uploads\/2014\/11\/rotortypenSX-300x217.jpg\" alt=\"rotortypenSX\" width=\"270\" height=\"195\" srcset=\"https:\/\/neue-herbold.com\/wp-content\/uploads\/2014\/11\/rotortypenSX-300x217.jpg 300w, https:\/\/neue-herbold.com\/wp-content\/uploads\/2014\/11\/rotortypenSX-100x72.jpg 100w, https:\/\/neue-herbold.com\/wp-content\/uploads\/2014\/11\/rotortypenSX-150x108.jpg 150w, https:\/\/neue-herbold.com\/wp-content\/uploads\/2014\/11\/rotortypenSX-200x144.jpg 200w, https:\/\/neue-herbold.com\/wp-content\/uploads\/2014\/11\/rotortypenSX.jpg 312w\" sizes=\"(max-width: 270px) 100vw, 270px\" \/><\/a><\/span><\/td>\n<\/tr>\n<tr>\n<td>\n<p><span style=\"font-family: Arial; font-size: small; color: #000000;\"><b>Rotorausf\u00fchrung H<\/b><br \/>\n verf\u00fcgbare Rotortypen:<br \/>\n Typ H3, Typ H5, Typ H7, Typ H9<\/span><\/p>\n<\/td>\n<td><span style=\"font-family: Arial; font-size: small; color: #000000;\">zur Zerkleinerung von dickwandigen Platten, <br \/>\n mittelstarken Rohren usw.<\/span><\/td>\n<td><span style=\"color: #000000;\"><a style=\"color: #000000;\" href=\"https:\/\/neue-herbold.com\/wp-content\/uploads\/2014\/11\/rotortypen-H.jpg\"><img loading=\"lazy\" decoding=\"async\" class=\"alignnone  wp-image-2202\" src=\"https:\/\/neue-herbold.com\/wp-content\/uploads\/2014\/11\/rotortypen-H-300x242.jpg\" alt=\"rotortypen-H\" width=\"270\" height=\"218\" srcset=\"https:\/\/neue-herbold.com\/wp-content\/uploads\/2014\/11\/rotortypen-H-300x242.jpg 300w, https:\/\/neue-herbold.com\/wp-content\/uploads\/2014\/11\/rotortypen-H-100x80.jpg 100w, https:\/\/neue-herbold.com\/wp-content\/uploads\/2014\/11\/rotortypen-H-150x121.jpg 150w, https:\/\/neue-herbold.com\/wp-content\/uploads\/2014\/11\/rotortypen-H-200x161.jpg 200w, https:\/\/neue-herbold.com\/wp-content\/uploads\/2014\/11\/rotortypen-H.jpg 314w\" sizes=\"(max-width: 270px) 100vw, 270px\" \/><\/a><\/span><\/td>\n<\/tr>\n<tr>\n<td>\n<p><span style=\"font-family: Arial; font-size: small; color: #000000;\"><b>Rotorausf\u00fchrung HV<\/b><br \/>\n verf\u00fcgbare Rotortypen:<br \/>\n Typ N5, Typ N7, Typ N9<\/span><\/p>\n<\/td>\n<td><span style=\"font-family: Arial; font-size: small; color: #000000;\">zur Zerkleinerung von massiv verst\u00e4rkten <br \/>\n Kunststoffen wie z.B. Anfahrklumpen, <br \/>\n dickwandige Platten usw.<\/span><\/td>\n<td><span style=\"color: #000000;\"><a style=\"color: #000000;\" href=\"https:\/\/neue-herbold.com\/wp-content\/uploads\/2014\/11\/rotortypen-HV.jpg\" target=\"_blank\" rel=\"noopener noreferrer\"><img loading=\"lazy\" decoding=\"async\" class=\"alignnone wp-image-2203\" src=\"https:\/\/neue-herbold.com\/wp-content\/uploads\/2014\/11\/rotortypen-HV.jpg\" alt=\"rotortypen-HV\" width=\"272\" height=\"218\" srcset=\"https:\/\/neue-herbold.com\/wp-content\/uploads\/2014\/11\/rotortypen-HV.jpg 283w, https:\/\/neue-herbold.com\/wp-content\/uploads\/2014\/11\/rotortypen-HV-100x80.jpg 100w, https:\/\/neue-herbold.com\/wp-content\/uploads\/2014\/11\/rotortypen-HV-150x120.jpg 150w, https:\/\/neue-herbold.com\/wp-content\/uploads\/2014\/11\/rotortypen-HV-200x160.jpg 200w\" sizes=\"(max-width: 272px) 100vw, 272px\" \/><\/a><\/span><\/td>\n<\/tr>\n<tr>\n<td>\n<p><span style=\"font-family: Arial; font-size: small; color: #000000;\"><b>Rotorausf\u00fchrung N<\/b><br \/>\n verf\u00fcgbare Rotortypen:<br \/>\n Typ N5, Typ N7, Typ N9<\/span><\/p>\n<\/td>\n<td>\n<p><span style=\"font-family: Arial; font-size: small; color: #000000;\">speziell f\u00fcr die Zerkleinerung von Kunststoffteilen <br \/>\n mit Metallanhaftung und f\u00fcr stark verschmutzte<br \/>\n DSD Fraktionen<\/span><\/p>\n<\/td>\n<td><span style=\"color: #000000;\"><a style=\"color: #000000;\" href=\"https:\/\/neue-herbold.com\/wp-content\/uploads\/2014\/11\/rotortypen-N.jpg\" target=\"_blank\" rel=\"noopener noreferrer\"><img loading=\"lazy\" decoding=\"async\" class=\"alignnone wp-image-2204\" src=\"https:\/\/neue-herbold.com\/wp-content\/uploads\/2014\/11\/rotortypen-N.jpg\" alt=\"rotortypen-N\" width=\"272\" height=\"218\" srcset=\"https:\/\/neue-herbold.com\/wp-content\/uploads\/2014\/11\/rotortypen-N.jpg 283w, https:\/\/neue-herbold.com\/wp-content\/uploads\/2014\/11\/rotortypen-N-100x80.jpg 100w, https:\/\/neue-herbold.com\/wp-content\/uploads\/2014\/11\/rotortypen-N-150x120.jpg 150w, https:\/\/neue-herbold.com\/wp-content\/uploads\/2014\/11\/rotortypen-N-200x160.jpg 200w\" sizes=\"(max-width: 272px) 100vw, 272px\" \/><\/a><\/span><\/td>\n<\/tr>\n<tr>\n<td>\n<p><span style=\"font-family: Arial; font-size: small; color: #000000;\"><b>Rotorausf\u00fchrung F<\/b><br \/>\n verf\u00fcgbare Rotortypen:<br \/>\n Typ F9, Typ FP12<\/span><\/p>\n<\/td>\n<td><span style=\"font-family: Arial; font-size: small; color: #000000;\">spezieller Rotor f\u00fcr die Zerkleinerung <br \/>\n von Fensterprofilen und Nebenprofilen <br \/>\n (mit Selbsteinzugsverhalten)<\/span><\/td>\n<td><span style=\"color: #000000;\"><a style=\"color: #000000;\" href=\"https:\/\/neue-herbold.com\/wp-content\/uploads\/2014\/11\/rotortypen-F.jpg\" target=\"_blank\" rel=\"noopener noreferrer\"><img loading=\"lazy\" decoding=\"async\" class=\"alignnone wp-image-2205\" src=\"https:\/\/neue-herbold.com\/wp-content\/uploads\/2014\/11\/rotortypen-F-206x300.jpg\" alt=\"rotortypen-F\" width=\"270\" height=\"392\" srcset=\"https:\/\/neue-herbold.com\/wp-content\/uploads\/2014\/11\/rotortypen-F-206x300.jpg 206w, https:\/\/neue-herbold.com\/wp-content\/uploads\/2014\/11\/rotortypen-F-100x145.jpg 100w, https:\/\/neue-herbold.com\/wp-content\/uploads\/2014\/11\/rotortypen-F-150x217.jpg 150w, https:\/\/neue-herbold.com\/wp-content\/uploads\/2014\/11\/rotortypen-F-200x290.jpg 200w, https:\/\/neue-herbold.com\/wp-content\/uploads\/2014\/11\/rotortypen-F.jpg 215w\" sizes=\"(max-width: 270px) 100vw, 270px\" \/><\/a><\/span><\/td>\n<\/tr>\n<tr>\n<td>\n<p><span style=\"font-family: Arial; font-size: small; color: #000000;\"><b>Rotorausf\u00fchrung G<\/b><br \/>\n verf\u00fcgbare Rotortypen:<br \/>\n Typ G3, Typ G4<\/span><\/p>\n<\/td>\n<td><span style=\"font-family: Arial; font-size: small; color: #000000;\">spezieller Rotor f\u00fcr die Zerkleinerung von <br \/>\n Fasern und temparaturanf\u00e4lligen Kunststoffen <br \/>\n wie z.B. Kautschuk, Botyl<\/span><\/td>\n<td><span style=\"color: #000000;\"><a style=\"color: #000000;\" href=\"https:\/\/neue-herbold.com\/wp-content\/uploads\/2014\/11\/rotortypen_G.jpg\" target=\"_blank\" rel=\"noopener noreferrer\"><img loading=\"lazy\" decoding=\"async\" class=\"alignnone wp-image-2208\" src=\"https:\/\/neue-herbold.com\/wp-content\/uploads\/2014\/11\/rotortypen_G.jpg\" alt=\"rotortypen_G\" width=\"270\" height=\"216\" srcset=\"https:\/\/neue-herbold.com\/wp-content\/uploads\/2014\/11\/rotortypen_G.jpg 292w, https:\/\/neue-herbold.com\/wp-content\/uploads\/2014\/11\/rotortypen_G-100x80.jpg 100w, https:\/\/neue-herbold.com\/wp-content\/uploads\/2014\/11\/rotortypen_G-150x120.jpg 150w, https:\/\/neue-herbold.com\/wp-content\/uploads\/2014\/11\/rotortypen_G-200x160.jpg 200w\" sizes=\"(max-width: 270px) 100vw, 270px\" \/><\/a><\/span><\/td>\n<\/tr>\n<tr>\n<td>\n<p><span style=\"font-family: Arial; font-size: small; color: #000000;\"><b>Rotorausf\u00fchrung A<\/b><br \/>\n verf\u00fcgbare Rotortypen:<br \/>\n Typ A6, Typ A8, Typ A12<\/span><\/p>\n<\/td>\n<td><span style=\"font-family: Arial; font-size: small; color: #000000;\">f\u00fcr die Zerkleinerung von dickwandigen <br \/>\n Rohren und Platten<\/span><\/td>\n<td><span style=\"color: #000000;\"><a style=\"color: #000000;\" href=\"https:\/\/neue-herbold.com\/wp-content\/uploads\/2014\/11\/rotortypen-A.jpg\" target=\"_blank\" rel=\"noopener noreferrer\"><img loading=\"lazy\" decoding=\"async\" class=\"alignnone wp-image-2209\" src=\"https:\/\/neue-herbold.com\/wp-content\/uploads\/2014\/11\/rotortypen-A.jpg\" alt=\"rotortypen-A\" width=\"270\" height=\"180\" srcset=\"https:\/\/neue-herbold.com\/wp-content\/uploads\/2014\/11\/rotortypen-A.jpg 283w, https:\/\/neue-herbold.com\/wp-content\/uploads\/2014\/11\/rotortypen-A-100x66.jpg 100w, https:\/\/neue-herbold.com\/wp-content\/uploads\/2014\/11\/rotortypen-A-150x100.jpg 150w, https:\/\/neue-herbold.com\/wp-content\/uploads\/2014\/11\/rotortypen-A-200x133.jpg 200w\" sizes=\"(max-width: 270px) 100vw, 270px\" \/><\/a><\/span><\/td>\n<\/tr>\n<tr>\n<td>\n<p><span style=\"font-family: Arial; font-size: small; color: #000000;\"><b>Rotorausf\u00fchrung M<\/b><br \/>\n verf\u00fcgbare Rotortypen:<br \/>\n Typ M3, Typ M5<\/span><\/p>\n<\/td>\n<td><span style=\"font-family: Arial; font-size: small; color: #000000;\">geschmiedeter Rotor; spezieller Rotor f\u00fcr <br \/>\n die Zerkleinerung von extrem Schlagz\u00e4hen <br \/>\n Kunststoffen wie z.B. Rohre, Platten<\/span><\/td>\n<td>&nbsp;<\/td>\n<\/tr>\n<tr>\n<td>\n<p><span style=\"font-family: Arial; font-size: small; color: #000000;\"><b><span style=\"font-family: Arial; font-size: small;\">Rotorausf\u00fchrung HM<\/span><\/b><\/span><\/p>\n<\/td>\n<td><span style=\"font-family: Arial; font-size: small; color: #000000;\"><span style=\"font-family: Arial; font-size: small;\">Hammerm\u00fchlenrotor f\u00fcr die Zerkleinerung von <br \/>\n Glaswolle, Steinwolle und spr\u00f6den Kunststoffen<\/span><\/span><\/td>\n<td><span style=\"color: #000000;\"><a style=\"color: #000000;\" href=\"https:\/\/neue-herbold.com\/wp-content\/uploads\/2014\/11\/rotortypen-HM.jpg\" target=\"_blank\" rel=\"noopener noreferrer\"><img loading=\"lazy\" decoding=\"async\" class=\"alignnone wp-image-2210\" src=\"https:\/\/neue-herbold.com\/wp-content\/uploads\/2014\/11\/rotortypen-HM-300x225.jpg\" alt=\"rotortypen-HM\" width=\"271\" height=\"203\" srcset=\"https:\/\/neue-herbold.com\/wp-content\/uploads\/2014\/11\/rotortypen-HM-300x225.jpg 300w, https:\/\/neue-herbold.com\/wp-content\/uploads\/2014\/11\/rotortypen-HM-100x75.jpg 100w, https:\/\/neue-herbold.com\/wp-content\/uploads\/2014\/11\/rotortypen-HM-150x112.jpg 150w, https:\/\/neue-herbold.com\/wp-content\/uploads\/2014\/11\/rotortypen-HM-200x150.jpg 200w, https:\/\/neue-herbold.com\/wp-content\/uploads\/2014\/11\/rotortypen-HM.jpg 334w\" sizes=\"(max-width: 271px) 100vw, 271px\" \/><\/a><\/span><\/td>\n<\/tr>\n<\/tbody>\n<\/table>\n<p>&nbsp;<\/p>\n","protected":false},"excerpt":{"rendered":"<p><span style=\"color: #000000;\">Da nicht jeder Rotor f\u00fcr jede Aufgabenstellung optimal geeignet ist, bietet die <strong>NEUE HERBOLD<\/strong> Varianten an. So besteht die M\u00f6glichkeit, den Vorstellungen des Kunden gerecht zu werden. Die n<\/span><span style=\"color: #000000;\">achstehende Auflistung gibt einen \u00dcberblick \u00fcber Bauformen und Merkmale dieser Varianten.<\/span><\/p>\n<p><span class=\"ellipsis\">&hellip;<\/span><\/p>\n<div class=\"read-more\"><a href=\"https:\/\/neue-herbold.com\/de\/verfuegbare-rotorvarianten\/\">Weiterlesen \u203a<\/a><\/div>\n<p><!-- end of .read-more --><\/p>\n","protected":false},"author":1,"featured_media":0,"parent":0,"menu_order":0,"comment_status":"closed","ping_status":"closed","template":"","meta":{"footnotes":""},"class_list":["post-8328","page","type-page","status-publish","hentry"],"yoast_head":"<!-- This site is optimized with the Yoast SEO plugin v25.4 - https:\/\/yoast.com\/wordpress\/plugins\/seo\/ -->\n<title>Verf\u00fcgbare Rotorvarianten f\u00fcr unsere Schneidm\u00fchlen - Neue Herbold GmbH<\/title>\n<meta name=\"description\" content=\"Nicht jeder Rotor ist f\u00fcr jede Aufgabenstellung geeignet. Nachstehende Auftlistung gibt einen \u00dcberblick \u00fcber Bauformen und Merkmale der Rotorvarianten\" \/>\n<meta name=\"robots\" content=\"index, follow, max-snippet:-1, max-image-preview:large, max-video-preview:-1\" \/>\n<link rel=\"canonical\" href=\"https:\/\/neue-herbold.com\/de\/verfuegbare-rotorvarianten\/\" \/>\n<meta property=\"og:locale\" content=\"de_DE\" \/>\n<meta property=\"og:type\" content=\"article\" \/>\n<meta property=\"og:title\" content=\"Verf\u00fcgbare Rotorvarianten f\u00fcr unsere Schneidm\u00fchlen - Neue Herbold GmbH\" \/>\n<meta property=\"og:description\" content=\"Nicht jeder Rotor ist f\u00fcr jede Aufgabenstellung geeignet. Nachstehende Auftlistung gibt einen \u00dcberblick \u00fcber Bauformen und Merkmale der Rotorvarianten\" \/>\n<meta property=\"og:url\" content=\"https:\/\/neue-herbold.com\/de\/verfuegbare-rotorvarianten\/\" \/>\n<meta property=\"og:site_name\" content=\"Neue Herbold GmbH\" \/>\n<meta property=\"article:modified_time\" content=\"2017-05-23T09:42:14+00:00\" \/>\n<meta property=\"og:image\" content=\"https:\/\/neue-herbold.com\/wp-content\/uploads\/2014\/11\/rotortypen-L.jpg\" \/>\n<meta name=\"twitter:label1\" content=\"Gesch\u00e4tzte Lesezeit\" \/>\n\t<meta name=\"twitter:data1\" content=\"2\u00a0Minuten\" \/>\n<script type=\"application\/ld+json\" class=\"yoast-schema-graph\">{\"@context\":\"https:\/\/schema.org\",\"@graph\":[{\"@type\":\"WebPage\",\"@id\":\"https:\/\/neue-herbold.com\/de\/verfuegbare-rotorvarianten\/\",\"url\":\"https:\/\/neue-herbold.com\/de\/verfuegbare-rotorvarianten\/\",\"name\":\"Verf\u00fcgbare Rotorvarianten f\u00fcr unsere Schneidm\u00fchlen - Neue Herbold GmbH\",\"isPartOf\":{\"@id\":\"https:\/\/neue-herbold.com\/en\/#website\"},\"primaryImageOfPage\":{\"@id\":\"https:\/\/neue-herbold.com\/de\/verfuegbare-rotorvarianten\/#primaryimage\"},\"image\":{\"@id\":\"https:\/\/neue-herbold.com\/de\/verfuegbare-rotorvarianten\/#primaryimage\"},\"thumbnailUrl\":\"https:\/\/neue-herbold.com\/wp-content\/uploads\/2014\/11\/rotortypen-L.jpg\",\"datePublished\":\"2016-06-03T15:08:16+00:00\",\"dateModified\":\"2017-05-23T09:42:14+00:00\",\"description\":\"Nicht jeder Rotor ist f\u00fcr jede Aufgabenstellung geeignet. Nachstehende Auftlistung gibt einen \u00dcberblick \u00fcber Bauformen und Merkmale der Rotorvarianten\",\"breadcrumb\":{\"@id\":\"https:\/\/neue-herbold.com\/de\/verfuegbare-rotorvarianten\/#breadcrumb\"},\"inLanguage\":\"de\",\"potentialAction\":[{\"@type\":\"ReadAction\",\"target\":[\"https:\/\/neue-herbold.com\/de\/verfuegbare-rotorvarianten\/\"]}]},{\"@type\":\"ImageObject\",\"inLanguage\":\"de\",\"@id\":\"https:\/\/neue-herbold.com\/de\/verfuegbare-rotorvarianten\/#primaryimage\",\"url\":\"https:\/\/neue-herbold.com\/wp-content\/uploads\/2014\/11\/rotortypen-L.jpg\",\"contentUrl\":\"https:\/\/neue-herbold.com\/wp-content\/uploads\/2014\/11\/rotortypen-L.jpg\"},{\"@type\":\"BreadcrumbList\",\"@id\":\"https:\/\/neue-herbold.com\/de\/verfuegbare-rotorvarianten\/#breadcrumb\",\"itemListElement\":[{\"@type\":\"ListItem\",\"position\":1,\"name\":\"Startseite\",\"item\":\"https:\/\/neue-herbold.com\/de\/\"},{\"@type\":\"ListItem\",\"position\":2,\"name\":\"Verf\u00fcgbare Rotorvarianten f\u00fcr unsere Schneidm\u00fchlen\"}]},{\"@type\":\"WebSite\",\"@id\":\"https:\/\/neue-herbold.com\/en\/#website\",\"url\":\"https:\/\/neue-herbold.com\/en\/\",\"name\":\"Neue Herbold GmbH\",\"description\":\"\",\"potentialAction\":[{\"@type\":\"SearchAction\",\"target\":{\"@type\":\"EntryPoint\",\"urlTemplate\":\"https:\/\/neue-herbold.com\/en\/?s={search_term_string}\"},\"query-input\":{\"@type\":\"PropertyValueSpecification\",\"valueRequired\":true,\"valueName\":\"search_term_string\"}}],\"inLanguage\":\"de\"}]}<\/script>\n<!-- \/ Yoast SEO plugin. -->","yoast_head_json":{"title":"Verf\u00fcgbare Rotorvarianten f\u00fcr unsere Schneidm\u00fchlen - Neue Herbold GmbH","description":"Nicht jeder Rotor ist f\u00fcr jede Aufgabenstellung geeignet. Nachstehende Auftlistung gibt einen \u00dcberblick \u00fcber Bauformen und Merkmale der Rotorvarianten","robots":{"index":"index","follow":"follow","max-snippet":"max-snippet:-1","max-image-preview":"max-image-preview:large","max-video-preview":"max-video-preview:-1"},"canonical":"https:\/\/neue-herbold.com\/de\/verfuegbare-rotorvarianten\/","og_locale":"de_DE","og_type":"article","og_title":"Verf\u00fcgbare Rotorvarianten f\u00fcr unsere Schneidm\u00fchlen - Neue Herbold GmbH","og_description":"Nicht jeder Rotor ist f\u00fcr jede Aufgabenstellung geeignet. Nachstehende Auftlistung gibt einen \u00dcberblick \u00fcber Bauformen und Merkmale der Rotorvarianten","og_url":"https:\/\/neue-herbold.com\/de\/verfuegbare-rotorvarianten\/","og_site_name":"Neue Herbold GmbH","article_modified_time":"2017-05-23T09:42:14+00:00","og_image":[{"url":"https:\/\/neue-herbold.com\/wp-content\/uploads\/2014\/11\/rotortypen-L.jpg","type":"","width":"","height":""}],"twitter_misc":{"Gesch\u00e4tzte Lesezeit":"2\u00a0Minuten"},"schema":{"@context":"https:\/\/schema.org","@graph":[{"@type":"WebPage","@id":"https:\/\/neue-herbold.com\/de\/verfuegbare-rotorvarianten\/","url":"https:\/\/neue-herbold.com\/de\/verfuegbare-rotorvarianten\/","name":"Verf\u00fcgbare Rotorvarianten f\u00fcr unsere Schneidm\u00fchlen - Neue Herbold GmbH","isPartOf":{"@id":"https:\/\/neue-herbold.com\/en\/#website"},"primaryImageOfPage":{"@id":"https:\/\/neue-herbold.com\/de\/verfuegbare-rotorvarianten\/#primaryimage"},"image":{"@id":"https:\/\/neue-herbold.com\/de\/verfuegbare-rotorvarianten\/#primaryimage"},"thumbnailUrl":"https:\/\/neue-herbold.com\/wp-content\/uploads\/2014\/11\/rotortypen-L.jpg","datePublished":"2016-06-03T15:08:16+00:00","dateModified":"2017-05-23T09:42:14+00:00","description":"Nicht jeder Rotor ist f\u00fcr jede Aufgabenstellung geeignet. Nachstehende Auftlistung gibt einen \u00dcberblick \u00fcber Bauformen und Merkmale der Rotorvarianten","breadcrumb":{"@id":"https:\/\/neue-herbold.com\/de\/verfuegbare-rotorvarianten\/#breadcrumb"},"inLanguage":"de","potentialAction":[{"@type":"ReadAction","target":["https:\/\/neue-herbold.com\/de\/verfuegbare-rotorvarianten\/"]}]},{"@type":"ImageObject","inLanguage":"de","@id":"https:\/\/neue-herbold.com\/de\/verfuegbare-rotorvarianten\/#primaryimage","url":"https:\/\/neue-herbold.com\/wp-content\/uploads\/2014\/11\/rotortypen-L.jpg","contentUrl":"https:\/\/neue-herbold.com\/wp-content\/uploads\/2014\/11\/rotortypen-L.jpg"},{"@type":"BreadcrumbList","@id":"https:\/\/neue-herbold.com\/de\/verfuegbare-rotorvarianten\/#breadcrumb","itemListElement":[{"@type":"ListItem","position":1,"name":"Startseite","item":"https:\/\/neue-herbold.com\/de\/"},{"@type":"ListItem","position":2,"name":"Verf\u00fcgbare Rotorvarianten f\u00fcr unsere Schneidm\u00fchlen"}]},{"@type":"WebSite","@id":"https:\/\/neue-herbold.com\/en\/#website","url":"https:\/\/neue-herbold.com\/en\/","name":"Neue Herbold GmbH","description":"","potentialAction":[{"@type":"SearchAction","target":{"@type":"EntryPoint","urlTemplate":"https:\/\/neue-herbold.com\/en\/?s={search_term_string}"},"query-input":{"@type":"PropertyValueSpecification","valueRequired":true,"valueName":"search_term_string"}}],"inLanguage":"de"}]}},"_links":{"self":[{"href":"https:\/\/neue-herbold.com\/de\/wp-json\/wp\/v2\/pages\/8328"}],"collection":[{"href":"https:\/\/neue-herbold.com\/de\/wp-json\/wp\/v2\/pages"}],"about":[{"href":"https:\/\/neue-herbold.com\/de\/wp-json\/wp\/v2\/types\/page"}],"author":[{"embeddable":true,"href":"https:\/\/neue-herbold.com\/de\/wp-json\/wp\/v2\/users\/1"}],"replies":[{"embeddable":true,"href":"https:\/\/neue-herbold.com\/de\/wp-json\/wp\/v2\/comments?post=8328"}],"version-history":[{"count":10,"href":"https:\/\/neue-herbold.com\/de\/wp-json\/wp\/v2\/pages\/8328\/revisions"}],"predecessor-version":[{"id":11034,"href":"https:\/\/neue-herbold.com\/de\/wp-json\/wp\/v2\/pages\/8328\/revisions\/11034"}],"wp:attachment":[{"href":"https:\/\/neue-herbold.com\/de\/wp-json\/wp\/v2\/media?parent=8328"}],"curies":[{"name":"wp","href":"https:\/\/api.w.org\/{rel}","templated":true}]}}