{"id":8321,"date":"2016-06-03T17:03:24","date_gmt":"2016-06-03T15:03:24","guid":{"rendered":"https:\/\/neue-herbold.com\/es\/?page_id=8321"},"modified":"2017-04-28T00:30:40","modified_gmt":"2017-04-27T22:30:40","slug":"profilmuehle-lp","status":"publish","type":"page","link":"https:\/\/neue-herbold.com\/de\/profilmuehle-lp\/","title":{"rendered":"Profilm\u00fchle LP"},"content":{"rendered":"<div id=\"attachment_2944\" style=\"width: 334px\" class=\"wp-caption alignleft\"><a href=\"https:\/\/neue-herbold.com\/wp-content\/uploads\/2014\/11\/SP450_1000F9_2_98IF.jpg\" target=\"_blank\" rel=\"noopener noreferrer\"><img loading=\"lazy\" decoding=\"async\" aria-describedby=\"caption-attachment-2944\" class=\"wp-image-2944\" src=\"https:\/\/neue-herbold.com\/wp-content\/uploads\/2014\/11\/SP450_1000F9_2_98IF.jpg\" alt=\"\" width=\"324\" height=\"330\" srcset=\"https:\/\/neue-herbold.com\/wp-content\/uploads\/2014\/11\/SP450_1000F9_2_98IF-100x102.jpg 100w, https:\/\/neue-herbold.com\/wp-content\/uploads\/2014\/11\/SP450_1000F9_2_98IF-150x153.jpg 150w, https:\/\/neue-herbold.com\/wp-content\/uploads\/2014\/11\/SP450_1000F9_2_98IF-200x204.jpg 200w, https:\/\/neue-herbold.com\/wp-content\/uploads\/2014\/11\/SP450_1000F9_2_98IF-300x307.jpg 300w, https:\/\/neue-herbold.com\/wp-content\/uploads\/2014\/11\/SP450_1000F9_2_98IF-450x460.jpg 450w\" sizes=\"(max-width: 324px) 100vw, 324px\" \/><\/a><p id=\"caption-attachment-2944\" class=\"wp-caption-text\"><em><strong>LP 450\/600<\/strong><\/em><\/p><\/div>\n<h4><em>Einsatzgebiet der NEUE HERBOLD <\/em><br \/>\n <em> Profilm\u00fchlen LP<\/em><\/h4>\n<p>Mit den <span style=\"color: #000000;\"><strong>NEUE HERBOLD<\/strong><\/span> Schneidm\u00fchlen der Baureihe LP ist es m\u00f6glich lange PVC Profile oder Profilabf\u00e4lle\u00a0wie z.B. Fensterprofilstangen zu zerkleinern. Die Profile werden ohne Umlenkung und ohne Vors\u00e4gen verarbeitet. Diese Spezialschneidm\u00fchlen sind ausgelegt zur horizontalen Beschickung von Langteilen bis zu einer L\u00e4nge von ca. 6000 mm.<\/p>\n<p>Besonderes Augenmerk wurde bei der Konzeption auf kompakte, platzsparende Bauweise gelegt, um die Maschine in den Fertigungsablauf und auch als Beistellm\u00fchle neben der Extrusionsanlage zu integrieren.<\/p>\n<h4><em><strong>Technik der Baureihe LP<\/strong><\/em><\/h4>\n<p>Ausger\u00fcstet sind die <span style=\"color: #000000;\"><strong>NEUE HERBOLD<\/strong><\/span> Schneidm\u00fchlen der Baureihe LP mit einer &#8222;Doppelschr\u00e4gschnittgeometrie&#8220;. Im M\u00fchlengeh\u00e4use arbeiten die rotierenden und schr\u00e4g gestellten Messer gegen die schr\u00e4g gestellten Statormesser. Mit dieser Schneidtechnik ist es m\u00f6glich, einen genauen Schnittspalt \u00fcber die ganze Arbeitsbreite und einen kraftg\u00fcnstigen Schnitt bei gleichzeitig ger\u00e4uscharmen Betrieb zu erhalten.<\/p>\n<blockquote>\n<p>Alternativ ist diese Baureihe auch in abgedichteter Form als Nassschneidm\u00fchle bzw. Waschm\u00fchle erh\u00e4ltlich.<\/p>\n<\/blockquote>\n<p>Durch die Trennung der au\u00dfen gelagerten Rotorwelle vom Mahlraum ist eine gefahrlose Abschottung zum Zerkleinerungsgut sicher gestellt. Den extremen Belastungen h\u00e4lt das geschwei\u00dfte und robuste m\u00fchlengeh\u00e4use stand.<\/p>\n<p><em><strong>Baureihe LP<\/strong><\/em><br \/>\n Der Doppelschr\u00e4gschnitt gew\u00e4hrleistet, dass die Profile durch den mit mehreren Messern ausgestatten Rotor selbstst\u00e4ndig eingezogen werden. Die Materialaufgabe erfolgt hier per Hand oder \u00fcber eine Zuf\u00fchrung mit einem Rolleneinzug.<\/p>\n<blockquote>\n<p>F\u00fcr die Zerkleinerung von dickwandigen Rohren und Profilen aus H-PVC, PP und PE findet die <a href=\"https:\/\/neue-herbold.com\/de\/rohrmuehlen-und-profilmuehlen-sr\/\">Baureihe SR<\/a> Anwendung.<\/p>\n<\/blockquote>\n<p><strong><em>Vorteile der NEUE HERBOLD<\/em> <em>Rohr- und Profilm\u00fchlen<\/em><br \/>\n <\/strong><\/p>\n<ul>\n<li>energiesparende Zerkleinerung<\/li>\n<li>h\u00f6chste Durchsatzleistungen<\/li>\n<li>h\u00e4rteste Beanspruchung<\/li>\n<li>geringer Ger\u00e4uschpegel durch <a href=\"https:\/\/neue-herbold.com\/wp-content\/uploads\/2014\/11\/Doppelschraegschnitt.pdf\" target=\"_blank\" rel=\"noopener noreferrer\">Doppelschr\u00e4gschnitt<\/a><\/li>\n<li>geringer Platzbedarf<\/li>\n<li>geringe Stillstandzeiten bei Messerwechsel durch Messervoreinstellung<\/li>\n<\/ul>\n<hr \/>\n<p><span style=\"font-family: arial,helvetica,sans-serif; font-size: 10pt;\"><a href=\"https:\/\/neue-herbold.com\/wp-content\/uploads\/2015\/03\/Einstelllehre.jpg\" target=\"_blank\" rel=\"noopener noreferrer\"><img loading=\"lazy\" decoding=\"async\" class=\"alignleft wp-image-6007\" src=\"https:\/\/neue-herbold.com\/wp-content\/uploads\/2015\/03\/Einstelllehre-300x225.jpg\" alt=\"Einstelllehre\" width=\"300\" height=\"225\" srcset=\"https:\/\/neue-herbold.com\/wp-content\/uploads\/2015\/03\/Einstelllehre-300x225.jpg 300w, https:\/\/neue-herbold.com\/wp-content\/uploads\/2015\/03\/Einstelllehre.jpg 1024w, https:\/\/neue-herbold.com\/wp-content\/uploads\/2015\/03\/Einstelllehre-100x75.jpg 100w, https:\/\/neue-herbold.com\/wp-content\/uploads\/2015\/03\/Einstelllehre-150x113.jpg 150w, https:\/\/neue-herbold.com\/wp-content\/uploads\/2015\/03\/Einstelllehre-200x150.jpg 200w, https:\/\/neue-herbold.com\/wp-content\/uploads\/2015\/03\/Einstelllehre-450x338.jpg 450w, https:\/\/neue-herbold.com\/wp-content\/uploads\/2015\/03\/Einstelllehre-600x450.jpg 600w, https:\/\/neue-herbold.com\/wp-content\/uploads\/2015\/03\/Einstelllehre-900x675.jpg 900w\" sizes=\"(max-width: 300px) 100vw, 300px\" \/><\/a><\/span><\/p>\n<p><em><strong>Messereinstellung der Schneidm\u00fchlen<\/strong><\/em><\/p>\n<p>Die Justierung der Rotor- und Statormesser geschieht au\u00dferhalb der Maschine in einer speziell hierf\u00fcr konstruierten Einstelllehre. Die Justierschrauben im Rotor und im M\u00fchlengeh\u00e4use sind bei Auslieferung fest eingestellt, die Justierschrauben im Schneidmesser werden entsprechend dem Nachschleifzustand nachgestellt. Die Einstellarbeiten an den Schneidmessers k\u00f6nnen w\u00e4hrend des Einsatzes der Schneidm\u00fchle ausgef\u00fchrt werden.<\/p>\n<p>Zur Voreinstellung au\u00dferhalb der Maschine (bei Rotoren mit einstellbaren Messern) wird eine Einstellvorrichtung mitgeliefert, die zur Vereinfachung der Messereinstellung und zur Verk\u00fcrzung der Maschinenstillstandszeit bei Messerwechsel f\u00fchrt. Die korrekte und sorgf\u00e4ltige Einstellung des Schneidspaltes ist entscheidend f\u00fcr die Leistungsf\u00e4higkeit der Schneidm\u00fchle.<\/p>\n<hr \/>\n<p><strong>Produktvideo:<\/strong><\/p>\n<div id=\"bcq4NkNVbG\" data-borlabs-cookie-blocked-content><div class=\"borlabs-cookie-bct bc-bct-video bc-bct-youtube\"> <p class=\"bc-thumbnail\"><img src=\"https:\/\/neue-herbold.com\/wp-content\/cache\/borlabs_cookie\/WnOvJc_qeB0_sddefault.jpg\" alt=\"YouTube\"><\/p> <div class=\"bc-text\"> <p>Zum Schutz Ihrer pers\u00f6nlichen Daten wurde Ihre Verbindung zu YouTube blockiert. <br> Klicken Sie auf <strong> Video laden<\/strong>, um die Blockierung von YouTube aufzuheben. <br> Durch das Laden des Videos akzeptieren Sie die Datenschutzbestimmungen von YouTube. <br>Weitere Informationen zu den Datenschutzbestimmungen von YouTube finden Sie hier: <br><a href=\"https:\/\/policies.google.com\/privacy\" target=\"_blank\" rel=\"nofollow\">Google - Datenschutzerkl\u00e4rung<\/a><\/p> <p><label><input type=\"checkbox\" name=\"unblockAll\" value=\"1\" > K\u00fcnftig keine Videos von YouTube blockieren <\/label> <a role=\"button\" data-borlabs-cookie-unblock>Video laden<\/a><\/p> <\/div> <\/div><\/div>\n<p>Zerkleinerung von Profilen &#8211; Baureihe LP<\/p>\n<p><em><span style=\"color: #000000;\"><strong>Technische Angaben der NEUE HERBOLD Schneidm\u00fchlen<\/strong><\/span><\/em><\/p>\n<table>\n<tbody>\n<tr>\n<td style=\"text-align: left;\"><strong><a href=\"https:\/\/neue-herbold.com\/wp-content\/uploads\/2014\/11\/Profilschneidmuehle-LP.pdf\" target=\"_blank\" rel=\"noopener noreferrer\"><img loading=\"lazy\" decoding=\"async\" class=\"wp-image-5703 alignleft\" src=\"https:\/\/neue-herbold.com\/wp-content\/uploads\/2014\/12\/PDF-ICON.jpg\" alt=\"PDF-ICON\" width=\"50\" height=\"48\" \/><\/a>Maschinentypen Profilm\u00fchle \/ Profilschneidm\u00fchle<\/strong><\/td>\n<\/tr>\n<tr>\n<td style=\"text-align: left;\">Profilm\u00fchle Typ LP 450\/600<\/td>\n<\/tr>\n<tr>\n<td style=\"text-align: left;\">Profilm\u00fchle Typ LP 450\/1000<\/td>\n<\/tr>\n<tr>\n<td style=\"text-align: left;\">Profilm\u00fchle Typ SP 300\/300<\/td>\n<\/tr>\n<tr>\n<td style=\"text-align: left;\">Profilm\u00fchle Typ SP 300\/500<\/td>\n<\/tr>\n<tr>\n<td style=\"text-align: left;\">Profilm\u00fchle Typ SP 450\/300<\/td>\n<\/tr>\n<tr>\n<td style=\"text-align: left;\">Profilm\u00fchle Typ SP 450\/600<\/td>\n<\/tr>\n<tr>\n<td style=\"text-align: left;\">Profilm\u00fchle Typ SP 600\/600<\/td>\n<\/tr>\n<tr>\n<td style=\"text-align: left;\">Profilm\u00fchle Typ SP 450\/1000<\/td>\n<\/tr>\n<\/tbody>\n<\/table>\n","protected":false},"excerpt":{"rendered":"<p><em>Einsatzgebiet der NEUE HERBOLD <\/em><br \/>\n <em> Profilm\u00fchlen LP<\/em><\/p>\n<p>Mit den <span style=\"color: #000000;\"><strong>NEUE HERBOLD<\/strong><\/span> Schneidm\u00fchlen der Baureihe LP ist es m\u00f6glich lange PVC Profile oder Profilabf\u00e4lle\u00a0wie z.B. Fensterprofilstangen zu zerkleinern. Die Profile werden ohne Umlenkung und ohne Vors\u00e4gen verarbeitet.<\/p>\n<p><span class=\"ellipsis\">&hellip;<\/span><\/p>\n<div class=\"read-more\"><a href=\"https:\/\/neue-herbold.com\/de\/profilmuehle-lp\/\">Weiterlesen \u203a<\/a><\/div>\n<p><!-- end of .read-more --><\/p>\n","protected":false},"author":1,"featured_media":0,"parent":0,"menu_order":0,"comment_status":"closed","ping_status":"closed","template":"","meta":{"footnotes":""},"class_list":["post-8321","page","type-page","status-publish","hentry"],"yoast_head":"<!-- This site is optimized with the Yoast SEO plugin v25.4 - https:\/\/yoast.com\/wordpress\/plugins\/seo\/ -->\n<title>Profilm\u00fchle LP - Neue Herbold GmbH<\/title>\n<meta name=\"description\" content=\"Neue Herbold Profilm\u00fchle der Baureihe LP erm\u00f6glicht die Zerkleinerung langer Rohre und Profile. Ohne Vorabl\u00e4ngen, ohne Umlenkung werden die Profile\" \/>\n<meta name=\"robots\" content=\"index, follow, max-snippet:-1, max-image-preview:large, max-video-preview:-1\" \/>\n<link rel=\"canonical\" href=\"https:\/\/neue-herbold.com\/de\/profilmuehle-lp\/\" \/>\n<meta property=\"og:locale\" content=\"de_DE\" \/>\n<meta property=\"og:type\" content=\"article\" \/>\n<meta property=\"og:title\" content=\"Profilm\u00fchle LP - Neue Herbold GmbH\" \/>\n<meta property=\"og:description\" content=\"Neue Herbold Profilm\u00fchle der Baureihe LP erm\u00f6glicht die Zerkleinerung langer Rohre und Profile. Ohne Vorabl\u00e4ngen, ohne Umlenkung werden die Profile\" \/>\n<meta property=\"og:url\" content=\"https:\/\/neue-herbold.com\/de\/profilmuehle-lp\/\" \/>\n<meta property=\"og:site_name\" content=\"Neue Herbold GmbH\" \/>\n<meta property=\"article:modified_time\" content=\"2017-04-27T22:30:40+00:00\" \/>\n<meta property=\"og:image\" content=\"https:\/\/neue-herbold.com\/wp-content\/uploads\/2014\/11\/SP450_1000F9_2_98IF.jpg\" \/>\n<meta name=\"twitter:label1\" content=\"Gesch\u00e4tzte Lesezeit\" \/>\n\t<meta name=\"twitter:data1\" content=\"2\u00a0Minuten\" \/>\n<script type=\"application\/ld+json\" class=\"yoast-schema-graph\">{\"@context\":\"https:\/\/schema.org\",\"@graph\":[{\"@type\":\"WebPage\",\"@id\":\"https:\/\/neue-herbold.com\/de\/profilmuehle-lp\/\",\"url\":\"https:\/\/neue-herbold.com\/de\/profilmuehle-lp\/\",\"name\":\"Profilm\u00fchle LP - Neue Herbold GmbH\",\"isPartOf\":{\"@id\":\"https:\/\/neue-herbold.com\/en\/#website\"},\"primaryImageOfPage\":{\"@id\":\"https:\/\/neue-herbold.com\/de\/profilmuehle-lp\/#primaryimage\"},\"image\":{\"@id\":\"https:\/\/neue-herbold.com\/de\/profilmuehle-lp\/#primaryimage\"},\"thumbnailUrl\":\"https:\/\/neue-herbold.com\/wp-content\/uploads\/2014\/11\/SP450_1000F9_2_98IF.jpg\",\"datePublished\":\"2016-06-03T15:03:24+00:00\",\"dateModified\":\"2017-04-27T22:30:40+00:00\",\"description\":\"Neue Herbold Profilm\u00fchle der Baureihe LP erm\u00f6glicht die Zerkleinerung langer Rohre und Profile. Ohne Vorabl\u00e4ngen, ohne Umlenkung werden die Profile\",\"breadcrumb\":{\"@id\":\"https:\/\/neue-herbold.com\/de\/profilmuehle-lp\/#breadcrumb\"},\"inLanguage\":\"de\",\"potentialAction\":[{\"@type\":\"ReadAction\",\"target\":[\"https:\/\/neue-herbold.com\/de\/profilmuehle-lp\/\"]}]},{\"@type\":\"ImageObject\",\"inLanguage\":\"de\",\"@id\":\"https:\/\/neue-herbold.com\/de\/profilmuehle-lp\/#primaryimage\",\"url\":\"https:\/\/neue-herbold.com\/wp-content\/uploads\/2014\/11\/SP450_1000F9_2_98IF.jpg\",\"contentUrl\":\"https:\/\/neue-herbold.com\/wp-content\/uploads\/2014\/11\/SP450_1000F9_2_98IF.jpg\"},{\"@type\":\"BreadcrumbList\",\"@id\":\"https:\/\/neue-herbold.com\/de\/profilmuehle-lp\/#breadcrumb\",\"itemListElement\":[{\"@type\":\"ListItem\",\"position\":1,\"name\":\"Startseite\",\"item\":\"https:\/\/neue-herbold.com\/de\/\"},{\"@type\":\"ListItem\",\"position\":2,\"name\":\"Profilm\u00fchle LP\"}]},{\"@type\":\"WebSite\",\"@id\":\"https:\/\/neue-herbold.com\/en\/#website\",\"url\":\"https:\/\/neue-herbold.com\/en\/\",\"name\":\"Neue Herbold GmbH\",\"description\":\"\",\"potentialAction\":[{\"@type\":\"SearchAction\",\"target\":{\"@type\":\"EntryPoint\",\"urlTemplate\":\"https:\/\/neue-herbold.com\/en\/?s={search_term_string}\"},\"query-input\":{\"@type\":\"PropertyValueSpecification\",\"valueRequired\":true,\"valueName\":\"search_term_string\"}}],\"inLanguage\":\"de\"}]}<\/script>\n<!-- \/ Yoast SEO plugin. -->","yoast_head_json":{"title":"Profilm\u00fchle LP - Neue Herbold GmbH","description":"Neue Herbold Profilm\u00fchle der Baureihe LP erm\u00f6glicht die Zerkleinerung langer Rohre und Profile. Ohne Vorabl\u00e4ngen, ohne Umlenkung werden die Profile","robots":{"index":"index","follow":"follow","max-snippet":"max-snippet:-1","max-image-preview":"max-image-preview:large","max-video-preview":"max-video-preview:-1"},"canonical":"https:\/\/neue-herbold.com\/de\/profilmuehle-lp\/","og_locale":"de_DE","og_type":"article","og_title":"Profilm\u00fchle LP - Neue Herbold GmbH","og_description":"Neue Herbold Profilm\u00fchle der Baureihe LP erm\u00f6glicht die Zerkleinerung langer Rohre und Profile. Ohne Vorabl\u00e4ngen, ohne Umlenkung werden die Profile","og_url":"https:\/\/neue-herbold.com\/de\/profilmuehle-lp\/","og_site_name":"Neue Herbold GmbH","article_modified_time":"2017-04-27T22:30:40+00:00","og_image":[{"url":"https:\/\/neue-herbold.com\/wp-content\/uploads\/2014\/11\/SP450_1000F9_2_98IF.jpg","type":"","width":"","height":""}],"twitter_misc":{"Gesch\u00e4tzte Lesezeit":"2\u00a0Minuten"},"schema":{"@context":"https:\/\/schema.org","@graph":[{"@type":"WebPage","@id":"https:\/\/neue-herbold.com\/de\/profilmuehle-lp\/","url":"https:\/\/neue-herbold.com\/de\/profilmuehle-lp\/","name":"Profilm\u00fchle LP - Neue Herbold GmbH","isPartOf":{"@id":"https:\/\/neue-herbold.com\/en\/#website"},"primaryImageOfPage":{"@id":"https:\/\/neue-herbold.com\/de\/profilmuehle-lp\/#primaryimage"},"image":{"@id":"https:\/\/neue-herbold.com\/de\/profilmuehle-lp\/#primaryimage"},"thumbnailUrl":"https:\/\/neue-herbold.com\/wp-content\/uploads\/2014\/11\/SP450_1000F9_2_98IF.jpg","datePublished":"2016-06-03T15:03:24+00:00","dateModified":"2017-04-27T22:30:40+00:00","description":"Neue Herbold Profilm\u00fchle der Baureihe LP erm\u00f6glicht die Zerkleinerung langer Rohre und Profile. Ohne Vorabl\u00e4ngen, ohne Umlenkung werden die Profile","breadcrumb":{"@id":"https:\/\/neue-herbold.com\/de\/profilmuehle-lp\/#breadcrumb"},"inLanguage":"de","potentialAction":[{"@type":"ReadAction","target":["https:\/\/neue-herbold.com\/de\/profilmuehle-lp\/"]}]},{"@type":"ImageObject","inLanguage":"de","@id":"https:\/\/neue-herbold.com\/de\/profilmuehle-lp\/#primaryimage","url":"https:\/\/neue-herbold.com\/wp-content\/uploads\/2014\/11\/SP450_1000F9_2_98IF.jpg","contentUrl":"https:\/\/neue-herbold.com\/wp-content\/uploads\/2014\/11\/SP450_1000F9_2_98IF.jpg"},{"@type":"BreadcrumbList","@id":"https:\/\/neue-herbold.com\/de\/profilmuehle-lp\/#breadcrumb","itemListElement":[{"@type":"ListItem","position":1,"name":"Startseite","item":"https:\/\/neue-herbold.com\/de\/"},{"@type":"ListItem","position":2,"name":"Profilm\u00fchle LP"}]},{"@type":"WebSite","@id":"https:\/\/neue-herbold.com\/en\/#website","url":"https:\/\/neue-herbold.com\/en\/","name":"Neue Herbold GmbH","description":"","potentialAction":[{"@type":"SearchAction","target":{"@type":"EntryPoint","urlTemplate":"https:\/\/neue-herbold.com\/en\/?s={search_term_string}"},"query-input":{"@type":"PropertyValueSpecification","valueRequired":true,"valueName":"search_term_string"}}],"inLanguage":"de"}]}},"_links":{"self":[{"href":"https:\/\/neue-herbold.com\/de\/wp-json\/wp\/v2\/pages\/8321"}],"collection":[{"href":"https:\/\/neue-herbold.com\/de\/wp-json\/wp\/v2\/pages"}],"about":[{"href":"https:\/\/neue-herbold.com\/de\/wp-json\/wp\/v2\/types\/page"}],"author":[{"embeddable":true,"href":"https:\/\/neue-herbold.com\/de\/wp-json\/wp\/v2\/users\/1"}],"replies":[{"embeddable":true,"href":"https:\/\/neue-herbold.com\/de\/wp-json\/wp\/v2\/comments?post=8321"}],"version-history":[{"count":45,"href":"https:\/\/neue-herbold.com\/de\/wp-json\/wp\/v2\/pages\/8321\/revisions"}],"predecessor-version":[{"id":10888,"href":"https:\/\/neue-herbold.com\/de\/wp-json\/wp\/v2\/pages\/8321\/revisions\/10888"}],"wp:attachment":[{"href":"https:\/\/neue-herbold.com\/de\/wp-json\/wp\/v2\/media?parent=8321"}],"curies":[{"name":"wp","href":"https:\/\/api.w.org\/{rel}","templated":true}]}}