{"id":8288,"date":"2016-06-03T16:34:03","date_gmt":"2016-06-03T14:34:03","guid":{"rendered":"https:\/\/neue-herbold.com\/de\/?page_id=8288"},"modified":"2017-01-24T18:20:12","modified_gmt":"2017-01-24T17:20:12","slug":"schneidmuehle-lm","status":"publish","type":"page","link":"https:\/\/neue-herbold.com\/de\/schneidmuehle-lm\/","title":{"rendered":"Schneidm\u00fchle LM"},"content":{"rendered":"<h4><span style=\"color: #000000;\"><strong><a href=\"https:\/\/neue-herbold.com\/wp-content\/uploads\/2014\/11\/LM-450_1000-S5.jpg\" target=\"_blank\"><img loading=\"lazy\" decoding=\"async\" class=\"alignright wp-image-2968\" src=\"https:\/\/neue-herbold.com\/wp-content\/uploads\/2014\/11\/LM-450_1000-S5.jpg\" alt=\"Schneidm\u00fchle LM  450_1000 S5\" width=\"331\" height=\"552\" srcset=\"https:\/\/neue-herbold.com\/wp-content\/uploads\/2014\/11\/LM-450_1000-S5.jpg 540w, https:\/\/neue-herbold.com\/wp-content\/uploads\/2014\/11\/LM-450_1000-S5-180x300.jpg 180w, https:\/\/neue-herbold.com\/wp-content\/uploads\/2014\/11\/LM-450_1000-S5-100x166.jpg 100w, https:\/\/neue-herbold.com\/wp-content\/uploads\/2014\/11\/LM-450_1000-S5-150x250.jpg 150w, https:\/\/neue-herbold.com\/wp-content\/uploads\/2014\/11\/LM-450_1000-S5-200x333.jpg 200w, https:\/\/neue-herbold.com\/wp-content\/uploads\/2014\/11\/LM-450_1000-S5-300x500.jpg 300w, https:\/\/neue-herbold.com\/wp-content\/uploads\/2014\/11\/LM-450_1000-S5-450x750.jpg 450w\" sizes=\"(max-width: 331px) 100vw, 331px\" \/><\/a><\/strong><\/span><span style=\"color: #000000;\">Technik der NEUE HERBOLD Schneidm\u00fchlen<\/span><\/h4>\n<p><span style=\"color: #000000;\">Ausger\u00fcstet ist die Schneidm\u00fchle LM mit &#8222;Doppelschr\u00e4gschnittgeometrie&#8220;. Im M\u00fchlengeh\u00e4use sind d<span style=\"color: #ff0000;\"><span style=\"color: #000000;\">ie Rotormesser, als auch die gegen\u00fcber stehenden Statormesser zu einander schr\u00e4g gestellt.<\/span> <span style=\"color: #000000;\">Die Arbeitsweise dieses Doppelschr\u00e4gschnittes sorgt f\u00fcr einen pr\u00e4zisen Schnittspalt entlang der vollen Arbeitsbreite. Zus\u00e4tzlich zur geringeren L\u00e4rmentwicklung wird hierdurch die thermische Belastung des zugef\u00fchrten Materials verringert.<\/span><\/span> Weiterhin sind die Schneidm\u00fchlen dieser Baureihe LM extrem belastbar. Geh\u00e4useteile, Rotorwelle, Messerauflagen und Lager sind konstruktionstechnisch mit hoher redundanz ausgef\u00fchrt.<br \/> <\/span><\/p>\n<p><span style=\"color: #000000;\">Die au\u00dfen gelagerte Rotorwelle ist vom Mahlraum getrennt und in Stehlagern au\u00dfen untergebracht. Eine effektive Abschottung zum Zerkleinerungsgut ist hiermit sichergestellt. Die Staubpartikel k\u00f6nnen somit nicht vom Mahlraum in die Lagerung gelangen. Dies erh\u00f6ht die Laufleistung der Rotorlager und somit deren fr\u00fchen Verschlei\u00df. Auch eine zus\u00e4tzliche Erw\u00e4rmung des innenliegenden Mahlraumes durch die Temparatur der Lager wird dadurch verhindert.<br \/> <\/span><\/p>\n<p><span style=\"color: #000000;\"><strong><em>Einsatzgebiete der Schneidm\u00fchlen<\/em><\/strong><\/span><\/p>\n<p><span style=\"color: #000000;\">Die<strong> NEUE HERBOLD<\/strong> Schneidm\u00fchle der Baureihe LM eignet sich speziell zur Zerkleinerung von volumin\u00f6sen Kunststoffabf\u00e4llen mit d\u00fcnner bis mittlerer Wandst\u00e4rke. Es sind robuste und l\u00e4rmarme Maschinen, ausgelegt f\u00fcr mittlere Beanspruchungen.<br \/> <\/span><\/p>\n<p><span style=\"color: #000000;\">Typische Anwendung dieser Schneidm\u00fchlenbaureihe ist die<\/span>:<\/p>\n<ul>\n<li><span style=\"color: #000000;\">Zerkleinerung von Folien<\/span> (z. B. in-line)<\/li>\n<li><span style=\"color: #000000;\">Zerkleinerung von Kanistern<\/span><\/li>\n<li><span style=\"color: #000000;\">Zerkleinerung von d\u00fcnnwandigen Rohren<\/span> (PVC, PE, PP)<\/li>\n<li><span style=\"color: #000000;\">Zerkleinerung von Profilen<\/span><\/li>\n<li><span style=\"color: #000000;\">Zerkleinerung von Sto\u00dfstangen<\/span><\/li>\n<li><span style=\"color: #000000;\">Zerkleinerung von Spritzgussabfall<\/span><\/li>\n<li><span style=\"color: #000000;\">Zerkleinerung von Stanzgittern<\/span><\/li>\n<li><span style=\"color: #000000;\">Zerkleinerung von Tiefziehteilen<\/span><\/li>\n<\/ul>\n<p><em><span style=\"color: #000000;\"><strong>Vorteile der NEUE HERBOLD Schneidm\u00fchlen<\/strong><\/span><\/em><\/p>\n<p><span style=\"color: #000000;\">Die Stillstandszeit der Maschine verk\u00fcrzt sich auf die Zeit des Aus- und Einbaus der Messer. Das zeitaufwendige und m\u00fchsame Einstellen in der M\u00fchle entf\u00e4llt. In der Regel ist ein Messerwechsel mit Schlagschrauber m\u00f6glich. Die Schneidm\u00fchle ist niedrig aufgebaut, wobei das M\u00fchlengeh\u00e4use diagonal geteilt ist.<\/span><\/p>\n<ul>\n<li><span style=\"color: #000000;\">geringer Platzbedarf<\/span><\/li>\n<li><span style=\"color: #000000;\">energiesparende Zerkleinerung<\/span><\/li>\n<li><span style=\"color: #000000;\">geringer Ger\u00e4uschpegel durch <a href=\"https:\/\/neue-herbold.com\/wp-content\/uploads\/2014\/11\/Doppelschraegschnitt.pdf\" target=\"_blank\">Doppelschr\u00e4gschnitt<\/a><\/span><\/li>\n<li><span style=\"color: #000000;\">einfache Reinigungsm\u00f6glichkeit bei Farb- und Materialwechsel<\/span><\/li>\n<li><span style=\"color: #000000;\">geringe Stillstandzeiten bei Messerwechsel durch Messervoreinstellung<\/span><\/li>\n<\/ul>\n<p><span style=\"font-family: arial,helvetica,sans-serif; font-size: 10pt;\"><a href=\"https:\/\/neue-herbold.com\/wp-content\/uploads\/2015\/03\/Einstelllehre.jpg\" target=\"_blank\"><img loading=\"lazy\" decoding=\"async\" class=\"wp-image-6007 alignleft\" src=\"https:\/\/neue-herbold.com\/wp-content\/uploads\/2015\/03\/Einstelllehre-300x225.jpg\" alt=\"Einstelllehre\" width=\"280\" height=\"210\" srcset=\"https:\/\/neue-herbold.com\/wp-content\/uploads\/2015\/03\/Einstelllehre-300x225.jpg 300w, https:\/\/neue-herbold.com\/wp-content\/uploads\/2015\/03\/Einstelllehre.jpg 1024w, https:\/\/neue-herbold.com\/wp-content\/uploads\/2015\/03\/Einstelllehre-100x75.jpg 100w, https:\/\/neue-herbold.com\/wp-content\/uploads\/2015\/03\/Einstelllehre-150x113.jpg 150w, https:\/\/neue-herbold.com\/wp-content\/uploads\/2015\/03\/Einstelllehre-200x150.jpg 200w, https:\/\/neue-herbold.com\/wp-content\/uploads\/2015\/03\/Einstelllehre-450x338.jpg 450w, https:\/\/neue-herbold.com\/wp-content\/uploads\/2015\/03\/Einstelllehre-600x450.jpg 600w, https:\/\/neue-herbold.com\/wp-content\/uploads\/2015\/03\/Einstelllehre-900x675.jpg 900w\" sizes=\"(max-width: 280px) 100vw, 280px\" \/><\/a><\/span><em><span style=\"color: #000000;\"><strong>Messereinstellung der Schneidm\u00fchlen<\/strong><\/span><\/em><\/p>\n<p><span style=\"color: #000000;\">Die Justierung der Rotor- und Statormesser geschieht au\u00dferhalb der Maschine in einer speziell hierf\u00fcr konstruierten Einstelllehre. Die <span style=\"color: #000000;\">Justierschrauben<\/span> im Rotor und im M\u00fchlengeh\u00e4use sind bei Auslieferung fest eingestellt, die Justierschrauben im Schneidmesser werden entsprechend dem Nachschleifzustand nachgestellt. W\u00e4hrend die Schneidm\u00fchle sich noch im Einsatz befindet, k\u00f6nnen die Einstellarbeiten der Schneidmesser get\u00e4tigt werden.<br \/> <\/span><\/p>\n<p><span style=\"color: #000000;\">Eine Einstellvorrichtung wird zur Voreinstellung au\u00dferhalb der Maschine (bei Rotoren mit einstellbaren Messern) mitgeliefert, die zur Vereinfachung der Messereinstellung und zur Verk\u00fcrzung der Maschinenstillstandszeit bei Messerwechsel f\u00fchrt. Entscheidend f\u00fcr die Leistungsf\u00e4higkeit der Schneidm\u00fchle ist die korrekte und sorgf\u00e4ltige Einstellung des Schneidspaltes.<\/span> <span style=\"color: #000000;\">Das Aufgabematerial, sowie die M\u00fchlengr\u00f6\u00dfe und die Rotorbauart sind die wesentlichen Faktoren f\u00fcr die korrekte Gr\u00f6\u00dfe des Schneidspaltes.<br \/> <\/span><\/p>\n<p><strong>Technische Angaben<\/strong> <em><strong>der <span style=\"color: #000000;\">NEUE HERBOLD Schneidm\u00fchlen<\/span><br \/> <\/strong><\/em><\/p>\n<table>\n<tbody>\n<tr>\n<td style=\"text-align: left;\">\n<p><a href=\"https:\/\/neue-herbold.com\/wp-content\/uploads\/2014\/11\/Schneidmuehle-LM.pdf\" target=\"_blank\"><img loading=\"lazy\" decoding=\"async\" class=\"alignleft wp-image-5703\" src=\"https:\/\/neue-herbold.com\/wp-content\/uploads\/2014\/12\/PDF-ICON.jpg\" alt=\"PDF\" width=\"50\" height=\"48\" \/><\/a><strong>Schneidm\u00fchle LM<\/strong><\/p>\n<p style=\"clear: both;\"><a href=\"https:\/\/neue-herbold.com\/wp-content\/uploads\/2014\/11\/Schneidmuehle-LM-mit-Ansaugduese-AD.pdf\" target=\"_blank\"><img loading=\"lazy\" decoding=\"async\" class=\"alignleft wp-image-5703\" src=\"https:\/\/neue-herbold.com\/wp-content\/uploads\/2014\/12\/PDF-ICON.jpg\" alt=\"PDF\" width=\"50\" height=\"48\" \/><\/a><strong>Schneidm\u00fchle LM mit Ansaugd\u00fcse<\/strong><\/p>\n<\/td>\n<td style=\"text-align: center;\"><strong><span style=\"color: #000000;\">A (mm)<\/span><\/strong><\/td>\n<td style=\"text-align: center;\"><strong><span style=\"color: #000000;\">B (mm)<\/span><\/strong><\/td>\n<td style=\"text-align: center;\"><strong><span style=\"color: #000000;\">C (mm)<\/span><\/strong><\/td>\n<td style=\"text-align: center;\"><strong><span style=\"color: #000000;\">D (mm)<\/span><\/strong><\/td>\n<td style=\"text-align: center;\">\n<p><strong><span style=\"color: #000000;\">E (mm)<\/span><\/strong><\/p>\n<\/td>\n<\/tr>\n<tr>\n<td style=\"text-align: left;\"><span style=\"color: #000000;\">LM 300\/300<\/span><\/td>\n<td style=\"text-align: center;\"><span style=\"color: #000000;\">810<\/span><\/td>\n<td style=\"text-align: center;\"><span style=\"color: #000000;\">1340<\/span><\/td>\n<td style=\"text-align: center;\"><span style=\"color: #000000;\">290<\/span><\/td>\n<td style=\"text-align: center;\"><span style=\"color: #000000;\">1110<\/span><\/td>\n<td style=\"text-align: center;\"><span style=\"color: #000000;\">500<\/span><\/td>\n<\/tr>\n<tr>\n<td style=\"text-align: left;\"><span style=\"color: #000000;\">LM 300\/500<\/span><\/td>\n<td style=\"text-align: center;\"><span style=\"color: #000000;\">810<\/span><\/td>\n<td style=\"text-align: center;\"><span style=\"color: #000000;\">1340<\/span><\/td>\n<td style=\"text-align: center;\"><span style=\"color: #000000;\">490<\/span><\/td>\n<td style=\"text-align: center;\"><span style=\"color: #000000;\">1310<\/span><\/td>\n<td style=\"text-align: center;\"><span style=\"color: #000000;\">500<\/span><\/td>\n<\/tr>\n<tr>\n<td style=\"text-align: left;\"><span style=\"color: #000000;\">LM 300\/800<\/span><\/td>\n<td style=\"text-align: center;\"><span style=\"color: #000000;\">810<\/span><\/td>\n<td style=\"text-align: center;\"><span style=\"color: #000000;\">1340<\/span><\/td>\n<td style=\"text-align: center;\"><span style=\"color: #000000;\">790<\/span><\/td>\n<td style=\"text-align: center;\"><span style=\"color: #000000;\">1610<\/span><\/td>\n<td style=\"text-align: center;\"><span style=\"color: #000000;\">500<\/span><\/td>\n<\/tr>\n<tr>\n<td style=\"text-align: left;\"><span style=\"color: #000000;\">LM 300\/1000<\/span><\/td>\n<td style=\"text-align: center;\"><span style=\"color: #000000;\">785<\/span><\/td>\n<td style=\"text-align: center;\"><span style=\"color: #000000;\">1760<\/span><\/td>\n<td style=\"text-align: center;\"><span style=\"color: #000000;\">980<\/span><\/td>\n<td style=\"text-align: center;\"><span style=\"color: #000000;\">1650<\/span><\/td>\n<td style=\"text-align: center;\"><span style=\"color: #000000;\">500<\/span><\/td>\n<\/tr>\n<tr>\n<td style=\"text-align: left;\"><span style=\"color: #000000;\">LM 300\/1500<\/span><\/td>\n<td style=\"text-align: center;\"><span style=\"color: #000000;\">785<\/span><\/td>\n<td style=\"text-align: center;\"><span style=\"color: #000000;\">1720<\/span><\/td>\n<td style=\"text-align: center;\"><span style=\"color: #000000;\">1430<\/span><\/td>\n<td style=\"text-align: center;\"><span style=\"color: #000000;\">2040<\/span><\/td>\n<td style=\"text-align: center;\"><span style=\"color: #000000;\">500<\/span><\/td>\n<\/tr>\n<tr>\n<td style=\"text-align: left;\"><span style=\"color: #000000;\">LM 450\/600<\/span><\/td>\n<td style=\"text-align: center;\"><span style=\"color: #000000;\">921<\/span><\/td>\n<td style=\"text-align: center;\"><span style=\"color: #000000;\">2150<\/span><\/td>\n<td style=\"text-align: center;\"><span style=\"color: #000000;\">578<\/span><\/td>\n<td style=\"text-align: center;\"><span style=\"color: #000000;\">1500<\/span><\/td>\n<td style=\"text-align: center;\"><span style=\"color: #000000;\">600<\/span><\/td>\n<\/tr>\n<tr>\n<td style=\"text-align: left;\"><span style=\"color: #000000;\">LM 450\/1000<\/span><\/td>\n<td style=\"text-align: center;\"><span style=\"color: #000000;\">921<\/span><\/td>\n<td style=\"text-align: center;\"><span style=\"color: #000000;\">2230<\/span><\/td>\n<td style=\"text-align: center;\"><span style=\"color: #000000;\">980<\/span><\/td>\n<td style=\"text-align: center;\"><span style=\"color: #000000;\">1900<\/span><\/td>\n<td style=\"text-align: center;\"><span style=\"color: #000000;\">600<\/span><\/td>\n<\/tr>\n<tr>\n<td style=\"text-align: left;\"><span style=\"color: #000000;\">LM 450\/1200 <\/span><\/td>\n<td style=\"text-align: center;\"><span style=\"color: #000000;\">928<\/span><\/td>\n<td style=\"text-align: center;\"><span style=\"color: #000000;\">2260<\/span><\/td>\n<td style=\"text-align: center;\"><span style=\"color: #000000;\">1154<\/span><\/td>\n<td style=\"text-align: center;\"><span style=\"color: #000000;\">2074<\/span><\/td>\n<td style=\"text-align: center;\"><span style=\"color: #000000;\">600<\/span><\/td>\n<\/tr>\n<tr>\n<td style=\"text-align: left;\"><span style=\"color: #000000;\">LM 600\/1000<\/span><\/td>\n<td style=\"text-align: center;\"><span style=\"color: #000000;\">1180<\/span><\/td>\n<td style=\"text-align: center;\"><span style=\"color: #000000;\">2670<\/span><\/td>\n<td style=\"text-align: center;\"><span style=\"color: #000000;\">980<\/span><\/td>\n<td style=\"text-align: center;\"><span style=\"color: #000000;\">2055<\/span><\/td>\n<td style=\"text-align: center;\"><span style=\"color: #000000;\">710<\/span><\/td>\n<\/tr>\n<tr>\n<td style=\"text-align: left;\"><span style=\"color: #000000;\">LM 600\/1200<\/span><\/td>\n<td style=\"text-align: center;\"><span style=\"color: #000000;\">1180<\/span><\/td>\n<td style=\"text-align: center;\"><span style=\"color: #000000;\">2670<\/span><\/td>\n<td style=\"text-align: center;\"><span style=\"color: #000000;\">1154<\/span><\/td>\n<td style=\"text-align: center;\"><span style=\"color: #000000;\">2074<\/span><\/td>\n<td style=\"text-align: center;\"><span style=\"color: #000000;\">710<\/span><\/td>\n<\/tr>\n<\/tbody>\n<\/table>\n<p><a href=\"https:\/\/neue-herbold.com\/wp-content\/uploads\/2014\/12\/Masse-SM.jpg\" target=\"_blank\"><img loading=\"lazy\" decoding=\"async\" class=\"alignnone wp-image-3428\" src=\"https:\/\/neue-herbold.com\/wp-content\/uploads\/2014\/12\/Masse-SM-300x208.jpg\" alt=\"\" width=\"410\" height=\"284\" srcset=\"https:\/\/neue-herbold.com\/wp-content\/uploads\/2014\/12\/Masse-SM-300x208.jpg 300w, https:\/\/neue-herbold.com\/wp-content\/uploads\/2014\/12\/Masse-SM-100x69.jpg 100w, https:\/\/neue-herbold.com\/wp-content\/uploads\/2014\/12\/Masse-SM-150x104.jpg 150w, https:\/\/neue-herbold.com\/wp-content\/uploads\/2014\/12\/Masse-SM-200x139.jpg 200w, https:\/\/neue-herbold.com\/wp-content\/uploads\/2014\/12\/Masse-SM-450x313.jpg 450w, https:\/\/neue-herbold.com\/wp-content\/uploads\/2014\/12\/Masse-SM-600x417.jpg 600w, https:\/\/neue-herbold.com\/wp-content\/uploads\/2014\/12\/Masse-SM-900x626.jpg 900w\" sizes=\"(max-width: 410px) 100vw, 410px\" \/><\/a><\/p>\n","protected":false},"excerpt":{"rendered":"<p><span style=\"color: #000000;\"><strong><a href=\"https:\/\/neue-herbold.com\/wp-content\/uploads\/2014\/11\/LM-450_1000-S5.jpg\" target=\"_blank\"><img loading=\"lazy\" decoding=\"async\" class=\"alignright wp-image-2968\" src=\"https:\/\/neue-herbold.com\/wp-content\/uploads\/2014\/11\/LM-450_1000-S5.jpg\" alt=\"Schneidm\u00fchle LM  450_1000 S5\" width=\"331\" height=\"552\" srcset=\"https:\/\/neue-herbold.com\/wp-content\/uploads\/2014\/11\/LM-450_1000-S5.jpg 540w, https:\/\/neue-herbold.com\/wp-content\/uploads\/2014\/11\/LM-450_1000-S5-180x300.jpg 180w, https:\/\/neue-herbold.com\/wp-content\/uploads\/2014\/11\/LM-450_1000-S5-100x166.jpg 100w, https:\/\/neue-herbold.com\/wp-content\/uploads\/2014\/11\/LM-450_1000-S5-150x250.jpg 150w, https:\/\/neue-herbold.com\/wp-content\/uploads\/2014\/11\/LM-450_1000-S5-200x333.jpg 200w, https:\/\/neue-herbold.com\/wp-content\/uploads\/2014\/11\/LM-450_1000-S5-300x500.jpg 300w, https:\/\/neue-herbold.com\/wp-content\/uploads\/2014\/11\/LM-450_1000-S5-450x750.jpg 450w\" sizes=\"(max-width: 331px) 100vw, 331px\" \/><\/a><\/strong><\/span><span style=\"color: #000000;\">Technik der NEUE HERBOLD Schneidm\u00fchlen<\/span><\/p>\n<p><span style=\"color: #000000;\">Ausger\u00fcstet ist die Schneidm\u00fchle LM mit &#8222;Doppelschr\u00e4gschnittgeometrie&#8220;. Im M\u00fchlengeh\u00e4use sind d<span style=\"color: #ff0000;\"><span style=\"color: #000000;\">ie Rotormesser, als auch die gegen\u00fcber stehenden Statormesser zu einander schr\u00e4g gestellt.<\/span><\/span><\/span><\/p>\n<p><span class=\"ellipsis\">&hellip;<\/span><\/p>\n<div class=\"read-more\"><a href=\"https:\/\/neue-herbold.com\/de\/schneidmuehle-lm\/\">Weiterlesen \u203a<\/a><\/div>\n<p><!-- end of .read-more --><\/p>\n","protected":false},"author":1,"featured_media":0,"parent":0,"menu_order":0,"comment_status":"closed","ping_status":"closed","template":"","meta":{"footnotes":""},"class_list":["post-8288","page","type-page","status-publish","hentry"],"yoast_head":"<!-- This site is optimized with the Yoast SEO plugin v25.4 - https:\/\/yoast.com\/wordpress\/plugins\/seo\/ -->\n<title>Schneidm\u00fchle LM - Neue Herbold GmbH<\/title>\n<meta name=\"description\" content=\"Einsatzgebiet Die Neue Herbold Schneidm\u00fchle LM eignet sich speziell zur Zerkleinerung von volumin\u00f6sen Kunststoffabf\u00e4llen mit d\u00fcnner bis mittlerer\" \/>\n<meta name=\"robots\" content=\"index, follow, max-snippet:-1, max-image-preview:large, max-video-preview:-1\" \/>\n<link rel=\"canonical\" href=\"https:\/\/neue-herbold.com\/de\/schneidmuehle-lm\/\" \/>\n<meta property=\"og:locale\" content=\"de_DE\" \/>\n<meta property=\"og:type\" content=\"article\" \/>\n<meta property=\"og:title\" content=\"Schneidm\u00fchle LM - Neue Herbold GmbH\" \/>\n<meta property=\"og:description\" content=\"Einsatzgebiet Die Neue Herbold Schneidm\u00fchle LM eignet sich speziell zur Zerkleinerung von volumin\u00f6sen Kunststoffabf\u00e4llen mit d\u00fcnner bis mittlerer\" \/>\n<meta property=\"og:url\" content=\"https:\/\/neue-herbold.com\/de\/schneidmuehle-lm\/\" \/>\n<meta property=\"og:site_name\" content=\"Neue Herbold GmbH\" \/>\n<meta property=\"article:modified_time\" content=\"2017-01-24T17:20:12+00:00\" \/>\n<meta property=\"og:image\" content=\"https:\/\/neue-herbold.com\/wp-content\/uploads\/2014\/11\/LM-450_1000-S5.jpg\" \/>\n<meta name=\"twitter:label1\" content=\"Gesch\u00e4tzte Lesezeit\" \/>\n\t<meta name=\"twitter:data1\" content=\"2\u00a0Minuten\" \/>\n<script type=\"application\/ld+json\" class=\"yoast-schema-graph\">{\"@context\":\"https:\/\/schema.org\",\"@graph\":[{\"@type\":\"WebPage\",\"@id\":\"https:\/\/neue-herbold.com\/de\/schneidmuehle-lm\/\",\"url\":\"https:\/\/neue-herbold.com\/de\/schneidmuehle-lm\/\",\"name\":\"Schneidm\u00fchle LM - Neue Herbold GmbH\",\"isPartOf\":{\"@id\":\"https:\/\/neue-herbold.com\/en\/#website\"},\"primaryImageOfPage\":{\"@id\":\"https:\/\/neue-herbold.com\/de\/schneidmuehle-lm\/#primaryimage\"},\"image\":{\"@id\":\"https:\/\/neue-herbold.com\/de\/schneidmuehle-lm\/#primaryimage\"},\"thumbnailUrl\":\"https:\/\/neue-herbold.com\/wp-content\/uploads\/2014\/11\/LM-450_1000-S5.jpg\",\"datePublished\":\"2016-06-03T14:34:03+00:00\",\"dateModified\":\"2017-01-24T17:20:12+00:00\",\"description\":\"Einsatzgebiet Die Neue Herbold Schneidm\u00fchle LM eignet sich speziell zur Zerkleinerung von volumin\u00f6sen Kunststoffabf\u00e4llen mit d\u00fcnner bis mittlerer\",\"breadcrumb\":{\"@id\":\"https:\/\/neue-herbold.com\/de\/schneidmuehle-lm\/#breadcrumb\"},\"inLanguage\":\"de\",\"potentialAction\":[{\"@type\":\"ReadAction\",\"target\":[\"https:\/\/neue-herbold.com\/de\/schneidmuehle-lm\/\"]}]},{\"@type\":\"ImageObject\",\"inLanguage\":\"de\",\"@id\":\"https:\/\/neue-herbold.com\/de\/schneidmuehle-lm\/#primaryimage\",\"url\":\"https:\/\/neue-herbold.com\/wp-content\/uploads\/2014\/11\/LM-450_1000-S5.jpg\",\"contentUrl\":\"https:\/\/neue-herbold.com\/wp-content\/uploads\/2014\/11\/LM-450_1000-S5.jpg\"},{\"@type\":\"BreadcrumbList\",\"@id\":\"https:\/\/neue-herbold.com\/de\/schneidmuehle-lm\/#breadcrumb\",\"itemListElement\":[{\"@type\":\"ListItem\",\"position\":1,\"name\":\"Startseite\",\"item\":\"https:\/\/neue-herbold.com\/de\/\"},{\"@type\":\"ListItem\",\"position\":2,\"name\":\"Schneidm\u00fchle LM\"}]},{\"@type\":\"WebSite\",\"@id\":\"https:\/\/neue-herbold.com\/en\/#website\",\"url\":\"https:\/\/neue-herbold.com\/en\/\",\"name\":\"Neue Herbold GmbH\",\"description\":\"\",\"potentialAction\":[{\"@type\":\"SearchAction\",\"target\":{\"@type\":\"EntryPoint\",\"urlTemplate\":\"https:\/\/neue-herbold.com\/en\/?s={search_term_string}\"},\"query-input\":{\"@type\":\"PropertyValueSpecification\",\"valueRequired\":true,\"valueName\":\"search_term_string\"}}],\"inLanguage\":\"de\"}]}<\/script>\n<!-- \/ Yoast SEO plugin. -->","yoast_head_json":{"title":"Schneidm\u00fchle LM - Neue Herbold GmbH","description":"Einsatzgebiet Die Neue Herbold Schneidm\u00fchle LM eignet sich speziell zur Zerkleinerung von volumin\u00f6sen Kunststoffabf\u00e4llen mit d\u00fcnner bis mittlerer","robots":{"index":"index","follow":"follow","max-snippet":"max-snippet:-1","max-image-preview":"max-image-preview:large","max-video-preview":"max-video-preview:-1"},"canonical":"https:\/\/neue-herbold.com\/de\/schneidmuehle-lm\/","og_locale":"de_DE","og_type":"article","og_title":"Schneidm\u00fchle LM - Neue Herbold GmbH","og_description":"Einsatzgebiet Die Neue Herbold Schneidm\u00fchle LM eignet sich speziell zur Zerkleinerung von volumin\u00f6sen Kunststoffabf\u00e4llen mit d\u00fcnner bis mittlerer","og_url":"https:\/\/neue-herbold.com\/de\/schneidmuehle-lm\/","og_site_name":"Neue Herbold GmbH","article_modified_time":"2017-01-24T17:20:12+00:00","og_image":[{"url":"https:\/\/neue-herbold.com\/wp-content\/uploads\/2014\/11\/LM-450_1000-S5.jpg","type":"","width":"","height":""}],"twitter_misc":{"Gesch\u00e4tzte Lesezeit":"2\u00a0Minuten"},"schema":{"@context":"https:\/\/schema.org","@graph":[{"@type":"WebPage","@id":"https:\/\/neue-herbold.com\/de\/schneidmuehle-lm\/","url":"https:\/\/neue-herbold.com\/de\/schneidmuehle-lm\/","name":"Schneidm\u00fchle LM - Neue Herbold GmbH","isPartOf":{"@id":"https:\/\/neue-herbold.com\/en\/#website"},"primaryImageOfPage":{"@id":"https:\/\/neue-herbold.com\/de\/schneidmuehle-lm\/#primaryimage"},"image":{"@id":"https:\/\/neue-herbold.com\/de\/schneidmuehle-lm\/#primaryimage"},"thumbnailUrl":"https:\/\/neue-herbold.com\/wp-content\/uploads\/2014\/11\/LM-450_1000-S5.jpg","datePublished":"2016-06-03T14:34:03+00:00","dateModified":"2017-01-24T17:20:12+00:00","description":"Einsatzgebiet Die Neue Herbold Schneidm\u00fchle LM eignet sich speziell zur Zerkleinerung von volumin\u00f6sen Kunststoffabf\u00e4llen mit d\u00fcnner bis mittlerer","breadcrumb":{"@id":"https:\/\/neue-herbold.com\/de\/schneidmuehle-lm\/#breadcrumb"},"inLanguage":"de","potentialAction":[{"@type":"ReadAction","target":["https:\/\/neue-herbold.com\/de\/schneidmuehle-lm\/"]}]},{"@type":"ImageObject","inLanguage":"de","@id":"https:\/\/neue-herbold.com\/de\/schneidmuehle-lm\/#primaryimage","url":"https:\/\/neue-herbold.com\/wp-content\/uploads\/2014\/11\/LM-450_1000-S5.jpg","contentUrl":"https:\/\/neue-herbold.com\/wp-content\/uploads\/2014\/11\/LM-450_1000-S5.jpg"},{"@type":"BreadcrumbList","@id":"https:\/\/neue-herbold.com\/de\/schneidmuehle-lm\/#breadcrumb","itemListElement":[{"@type":"ListItem","position":1,"name":"Startseite","item":"https:\/\/neue-herbold.com\/de\/"},{"@type":"ListItem","position":2,"name":"Schneidm\u00fchle LM"}]},{"@type":"WebSite","@id":"https:\/\/neue-herbold.com\/en\/#website","url":"https:\/\/neue-herbold.com\/en\/","name":"Neue Herbold GmbH","description":"","potentialAction":[{"@type":"SearchAction","target":{"@type":"EntryPoint","urlTemplate":"https:\/\/neue-herbold.com\/en\/?s={search_term_string}"},"query-input":{"@type":"PropertyValueSpecification","valueRequired":true,"valueName":"search_term_string"}}],"inLanguage":"de"}]}},"_links":{"self":[{"href":"https:\/\/neue-herbold.com\/de\/wp-json\/wp\/v2\/pages\/8288"}],"collection":[{"href":"https:\/\/neue-herbold.com\/de\/wp-json\/wp\/v2\/pages"}],"about":[{"href":"https:\/\/neue-herbold.com\/de\/wp-json\/wp\/v2\/types\/page"}],"author":[{"embeddable":true,"href":"https:\/\/neue-herbold.com\/de\/wp-json\/wp\/v2\/users\/1"}],"replies":[{"embeddable":true,"href":"https:\/\/neue-herbold.com\/de\/wp-json\/wp\/v2\/comments?post=8288"}],"version-history":[{"count":22,"href":"https:\/\/neue-herbold.com\/de\/wp-json\/wp\/v2\/pages\/8288\/revisions"}],"predecessor-version":[{"id":10561,"href":"https:\/\/neue-herbold.com\/de\/wp-json\/wp\/v2\/pages\/8288\/revisions\/10561"}],"wp:attachment":[{"href":"https:\/\/neue-herbold.com\/de\/wp-json\/wp\/v2\/media?parent=8288"}],"curies":[{"name":"wp","href":"https:\/\/api.w.org\/{rel}","templated":true}]}}