{"id":8268,"date":"2016-06-03T16:09:40","date_gmt":"2016-06-03T14:09:40","guid":{"rendered":"https:\/\/neue-herbold.com\/de\/?page_id=8268"},"modified":"2016-06-07T12:46:44","modified_gmt":"2016-06-07T10:46:44","slug":"intensivwaescher-iw","status":"publish","type":"page","link":"https:\/\/neue-herbold.com\/de\/intensivwaescher-iw\/","title":{"rendered":"Intensivw\u00e4scher IW"},"content":{"rendered":"<h2><a href=\"https:\/\/neue-herbold.com\/wp-content\/uploads\/2014\/12\/TM-1000.jpg\" target=\"_blank\"><img loading=\"lazy\" decoding=\"async\" class=\"alignright wp-image-3022\" title=\"Intensivw\u00e4scher\" src=\"https:\/\/neue-herbold.com\/wp-content\/uploads\/2014\/12\/TM-1000-300x300.jpg\" alt=\"Intensivw\u00e4scher\" width=\"359\" height=\"359\" srcset=\"https:\/\/neue-herbold.com\/wp-content\/uploads\/2014\/12\/TM-1000-300x301.jpg 300w, https:\/\/neue-herbold.com\/wp-content\/uploads\/2014\/12\/TM-1000-1020x1024.jpg 1020w, https:\/\/neue-herbold.com\/wp-content\/uploads\/2014\/12\/TM-1000-100x100.jpg 100w, https:\/\/neue-herbold.com\/wp-content\/uploads\/2014\/12\/TM-1000-150x150.jpg 150w, https:\/\/neue-herbold.com\/wp-content\/uploads\/2014\/12\/TM-1000-200x200.jpg 200w, https:\/\/neue-herbold.com\/wp-content\/uploads\/2014\/12\/TM-1000-450x451.jpg 450w, https:\/\/neue-herbold.com\/wp-content\/uploads\/2014\/12\/TM-1000-600x602.jpg 600w, https:\/\/neue-herbold.com\/wp-content\/uploads\/2014\/12\/TM-1000-900x903.jpg 900w, https:\/\/neue-herbold.com\/wp-content\/uploads\/2014\/12\/TM-1000.jpg 1200w\" sizes=\"(max-width: 359px) 100vw, 359px\" \/><\/a><\/h2>\n<p><strong>Verwendungszweck<\/strong><\/p>\n<p><em>Der Intensivw\u00e4scher IW wird zur Reinigung von Mahlgutfraktionen, vorzugsweise f\u00fcr Folienschnitzel, Granulate aus PET-Flaschen oder sonstigen Hartkunststoffwaren eingesetzt.<\/em><\/p>\n<p>Am oberen Ende des Intensivw\u00e4schers wird das auf der Nassschneidm\u00fchle erzeugte Mahlgut extrem nass durch den Einlauftrichter aufgegeben.<\/p>\n<p>Mittels Wassereind\u00fcsung kann optional weiteres Wasser nach Bedarf aufgegeben werden. Das Mahlgut wird durch den Rotor von der Eingabe- zur Austragsseite transportiert. Ausschlaggebend f\u00fcr die Reinigungswirkung des Materials sind Rotor- und Siebkorbgeometrie in Verbindung mit der Drehzahl<\/p>\n<p>Das Produkt wird beim Eintritt in die Maschine stark beschleunigt, so dass anhaftendende Verschmutzungen durch die Zentrifugalwirkung durch die Bohrungen des Siebkorbes gedr\u00fcckt werden.<\/p>\n<p>Durch das &#8222;wenden&#8220; der Teilchen das durch den polygonalen Siebkorb bewirkt wird noch eine bessere Reinigungsleistung erzielt. Zusammen mit dem abgeschleuderten Wasser werden die Feinteilchen zut Unterseite der Maschine gef\u00fchrt und landen anschlie\u00dfend im Ablaufschacht.<\/p>\n<p>Der dynaisch ausgewuchtete Rotor sowie die robusten au\u00dferhalb des Geh\u00e4uses angeflanschten Pendelrollenlager garantieren einen einwandfreien Lauf der Maschine. Der Rotor kann auch mit auswechselbaren Verschlei\u00dfplatten versehen werden, sofern gew\u00fcnscht.<\/p>\n<p><em><strong>Vorteile<\/strong><\/em><\/p>\n<p><strong>Geh\u00e4use mit Wartungst\u00fcren<\/strong><\/p>\n<p>Das Geh\u00e4use des Intensivw\u00e4schers besteht aus einer stabilen und verwindungsfreien Schwei\u00dfbaukonstruktion mit einem Grundrahmen zur Befestigung der Schwingungsd\u00e4mpfer. Aufklappbare Wartungst\u00fcren an beiden Seiten des Geh\u00e4uses erm\u00f6glichen einen einfachen Zugang in das Innere der Maschine. Die Stirnseiten sind zum einen mit einer \u00d6ffnung f\u00fcr Materialeintrag oben und zum anderen mit einer \u00d6ffnung f\u00fcr den Materialaustrag unten versehen.<\/p>\n<p><span style=\"color: #808080;\"><em>Die Geh\u00e4userundung ist durch eine \u00fcber die ganze L\u00e4nge verlaufende \u00d6ffnung unterbrochen, <\/em><\/span><br \/><span style=\"color: #808080;\"><em> unter die eine Wasserablaufrinne montiert wird. Die obere Geh\u00e4use\u00f6ffnung weist einen umlaufenden Flansch f\u00fcr die Deckelbefestigung auf.<\/em><\/span><\/p>\n<p>Das Geh\u00e4use besteht innen aus Normalstahl mit einer dauerhaft angebrachten Beschichtung die vor\u00a0Korrosion sch\u00fctzt und Au\u00dfen aus einer 2-Komponenten-Lackierung.<\/p>\n<p><strong>Mechanische Abreinigung<\/strong><\/p>\n<p><span style=\"color: #808080;\"><em>Die mechanische Abreinigung erfolgt durch B\u00fcrstenleisten, die an zwei, den Siebkorb umkreisende Abreinigungsarmen befestigt sind. Dadurch wird die Siebau\u00dfenseite und die Geh\u00e4use Innenwand kontinuierlich abgereinigt. Diese Reinigungsarme werden durch einen Getriebemotor angetrieben.<\/em><\/span><\/p>\n<p><strong>Weitere Informationen<\/strong><\/p>\n<table>\n<tbody>\n<tr>\n<td style=\"text-align: center;\"><span style=\"color: #000000;\"><strong>Maschinentyp<\/strong><\/span><\/td>\n<td style=\"text-align: center;\"><span style=\"color: #000000;\"><strong><a href=\"https:\/\/neue-herbold.com\/wp-content\/uploads\/2014\/12\/IW_1005_Intensivwaescher.pdf\" target=\"_blank\"><img loading=\"lazy\" decoding=\"async\" class=\"alignnone wp-image-5703\" src=\"https:\/\/neue-herbold.com\/wp-content\/uploads\/2014\/12\/PDF-ICON.jpg\" alt=\"PDF-ICON\" width=\"50\" height=\"48\" \/><\/a><\/strong><\/span><\/td>\n<\/tr>\n<tr>\n<td style=\"text-align: center;\"><span style=\"color: #000000;\">Intensivw\u00e4scher Typ IW 1000<\/span><\/td>\n<td style=\"text-align: center;\">\u00a0<\/td>\n<\/tr>\n<tr>\n<td style=\"text-align: center;\"><span style=\"color: #000000;\">Intensivw\u00e4scher Typ IW 1001<\/span><\/td>\n<td style=\"text-align: center;\">\u00a0<\/td>\n<\/tr>\n<tr>\n<td style=\"text-align: center;\"><span style=\"color: #000000;\">Intensivw\u00e4scher Typ IW 1005<\/span><\/td>\n<td style=\"text-align: center;\">\u00a0<\/td>\n<\/tr>\n<tr>\n<td style=\"text-align: center;\"><span style=\"color: #000000;\">Intensivw\u00e4scher Typ IW 1006<\/span><\/td>\n<td style=\"text-align: center;\">\u00a0<\/td>\n<\/tr>\n<\/tbody>\n<\/table>\n","protected":false},"excerpt":{"rendered":"<p><a href=\"https:\/\/neue-herbold.com\/wp-content\/uploads\/2014\/12\/TM-1000.jpg\" target=\"_blank\"><img loading=\"lazy\" decoding=\"async\" class=\"alignright wp-image-3022\" title=\"Intensivw\u00e4scher\" src=\"https:\/\/neue-herbold.com\/wp-content\/uploads\/2014\/12\/TM-1000-300x300.jpg\" alt=\"Intensivw\u00e4scher\" width=\"359\" height=\"359\" srcset=\"https:\/\/neue-herbold.com\/wp-content\/uploads\/2014\/12\/TM-1000-300x301.jpg 300w, https:\/\/neue-herbold.com\/wp-content\/uploads\/2014\/12\/TM-1000-1020x1024.jpg 1020w, https:\/\/neue-herbold.com\/wp-content\/uploads\/2014\/12\/TM-1000-100x100.jpg 100w, https:\/\/neue-herbold.com\/wp-content\/uploads\/2014\/12\/TM-1000-150x150.jpg 150w, https:\/\/neue-herbold.com\/wp-content\/uploads\/2014\/12\/TM-1000-200x200.jpg 200w, https:\/\/neue-herbold.com\/wp-content\/uploads\/2014\/12\/TM-1000-450x451.jpg 450w, https:\/\/neue-herbold.com\/wp-content\/uploads\/2014\/12\/TM-1000-600x602.jpg 600w, https:\/\/neue-herbold.com\/wp-content\/uploads\/2014\/12\/TM-1000-900x903.jpg 900w, https:\/\/neue-herbold.com\/wp-content\/uploads\/2014\/12\/TM-1000.jpg 1200w\" sizes=\"(max-width: 359px) 100vw, 359px\" \/><\/a><\/p>\n<p><strong>Verwendungszweck<\/strong><\/p>\n<p><em>Der Intensivw\u00e4scher IW wird zur Reinigung von Mahlgutfraktionen, vorzugsweise f\u00fcr Folienschnitzel, Granulate aus PET-Flaschen oder sonstigen Hartkunststoffwaren eingesetzt.<\/em><\/p>\n<p>Am oberen Ende des Intensivw\u00e4schers wird das auf der Nassschneidm\u00fchle erzeugte Mahlgut extrem nass durch den Einlauftrichter aufgegeben.<\/p>\n<p><span class=\"ellipsis\">&hellip;<\/span><\/p>\n<div class=\"read-more\"><a href=\"https:\/\/neue-herbold.com\/de\/intensivwaescher-iw\/\">Weiterlesen \u203a<\/a><\/div>\n<p><!-- end of .read-more --><\/p>\n","protected":false},"author":1,"featured_media":0,"parent":0,"menu_order":0,"comment_status":"closed","ping_status":"closed","template":"","meta":{"footnotes":""},"class_list":["post-8268","page","type-page","status-publish","hentry"],"yoast_head":"<!-- This site is optimized with the Yoast SEO plugin v25.4 - https:\/\/yoast.com\/wordpress\/plugins\/seo\/ -->\n<title>Intensivw\u00e4scher IW - Neue Herbold GmbH<\/title>\n<meta name=\"description\" content=\"Der NEUE HERBOLD - Intensivw\u00e4scher IW wird zur Reinigung von Mahlgutfraktionen, vorzugsweise Folienschnitzel, Granulat aus PET-Flaschenware und sonstigen\" \/>\n<meta name=\"robots\" content=\"index, follow, max-snippet:-1, max-image-preview:large, max-video-preview:-1\" \/>\n<link rel=\"canonical\" href=\"https:\/\/neue-herbold.com\/de\/intensivwaescher-iw\/\" \/>\n<meta property=\"og:locale\" content=\"de_DE\" \/>\n<meta property=\"og:type\" content=\"article\" \/>\n<meta property=\"og:title\" content=\"Intensivw\u00e4scher IW - Neue Herbold GmbH\" \/>\n<meta property=\"og:description\" content=\"Der NEUE HERBOLD - Intensivw\u00e4scher IW wird zur Reinigung von Mahlgutfraktionen, vorzugsweise Folienschnitzel, Granulat aus PET-Flaschenware und sonstigen\" \/>\n<meta property=\"og:url\" content=\"https:\/\/neue-herbold.com\/de\/intensivwaescher-iw\/\" \/>\n<meta property=\"og:site_name\" content=\"Neue Herbold GmbH\" \/>\n<meta property=\"article:modified_time\" content=\"2016-06-07T10:46:44+00:00\" \/>\n<meta property=\"og:image\" content=\"https:\/\/neue-herbold.com\/wp-content\/uploads\/2014\/12\/TM-1000-300x300.jpg\" \/>\n<meta name=\"twitter:label1\" content=\"Gesch\u00e4tzte Lesezeit\" \/>\n\t<meta name=\"twitter:data1\" content=\"2\u00a0Minuten\" \/>\n<script type=\"application\/ld+json\" class=\"yoast-schema-graph\">{\"@context\":\"https:\/\/schema.org\",\"@graph\":[{\"@type\":\"WebPage\",\"@id\":\"https:\/\/neue-herbold.com\/de\/intensivwaescher-iw\/\",\"url\":\"https:\/\/neue-herbold.com\/de\/intensivwaescher-iw\/\",\"name\":\"Intensivw\u00e4scher IW - Neue Herbold GmbH\",\"isPartOf\":{\"@id\":\"https:\/\/neue-herbold.com\/en\/#website\"},\"primaryImageOfPage\":{\"@id\":\"https:\/\/neue-herbold.com\/de\/intensivwaescher-iw\/#primaryimage\"},\"image\":{\"@id\":\"https:\/\/neue-herbold.com\/de\/intensivwaescher-iw\/#primaryimage\"},\"thumbnailUrl\":\"https:\/\/neue-herbold.com\/wp-content\/uploads\/2014\/12\/TM-1000-300x300.jpg\",\"datePublished\":\"2016-06-03T14:09:40+00:00\",\"dateModified\":\"2016-06-07T10:46:44+00:00\",\"description\":\"Der NEUE HERBOLD - Intensivw\u00e4scher IW wird zur Reinigung von Mahlgutfraktionen, vorzugsweise Folienschnitzel, Granulat aus PET-Flaschenware und sonstigen\",\"breadcrumb\":{\"@id\":\"https:\/\/neue-herbold.com\/de\/intensivwaescher-iw\/#breadcrumb\"},\"inLanguage\":\"de\",\"potentialAction\":[{\"@type\":\"ReadAction\",\"target\":[\"https:\/\/neue-herbold.com\/de\/intensivwaescher-iw\/\"]}]},{\"@type\":\"ImageObject\",\"inLanguage\":\"de\",\"@id\":\"https:\/\/neue-herbold.com\/de\/intensivwaescher-iw\/#primaryimage\",\"url\":\"https:\/\/neue-herbold.com\/wp-content\/uploads\/2014\/12\/TM-1000-300x300.jpg\",\"contentUrl\":\"https:\/\/neue-herbold.com\/wp-content\/uploads\/2014\/12\/TM-1000-300x300.jpg\"},{\"@type\":\"BreadcrumbList\",\"@id\":\"https:\/\/neue-herbold.com\/de\/intensivwaescher-iw\/#breadcrumb\",\"itemListElement\":[{\"@type\":\"ListItem\",\"position\":1,\"name\":\"Startseite\",\"item\":\"https:\/\/neue-herbold.com\/de\/\"},{\"@type\":\"ListItem\",\"position\":2,\"name\":\"Intensivw\u00e4scher IW\"}]},{\"@type\":\"WebSite\",\"@id\":\"https:\/\/neue-herbold.com\/en\/#website\",\"url\":\"https:\/\/neue-herbold.com\/en\/\",\"name\":\"Neue Herbold GmbH\",\"description\":\"\",\"potentialAction\":[{\"@type\":\"SearchAction\",\"target\":{\"@type\":\"EntryPoint\",\"urlTemplate\":\"https:\/\/neue-herbold.com\/en\/?s={search_term_string}\"},\"query-input\":{\"@type\":\"PropertyValueSpecification\",\"valueRequired\":true,\"valueName\":\"search_term_string\"}}],\"inLanguage\":\"de\"}]}<\/script>\n<!-- \/ Yoast SEO plugin. -->","yoast_head_json":{"title":"Intensivw\u00e4scher IW - Neue Herbold GmbH","description":"Der NEUE HERBOLD - Intensivw\u00e4scher IW wird zur Reinigung von Mahlgutfraktionen, vorzugsweise Folienschnitzel, Granulat aus PET-Flaschenware und sonstigen","robots":{"index":"index","follow":"follow","max-snippet":"max-snippet:-1","max-image-preview":"max-image-preview:large","max-video-preview":"max-video-preview:-1"},"canonical":"https:\/\/neue-herbold.com\/de\/intensivwaescher-iw\/","og_locale":"de_DE","og_type":"article","og_title":"Intensivw\u00e4scher IW - Neue Herbold GmbH","og_description":"Der NEUE HERBOLD - Intensivw\u00e4scher IW wird zur Reinigung von Mahlgutfraktionen, vorzugsweise Folienschnitzel, Granulat aus PET-Flaschenware und sonstigen","og_url":"https:\/\/neue-herbold.com\/de\/intensivwaescher-iw\/","og_site_name":"Neue Herbold GmbH","article_modified_time":"2016-06-07T10:46:44+00:00","og_image":[{"url":"https:\/\/neue-herbold.com\/wp-content\/uploads\/2014\/12\/TM-1000-300x300.jpg","type":"","width":"","height":""}],"twitter_misc":{"Gesch\u00e4tzte Lesezeit":"2\u00a0Minuten"},"schema":{"@context":"https:\/\/schema.org","@graph":[{"@type":"WebPage","@id":"https:\/\/neue-herbold.com\/de\/intensivwaescher-iw\/","url":"https:\/\/neue-herbold.com\/de\/intensivwaescher-iw\/","name":"Intensivw\u00e4scher IW - Neue Herbold GmbH","isPartOf":{"@id":"https:\/\/neue-herbold.com\/en\/#website"},"primaryImageOfPage":{"@id":"https:\/\/neue-herbold.com\/de\/intensivwaescher-iw\/#primaryimage"},"image":{"@id":"https:\/\/neue-herbold.com\/de\/intensivwaescher-iw\/#primaryimage"},"thumbnailUrl":"https:\/\/neue-herbold.com\/wp-content\/uploads\/2014\/12\/TM-1000-300x300.jpg","datePublished":"2016-06-03T14:09:40+00:00","dateModified":"2016-06-07T10:46:44+00:00","description":"Der NEUE HERBOLD - Intensivw\u00e4scher IW wird zur Reinigung von Mahlgutfraktionen, vorzugsweise Folienschnitzel, Granulat aus PET-Flaschenware und sonstigen","breadcrumb":{"@id":"https:\/\/neue-herbold.com\/de\/intensivwaescher-iw\/#breadcrumb"},"inLanguage":"de","potentialAction":[{"@type":"ReadAction","target":["https:\/\/neue-herbold.com\/de\/intensivwaescher-iw\/"]}]},{"@type":"ImageObject","inLanguage":"de","@id":"https:\/\/neue-herbold.com\/de\/intensivwaescher-iw\/#primaryimage","url":"https:\/\/neue-herbold.com\/wp-content\/uploads\/2014\/12\/TM-1000-300x300.jpg","contentUrl":"https:\/\/neue-herbold.com\/wp-content\/uploads\/2014\/12\/TM-1000-300x300.jpg"},{"@type":"BreadcrumbList","@id":"https:\/\/neue-herbold.com\/de\/intensivwaescher-iw\/#breadcrumb","itemListElement":[{"@type":"ListItem","position":1,"name":"Startseite","item":"https:\/\/neue-herbold.com\/de\/"},{"@type":"ListItem","position":2,"name":"Intensivw\u00e4scher IW"}]},{"@type":"WebSite","@id":"https:\/\/neue-herbold.com\/en\/#website","url":"https:\/\/neue-herbold.com\/en\/","name":"Neue Herbold GmbH","description":"","potentialAction":[{"@type":"SearchAction","target":{"@type":"EntryPoint","urlTemplate":"https:\/\/neue-herbold.com\/en\/?s={search_term_string}"},"query-input":{"@type":"PropertyValueSpecification","valueRequired":true,"valueName":"search_term_string"}}],"inLanguage":"de"}]}},"_links":{"self":[{"href":"https:\/\/neue-herbold.com\/de\/wp-json\/wp\/v2\/pages\/8268"}],"collection":[{"href":"https:\/\/neue-herbold.com\/de\/wp-json\/wp\/v2\/pages"}],"about":[{"href":"https:\/\/neue-herbold.com\/de\/wp-json\/wp\/v2\/types\/page"}],"author":[{"embeddable":true,"href":"https:\/\/neue-herbold.com\/de\/wp-json\/wp\/v2\/users\/1"}],"replies":[{"embeddable":true,"href":"https:\/\/neue-herbold.com\/de\/wp-json\/wp\/v2\/comments?post=8268"}],"version-history":[{"count":11,"href":"https:\/\/neue-herbold.com\/de\/wp-json\/wp\/v2\/pages\/8268\/revisions"}],"predecessor-version":[{"id":9636,"href":"https:\/\/neue-herbold.com\/de\/wp-json\/wp\/v2\/pages\/8268\/revisions\/9636"}],"wp:attachment":[{"href":"https:\/\/neue-herbold.com\/de\/wp-json\/wp\/v2\/media?parent=8268"}],"curies":[{"name":"wp","href":"https:\/\/api.w.org\/{rel}","templated":true}]}}