{"id":8240,"date":"2016-06-03T15:48:32","date_gmt":"2016-06-03T13:48:32","guid":{"rendered":"https:\/\/neue-herbold.com\/de\/?page_id=8240"},"modified":"2016-06-14T02:38:17","modified_gmt":"2016-06-14T00:38:17","slug":"zick-zack-sichter-zs","status":"publish","type":"page","link":"https:\/\/neue-herbold.com\/de\/zick-zack-sichter-zs\/","title":{"rendered":"Zick-Zack-Sichter ZS"},"content":{"rendered":"<p><span style=\"color: #000000;\"><strong><a href=\"https:\/\/neue-herbold.com\/wp-content\/uploads\/2014\/12\/Zick-Zack-Sichter.jpg\" target=\"_blank\"><img loading=\"lazy\" decoding=\"async\" class=\"alignright wp-image-3064\" src=\"https:\/\/neue-herbold.com\/wp-content\/uploads\/2014\/12\/Zick-Zack-Sichter.jpg\" alt=\"Zick-Zack-Sichter\" width=\"290\" height=\"470\" srcset=\"https:\/\/neue-herbold.com\/wp-content\/uploads\/2014\/12\/Zick-Zack-Sichter.jpg 555w, https:\/\/neue-herbold.com\/wp-content\/uploads\/2014\/12\/Zick-Zack-Sichter-185x300.jpg 185w, https:\/\/neue-herbold.com\/wp-content\/uploads\/2014\/12\/Zick-Zack-Sichter-100x162.jpg 100w, https:\/\/neue-herbold.com\/wp-content\/uploads\/2014\/12\/Zick-Zack-Sichter-150x243.jpg 150w, https:\/\/neue-herbold.com\/wp-content\/uploads\/2014\/12\/Zick-Zack-Sichter-200x324.jpg 200w, https:\/\/neue-herbold.com\/wp-content\/uploads\/2014\/12\/Zick-Zack-Sichter-300x486.jpg 300w, https:\/\/neue-herbold.com\/wp-content\/uploads\/2014\/12\/Zick-Zack-Sichter-450x729.jpg 450w\" sizes=\"(max-width: 290px) 100vw, 290px\" \/><\/a><em>Einsatzgebiet des Zick-Zack Sichter<\/em><\/strong><\/span><\/p>\n<p><span style=\"color: #000000;\">Der Zick Zack Sichter ZS eignet sich zum Trennen verschiedener Stoffe, die beispielsweise in einem Gemenge vorliegen. Eingesetzt wird er f\u00fcr Stoffe die aus umwelttechnischen Gr\u00fcnden oder zur Qualit\u00e4tssteigerung oder zur Weiterverarbeitung in unterschiedliche Bestandteile separiert werden m\u00fcssen.<br \/><\/span><\/p>\n<p><span style=\"color: #000000;\">Voraussetzungen f\u00fcr die Trennm\u00f6glichkeit <br \/> sind z.B. Unterschiede in der:<\/span><\/p>\n<ul>\n<li><span style=\"color: #000000;\">Dichte<\/span><\/li>\n<li><span style=\"color: #000000;\">Form der Partikel<\/span><\/li>\n<li><span style=\"color: #000000;\">Oberfl\u00e4chenbeschaffenheit<\/span><\/li>\n<li><span style=\"color: #000000;\">Korngr\u00f6\u00dfe<\/span><\/li>\n<\/ul>\n<p><em><span style=\"color: #000000;\"><strong>Funktion des Zick-Zack Sichter<\/strong><\/span><\/em><\/p>\n<p><span style=\"color: #000000;\">Das aufgegebene Material bewegt sich durch die Schwerkraft jeweils auf der &#8222;liegenden Wand&#8220; des Sichterkanals abw\u00e4rts. <\/span><\/p>\n<p><em><span style=\"color: #000000;\">An jedem Knick des Sichterkananls mu\u00df das Material den Luftstrom durchqueren, soda\u00df an jedem Knick eine Querstromrichtung erfolgt, bei welcher ein gro\u00dfer Anteil der im Aufgabeprodukt befindlichen Leichtfraktion durch den Luftstrom aufw\u00e4rts bef\u00f6rdert wird.<\/span><\/em><\/p>\n<p><strong>Technische Angaben<\/strong> <strong>und Leistungsdaten<\/strong><\/p>\n<p><em><span style=\"color: #000000;\">M\u00f6gliche Aufstellvarianten:<\/span><\/em><\/p>\n<div id=\"attachment_2650\" style=\"width: 446px\" class=\"wp-caption alignnone\"><a style=\"color: #000000;\" href=\"https:\/\/neue-herbold.com\/wp-content\/uploads\/2014\/12\/zs_aufstellmoeglichkeiten-HG.jpg\" target=\"_blank\"><img loading=\"lazy\" decoding=\"async\" aria-describedby=\"caption-attachment-2650\" class=\"wp-image-2650 size-full\" src=\"https:\/\/neue-herbold.com\/wp-content\/uploads\/2014\/12\/zs_aufstellmoeglichkeiten-HG.jpg\" alt=\"zs_aufstellmoeglichkeiten-HG\" width=\"436\" height=\"573\" srcset=\"https:\/\/neue-herbold.com\/wp-content\/uploads\/2014\/12\/zs_aufstellmoeglichkeiten-HG.jpg 436w, https:\/\/neue-herbold.com\/wp-content\/uploads\/2014\/12\/zs_aufstellmoeglichkeiten-HG-228x300.jpg 228w, https:\/\/neue-herbold.com\/wp-content\/uploads\/2014\/12\/zs_aufstellmoeglichkeiten-HG-100x131.jpg 100w, https:\/\/neue-herbold.com\/wp-content\/uploads\/2014\/12\/zs_aufstellmoeglichkeiten-HG-150x197.jpg 150w, https:\/\/neue-herbold.com\/wp-content\/uploads\/2014\/12\/zs_aufstellmoeglichkeiten-HG-200x262.jpg 200w, https:\/\/neue-herbold.com\/wp-content\/uploads\/2014\/12\/zs_aufstellmoeglichkeiten-HG-300x394.jpg 300w\" sizes=\"(max-width: 436px) 100vw, 436px\" \/><\/a><p id=\"caption-attachment-2650\" class=\"wp-caption-text\"><span style=\"color: #000000;\">1 Zick-Zack-Sichter 2 Zyklon 3 Zellenradschleuse 4 Gebl\u00e4se 5 Drossel 6 Dosiereinrichtung 7 Aufgabepuffer 8 Abluftfilter 9 Siebmaschine 10 Abf\u00fcllung mit Verwiegung<\/span><\/p><\/div>\n<p><a href=\"https:\/\/neue-herbold.com\/wp-content\/uploads\/2014\/12\/Zick-Zack-Sichter_ZS.pdf\" target=\"_blank\"><img loading=\"lazy\" decoding=\"async\" class=\"alignnone wp-image-5703\" src=\"https:\/\/neue-herbold.com\/wp-content\/uploads\/2014\/12\/PDF-ICON.jpg\" alt=\"PDF-ICON\" width=\"50\" height=\"48\" \/><span style=\"color: #0000ff;\">Datenblatt &#8211; ZickZack-Sichter<\/span><\/a><\/p>\n","protected":false},"excerpt":{"rendered":"<p><span style=\"color: #000000;\"><strong><a href=\"https:\/\/neue-herbold.com\/wp-content\/uploads\/2014\/12\/Zick-Zack-Sichter.jpg\" target=\"_blank\"><img loading=\"lazy\" decoding=\"async\" class=\"alignright wp-image-3064\" src=\"https:\/\/neue-herbold.com\/wp-content\/uploads\/2014\/12\/Zick-Zack-Sichter.jpg\" alt=\"Zick-Zack-Sichter\" width=\"290\" height=\"470\" srcset=\"https:\/\/neue-herbold.com\/wp-content\/uploads\/2014\/12\/Zick-Zack-Sichter.jpg 555w, https:\/\/neue-herbold.com\/wp-content\/uploads\/2014\/12\/Zick-Zack-Sichter-185x300.jpg 185w, https:\/\/neue-herbold.com\/wp-content\/uploads\/2014\/12\/Zick-Zack-Sichter-100x162.jpg 100w, https:\/\/neue-herbold.com\/wp-content\/uploads\/2014\/12\/Zick-Zack-Sichter-150x243.jpg 150w, https:\/\/neue-herbold.com\/wp-content\/uploads\/2014\/12\/Zick-Zack-Sichter-200x324.jpg 200w, https:\/\/neue-herbold.com\/wp-content\/uploads\/2014\/12\/Zick-Zack-Sichter-300x486.jpg 300w, https:\/\/neue-herbold.com\/wp-content\/uploads\/2014\/12\/Zick-Zack-Sichter-450x729.jpg 450w\" sizes=\"(max-width: 290px) 100vw, 290px\" \/><\/a><em>Einsatzgebiet des Zick-Zack Sichter<\/em><\/strong><\/span><\/p>\n<p><span style=\"color: #000000;\">Der Zick Zack Sichter ZS eignet sich zum Trennen verschiedener Stoffe, die beispielsweise in einem Gemenge vorliegen. Eingesetzt wird er f\u00fcr Stoffe die aus umwelttechnischen Gr\u00fcnden oder zur Qualit\u00e4tssteigerung oder zur Weiterverarbeitung in unterschiedliche Bestandteile separiert werden m\u00fcssen.<\/span><\/p>\n<p><span class=\"ellipsis\">&hellip;<\/span><\/p>\n<div class=\"read-more\"><a href=\"https:\/\/neue-herbold.com\/de\/zick-zack-sichter-zs\/\">Weiterlesen \u203a<\/a><\/div>\n<p><!-- end of .read-more --><\/p>\n","protected":false},"author":1,"featured_media":0,"parent":0,"menu_order":0,"comment_status":"closed","ping_status":"closed","template":"","meta":{"footnotes":""},"class_list":["post-8240","page","type-page","status-publish","hentry"],"yoast_head":"<!-- This site is optimized with the Yoast SEO plugin v25.4 - https:\/\/yoast.com\/wordpress\/plugins\/seo\/ -->\n<title>Zick-Zack-Sichter ZS - Neue Herbold GmbH<\/title>\n<meta name=\"description\" content=\"NEUE HERBOLD Zick-Zack-Sichter ZS werden zum Trennen verschiedener Stoffe, die z.B. in einem Gemenge vorliegen und aus umwelttechnischen Gr\u00fcnden oder zur\" \/>\n<meta name=\"robots\" content=\"index, follow, max-snippet:-1, max-image-preview:large, max-video-preview:-1\" \/>\n<link rel=\"canonical\" href=\"https:\/\/neue-herbold.com\/de\/zick-zack-sichter-zs\/\" \/>\n<meta property=\"og:locale\" content=\"de_DE\" \/>\n<meta property=\"og:type\" content=\"article\" \/>\n<meta property=\"og:title\" content=\"Zick-Zack-Sichter ZS - Neue Herbold GmbH\" \/>\n<meta property=\"og:description\" content=\"NEUE HERBOLD Zick-Zack-Sichter ZS werden zum Trennen verschiedener Stoffe, die z.B. in einem Gemenge vorliegen und aus umwelttechnischen Gr\u00fcnden oder zur\" \/>\n<meta property=\"og:url\" content=\"https:\/\/neue-herbold.com\/de\/zick-zack-sichter-zs\/\" \/>\n<meta property=\"og:site_name\" content=\"Neue Herbold GmbH\" \/>\n<meta property=\"article:modified_time\" content=\"2016-06-14T00:38:17+00:00\" \/>\n<meta property=\"og:image\" content=\"https:\/\/neue-herbold.com\/wp-content\/uploads\/2014\/12\/Zick-Zack-Sichter.jpg\" \/>\n<meta name=\"twitter:label1\" content=\"Gesch\u00e4tzte Lesezeit\" \/>\n\t<meta name=\"twitter:data1\" content=\"1\u00a0Minute\" \/>\n<script type=\"application\/ld+json\" class=\"yoast-schema-graph\">{\"@context\":\"https:\/\/schema.org\",\"@graph\":[{\"@type\":\"WebPage\",\"@id\":\"https:\/\/neue-herbold.com\/de\/zick-zack-sichter-zs\/\",\"url\":\"https:\/\/neue-herbold.com\/de\/zick-zack-sichter-zs\/\",\"name\":\"Zick-Zack-Sichter ZS - Neue Herbold GmbH\",\"isPartOf\":{\"@id\":\"https:\/\/neue-herbold.com\/en\/#website\"},\"primaryImageOfPage\":{\"@id\":\"https:\/\/neue-herbold.com\/de\/zick-zack-sichter-zs\/#primaryimage\"},\"image\":{\"@id\":\"https:\/\/neue-herbold.com\/de\/zick-zack-sichter-zs\/#primaryimage\"},\"thumbnailUrl\":\"https:\/\/neue-herbold.com\/wp-content\/uploads\/2014\/12\/Zick-Zack-Sichter.jpg\",\"datePublished\":\"2016-06-03T13:48:32+00:00\",\"dateModified\":\"2016-06-14T00:38:17+00:00\",\"description\":\"NEUE HERBOLD Zick-Zack-Sichter ZS werden zum Trennen verschiedener Stoffe, die z.B. in einem Gemenge vorliegen und aus umwelttechnischen Gr\u00fcnden oder zur\",\"breadcrumb\":{\"@id\":\"https:\/\/neue-herbold.com\/de\/zick-zack-sichter-zs\/#breadcrumb\"},\"inLanguage\":\"de\",\"potentialAction\":[{\"@type\":\"ReadAction\",\"target\":[\"https:\/\/neue-herbold.com\/de\/zick-zack-sichter-zs\/\"]}]},{\"@type\":\"ImageObject\",\"inLanguage\":\"de\",\"@id\":\"https:\/\/neue-herbold.com\/de\/zick-zack-sichter-zs\/#primaryimage\",\"url\":\"https:\/\/neue-herbold.com\/wp-content\/uploads\/2014\/12\/Zick-Zack-Sichter.jpg\",\"contentUrl\":\"https:\/\/neue-herbold.com\/wp-content\/uploads\/2014\/12\/Zick-Zack-Sichter.jpg\"},{\"@type\":\"BreadcrumbList\",\"@id\":\"https:\/\/neue-herbold.com\/de\/zick-zack-sichter-zs\/#breadcrumb\",\"itemListElement\":[{\"@type\":\"ListItem\",\"position\":1,\"name\":\"Startseite\",\"item\":\"https:\/\/neue-herbold.com\/de\/\"},{\"@type\":\"ListItem\",\"position\":2,\"name\":\"Zick-Zack-Sichter ZS\"}]},{\"@type\":\"WebSite\",\"@id\":\"https:\/\/neue-herbold.com\/en\/#website\",\"url\":\"https:\/\/neue-herbold.com\/en\/\",\"name\":\"Neue Herbold GmbH\",\"description\":\"\",\"potentialAction\":[{\"@type\":\"SearchAction\",\"target\":{\"@type\":\"EntryPoint\",\"urlTemplate\":\"https:\/\/neue-herbold.com\/en\/?s={search_term_string}\"},\"query-input\":{\"@type\":\"PropertyValueSpecification\",\"valueRequired\":true,\"valueName\":\"search_term_string\"}}],\"inLanguage\":\"de\"}]}<\/script>\n<!-- \/ Yoast SEO plugin. -->","yoast_head_json":{"title":"Zick-Zack-Sichter ZS - Neue Herbold GmbH","description":"NEUE HERBOLD Zick-Zack-Sichter ZS werden zum Trennen verschiedener Stoffe, die z.B. in einem Gemenge vorliegen und aus umwelttechnischen Gr\u00fcnden oder zur","robots":{"index":"index","follow":"follow","max-snippet":"max-snippet:-1","max-image-preview":"max-image-preview:large","max-video-preview":"max-video-preview:-1"},"canonical":"https:\/\/neue-herbold.com\/de\/zick-zack-sichter-zs\/","og_locale":"de_DE","og_type":"article","og_title":"Zick-Zack-Sichter ZS - Neue Herbold GmbH","og_description":"NEUE HERBOLD Zick-Zack-Sichter ZS werden zum Trennen verschiedener Stoffe, die z.B. in einem Gemenge vorliegen und aus umwelttechnischen Gr\u00fcnden oder zur","og_url":"https:\/\/neue-herbold.com\/de\/zick-zack-sichter-zs\/","og_site_name":"Neue Herbold GmbH","article_modified_time":"2016-06-14T00:38:17+00:00","og_image":[{"url":"https:\/\/neue-herbold.com\/wp-content\/uploads\/2014\/12\/Zick-Zack-Sichter.jpg","type":"","width":"","height":""}],"twitter_misc":{"Gesch\u00e4tzte Lesezeit":"1\u00a0Minute"},"schema":{"@context":"https:\/\/schema.org","@graph":[{"@type":"WebPage","@id":"https:\/\/neue-herbold.com\/de\/zick-zack-sichter-zs\/","url":"https:\/\/neue-herbold.com\/de\/zick-zack-sichter-zs\/","name":"Zick-Zack-Sichter ZS - Neue Herbold GmbH","isPartOf":{"@id":"https:\/\/neue-herbold.com\/en\/#website"},"primaryImageOfPage":{"@id":"https:\/\/neue-herbold.com\/de\/zick-zack-sichter-zs\/#primaryimage"},"image":{"@id":"https:\/\/neue-herbold.com\/de\/zick-zack-sichter-zs\/#primaryimage"},"thumbnailUrl":"https:\/\/neue-herbold.com\/wp-content\/uploads\/2014\/12\/Zick-Zack-Sichter.jpg","datePublished":"2016-06-03T13:48:32+00:00","dateModified":"2016-06-14T00:38:17+00:00","description":"NEUE HERBOLD Zick-Zack-Sichter ZS werden zum Trennen verschiedener Stoffe, die z.B. in einem Gemenge vorliegen und aus umwelttechnischen Gr\u00fcnden oder zur","breadcrumb":{"@id":"https:\/\/neue-herbold.com\/de\/zick-zack-sichter-zs\/#breadcrumb"},"inLanguage":"de","potentialAction":[{"@type":"ReadAction","target":["https:\/\/neue-herbold.com\/de\/zick-zack-sichter-zs\/"]}]},{"@type":"ImageObject","inLanguage":"de","@id":"https:\/\/neue-herbold.com\/de\/zick-zack-sichter-zs\/#primaryimage","url":"https:\/\/neue-herbold.com\/wp-content\/uploads\/2014\/12\/Zick-Zack-Sichter.jpg","contentUrl":"https:\/\/neue-herbold.com\/wp-content\/uploads\/2014\/12\/Zick-Zack-Sichter.jpg"},{"@type":"BreadcrumbList","@id":"https:\/\/neue-herbold.com\/de\/zick-zack-sichter-zs\/#breadcrumb","itemListElement":[{"@type":"ListItem","position":1,"name":"Startseite","item":"https:\/\/neue-herbold.com\/de\/"},{"@type":"ListItem","position":2,"name":"Zick-Zack-Sichter ZS"}]},{"@type":"WebSite","@id":"https:\/\/neue-herbold.com\/en\/#website","url":"https:\/\/neue-herbold.com\/en\/","name":"Neue Herbold GmbH","description":"","potentialAction":[{"@type":"SearchAction","target":{"@type":"EntryPoint","urlTemplate":"https:\/\/neue-herbold.com\/en\/?s={search_term_string}"},"query-input":{"@type":"PropertyValueSpecification","valueRequired":true,"valueName":"search_term_string"}}],"inLanguage":"de"}]}},"_links":{"self":[{"href":"https:\/\/neue-herbold.com\/de\/wp-json\/wp\/v2\/pages\/8240"}],"collection":[{"href":"https:\/\/neue-herbold.com\/de\/wp-json\/wp\/v2\/pages"}],"about":[{"href":"https:\/\/neue-herbold.com\/de\/wp-json\/wp\/v2\/types\/page"}],"author":[{"embeddable":true,"href":"https:\/\/neue-herbold.com\/de\/wp-json\/wp\/v2\/users\/1"}],"replies":[{"embeddable":true,"href":"https:\/\/neue-herbold.com\/de\/wp-json\/wp\/v2\/comments?post=8240"}],"version-history":[{"count":7,"href":"https:\/\/neue-herbold.com\/de\/wp-json\/wp\/v2\/pages\/8240\/revisions"}],"predecessor-version":[{"id":9897,"href":"https:\/\/neue-herbold.com\/de\/wp-json\/wp\/v2\/pages\/8240\/revisions\/9897"}],"wp:attachment":[{"href":"https:\/\/neue-herbold.com\/de\/wp-json\/wp\/v2\/media?parent=8240"}],"curies":[{"name":"wp","href":"https:\/\/api.w.org\/{rel}","templated":true}]}}