{"id":8216,"date":"2016-06-03T15:31:12","date_gmt":"2016-06-03T13:31:12","guid":{"rendered":"https:\/\/neue-herbold.com\/de\/?page_id=8216"},"modified":"2016-06-14T02:37:32","modified_gmt":"2016-06-14T00:37:32","slug":"thermische-trockner-tt","status":"publish","type":"page","link":"https:\/\/neue-herbold.com\/de\/thermische-trockner-tt\/","title":{"rendered":"Thermische Trockner TT"},"content":{"rendered":"<p><span style=\"color: #000000;\"><strong><a href=\"https:\/\/neue-herbold.com\/wp-content\/uploads\/2014\/12\/TT-P1250007.jpg\" target=\"_blank\"><img loading=\"lazy\" decoding=\"async\" class=\"alignright wp-image-3036\" title=\"Thermische Trockner\" src=\"https:\/\/neue-herbold.com\/wp-content\/uploads\/2014\/12\/TT-P1250007.jpg\" alt=\"Thermische Trockner\" width=\"342\" height=\"484\" srcset=\"https:\/\/neue-herbold.com\/wp-content\/uploads\/2014\/12\/TT-P1250007.jpg 636w, https:\/\/neue-herbold.com\/wp-content\/uploads\/2014\/12\/TT-P1250007-212x300.jpg 212w, https:\/\/neue-herbold.com\/wp-content\/uploads\/2014\/12\/TT-P1250007-100x141.jpg 100w, https:\/\/neue-herbold.com\/wp-content\/uploads\/2014\/12\/TT-P1250007-150x212.jpg 150w, https:\/\/neue-herbold.com\/wp-content\/uploads\/2014\/12\/TT-P1250007-200x283.jpg 200w, https:\/\/neue-herbold.com\/wp-content\/uploads\/2014\/12\/TT-P1250007-300x424.jpg 300w, https:\/\/neue-herbold.com\/wp-content\/uploads\/2014\/12\/TT-P1250007-450x636.jpg 450w, https:\/\/neue-herbold.com\/wp-content\/uploads\/2014\/12\/TT-P1250007-600x849.jpg 600w\" sizes=\"(max-width: 342px) 100vw, 342px\" \/><\/a><\/strong><\/span><em><span style=\"color: #000000;\"><strong>Technik<\/strong><\/span><\/em><\/p>\n<p><span style=\"color: #000000;\">Das zubearbeitende Material wird \u00fcber einen Zyklon eingeleitet. F\u00fcr die kontinuierliche Hei\u00dfluftzufuhr sorgt ein Heizregister, dieses wird durch eine Temparatursteuerung geregelt. <\/span><\/p>\n<p>Abh\u00e4ngig von der Materialart, der Restfeuchte des Mahlgutes und der erforderlichen Durchsatzleistung wird die erforderliche Temperatur eingestellt.<\/p>\n<p><span style=\"color: #808080;\">Nach dem Durchlauf durch die Trockenstrecke kann das Material zur weiteren Verarbeitung in Foliensilos (<strong><a style=\"color: #808080;\" title=\"Foliensilo Neue Herbold\" href=\"https:\/\/neue-herbold.com\/de\/foliensilos-fs\/\">Baureihe FS<\/a><\/strong>) geblasen, oder in Big-Bags abgef\u00fcllt werden.<\/span><\/p>\n<p><span style=\"color: #808080;\">Die ben\u00f6tigte W\u00e4rmeenergie kann mittels Gasbrenner, Dampferzeuger mit W\u00e4rmetauscher oder elektrischem Heizregister erzeugt werden. Die Mischtemperatur wird permanent \u00fcberwacht und somit wird nur die ben\u00f6tigte Energie zugef\u00fchrt.<\/span><\/p>\n<p><span style=\"color: #000000;\"><strong><em>Einsatzgebiet<\/em><\/strong><\/span><\/p>\n<p><span style=\"color: #000000;\">Die thermischen Trockner der Baureihe TT bilden eine der mechanischen Trocknung (<strong><span style=\"color: #0000ff;\"><a style=\"color: #0000ff;\" title=\"Mechanische Trockner Neue Herbold\" href=\"https:\/\/neue-herbold.com\/de\/mechanische-trockner-tm\/\">Baureihe TM<\/a><\/span><\/strong>) nachgeschaltete Einheit. Diese Trockner werden zur Minimierung der Restfeuchte des zu trocknenden Materials eingesetzt.<\/span><\/p>\n<p><strong>Baugr\u00f6\u00dfen<\/strong><\/p>\n<p>TT 120 mit Antrieb 30 kW<br \/> TT 140 mit Antrieb 37 kW<br \/> Durchsatzleistung bis ca. 1000 kg\/h (abh\u00e4ngig vom Inputmaterial)<\/p>\n<p><strong>Datenblatt Thermische Trockner TT<\/strong><\/p>\n<p><a href=\"https:\/\/neue-herbold.com\/wp-content\/uploads\/2014\/12\/TT_thermischer-Trockner.pdf\" target=\"_blank\"><img loading=\"lazy\" decoding=\"async\" class=\"alignnone wp-image-5703\" src=\"https:\/\/neue-herbold.com\/wp-content\/uploads\/2014\/12\/PDF-ICON.jpg\" alt=\"PDF-ICON\" width=\"50\" height=\"48\" \/><\/a><\/p>\n","protected":false},"excerpt":{"rendered":"<p><span style=\"color: #000000;\"><strong><a href=\"https:\/\/neue-herbold.com\/wp-content\/uploads\/2014\/12\/TT-P1250007.jpg\" target=\"_blank\"><img loading=\"lazy\" decoding=\"async\" class=\"alignright wp-image-3036\" title=\"Thermische Trockner\" src=\"https:\/\/neue-herbold.com\/wp-content\/uploads\/2014\/12\/TT-P1250007.jpg\" alt=\"Thermische Trockner\" width=\"342\" height=\"484\" srcset=\"https:\/\/neue-herbold.com\/wp-content\/uploads\/2014\/12\/TT-P1250007.jpg 636w, https:\/\/neue-herbold.com\/wp-content\/uploads\/2014\/12\/TT-P1250007-212x300.jpg 212w, https:\/\/neue-herbold.com\/wp-content\/uploads\/2014\/12\/TT-P1250007-100x141.jpg 100w, https:\/\/neue-herbold.com\/wp-content\/uploads\/2014\/12\/TT-P1250007-150x212.jpg 150w, https:\/\/neue-herbold.com\/wp-content\/uploads\/2014\/12\/TT-P1250007-200x283.jpg 200w, https:\/\/neue-herbold.com\/wp-content\/uploads\/2014\/12\/TT-P1250007-300x424.jpg 300w, https:\/\/neue-herbold.com\/wp-content\/uploads\/2014\/12\/TT-P1250007-450x636.jpg 450w, https:\/\/neue-herbold.com\/wp-content\/uploads\/2014\/12\/TT-P1250007-600x849.jpg 600w\" sizes=\"(max-width: 342px) 100vw, 342px\" \/><\/a><\/strong><\/span><em><span style=\"color: #000000;\"><strong>Technik<\/strong><\/span><\/em><\/p>\n<p><span style=\"color: #000000;\">Das zubearbeitende Material wird \u00fcber einen Zyklon eingeleitet. F\u00fcr die kontinuierliche Hei\u00dfluftzufuhr sorgt ein Heizregister, dieses wird durch eine Temparatursteuerung geregelt. <\/span><\/p>\n<p>Abh\u00e4ngig von der Materialart,<\/p>\n<p><span class=\"ellipsis\">&hellip;<\/span><\/p>\n<div class=\"read-more\"><a href=\"https:\/\/neue-herbold.com\/de\/thermische-trockner-tt\/\">Weiterlesen \u203a<\/a><\/div>\n<p><!-- end of .read-more --><\/p>\n","protected":false},"author":1,"featured_media":0,"parent":0,"menu_order":0,"comment_status":"closed","ping_status":"closed","template":"","meta":{"footnotes":""},"class_list":["post-8216","page","type-page","status-publish","hentry"],"yoast_head":"<!-- This site is optimized with the Yoast SEO plugin v25.4 - https:\/\/yoast.com\/wordpress\/plugins\/seo\/ -->\n<title>Thermische Trockner TT - Neue Herbold GmbH<\/title>\n<meta name=\"description\" content=\"Neue Herbold - thermische Trockner der Baureihe TT sind eine der mechanischen Trocknung (Baureihe TM) nachgeschaltete Einheit. Sie werden zur Minimierung\" \/>\n<meta name=\"robots\" content=\"index, follow, max-snippet:-1, max-image-preview:large, max-video-preview:-1\" \/>\n<link rel=\"canonical\" href=\"https:\/\/neue-herbold.com\/de\/thermische-trockner-tt\/\" \/>\n<meta property=\"og:locale\" content=\"de_DE\" \/>\n<meta property=\"og:type\" content=\"article\" \/>\n<meta property=\"og:title\" content=\"Thermische Trockner TT - Neue Herbold GmbH\" \/>\n<meta property=\"og:description\" content=\"Neue Herbold - thermische Trockner der Baureihe TT sind eine der mechanischen Trocknung (Baureihe TM) nachgeschaltete Einheit. Sie werden zur Minimierung\" \/>\n<meta property=\"og:url\" content=\"https:\/\/neue-herbold.com\/de\/thermische-trockner-tt\/\" \/>\n<meta property=\"og:site_name\" content=\"Neue Herbold GmbH\" \/>\n<meta property=\"article:modified_time\" content=\"2016-06-14T00:37:32+00:00\" \/>\n<meta property=\"og:image\" content=\"https:\/\/neue-herbold.com\/wp-content\/uploads\/2014\/12\/TT-P1250007.jpg\" \/>\n<meta name=\"twitter:label1\" content=\"Gesch\u00e4tzte Lesezeit\" \/>\n\t<meta name=\"twitter:data1\" content=\"1\u00a0Minute\" \/>\n<script type=\"application\/ld+json\" class=\"yoast-schema-graph\">{\"@context\":\"https:\/\/schema.org\",\"@graph\":[{\"@type\":\"WebPage\",\"@id\":\"https:\/\/neue-herbold.com\/de\/thermische-trockner-tt\/\",\"url\":\"https:\/\/neue-herbold.com\/de\/thermische-trockner-tt\/\",\"name\":\"Thermische Trockner TT - Neue Herbold GmbH\",\"isPartOf\":{\"@id\":\"https:\/\/neue-herbold.com\/en\/#website\"},\"primaryImageOfPage\":{\"@id\":\"https:\/\/neue-herbold.com\/de\/thermische-trockner-tt\/#primaryimage\"},\"image\":{\"@id\":\"https:\/\/neue-herbold.com\/de\/thermische-trockner-tt\/#primaryimage\"},\"thumbnailUrl\":\"https:\/\/neue-herbold.com\/wp-content\/uploads\/2014\/12\/TT-P1250007.jpg\",\"datePublished\":\"2016-06-03T13:31:12+00:00\",\"dateModified\":\"2016-06-14T00:37:32+00:00\",\"description\":\"Neue Herbold - thermische Trockner der Baureihe TT sind eine der mechanischen Trocknung (Baureihe TM) nachgeschaltete Einheit. Sie werden zur Minimierung\",\"breadcrumb\":{\"@id\":\"https:\/\/neue-herbold.com\/de\/thermische-trockner-tt\/#breadcrumb\"},\"inLanguage\":\"de\",\"potentialAction\":[{\"@type\":\"ReadAction\",\"target\":[\"https:\/\/neue-herbold.com\/de\/thermische-trockner-tt\/\"]}]},{\"@type\":\"ImageObject\",\"inLanguage\":\"de\",\"@id\":\"https:\/\/neue-herbold.com\/de\/thermische-trockner-tt\/#primaryimage\",\"url\":\"https:\/\/neue-herbold.com\/wp-content\/uploads\/2014\/12\/TT-P1250007.jpg\",\"contentUrl\":\"https:\/\/neue-herbold.com\/wp-content\/uploads\/2014\/12\/TT-P1250007.jpg\"},{\"@type\":\"BreadcrumbList\",\"@id\":\"https:\/\/neue-herbold.com\/de\/thermische-trockner-tt\/#breadcrumb\",\"itemListElement\":[{\"@type\":\"ListItem\",\"position\":1,\"name\":\"Startseite\",\"item\":\"https:\/\/neue-herbold.com\/de\/\"},{\"@type\":\"ListItem\",\"position\":2,\"name\":\"Thermische Trockner TT\"}]},{\"@type\":\"WebSite\",\"@id\":\"https:\/\/neue-herbold.com\/en\/#website\",\"url\":\"https:\/\/neue-herbold.com\/en\/\",\"name\":\"Neue Herbold GmbH\",\"description\":\"\",\"potentialAction\":[{\"@type\":\"SearchAction\",\"target\":{\"@type\":\"EntryPoint\",\"urlTemplate\":\"https:\/\/neue-herbold.com\/en\/?s={search_term_string}\"},\"query-input\":{\"@type\":\"PropertyValueSpecification\",\"valueRequired\":true,\"valueName\":\"search_term_string\"}}],\"inLanguage\":\"de\"}]}<\/script>\n<!-- \/ Yoast SEO plugin. -->","yoast_head_json":{"title":"Thermische Trockner TT - Neue Herbold GmbH","description":"Neue Herbold - thermische Trockner der Baureihe TT sind eine der mechanischen Trocknung (Baureihe TM) nachgeschaltete Einheit. Sie werden zur Minimierung","robots":{"index":"index","follow":"follow","max-snippet":"max-snippet:-1","max-image-preview":"max-image-preview:large","max-video-preview":"max-video-preview:-1"},"canonical":"https:\/\/neue-herbold.com\/de\/thermische-trockner-tt\/","og_locale":"de_DE","og_type":"article","og_title":"Thermische Trockner TT - Neue Herbold GmbH","og_description":"Neue Herbold - thermische Trockner der Baureihe TT sind eine der mechanischen Trocknung (Baureihe TM) nachgeschaltete Einheit. Sie werden zur Minimierung","og_url":"https:\/\/neue-herbold.com\/de\/thermische-trockner-tt\/","og_site_name":"Neue Herbold GmbH","article_modified_time":"2016-06-14T00:37:32+00:00","og_image":[{"url":"https:\/\/neue-herbold.com\/wp-content\/uploads\/2014\/12\/TT-P1250007.jpg","type":"","width":"","height":""}],"twitter_misc":{"Gesch\u00e4tzte Lesezeit":"1\u00a0Minute"},"schema":{"@context":"https:\/\/schema.org","@graph":[{"@type":"WebPage","@id":"https:\/\/neue-herbold.com\/de\/thermische-trockner-tt\/","url":"https:\/\/neue-herbold.com\/de\/thermische-trockner-tt\/","name":"Thermische Trockner TT - Neue Herbold GmbH","isPartOf":{"@id":"https:\/\/neue-herbold.com\/en\/#website"},"primaryImageOfPage":{"@id":"https:\/\/neue-herbold.com\/de\/thermische-trockner-tt\/#primaryimage"},"image":{"@id":"https:\/\/neue-herbold.com\/de\/thermische-trockner-tt\/#primaryimage"},"thumbnailUrl":"https:\/\/neue-herbold.com\/wp-content\/uploads\/2014\/12\/TT-P1250007.jpg","datePublished":"2016-06-03T13:31:12+00:00","dateModified":"2016-06-14T00:37:32+00:00","description":"Neue Herbold - thermische Trockner der Baureihe TT sind eine der mechanischen Trocknung (Baureihe TM) nachgeschaltete Einheit. Sie werden zur Minimierung","breadcrumb":{"@id":"https:\/\/neue-herbold.com\/de\/thermische-trockner-tt\/#breadcrumb"},"inLanguage":"de","potentialAction":[{"@type":"ReadAction","target":["https:\/\/neue-herbold.com\/de\/thermische-trockner-tt\/"]}]},{"@type":"ImageObject","inLanguage":"de","@id":"https:\/\/neue-herbold.com\/de\/thermische-trockner-tt\/#primaryimage","url":"https:\/\/neue-herbold.com\/wp-content\/uploads\/2014\/12\/TT-P1250007.jpg","contentUrl":"https:\/\/neue-herbold.com\/wp-content\/uploads\/2014\/12\/TT-P1250007.jpg"},{"@type":"BreadcrumbList","@id":"https:\/\/neue-herbold.com\/de\/thermische-trockner-tt\/#breadcrumb","itemListElement":[{"@type":"ListItem","position":1,"name":"Startseite","item":"https:\/\/neue-herbold.com\/de\/"},{"@type":"ListItem","position":2,"name":"Thermische Trockner TT"}]},{"@type":"WebSite","@id":"https:\/\/neue-herbold.com\/en\/#website","url":"https:\/\/neue-herbold.com\/en\/","name":"Neue Herbold GmbH","description":"","potentialAction":[{"@type":"SearchAction","target":{"@type":"EntryPoint","urlTemplate":"https:\/\/neue-herbold.com\/en\/?s={search_term_string}"},"query-input":{"@type":"PropertyValueSpecification","valueRequired":true,"valueName":"search_term_string"}}],"inLanguage":"de"}]}},"_links":{"self":[{"href":"https:\/\/neue-herbold.com\/de\/wp-json\/wp\/v2\/pages\/8216"}],"collection":[{"href":"https:\/\/neue-herbold.com\/de\/wp-json\/wp\/v2\/pages"}],"about":[{"href":"https:\/\/neue-herbold.com\/de\/wp-json\/wp\/v2\/types\/page"}],"author":[{"embeddable":true,"href":"https:\/\/neue-herbold.com\/de\/wp-json\/wp\/v2\/users\/1"}],"replies":[{"embeddable":true,"href":"https:\/\/neue-herbold.com\/de\/wp-json\/wp\/v2\/comments?post=8216"}],"version-history":[{"count":15,"href":"https:\/\/neue-herbold.com\/de\/wp-json\/wp\/v2\/pages\/8216\/revisions"}],"predecessor-version":[{"id":9896,"href":"https:\/\/neue-herbold.com\/de\/wp-json\/wp\/v2\/pages\/8216\/revisions\/9896"}],"wp:attachment":[{"href":"https:\/\/neue-herbold.com\/de\/wp-json\/wp\/v2\/media?parent=8216"}],"curies":[{"name":"wp","href":"https:\/\/api.w.org\/{rel}","templated":true}]}}