{"id":8192,"date":"2016-06-03T15:14:47","date_gmt":"2016-06-03T13:14:47","guid":{"rendered":"https:\/\/neue-herbold.com\/de\/?page_id=8192"},"modified":"2017-05-18T22:11:14","modified_gmt":"2017-05-18T20:11:14","slug":"trennbehaelter-tb","status":"publish","type":"page","link":"https:\/\/neue-herbold.com\/de\/trennbehaelter-tb\/","title":{"rendered":"Trennbeh\u00e4lter TB"},"content":{"rendered":"<h5><span style=\"color: #000000;\"><strong><a href=\"https:\/\/neue-herbold.com\/wp-content\/uploads\/2014\/12\/Schwimm-Sinktank.jpg\" target=\"_blank\" rel=\"noopener noreferrer\"><img loading=\"lazy\" decoding=\"async\" class=\"alignright wp-image-3033\" src=\"https:\/\/neue-herbold.com\/wp-content\/uploads\/2014\/12\/Schwimm-Sinktank-1024x663.jpg\" alt=\"Trennbeh\u00e4lter TB\" width=\"487\" height=\"315\" srcset=\"https:\/\/neue-herbold.com\/wp-content\/uploads\/2014\/12\/Schwimm-Sinktank-1024x663.jpg 1024w, https:\/\/neue-herbold.com\/wp-content\/uploads\/2014\/12\/Schwimm-Sinktank-300x194.jpg 300w, https:\/\/neue-herbold.com\/wp-content\/uploads\/2014\/12\/Schwimm-Sinktank-100x64.jpg 100w, https:\/\/neue-herbold.com\/wp-content\/uploads\/2014\/12\/Schwimm-Sinktank-150x97.jpg 150w, https:\/\/neue-herbold.com\/wp-content\/uploads\/2014\/12\/Schwimm-Sinktank-200x129.jpg 200w, https:\/\/neue-herbold.com\/wp-content\/uploads\/2014\/12\/Schwimm-Sinktank-450x291.jpg 450w, https:\/\/neue-herbold.com\/wp-content\/uploads\/2014\/12\/Schwimm-Sinktank-600x388.jpg 600w, https:\/\/neue-herbold.com\/wp-content\/uploads\/2014\/12\/Schwimm-Sinktank-900x582.jpg 900w, https:\/\/neue-herbold.com\/wp-content\/uploads\/2014\/12\/Schwimm-Sinktank.jpg 1200w\" sizes=\"(max-width: 487px) 100vw, 487px\" \/><\/a><em>Einsatzgebiet der <\/em><\/strong><\/span><span style=\"color: #000000;\"><strong>NEUE HERBOLD <\/strong>Trennbeh\u00e4lter der Baureihe TB<br \/>\n<\/span><\/h5>\n<p><span style=\"color: #000000;\">Die Trennbeh\u00e4lter dieser Baureihe kommen bei der Trennung von von spezifisch schwereren Stoffen wie PE oder PP &#8211; Fraktionen zum Einsatz.<br \/>\n<\/span><\/p>\n<p><em><span style=\"color: #000000;\"><strong>Technik<\/strong><\/span><\/em><br \/>\n <span style=\"color: #000000;\">Sowohl der\u00a0 Materialeintrag zum Schwimm-Sink-Tank als auch der Schwergutaustrag erfolgen durch F\u00f6rderschnecken unterhalb der Wasseroberfl\u00e4che. <br \/>\n<\/span><\/p>\n<div id=\"attachment_3047\" style=\"width: 363px\" class=\"wp-caption alignleft\"><a href=\"https:\/\/neue-herbold.com\/wp-content\/uploads\/2014\/12\/Schwimm-Sink-Tank-mit-Kratzkettenfoerderer.jpg\" target=\"_blank\" rel=\"noopener noreferrer\"><img loading=\"lazy\" decoding=\"async\" aria-describedby=\"caption-attachment-3047\" class=\"wp-image-3047\" src=\"https:\/\/neue-herbold.com\/wp-content\/uploads\/2014\/12\/Schwimm-Sink-Tank-mit-Kratzkettenfoerderer-1024x768.jpg\" alt=\"Trennbeh\u00e4lter\" width=\"353\" height=\"267\" srcset=\"https:\/\/neue-herbold.com\/wp-content\/uploads\/2014\/12\/Schwimm-Sink-Tank-mit-Kratzkettenfoerderer-100x75.jpg 100w, https:\/\/neue-herbold.com\/wp-content\/uploads\/2014\/12\/Schwimm-Sink-Tank-mit-Kratzkettenfoerderer-150x112.jpg 150w, https:\/\/neue-herbold.com\/wp-content\/uploads\/2014\/12\/Schwimm-Sink-Tank-mit-Kratzkettenfoerderer-200x150.jpg 200w\" sizes=\"(max-width: 353px) 100vw, 353px\" \/><\/a><p id=\"caption-attachment-3047\" class=\"wp-caption-text\">Schwimm-Sink-Tank mit Kratzkettenf\u00f6rderer<\/p><\/div>\n<p>&nbsp;<\/p>\n<p>&nbsp;<\/p>\n<p>&nbsp;<\/p>\n<p>&nbsp;<\/p>\n<p><span style=\"color: #000000;\">Der Schwergutaustrag erfolgt wahlweise durch pneumatische Schieber, F\u00f6rderschnecken oder Kratzkettenf\u00f6rderer. Der Transport im Beh\u00e4lter wird durch spezielle Paddelwalzen und Trennbleche erm\u00f6glicht. Die Verweilzeit im Beh\u00e4lter gew\u00e4hrleistet eine gute Fraktion des Aufgabmaterials.<\/span><\/p>\n<h5>\u00a0<\/h5>\n<p>&nbsp;<\/p>\n<p>&nbsp;<\/p>\n<h5><span style=\"color: #000000;\">Trennbeh\u00e4lter f\u00fcr PET<\/span><\/h5>\n<ul>\n<li><span style=\"color: #000000;\">Der Austrag der Leichtfraktion aus den Beh\u00e4ltern geschieht mit periodisch \u00f6ffnenden pneumatischen Schiebern. Meist kommen diese Systeme bei gerignen Mengen der Sinkfraktion zum Einsatz.<\/span><\/li>\n<li><span style=\"color: #000000;\">Bei den Beh\u00e4ltern zur Gewinnung der Sinkfraktion erfolgt der Materialaustrag in der Regel mit\u00a0Kettenkratzf\u00f6rderer oder mittels einer \u00fcberdimensionierten <\/span><span style=\"color: #000000;\">Austragschnecke. <\/span><\/li>\n<\/ul>\n<p style=\"text-align: right;\"><img loading=\"lazy\" decoding=\"async\" class=\"size-medium wp-image-9674 alignright\" src=\"https:\/\/neue-herbold.com\/wp-content\/uploads\/2016\/06\/Trennbehaelter-300x178.jpg\" alt=\"Trennbehaelter\" width=\"300\" height=\"178\" srcset=\"https:\/\/neue-herbold.com\/wp-content\/uploads\/2016\/06\/Trennbehaelter-300x178.jpg 300w, https:\/\/neue-herbold.com\/wp-content\/uploads\/2016\/06\/Trennbehaelter-768x455.jpg 768w, https:\/\/neue-herbold.com\/wp-content\/uploads\/2016\/06\/Trennbehaelter-1024x607.jpg 1024w, https:\/\/neue-herbold.com\/wp-content\/uploads\/2016\/06\/Trennbehaelter-100x59.jpg 100w, https:\/\/neue-herbold.com\/wp-content\/uploads\/2016\/06\/Trennbehaelter-150x89.jpg 150w, https:\/\/neue-herbold.com\/wp-content\/uploads\/2016\/06\/Trennbehaelter-200x119.jpg 200w, https:\/\/neue-herbold.com\/wp-content\/uploads\/2016\/06\/Trennbehaelter-450x267.jpg 450w, https:\/\/neue-herbold.com\/wp-content\/uploads\/2016\/06\/Trennbehaelter-600x356.jpg 600w, https:\/\/neue-herbold.com\/wp-content\/uploads\/2016\/06\/Trennbehaelter-900x533.jpg 900w, https:\/\/neue-herbold.com\/wp-content\/uploads\/2016\/06\/Trennbehaelter.jpg 1200w\" sizes=\"(max-width: 300px) 100vw, 300px\" \/><\/p>\n<p style=\"text-align: left;\"><span style=\"color: #000000;\">Eine Siebzone erm\u00f6glicht die Ausschleusung der zugesetzten Additive vor dem anschlie\u00dfendem Produktaustrag. Die Additive werden in weiteren Schritten der Wiederaufbereitung zugef\u00fchrt. Optional k\u00f6nnen diese Beh\u00e4lter mit einem einem Heizsystem ausgestattet und w\u00e4rmeisoliert werden. Hierbei werden die vorgew\u00e4rmten PET-Flakes mit Natronlauge und geigneten Reinigungsmitteln befeuchtet. <\/span><\/p>\n<p style=\"text-align: left;\"><span style=\"color: #000000;\">Serienm\u00e4\u00dfig werden die Trennbeh\u00e4lter aus hochfestem 1.4571 Edelstahl gefertigt. Durch den Zusatz von Titancarbiden weist dieser eine hohe Best\u00e4ndigkeit gegen Lochfra\u00df und Korrosion auf. <\/span><\/p>\n<div id=\"attachment_9673\" style=\"width: 173px\" class=\"wp-caption alignleft\"><img loading=\"lazy\" decoding=\"async\" aria-describedby=\"caption-attachment-9673\" class=\"wp-image-9673 size-full\" src=\"https:\/\/neue-herbold.com\/wp-content\/uploads\/2016\/06\/Abdichtung.jpg\" alt=\"Abdichtung\" width=\"163\" height=\"218\" srcset=\"https:\/\/neue-herbold.com\/wp-content\/uploads\/2016\/06\/Abdichtung.jpg 163w, https:\/\/neue-herbold.com\/wp-content\/uploads\/2016\/06\/Abdichtung-100x134.jpg 100w, https:\/\/neue-herbold.com\/wp-content\/uploads\/2016\/06\/Abdichtung-150x201.jpg 150w\" sizes=\"(max-width: 163px) 100vw, 163px\" \/><p id=\"caption-attachment-9673\" class=\"wp-caption-text\"><span style=\"color: #000000;\">Stopfbuchspackung zur Abdichtung der Achsen und Wellen.<\/span><\/p><\/div>\n<p><a href=\"https:\/\/neue-herbold.com\/wp-content\/uploads\/2014\/12\/TB_Trennbehaelter.pdf\" target=\"_blank\" rel=\"noopener noreferrer\"><img loading=\"lazy\" decoding=\"async\" class=\"alignnone wp-image-5703\" src=\"https:\/\/neue-herbold.com\/wp-content\/uploads\/2014\/12\/PDF-ICON.jpg\" alt=\"PDF-ICON\" width=\"50\" height=\"48\" \/>Datenblatt<\/a><\/p>\n","protected":false},"excerpt":{"rendered":"<p><span style=\"color: #000000;\"><strong><a href=\"https:\/\/neue-herbold.com\/wp-content\/uploads\/2014\/12\/Schwimm-Sinktank.jpg\" target=\"_blank\" rel=\"noopener noreferrer\"><img loading=\"lazy\" decoding=\"async\" class=\"alignright wp-image-3033\" src=\"https:\/\/neue-herbold.com\/wp-content\/uploads\/2014\/12\/Schwimm-Sinktank-1024x663.jpg\" alt=\"Trennbeh\u00e4lter TB\" width=\"487\" height=\"315\" srcset=\"https:\/\/neue-herbold.com\/wp-content\/uploads\/2014\/12\/Schwimm-Sinktank-1024x663.jpg 1024w, https:\/\/neue-herbold.com\/wp-content\/uploads\/2014\/12\/Schwimm-Sinktank-300x194.jpg 300w, https:\/\/neue-herbold.com\/wp-content\/uploads\/2014\/12\/Schwimm-Sinktank-100x64.jpg 100w, https:\/\/neue-herbold.com\/wp-content\/uploads\/2014\/12\/Schwimm-Sinktank-150x97.jpg 150w, https:\/\/neue-herbold.com\/wp-content\/uploads\/2014\/12\/Schwimm-Sinktank-200x129.jpg 200w, https:\/\/neue-herbold.com\/wp-content\/uploads\/2014\/12\/Schwimm-Sinktank-450x291.jpg 450w, https:\/\/neue-herbold.com\/wp-content\/uploads\/2014\/12\/Schwimm-Sinktank-600x388.jpg 600w, https:\/\/neue-herbold.com\/wp-content\/uploads\/2014\/12\/Schwimm-Sinktank-900x582.jpg 900w, https:\/\/neue-herbold.com\/wp-content\/uploads\/2014\/12\/Schwimm-Sinktank.jpg 1200w\" sizes=\"(max-width: 487px) 100vw, 487px\" \/><\/a><em>Einsatzgebiet der <\/em><\/strong><\/span><span style=\"color: #000000;\"><strong>NEUE HERBOLD <\/strong>Trennbeh\u00e4lter der Baureihe TB<br \/>\n<\/span><\/p>\n<p><span style=\"color: #000000;\">Die Trennbeh\u00e4lter dieser Baureihe kommen bei der Trennung von von spezifisch schwereren Stoffen wie PE oder PP &#8211;<\/span><\/p>\n<p><span class=\"ellipsis\">&hellip;<\/span><\/p>\n<div class=\"read-more\"><a href=\"https:\/\/neue-herbold.com\/de\/trennbehaelter-tb\/\">Weiterlesen \u203a<\/a><\/div>\n<p><!-- end of .read-more --><\/p>\n","protected":false},"author":1,"featured_media":0,"parent":0,"menu_order":0,"comment_status":"closed","ping_status":"closed","template":"","meta":{"footnotes":""},"class_list":["post-8192","page","type-page","status-publish","hentry"],"yoast_head":"<!-- This site is optimized with the Yoast SEO plugin v25.4 - https:\/\/yoast.com\/wordpress\/plugins\/seo\/ -->\n<title>Trennbeh\u00e4lter TB - Neue Herbold GmbH<\/title>\n<meta name=\"description\" content=\"Neue Herbold - Trennbeh\u00e4lter der Baureihe TB werden zur Trennung von PE oder PP - Fraktionen von spezifisch schwereren Stoffen eingesetzt. Materialeintrag\" \/>\n<meta name=\"robots\" content=\"index, follow, max-snippet:-1, max-image-preview:large, max-video-preview:-1\" \/>\n<link rel=\"canonical\" href=\"https:\/\/neue-herbold.com\/de\/trennbehaelter-tb\/\" \/>\n<meta property=\"og:locale\" content=\"de_DE\" \/>\n<meta property=\"og:type\" content=\"article\" \/>\n<meta property=\"og:title\" content=\"Trennbeh\u00e4lter TB - Neue Herbold GmbH\" \/>\n<meta property=\"og:description\" content=\"Neue Herbold - Trennbeh\u00e4lter der Baureihe TB werden zur Trennung von PE oder PP - Fraktionen von spezifisch schwereren Stoffen eingesetzt. Materialeintrag\" \/>\n<meta property=\"og:url\" content=\"https:\/\/neue-herbold.com\/de\/trennbehaelter-tb\/\" \/>\n<meta property=\"og:site_name\" content=\"Neue Herbold GmbH\" \/>\n<meta property=\"article:modified_time\" content=\"2017-05-18T20:11:14+00:00\" \/>\n<meta property=\"og:image\" content=\"https:\/\/neue-herbold.com\/wp-content\/uploads\/2014\/12\/Schwimm-Sinktank-1024x663.jpg\" \/>\n<meta name=\"twitter:label1\" content=\"Gesch\u00e4tzte Lesezeit\" \/>\n\t<meta name=\"twitter:data1\" content=\"1\u00a0Minute\" \/>\n<script type=\"application\/ld+json\" class=\"yoast-schema-graph\">{\"@context\":\"https:\/\/schema.org\",\"@graph\":[{\"@type\":\"WebPage\",\"@id\":\"https:\/\/neue-herbold.com\/de\/trennbehaelter-tb\/\",\"url\":\"https:\/\/neue-herbold.com\/de\/trennbehaelter-tb\/\",\"name\":\"Trennbeh\u00e4lter TB - Neue Herbold GmbH\",\"isPartOf\":{\"@id\":\"https:\/\/neue-herbold.com\/en\/#website\"},\"primaryImageOfPage\":{\"@id\":\"https:\/\/neue-herbold.com\/de\/trennbehaelter-tb\/#primaryimage\"},\"image\":{\"@id\":\"https:\/\/neue-herbold.com\/de\/trennbehaelter-tb\/#primaryimage\"},\"thumbnailUrl\":\"https:\/\/neue-herbold.com\/wp-content\/uploads\/2014\/12\/Schwimm-Sinktank-1024x663.jpg\",\"datePublished\":\"2016-06-03T13:14:47+00:00\",\"dateModified\":\"2017-05-18T20:11:14+00:00\",\"description\":\"Neue Herbold - Trennbeh\u00e4lter der Baureihe TB werden zur Trennung von PE oder PP - Fraktionen von spezifisch schwereren Stoffen eingesetzt. Materialeintrag\",\"breadcrumb\":{\"@id\":\"https:\/\/neue-herbold.com\/de\/trennbehaelter-tb\/#breadcrumb\"},\"inLanguage\":\"de\",\"potentialAction\":[{\"@type\":\"ReadAction\",\"target\":[\"https:\/\/neue-herbold.com\/de\/trennbehaelter-tb\/\"]}]},{\"@type\":\"ImageObject\",\"inLanguage\":\"de\",\"@id\":\"https:\/\/neue-herbold.com\/de\/trennbehaelter-tb\/#primaryimage\",\"url\":\"https:\/\/neue-herbold.com\/wp-content\/uploads\/2014\/12\/Schwimm-Sinktank-1024x663.jpg\",\"contentUrl\":\"https:\/\/neue-herbold.com\/wp-content\/uploads\/2014\/12\/Schwimm-Sinktank-1024x663.jpg\"},{\"@type\":\"BreadcrumbList\",\"@id\":\"https:\/\/neue-herbold.com\/de\/trennbehaelter-tb\/#breadcrumb\",\"itemListElement\":[{\"@type\":\"ListItem\",\"position\":1,\"name\":\"Startseite\",\"item\":\"https:\/\/neue-herbold.com\/de\/\"},{\"@type\":\"ListItem\",\"position\":2,\"name\":\"Trennbeh\u00e4lter TB\"}]},{\"@type\":\"WebSite\",\"@id\":\"https:\/\/neue-herbold.com\/en\/#website\",\"url\":\"https:\/\/neue-herbold.com\/en\/\",\"name\":\"Neue Herbold GmbH\",\"description\":\"\",\"potentialAction\":[{\"@type\":\"SearchAction\",\"target\":{\"@type\":\"EntryPoint\",\"urlTemplate\":\"https:\/\/neue-herbold.com\/en\/?s={search_term_string}\"},\"query-input\":{\"@type\":\"PropertyValueSpecification\",\"valueRequired\":true,\"valueName\":\"search_term_string\"}}],\"inLanguage\":\"de\"}]}<\/script>\n<!-- \/ Yoast SEO plugin. -->","yoast_head_json":{"title":"Trennbeh\u00e4lter TB - Neue Herbold GmbH","description":"Neue Herbold - Trennbeh\u00e4lter der Baureihe TB werden zur Trennung von PE oder PP - Fraktionen von spezifisch schwereren Stoffen eingesetzt. Materialeintrag","robots":{"index":"index","follow":"follow","max-snippet":"max-snippet:-1","max-image-preview":"max-image-preview:large","max-video-preview":"max-video-preview:-1"},"canonical":"https:\/\/neue-herbold.com\/de\/trennbehaelter-tb\/","og_locale":"de_DE","og_type":"article","og_title":"Trennbeh\u00e4lter TB - Neue Herbold GmbH","og_description":"Neue Herbold - Trennbeh\u00e4lter der Baureihe TB werden zur Trennung von PE oder PP - Fraktionen von spezifisch schwereren Stoffen eingesetzt. Materialeintrag","og_url":"https:\/\/neue-herbold.com\/de\/trennbehaelter-tb\/","og_site_name":"Neue Herbold GmbH","article_modified_time":"2017-05-18T20:11:14+00:00","og_image":[{"url":"https:\/\/neue-herbold.com\/wp-content\/uploads\/2014\/12\/Schwimm-Sinktank-1024x663.jpg","type":"","width":"","height":""}],"twitter_misc":{"Gesch\u00e4tzte Lesezeit":"1\u00a0Minute"},"schema":{"@context":"https:\/\/schema.org","@graph":[{"@type":"WebPage","@id":"https:\/\/neue-herbold.com\/de\/trennbehaelter-tb\/","url":"https:\/\/neue-herbold.com\/de\/trennbehaelter-tb\/","name":"Trennbeh\u00e4lter TB - Neue Herbold GmbH","isPartOf":{"@id":"https:\/\/neue-herbold.com\/en\/#website"},"primaryImageOfPage":{"@id":"https:\/\/neue-herbold.com\/de\/trennbehaelter-tb\/#primaryimage"},"image":{"@id":"https:\/\/neue-herbold.com\/de\/trennbehaelter-tb\/#primaryimage"},"thumbnailUrl":"https:\/\/neue-herbold.com\/wp-content\/uploads\/2014\/12\/Schwimm-Sinktank-1024x663.jpg","datePublished":"2016-06-03T13:14:47+00:00","dateModified":"2017-05-18T20:11:14+00:00","description":"Neue Herbold - Trennbeh\u00e4lter der Baureihe TB werden zur Trennung von PE oder PP - Fraktionen von spezifisch schwereren Stoffen eingesetzt. Materialeintrag","breadcrumb":{"@id":"https:\/\/neue-herbold.com\/de\/trennbehaelter-tb\/#breadcrumb"},"inLanguage":"de","potentialAction":[{"@type":"ReadAction","target":["https:\/\/neue-herbold.com\/de\/trennbehaelter-tb\/"]}]},{"@type":"ImageObject","inLanguage":"de","@id":"https:\/\/neue-herbold.com\/de\/trennbehaelter-tb\/#primaryimage","url":"https:\/\/neue-herbold.com\/wp-content\/uploads\/2014\/12\/Schwimm-Sinktank-1024x663.jpg","contentUrl":"https:\/\/neue-herbold.com\/wp-content\/uploads\/2014\/12\/Schwimm-Sinktank-1024x663.jpg"},{"@type":"BreadcrumbList","@id":"https:\/\/neue-herbold.com\/de\/trennbehaelter-tb\/#breadcrumb","itemListElement":[{"@type":"ListItem","position":1,"name":"Startseite","item":"https:\/\/neue-herbold.com\/de\/"},{"@type":"ListItem","position":2,"name":"Trennbeh\u00e4lter TB"}]},{"@type":"WebSite","@id":"https:\/\/neue-herbold.com\/en\/#website","url":"https:\/\/neue-herbold.com\/en\/","name":"Neue Herbold GmbH","description":"","potentialAction":[{"@type":"SearchAction","target":{"@type":"EntryPoint","urlTemplate":"https:\/\/neue-herbold.com\/en\/?s={search_term_string}"},"query-input":{"@type":"PropertyValueSpecification","valueRequired":true,"valueName":"search_term_string"}}],"inLanguage":"de"}]}},"_links":{"self":[{"href":"https:\/\/neue-herbold.com\/de\/wp-json\/wp\/v2\/pages\/8192"}],"collection":[{"href":"https:\/\/neue-herbold.com\/de\/wp-json\/wp\/v2\/pages"}],"about":[{"href":"https:\/\/neue-herbold.com\/de\/wp-json\/wp\/v2\/types\/page"}],"author":[{"embeddable":true,"href":"https:\/\/neue-herbold.com\/de\/wp-json\/wp\/v2\/users\/1"}],"replies":[{"embeddable":true,"href":"https:\/\/neue-herbold.com\/de\/wp-json\/wp\/v2\/comments?post=8192"}],"version-history":[{"count":10,"href":"https:\/\/neue-herbold.com\/de\/wp-json\/wp\/v2\/pages\/8192\/revisions"}],"predecessor-version":[{"id":11032,"href":"https:\/\/neue-herbold.com\/de\/wp-json\/wp\/v2\/pages\/8192\/revisions\/11032"}],"wp:attachment":[{"href":"https:\/\/neue-herbold.com\/de\/wp-json\/wp\/v2\/media?parent=8192"}],"curies":[{"name":"wp","href":"https:\/\/api.w.org\/{rel}","templated":true}]}}