{"id":8117,"date":"2016-06-03T04:06:23","date_gmt":"2016-06-03T02:06:23","guid":{"rendered":"https:\/\/neue-herbold.com\/de\/?page_id=8117"},"modified":"2016-06-09T12:19:36","modified_gmt":"2016-06-09T10:19:36","slug":"foliensilos-fs","status":"publish","type":"page","link":"https:\/\/neue-herbold.com\/de\/foliensilos-fs\/","title":{"rendered":"Foliensilos FS"},"content":{"rendered":"<p><span style=\"color: #000000;\"><strong><a href=\"https:\/\/neue-herbold.com\/wp-content\/uploads\/2014\/12\/FS-Foliensilo.jpg\" target=\"_blank\"><img loading=\"lazy\" decoding=\"async\" class=\"alignright wp-image-3029\" src=\"https:\/\/neue-herbold.com\/wp-content\/uploads\/2014\/12\/FS-Foliensilo-1024x768.jpg\" alt=\"Foliensilos\" width=\"456\" height=\"342\" srcset=\"https:\/\/neue-herbold.com\/wp-content\/uploads\/2014\/12\/FS-Foliensilo-1024x768.jpg 1024w, https:\/\/neue-herbold.com\/wp-content\/uploads\/2014\/12\/FS-Foliensilo-300x225.jpg 300w, https:\/\/neue-herbold.com\/wp-content\/uploads\/2014\/12\/FS-Foliensilo-100x75.jpg 100w, https:\/\/neue-herbold.com\/wp-content\/uploads\/2014\/12\/FS-Foliensilo-150x112.jpg 150w, https:\/\/neue-herbold.com\/wp-content\/uploads\/2014\/12\/FS-Foliensilo-200x150.jpg 200w, https:\/\/neue-herbold.com\/wp-content\/uploads\/2014\/12\/FS-Foliensilo-450x337.jpg 450w, https:\/\/neue-herbold.com\/wp-content\/uploads\/2014\/12\/FS-Foliensilo-600x450.jpg 600w, https:\/\/neue-herbold.com\/wp-content\/uploads\/2014\/12\/FS-Foliensilo-900x675.jpg 900w, https:\/\/neue-herbold.com\/wp-content\/uploads\/2014\/12\/FS-Foliensilo.jpg 1200w\" sizes=\"(max-width: 456px) 100vw, 456px\" \/><\/a><em>Einsatzgebiet<\/em><\/strong><\/span><\/p>\n<p><span style=\"color: #000000;\">Foliensilos der Baureihe FS wurden speziell entwickelt f\u00fcr die Zwischenlagerung schwer flie\u00dfender Materialien und Sch\u00fcttg\u00fcter, dazu w\u00e4hlen zerkleinerte Folien (sog. Folienschnitzel sowie Fasern, Monofilamenten und Multifilamenten etc. .<\/span><\/p>\n<h3>Foliensilos \/ Rundsilos<\/h3>\n<p><span style=\"color: #000000;\">Von herk\u00f6mmlichen Rundsilos unterscheiden sich diese <strong>NEUE HERBOLD<\/strong> Foliensilos vor allem durch die liegende Bauweise. Die\u00a0horizontal angeordneten Einzel- oder Doppelaustragsschnecken sind unten angebracht. <\/span><\/p>\n<p><span style=\"color: #000000;\">Drei von vier W\u00e4nden sind vertikal angeordnet, die vierte Wand ist in Schr\u00e4glage befindlich und mit Auflockerungseinrichtungen (R\u00fchrwellen) versehen.<\/span><\/p>\n<p><em><span style=\"color: #000000;\"><strong>Die Vorteile der horizontalen Bauweise auf einen Blick:<\/strong><\/span><\/em><\/p>\n<ul>\n<li><span style=\"color: #000000;\">keine vertikalen Schnecken, somit gr\u00f6\u00dfere Grundfl\u00e4che und h\u00f6here Bauweise <\/span><\/li>\n<li><span style=\"color: #000000;\">ein wesentlich gr\u00f6\u00dferes F\u00fcllvolumina<\/span><\/li>\n<li><span style=\"color: #000000;\">erheblich weniger Kraftbedarf, kein Bruch von R\u00fchrwerkzeugen durch \u00dcberlastung<\/span><\/li>\n<li><span style=\"color: #000000;\">staubfreie Direktbeschickung ohne Zyklonabscheider, daher h\u00f6herer Bef\u00fcllgrad und leichtere Staubabscheidung m\u00f6glich<\/span><\/li>\n<li><span style=\"color: #000000;\">geringere Betriebskosten f\u00fcr Strom und Wartung<\/span><\/li>\n<li><span style=\"color: #000000;\">keine untenliegenden Antriebe von R\u00fchrschnecken, die schwer gegen Feuchtigkeit und Feinanteil zu sch\u00fctzen sind<\/span><\/li>\n<\/ul>\n","protected":false},"excerpt":{"rendered":"<p><span style=\"color: #000000;\"><strong><a href=\"https:\/\/neue-herbold.com\/wp-content\/uploads\/2014\/12\/FS-Foliensilo.jpg\" target=\"_blank\"><img loading=\"lazy\" decoding=\"async\" class=\"alignright wp-image-3029\" src=\"https:\/\/neue-herbold.com\/wp-content\/uploads\/2014\/12\/FS-Foliensilo-1024x768.jpg\" alt=\"Foliensilos\" width=\"456\" height=\"342\" srcset=\"https:\/\/neue-herbold.com\/wp-content\/uploads\/2014\/12\/FS-Foliensilo-1024x768.jpg 1024w, https:\/\/neue-herbold.com\/wp-content\/uploads\/2014\/12\/FS-Foliensilo-300x225.jpg 300w, https:\/\/neue-herbold.com\/wp-content\/uploads\/2014\/12\/FS-Foliensilo-100x75.jpg 100w, https:\/\/neue-herbold.com\/wp-content\/uploads\/2014\/12\/FS-Foliensilo-150x112.jpg 150w, https:\/\/neue-herbold.com\/wp-content\/uploads\/2014\/12\/FS-Foliensilo-200x150.jpg 200w, https:\/\/neue-herbold.com\/wp-content\/uploads\/2014\/12\/FS-Foliensilo-450x337.jpg 450w, https:\/\/neue-herbold.com\/wp-content\/uploads\/2014\/12\/FS-Foliensilo-600x450.jpg 600w, https:\/\/neue-herbold.com\/wp-content\/uploads\/2014\/12\/FS-Foliensilo-900x675.jpg 900w, https:\/\/neue-herbold.com\/wp-content\/uploads\/2014\/12\/FS-Foliensilo.jpg 1200w\" sizes=\"(max-width: 456px) 100vw, 456px\" \/><\/a><em>Einsatzgebiet<\/em><\/strong><\/span><\/p>\n<p><span style=\"color: #000000;\">Foliensilos der Baureihe FS wurden speziell entwickelt f\u00fcr die Zwischenlagerung schwer flie\u00dfender Materialien und Sch\u00fcttg\u00fcter, dazu w\u00e4hlen zerkleinerte Folien (sog. Folienschnitzel sowie Fasern, Monofilamenten und Multifilamenten etc.<\/span><\/p>\n<p><span class=\"ellipsis\">&hellip;<\/span><\/p>\n<div class=\"read-more\"><a href=\"https:\/\/neue-herbold.com\/de\/foliensilos-fs\/\">Weiterlesen \u203a<\/a><\/div>\n<p><!-- end of .read-more --><\/p>\n","protected":false},"author":1,"featured_media":0,"parent":0,"menu_order":0,"comment_status":"closed","ping_status":"closed","template":"","meta":{"footnotes":""},"class_list":["post-8117","page","type-page","status-publish","hentry"],"yoast_head":"<!-- This site is optimized with the Yoast SEO plugin v25.4 - https:\/\/yoast.com\/wordpress\/plugins\/seo\/ -->\n<title>Foliensilos FS - Neue Herbold GmbH<\/title>\n<meta name=\"description\" content=\"Neue Herbold - Foliensilos der Baureihe FS wurden zur Zwischenlagerung schwer flie\u00dfender Materialien, zerkleinerter Folien (sogenannte Folienschnitzel)\" \/>\n<meta name=\"robots\" content=\"index, follow, max-snippet:-1, max-image-preview:large, max-video-preview:-1\" \/>\n<link rel=\"canonical\" href=\"https:\/\/neue-herbold.com\/de\/foliensilos-fs\/\" \/>\n<meta property=\"og:locale\" content=\"de_DE\" \/>\n<meta property=\"og:type\" content=\"article\" \/>\n<meta property=\"og:title\" content=\"Foliensilos FS - Neue Herbold GmbH\" \/>\n<meta property=\"og:description\" content=\"Neue Herbold - Foliensilos der Baureihe FS wurden zur Zwischenlagerung schwer flie\u00dfender Materialien, zerkleinerter Folien (sogenannte Folienschnitzel)\" \/>\n<meta property=\"og:url\" content=\"https:\/\/neue-herbold.com\/de\/foliensilos-fs\/\" \/>\n<meta property=\"og:site_name\" content=\"Neue Herbold GmbH\" \/>\n<meta property=\"article:modified_time\" content=\"2016-06-09T10:19:36+00:00\" \/>\n<meta property=\"og:image\" content=\"https:\/\/neue-herbold.com\/wp-content\/uploads\/2014\/12\/FS-Foliensilo-1024x768.jpg\" \/>\n<meta name=\"twitter:label1\" content=\"Gesch\u00e4tzte Lesezeit\" \/>\n\t<meta name=\"twitter:data1\" content=\"1\u00a0Minute\" \/>\n<script type=\"application\/ld+json\" class=\"yoast-schema-graph\">{\"@context\":\"https:\/\/schema.org\",\"@graph\":[{\"@type\":\"WebPage\",\"@id\":\"https:\/\/neue-herbold.com\/de\/foliensilos-fs\/\",\"url\":\"https:\/\/neue-herbold.com\/de\/foliensilos-fs\/\",\"name\":\"Foliensilos FS - Neue Herbold GmbH\",\"isPartOf\":{\"@id\":\"https:\/\/neue-herbold.com\/en\/#website\"},\"primaryImageOfPage\":{\"@id\":\"https:\/\/neue-herbold.com\/de\/foliensilos-fs\/#primaryimage\"},\"image\":{\"@id\":\"https:\/\/neue-herbold.com\/de\/foliensilos-fs\/#primaryimage\"},\"thumbnailUrl\":\"https:\/\/neue-herbold.com\/wp-content\/uploads\/2014\/12\/FS-Foliensilo-1024x768.jpg\",\"datePublished\":\"2016-06-03T02:06:23+00:00\",\"dateModified\":\"2016-06-09T10:19:36+00:00\",\"description\":\"Neue Herbold - Foliensilos der Baureihe FS wurden zur Zwischenlagerung schwer flie\u00dfender Materialien, zerkleinerter Folien (sogenannte Folienschnitzel)\",\"breadcrumb\":{\"@id\":\"https:\/\/neue-herbold.com\/de\/foliensilos-fs\/#breadcrumb\"},\"inLanguage\":\"de\",\"potentialAction\":[{\"@type\":\"ReadAction\",\"target\":[\"https:\/\/neue-herbold.com\/de\/foliensilos-fs\/\"]}]},{\"@type\":\"ImageObject\",\"inLanguage\":\"de\",\"@id\":\"https:\/\/neue-herbold.com\/de\/foliensilos-fs\/#primaryimage\",\"url\":\"https:\/\/neue-herbold.com\/wp-content\/uploads\/2014\/12\/FS-Foliensilo-1024x768.jpg\",\"contentUrl\":\"https:\/\/neue-herbold.com\/wp-content\/uploads\/2014\/12\/FS-Foliensilo-1024x768.jpg\"},{\"@type\":\"BreadcrumbList\",\"@id\":\"https:\/\/neue-herbold.com\/de\/foliensilos-fs\/#breadcrumb\",\"itemListElement\":[{\"@type\":\"ListItem\",\"position\":1,\"name\":\"Startseite\",\"item\":\"https:\/\/neue-herbold.com\/de\/\"},{\"@type\":\"ListItem\",\"position\":2,\"name\":\"Foliensilos FS\"}]},{\"@type\":\"WebSite\",\"@id\":\"https:\/\/neue-herbold.com\/en\/#website\",\"url\":\"https:\/\/neue-herbold.com\/en\/\",\"name\":\"Neue Herbold GmbH\",\"description\":\"\",\"potentialAction\":[{\"@type\":\"SearchAction\",\"target\":{\"@type\":\"EntryPoint\",\"urlTemplate\":\"https:\/\/neue-herbold.com\/en\/?s={search_term_string}\"},\"query-input\":{\"@type\":\"PropertyValueSpecification\",\"valueRequired\":true,\"valueName\":\"search_term_string\"}}],\"inLanguage\":\"de\"}]}<\/script>\n<!-- \/ Yoast SEO plugin. -->","yoast_head_json":{"title":"Foliensilos FS - Neue Herbold GmbH","description":"Neue Herbold - Foliensilos der Baureihe FS wurden zur Zwischenlagerung schwer flie\u00dfender Materialien, zerkleinerter Folien (sogenannte Folienschnitzel)","robots":{"index":"index","follow":"follow","max-snippet":"max-snippet:-1","max-image-preview":"max-image-preview:large","max-video-preview":"max-video-preview:-1"},"canonical":"https:\/\/neue-herbold.com\/de\/foliensilos-fs\/","og_locale":"de_DE","og_type":"article","og_title":"Foliensilos FS - Neue Herbold GmbH","og_description":"Neue Herbold - Foliensilos der Baureihe FS wurden zur Zwischenlagerung schwer flie\u00dfender Materialien, zerkleinerter Folien (sogenannte Folienschnitzel)","og_url":"https:\/\/neue-herbold.com\/de\/foliensilos-fs\/","og_site_name":"Neue Herbold GmbH","article_modified_time":"2016-06-09T10:19:36+00:00","og_image":[{"url":"https:\/\/neue-herbold.com\/wp-content\/uploads\/2014\/12\/FS-Foliensilo-1024x768.jpg","type":"","width":"","height":""}],"twitter_misc":{"Gesch\u00e4tzte Lesezeit":"1\u00a0Minute"},"schema":{"@context":"https:\/\/schema.org","@graph":[{"@type":"WebPage","@id":"https:\/\/neue-herbold.com\/de\/foliensilos-fs\/","url":"https:\/\/neue-herbold.com\/de\/foliensilos-fs\/","name":"Foliensilos FS - Neue Herbold GmbH","isPartOf":{"@id":"https:\/\/neue-herbold.com\/en\/#website"},"primaryImageOfPage":{"@id":"https:\/\/neue-herbold.com\/de\/foliensilos-fs\/#primaryimage"},"image":{"@id":"https:\/\/neue-herbold.com\/de\/foliensilos-fs\/#primaryimage"},"thumbnailUrl":"https:\/\/neue-herbold.com\/wp-content\/uploads\/2014\/12\/FS-Foliensilo-1024x768.jpg","datePublished":"2016-06-03T02:06:23+00:00","dateModified":"2016-06-09T10:19:36+00:00","description":"Neue Herbold - Foliensilos der Baureihe FS wurden zur Zwischenlagerung schwer flie\u00dfender Materialien, zerkleinerter Folien (sogenannte Folienschnitzel)","breadcrumb":{"@id":"https:\/\/neue-herbold.com\/de\/foliensilos-fs\/#breadcrumb"},"inLanguage":"de","potentialAction":[{"@type":"ReadAction","target":["https:\/\/neue-herbold.com\/de\/foliensilos-fs\/"]}]},{"@type":"ImageObject","inLanguage":"de","@id":"https:\/\/neue-herbold.com\/de\/foliensilos-fs\/#primaryimage","url":"https:\/\/neue-herbold.com\/wp-content\/uploads\/2014\/12\/FS-Foliensilo-1024x768.jpg","contentUrl":"https:\/\/neue-herbold.com\/wp-content\/uploads\/2014\/12\/FS-Foliensilo-1024x768.jpg"},{"@type":"BreadcrumbList","@id":"https:\/\/neue-herbold.com\/de\/foliensilos-fs\/#breadcrumb","itemListElement":[{"@type":"ListItem","position":1,"name":"Startseite","item":"https:\/\/neue-herbold.com\/de\/"},{"@type":"ListItem","position":2,"name":"Foliensilos FS"}]},{"@type":"WebSite","@id":"https:\/\/neue-herbold.com\/en\/#website","url":"https:\/\/neue-herbold.com\/en\/","name":"Neue Herbold GmbH","description":"","potentialAction":[{"@type":"SearchAction","target":{"@type":"EntryPoint","urlTemplate":"https:\/\/neue-herbold.com\/en\/?s={search_term_string}"},"query-input":{"@type":"PropertyValueSpecification","valueRequired":true,"valueName":"search_term_string"}}],"inLanguage":"de"}]}},"_links":{"self":[{"href":"https:\/\/neue-herbold.com\/de\/wp-json\/wp\/v2\/pages\/8117"}],"collection":[{"href":"https:\/\/neue-herbold.com\/de\/wp-json\/wp\/v2\/pages"}],"about":[{"href":"https:\/\/neue-herbold.com\/de\/wp-json\/wp\/v2\/types\/page"}],"author":[{"embeddable":true,"href":"https:\/\/neue-herbold.com\/de\/wp-json\/wp\/v2\/users\/1"}],"replies":[{"embeddable":true,"href":"https:\/\/neue-herbold.com\/de\/wp-json\/wp\/v2\/comments?post=8117"}],"version-history":[{"count":8,"href":"https:\/\/neue-herbold.com\/de\/wp-json\/wp\/v2\/pages\/8117\/revisions"}],"predecessor-version":[{"id":9741,"href":"https:\/\/neue-herbold.com\/de\/wp-json\/wp\/v2\/pages\/8117\/revisions\/9741"}],"wp:attachment":[{"href":"https:\/\/neue-herbold.com\/de\/wp-json\/wp\/v2\/media?parent=8117"}],"curies":[{"name":"wp","href":"https:\/\/api.w.org\/{rel}","templated":true}]}}