{"id":8098,"date":"2016-06-03T03:39:12","date_gmt":"2016-06-03T01:39:12","guid":{"rendered":"https:\/\/neue-herbold.com\/de\/?page_id=8098"},"modified":"2016-06-12T17:35:09","modified_gmt":"2016-06-12T15:35:09","slug":"rundsilos","status":"publish","type":"page","link":"https:\/\/neue-herbold.com\/de\/rundsilos\/","title":{"rendered":"Rundsilos"},"content":{"rendered":"<h4><a href=\"https:\/\/neue-herbold.com\/wp-content\/uploads\/2015\/01\/Rundsilos.jpg\" target=\"_blank\"><img loading=\"lazy\" decoding=\"async\" class=\"alignright wp-image-3129\" src=\"https:\/\/neue-herbold.com\/wp-content\/uploads\/2015\/01\/Rundsilos-1024x710.jpg\" alt=\"Rundsilos\" width=\"550\" height=\"381\" srcset=\"https:\/\/neue-herbold.com\/wp-content\/uploads\/2015\/01\/Rundsilos-1024x710.jpg 1024w, https:\/\/neue-herbold.com\/wp-content\/uploads\/2015\/01\/Rundsilos-300x208.jpg 300w, https:\/\/neue-herbold.com\/wp-content\/uploads\/2015\/01\/Rundsilos-100x69.jpg 100w, https:\/\/neue-herbold.com\/wp-content\/uploads\/2015\/01\/Rundsilos-150x104.jpg 150w, https:\/\/neue-herbold.com\/wp-content\/uploads\/2015\/01\/Rundsilos-200x138.jpg 200w, https:\/\/neue-herbold.com\/wp-content\/uploads\/2015\/01\/Rundsilos-450x312.jpg 450w, https:\/\/neue-herbold.com\/wp-content\/uploads\/2015\/01\/Rundsilos-600x416.jpg 600w, https:\/\/neue-herbold.com\/wp-content\/uploads\/2015\/01\/Rundsilos-900x624.jpg 900w, https:\/\/neue-herbold.com\/wp-content\/uploads\/2015\/01\/Rundsilos.jpg 1200w\" sizes=\"(max-width: 550px) 100vw, 550px\" \/><\/a><em><strong>Rundsilos f\u00fcr Lagerung \/ Silierung<\/strong><\/em><\/h4>\n<p>Die Lagerung der Wertstoffe stellt eine wichtige und wesentliche Komponente einer kompletten Aufbereitungsanlage f\u00fcr Kunststoffabf\u00e4lle dar.<\/p>\n<p>&nbsp;<\/p>\n<p><a href=\"https:\/\/neue-herbold.com\/wp-content\/uploads\/2015\/01\/Rundsilo.jpg\" target=\"_blank\"><img loading=\"lazy\" decoding=\"async\" class=\"  alignleft wp-image-3135\" src=\"https:\/\/neue-herbold.com\/wp-content\/uploads\/2015\/01\/Rundsilo.jpg\" alt=\"Rundsilos\" width=\"134\" height=\"304\" srcset=\"https:\/\/neue-herbold.com\/wp-content\/uploads\/2015\/01\/Rundsilo.jpg 397w, https:\/\/neue-herbold.com\/wp-content\/uploads\/2015\/01\/Rundsilo-132x300.jpg 132w, https:\/\/neue-herbold.com\/wp-content\/uploads\/2015\/01\/Rundsilo-100x226.jpg 100w, https:\/\/neue-herbold.com\/wp-content\/uploads\/2015\/01\/Rundsilo-150x340.jpg 150w, https:\/\/neue-herbold.com\/wp-content\/uploads\/2015\/01\/Rundsilo-200x453.jpg 200w, https:\/\/neue-herbold.com\/wp-content\/uploads\/2015\/01\/Rundsilo-300x680.jpg 300w\" sizes=\"(max-width: 134px) 100vw, 134px\" \/><\/a><span style=\"color: #000000;\"><strong>NEUE HERBOLD<\/strong><\/span> ist Lieferant geeigneter Silos und ganzer Silosysteme f\u00fcr alle<br \/> Mahlg\u00fcter und speziell f\u00fcr schwerflie\u00dfende G\u00fcter wie z.B.<br \/> Folienschnitzel oder Monofilamente und Multifilamente.<\/p>\n<p>Die Silos sind hochwertig und professionell verarbeitet. Sie k\u00f6nnen den W\u00fcnschen und Bed\u00fcrfnissen unserer Kunden angepasst und in unterschiedlichsten Ausf\u00fchrungen geliefert werden.<\/p>\n<p>&nbsp;<\/p>\n<p><strong>Einige allgemeine Informationen am Rande:<\/strong><\/p>\n<p>Unter einem Silo beziehungsweise Hochsilo versteht man gro\u00dfe Speicher f\u00fcr Sch\u00fcttg\u00fcter. Es gibt Arten und Bauweisen von Silos, neben den Rundsilos werden beispielsweise vorallem Rechteck- und Achtecksilos eingesetzt. Die Bef\u00fcllung eines Silos erfolgt grunds\u00e4tzlich von oben, die Entleerung erfolgt von unten. Kunststoffgranulate sind wegen ihrer Rieself\u00e4higkeit besonderst gut geeignet zur Lagerung in Silos.<\/p>\n<p><a href=\"https:\/\/neue-herbold.com\/wp-content\/uploads\/2014\/11\/Wikipedia.jpg\"><img loading=\"lazy\" decoding=\"async\" class=\"wp-image-6978 alignnone\" src=\"https:\/\/neue-herbold.com\/wp-content\/uploads\/2014\/11\/Wikipedia.jpg\" alt=\"Wikipedia\" width=\"48\" height=\"48\" srcset=\"https:\/\/neue-herbold.com\/wp-content\/uploads\/2014\/11\/Wikipedia.jpg 265w, https:\/\/neue-herbold.com\/wp-content\/uploads\/2014\/11\/Wikipedia-100x100.jpg 100w, https:\/\/neue-herbold.com\/wp-content\/uploads\/2014\/11\/Wikipedia-150x150.jpg 150w, https:\/\/neue-herbold.com\/wp-content\/uploads\/2014\/11\/Wikipedia-200x200.jpg 200w\" sizes=\"(max-width: 48px) 100vw, 48px\" \/><\/a> <a href=\"https:\/\/de.wikipedia.org\/wiki\/Silo\" target=\"_blank\">Silo<\/a><\/p>\n","protected":false},"excerpt":{"rendered":"<p><a href=\"https:\/\/neue-herbold.com\/wp-content\/uploads\/2015\/01\/Rundsilos.jpg\" target=\"_blank\"><img loading=\"lazy\" decoding=\"async\" class=\"alignright wp-image-3129\" src=\"https:\/\/neue-herbold.com\/wp-content\/uploads\/2015\/01\/Rundsilos-1024x710.jpg\" alt=\"Rundsilos\" width=\"550\" height=\"381\" srcset=\"https:\/\/neue-herbold.com\/wp-content\/uploads\/2015\/01\/Rundsilos-1024x710.jpg 1024w, https:\/\/neue-herbold.com\/wp-content\/uploads\/2015\/01\/Rundsilos-300x208.jpg 300w, https:\/\/neue-herbold.com\/wp-content\/uploads\/2015\/01\/Rundsilos-100x69.jpg 100w, https:\/\/neue-herbold.com\/wp-content\/uploads\/2015\/01\/Rundsilos-150x104.jpg 150w, https:\/\/neue-herbold.com\/wp-content\/uploads\/2015\/01\/Rundsilos-200x138.jpg 200w, https:\/\/neue-herbold.com\/wp-content\/uploads\/2015\/01\/Rundsilos-450x312.jpg 450w, https:\/\/neue-herbold.com\/wp-content\/uploads\/2015\/01\/Rundsilos-600x416.jpg 600w, https:\/\/neue-herbold.com\/wp-content\/uploads\/2015\/01\/Rundsilos-900x624.jpg 900w, https:\/\/neue-herbold.com\/wp-content\/uploads\/2015\/01\/Rundsilos.jpg 1200w\" sizes=\"(max-width: 550px) 100vw, 550px\" \/><\/a><em><strong>Rundsilos f\u00fcr Lagerung \/ Silierung<\/strong><\/em><\/p>\n<p>Die Lagerung der Wertstoffe stellt eine wichtige und wesentliche Komponente einer kompletten Aufbereitungsanlage f\u00fcr Kunststoffabf\u00e4lle dar.<\/p>\n<p>&nbsp;<\/p>\n<p><a href=\"https:\/\/neue-herbold.com\/wp-content\/uploads\/2015\/01\/Rundsilo.jpg\" target=\"_blank\"><img loading=\"lazy\" decoding=\"async\" class=\"  alignleft wp-image-3135\" src=\"https:\/\/neue-herbold.com\/wp-content\/uploads\/2015\/01\/Rundsilo.jpg\" alt=\"Rundsilos\" width=\"134\" height=\"304\" srcset=\"https:\/\/neue-herbold.com\/wp-content\/uploads\/2015\/01\/Rundsilo.jpg 397w, https:\/\/neue-herbold.com\/wp-content\/uploads\/2015\/01\/Rundsilo-132x300.jpg 132w, https:\/\/neue-herbold.com\/wp-content\/uploads\/2015\/01\/Rundsilo-100x226.jpg 100w, https:\/\/neue-herbold.com\/wp-content\/uploads\/2015\/01\/Rundsilo-150x340.jpg 150w, https:\/\/neue-herbold.com\/wp-content\/uploads\/2015\/01\/Rundsilo-200x453.jpg 200w, https:\/\/neue-herbold.com\/wp-content\/uploads\/2015\/01\/Rundsilo-300x680.jpg 300w\" sizes=\"(max-width: 134px) 100vw, 134px\" \/><\/a><span style=\"color: #000000;\"><strong>NEUE HERBOLD<\/strong><\/span> ist Lieferant geeigneter Silos und ganzer Silosysteme f\u00fcr alle<br \/> Mahlg\u00fcter und speziell f\u00fcr schwerflie\u00dfende G\u00fcter wie z.B.<\/p>\n<p><span class=\"ellipsis\">&hellip;<\/span><\/p>\n<div class=\"read-more\"><a href=\"https:\/\/neue-herbold.com\/de\/rundsilos\/\">Weiterlesen \u203a<\/a><\/div>\n<p><!-- end of .read-more --><\/p>\n","protected":false},"author":1,"featured_media":0,"parent":0,"menu_order":0,"comment_status":"closed","ping_status":"closed","template":"","meta":{"footnotes":""},"class_list":["post-8098","page","type-page","status-publish","hentry"],"yoast_head":"<!-- This site is optimized with the Yoast SEO plugin v25.4 - https:\/\/yoast.com\/wordpress\/plugins\/seo\/ -->\n<title>Rundsilos - Neue Herbold GmbH<\/title>\n<meta name=\"description\" content=\"Eine wesentliche Komponente einer kompletten Aufbereitungsanlage f\u00fcr Kunststoffabf\u00e4lle ist die Lagerung dieser Wertstoffe. Neue Herbold liefert Rundsilos\" \/>\n<meta name=\"robots\" content=\"index, follow, max-snippet:-1, max-image-preview:large, max-video-preview:-1\" \/>\n<link rel=\"canonical\" href=\"https:\/\/neue-herbold.com\/de\/rundsilos\/\" \/>\n<meta property=\"og:locale\" content=\"de_DE\" \/>\n<meta property=\"og:type\" content=\"article\" \/>\n<meta property=\"og:title\" content=\"Rundsilos - Neue Herbold GmbH\" \/>\n<meta property=\"og:description\" content=\"Eine wesentliche Komponente einer kompletten Aufbereitungsanlage f\u00fcr Kunststoffabf\u00e4lle ist die Lagerung dieser Wertstoffe. Neue Herbold liefert Rundsilos\" \/>\n<meta property=\"og:url\" content=\"https:\/\/neue-herbold.com\/de\/rundsilos\/\" \/>\n<meta property=\"og:site_name\" content=\"Neue Herbold GmbH\" \/>\n<meta property=\"article:modified_time\" content=\"2016-06-12T15:35:09+00:00\" \/>\n<meta property=\"og:image\" content=\"https:\/\/neue-herbold.com\/wp-content\/uploads\/2015\/01\/Rundsilos-1024x710.jpg\" \/>\n<meta name=\"twitter:label1\" content=\"Gesch\u00e4tzte Lesezeit\" \/>\n\t<meta name=\"twitter:data1\" content=\"1\u00a0Minute\" \/>\n<script type=\"application\/ld+json\" class=\"yoast-schema-graph\">{\"@context\":\"https:\/\/schema.org\",\"@graph\":[{\"@type\":\"WebPage\",\"@id\":\"https:\/\/neue-herbold.com\/de\/rundsilos\/\",\"url\":\"https:\/\/neue-herbold.com\/de\/rundsilos\/\",\"name\":\"Rundsilos - Neue Herbold GmbH\",\"isPartOf\":{\"@id\":\"https:\/\/neue-herbold.com\/en\/#website\"},\"primaryImageOfPage\":{\"@id\":\"https:\/\/neue-herbold.com\/de\/rundsilos\/#primaryimage\"},\"image\":{\"@id\":\"https:\/\/neue-herbold.com\/de\/rundsilos\/#primaryimage\"},\"thumbnailUrl\":\"https:\/\/neue-herbold.com\/wp-content\/uploads\/2015\/01\/Rundsilos-1024x710.jpg\",\"datePublished\":\"2016-06-03T01:39:12+00:00\",\"dateModified\":\"2016-06-12T15:35:09+00:00\",\"description\":\"Eine wesentliche Komponente einer kompletten Aufbereitungsanlage f\u00fcr Kunststoffabf\u00e4lle ist die Lagerung dieser Wertstoffe. Neue Herbold liefert Rundsilos\",\"breadcrumb\":{\"@id\":\"https:\/\/neue-herbold.com\/de\/rundsilos\/#breadcrumb\"},\"inLanguage\":\"de\",\"potentialAction\":[{\"@type\":\"ReadAction\",\"target\":[\"https:\/\/neue-herbold.com\/de\/rundsilos\/\"]}]},{\"@type\":\"ImageObject\",\"inLanguage\":\"de\",\"@id\":\"https:\/\/neue-herbold.com\/de\/rundsilos\/#primaryimage\",\"url\":\"https:\/\/neue-herbold.com\/wp-content\/uploads\/2015\/01\/Rundsilos-1024x710.jpg\",\"contentUrl\":\"https:\/\/neue-herbold.com\/wp-content\/uploads\/2015\/01\/Rundsilos-1024x710.jpg\"},{\"@type\":\"BreadcrumbList\",\"@id\":\"https:\/\/neue-herbold.com\/de\/rundsilos\/#breadcrumb\",\"itemListElement\":[{\"@type\":\"ListItem\",\"position\":1,\"name\":\"Startseite\",\"item\":\"https:\/\/neue-herbold.com\/de\/\"},{\"@type\":\"ListItem\",\"position\":2,\"name\":\"Rundsilos\"}]},{\"@type\":\"WebSite\",\"@id\":\"https:\/\/neue-herbold.com\/en\/#website\",\"url\":\"https:\/\/neue-herbold.com\/en\/\",\"name\":\"Neue Herbold GmbH\",\"description\":\"\",\"potentialAction\":[{\"@type\":\"SearchAction\",\"target\":{\"@type\":\"EntryPoint\",\"urlTemplate\":\"https:\/\/neue-herbold.com\/en\/?s={search_term_string}\"},\"query-input\":{\"@type\":\"PropertyValueSpecification\",\"valueRequired\":true,\"valueName\":\"search_term_string\"}}],\"inLanguage\":\"de\"}]}<\/script>\n<!-- \/ Yoast SEO plugin. -->","yoast_head_json":{"title":"Rundsilos - Neue Herbold GmbH","description":"Eine wesentliche Komponente einer kompletten Aufbereitungsanlage f\u00fcr Kunststoffabf\u00e4lle ist die Lagerung dieser Wertstoffe. Neue Herbold liefert Rundsilos","robots":{"index":"index","follow":"follow","max-snippet":"max-snippet:-1","max-image-preview":"max-image-preview:large","max-video-preview":"max-video-preview:-1"},"canonical":"https:\/\/neue-herbold.com\/de\/rundsilos\/","og_locale":"de_DE","og_type":"article","og_title":"Rundsilos - Neue Herbold GmbH","og_description":"Eine wesentliche Komponente einer kompletten Aufbereitungsanlage f\u00fcr Kunststoffabf\u00e4lle ist die Lagerung dieser Wertstoffe. Neue Herbold liefert Rundsilos","og_url":"https:\/\/neue-herbold.com\/de\/rundsilos\/","og_site_name":"Neue Herbold GmbH","article_modified_time":"2016-06-12T15:35:09+00:00","og_image":[{"url":"https:\/\/neue-herbold.com\/wp-content\/uploads\/2015\/01\/Rundsilos-1024x710.jpg","type":"","width":"","height":""}],"twitter_misc":{"Gesch\u00e4tzte Lesezeit":"1\u00a0Minute"},"schema":{"@context":"https:\/\/schema.org","@graph":[{"@type":"WebPage","@id":"https:\/\/neue-herbold.com\/de\/rundsilos\/","url":"https:\/\/neue-herbold.com\/de\/rundsilos\/","name":"Rundsilos - Neue Herbold GmbH","isPartOf":{"@id":"https:\/\/neue-herbold.com\/en\/#website"},"primaryImageOfPage":{"@id":"https:\/\/neue-herbold.com\/de\/rundsilos\/#primaryimage"},"image":{"@id":"https:\/\/neue-herbold.com\/de\/rundsilos\/#primaryimage"},"thumbnailUrl":"https:\/\/neue-herbold.com\/wp-content\/uploads\/2015\/01\/Rundsilos-1024x710.jpg","datePublished":"2016-06-03T01:39:12+00:00","dateModified":"2016-06-12T15:35:09+00:00","description":"Eine wesentliche Komponente einer kompletten Aufbereitungsanlage f\u00fcr Kunststoffabf\u00e4lle ist die Lagerung dieser Wertstoffe. Neue Herbold liefert Rundsilos","breadcrumb":{"@id":"https:\/\/neue-herbold.com\/de\/rundsilos\/#breadcrumb"},"inLanguage":"de","potentialAction":[{"@type":"ReadAction","target":["https:\/\/neue-herbold.com\/de\/rundsilos\/"]}]},{"@type":"ImageObject","inLanguage":"de","@id":"https:\/\/neue-herbold.com\/de\/rundsilos\/#primaryimage","url":"https:\/\/neue-herbold.com\/wp-content\/uploads\/2015\/01\/Rundsilos-1024x710.jpg","contentUrl":"https:\/\/neue-herbold.com\/wp-content\/uploads\/2015\/01\/Rundsilos-1024x710.jpg"},{"@type":"BreadcrumbList","@id":"https:\/\/neue-herbold.com\/de\/rundsilos\/#breadcrumb","itemListElement":[{"@type":"ListItem","position":1,"name":"Startseite","item":"https:\/\/neue-herbold.com\/de\/"},{"@type":"ListItem","position":2,"name":"Rundsilos"}]},{"@type":"WebSite","@id":"https:\/\/neue-herbold.com\/en\/#website","url":"https:\/\/neue-herbold.com\/en\/","name":"Neue Herbold GmbH","description":"","potentialAction":[{"@type":"SearchAction","target":{"@type":"EntryPoint","urlTemplate":"https:\/\/neue-herbold.com\/en\/?s={search_term_string}"},"query-input":{"@type":"PropertyValueSpecification","valueRequired":true,"valueName":"search_term_string"}}],"inLanguage":"de"}]}},"_links":{"self":[{"href":"https:\/\/neue-herbold.com\/de\/wp-json\/wp\/v2\/pages\/8098"}],"collection":[{"href":"https:\/\/neue-herbold.com\/de\/wp-json\/wp\/v2\/pages"}],"about":[{"href":"https:\/\/neue-herbold.com\/de\/wp-json\/wp\/v2\/types\/page"}],"author":[{"embeddable":true,"href":"https:\/\/neue-herbold.com\/de\/wp-json\/wp\/v2\/users\/1"}],"replies":[{"embeddable":true,"href":"https:\/\/neue-herbold.com\/de\/wp-json\/wp\/v2\/comments?post=8098"}],"version-history":[{"count":8,"href":"https:\/\/neue-herbold.com\/de\/wp-json\/wp\/v2\/pages\/8098\/revisions"}],"predecessor-version":[{"id":9809,"href":"https:\/\/neue-herbold.com\/de\/wp-json\/wp\/v2\/pages\/8098\/revisions\/9809"}],"wp:attachment":[{"href":"https:\/\/neue-herbold.com\/de\/wp-json\/wp\/v2\/media?parent=8098"}],"curies":[{"name":"wp","href":"https:\/\/api.w.org\/{rel}","templated":true}]}}