{"id":8079,"date":"2016-06-03T03:22:58","date_gmt":"2016-06-03T01:22:58","guid":{"rendered":"https:\/\/neue-herbold.com\/de\/?page_id=8079"},"modified":"2016-06-07T13:14:02","modified_gmt":"2016-06-07T11:14:02","slug":"mechanischer-stufentrockner-t","status":"publish","type":"page","link":"https:\/\/neue-herbold.com\/de\/mechanischer-stufentrockner-t\/","title":{"rendered":"Mechanischer Stufentrockner T"},"content":{"rendered":"<p><a style=\"color: #000000;\" href=\"https:\/\/neue-herbold.com\/wp-content\/uploads\/2015\/01\/Stufentrockner-T-125.jpg\" target=\"_blank\"><img loading=\"lazy\" decoding=\"async\" class=\"alignright wp-image-3142\" src=\"https:\/\/neue-herbold.com\/wp-content\/uploads\/2015\/01\/Stufentrockner-T-125-1024x832.jpg\" title=\"Mechanischer Stufentrockner\" alt=\"Mechanischer Stufentrockner\" width=\"447\" height=\"363\" srcset=\"https:\/\/neue-herbold.com\/wp-content\/uploads\/2015\/01\/Stufentrockner-T-125-1024x832.jpg 1024w, https:\/\/neue-herbold.com\/wp-content\/uploads\/2015\/01\/Stufentrockner-T-125-300x243.jpg 300w, https:\/\/neue-herbold.com\/wp-content\/uploads\/2015\/01\/Stufentrockner-T-125-100x81.jpg 100w, https:\/\/neue-herbold.com\/wp-content\/uploads\/2015\/01\/Stufentrockner-T-125-150x121.jpg 150w, https:\/\/neue-herbold.com\/wp-content\/uploads\/2015\/01\/Stufentrockner-T-125-200x162.jpg 200w, https:\/\/neue-herbold.com\/wp-content\/uploads\/2015\/01\/Stufentrockner-T-125-450x365.jpg 450w, https:\/\/neue-herbold.com\/wp-content\/uploads\/2015\/01\/Stufentrockner-T-125-600x487.jpg 600w, https:\/\/neue-herbold.com\/wp-content\/uploads\/2015\/01\/Stufentrockner-T-125-900x731.jpg 900w, https:\/\/neue-herbold.com\/wp-content\/uploads\/2015\/01\/Stufentrockner-T-125.jpg 1200w\" sizes=\"(max-width: 447px) 100vw, 447px\" \/><\/a><em><span style=\"color: #000000;\"><strong>Einsatz<\/strong> <\/span><\/em><br \/>\n <span style=\"color: #000000;\"><strong>NEUE HERBOLD<\/strong> Stufentrockner der Baureihe T wurden speziell zur schonenden Trocknung von Kunststoff-PET-Mahlg\u00fctern entwickelt.<\/span><\/p>\n<p><span style=\"color: #000000;\">Sie sind geeignet zum Abscheiden der Oberfl\u00e4chenfeuchtigkeit von gek\u00f6rnten Kunststoffen. Je nach Temperatur, Gr\u00f6\u00dfe und Struktur des Eingangsproduktes wird eine Oberfl\u00e4chen-Restfeuchte von ca. 1 bis 2 Gewichtsprozent erreicht.<\/span><\/p>\n<p><em><span style=\"color: #000000;\"><strong>Funktion<\/strong><\/span><\/em><br \/>\n <span style=\"color: #000000;\">Das Mahlgut-Wassergemisch wird dem Trockenraum \u00fcber die Eintragschnecke zugef\u00fchrt. Im Trockner wird das Mahlgut von einem mit Schaufeln best\u00fcckten Spezialrotor erfasst und durch den stufenf\u00f6rmig ausgebildeten Siebkorb transportiert. Durch diese Durchmesser-vergr\u00f6\u00dferung wird das Mahlgut im Eingang nur gering beschleunigt um dann von Stufe zu Stufe st\u00e4rker beschleunigt zu werden und damit die anhaftenden Wasserteilchen abzuschleudern. Bedingt durch die Rotor- und Siebkorbgeometrie werden die Teilchen schonend behandelt und die Feinteile auf ein Minimum reduziert.<\/span><\/p>\n<div id=\"attachment_3141\" style=\"width: 310px\" class=\"wp-caption alignleft\"><a style=\"color: #000000;\" href=\"https:\/\/neue-herbold.com\/wp-content\/uploads\/2015\/01\/Stufentrockner-T12_5.jpg\" target=\"_blank\"><img loading=\"lazy\" decoding=\"async\" aria-describedby=\"caption-attachment-3141\" class=\"wp-image-3141 size-medium\" src=\"https:\/\/neue-herbold.com\/wp-content\/uploads\/2015\/01\/Stufentrockner-T12_5-300x259.jpg\" alt=\"\" width=\"300\" height=\"259\" srcset=\"https:\/\/neue-herbold.com\/wp-content\/uploads\/2015\/01\/Stufentrockner-T12_5-300x259.jpg 300w, https:\/\/neue-herbold.com\/wp-content\/uploads\/2015\/01\/Stufentrockner-T12_5-1024x884.jpg 1024w, https:\/\/neue-herbold.com\/wp-content\/uploads\/2015\/01\/Stufentrockner-T12_5-100x86.jpg 100w, https:\/\/neue-herbold.com\/wp-content\/uploads\/2015\/01\/Stufentrockner-T12_5-150x129.jpg 150w, https:\/\/neue-herbold.com\/wp-content\/uploads\/2015\/01\/Stufentrockner-T12_5-200x172.jpg 200w, https:\/\/neue-herbold.com\/wp-content\/uploads\/2015\/01\/Stufentrockner-T12_5-450x388.jpg 450w, https:\/\/neue-herbold.com\/wp-content\/uploads\/2015\/01\/Stufentrockner-T12_5-600x518.jpg 600w, https:\/\/neue-herbold.com\/wp-content\/uploads\/2015\/01\/Stufentrockner-T12_5-900x777.jpg 900w, https:\/\/neue-herbold.com\/wp-content\/uploads\/2015\/01\/Stufentrockner-T12_5.jpg 1200w\" sizes=\"(max-width: 300px) 100vw, 300px\" \/><\/a><p id=\"caption-attachment-3141\" class=\"wp-caption-text\">Stufentrockner T12_5<\/p><\/div>\n<p>&nbsp;<\/p>\n<p><span style=\"color: #000000;\">\u00dcber den tangential angeordneten Austrittskanal verl\u00e4sst das getrocknete Produkt im Luftstrom den Trockner. Die abgeschiedenen Wasserteilchen werden zusammen mit den Feinteilen an der Geh\u00e4useunterseite ausgeschieden. Eine kontinuierliche Abreinigungsvorrichtung umkreist die Au\u00dfenseite des Siebkorbes und die Geh\u00e4useinnenwand. <\/span><\/p>\n<p>&nbsp;<\/p>\n<p>&nbsp;<\/p>\n<p>&nbsp;<\/p>\n<p>&nbsp;<\/p>\n<p><span style=\"color: #000000;\"><strong><em>Konstruktionsmerkmale<\/em><br \/>\n <\/strong><\/span><\/p>\n<ul>\n<li><span style=\"color: #000000;\">Geh\u00e4use, Rotor und Siebkorb aus Edelstahl<\/span><\/li>\n<li><span style=\"color: #000000;\">permanente Abreinigungsvorrichtung<\/span><\/li>\n<li><span style=\"color: #000000;\">geringe mechanische Belastung und daher reduzierter Feingutanteil<\/span><\/li>\n<li><span style=\"color: #000000;\">geringer Wartungsaufwand<\/span><\/li>\n<li><span style=\"color: #000000;\">Siebkorbausf\u00fchrung wahlweise rund<\/span><br \/>\n <span style=\"color: #000000;\">(schonende Produktbelastung) oder polygonal ( hohe Reinigungswirkung)<\/span><\/li>\n<\/ul>\n<div id=\"attachment_3144\" style=\"width: 310px\" class=\"wp-caption alignnone\"><a style=\"color: #000000;\" href=\"https:\/\/neue-herbold.com\/wp-content\/uploads\/2015\/01\/Siebkorb.jpg\" target=\"_blank\"><img loading=\"lazy\" decoding=\"async\" aria-describedby=\"caption-attachment-3144\" class=\"wp-image-3144 size-medium\" src=\"https:\/\/neue-herbold.com\/wp-content\/uploads\/2015\/01\/Siebkorb-300x215.jpg\" alt=\"Siebkorb\" width=\"300\" height=\"215\" srcset=\"https:\/\/neue-herbold.com\/wp-content\/uploads\/2015\/01\/Siebkorb-300x215.jpg 300w, https:\/\/neue-herbold.com\/wp-content\/uploads\/2015\/01\/Siebkorb-1024x736.jpg 1024w, https:\/\/neue-herbold.com\/wp-content\/uploads\/2015\/01\/Siebkorb-100x71.jpg 100w, https:\/\/neue-herbold.com\/wp-content\/uploads\/2015\/01\/Siebkorb-150x107.jpg 150w, https:\/\/neue-herbold.com\/wp-content\/uploads\/2015\/01\/Siebkorb-200x143.jpg 200w, https:\/\/neue-herbold.com\/wp-content\/uploads\/2015\/01\/Siebkorb-450x323.jpg 450w, https:\/\/neue-herbold.com\/wp-content\/uploads\/2015\/01\/Siebkorb-600x431.jpg 600w, https:\/\/neue-herbold.com\/wp-content\/uploads\/2015\/01\/Siebkorb-900x647.jpg 900w, https:\/\/neue-herbold.com\/wp-content\/uploads\/2015\/01\/Siebkorb.jpg 1200w\" sizes=\"(max-width: 300px) 100vw, 300px\" \/><\/a><p id=\"caption-attachment-3144\" class=\"wp-caption-text\">Siebkorb<\/p><\/div>\n<p>&nbsp;<\/p>\n<p><em><span style=\"color: #000000;\"><strong>Mechanische Abreinigung<\/strong><\/span><\/em><\/p>\n<p><span style=\"color: #000000;\">Die mechanische Abreinigung erfolgt durch Gummistreifen, die an zwei, den Siebkorb umkreisende Abreinigungsarmen befestigt sind. Dadurch wird die Siebau\u00dfenseite und die Geh\u00e4useinnenwand kontinuierlich abgereinigt. Diese Reinigungsarme werden durch einen Getriebemotor angetrieben<\/span><\/p>\n<p><em><span style=\"color: #000000;\"><strong>Baugr\u00f6\u00dfen<\/strong><\/span><\/em><\/p>\n<table style=\"height: 127px;\" width=\"534\">\n<tbody>\n<tr>\n<td>\n<p><span style=\"color: #000000;\"><strong>Typ<\/strong><\/span><\/p>\n<\/td>\n<td style=\"text-align: center;\">\n<p><span style=\"color: #000000;\"><strong>T 9\/5:<\/strong><\/span><\/p>\n<\/td>\n<td style=\"text-align: center;\">\n<p><span style=\"color: #000000;\"><strong>T 15\/5:<\/strong><\/span><\/p>\n<\/td>\n<td style=\"text-align: center;\">\n<p><span style=\"color: #000000;\"><strong>T 12\/5:<\/strong><\/span><\/p>\n<\/td>\n<td style=\"text-align: center;\">\n<p><span style=\"color: #000000;\"><strong><a href=\"https:\/\/neue-herbold.com\/wp-content\/uploads\/2015\/01\/T_Stufentrockner.pdf\" target=\"_blank\"><img loading=\"lazy\" decoding=\"async\" class=\"alignnone wp-image-5703\" src=\"https:\/\/neue-herbold.com\/wp-content\/uploads\/2014\/12\/PDF-ICON.jpg\" alt=\"PDF-ICON\" width=\"50\" height=\"48\" \/><\/a><\/strong><\/span><\/p>\n<\/td>\n<\/tr>\n<tr>\n<td><span style=\"color: #000000;\">Hauptantrieb<\/span><\/td>\n<td style=\"text-align: center;\"><span style=\"color: #000000;\">18,5 kW<\/span><\/td>\n<td style=\"text-align: center;\"><span style=\"color: #000000;\">37 kW<\/span><\/td>\n<td style=\"text-align: center;\"><span style=\"color: #000000;\">30 kW<\/span><\/td>\n<td style=\"text-align: center;\">\u00a0<\/td>\n<\/tr>\n<tr>\n<td><span style=\"color: #000000;\">Abreinigung<\/span><\/td>\n<td style=\"text-align: center;\"><span style=\"color: #000000;\">0,55 kW<\/span><\/td>\n<td style=\"text-align: center;\"><span style=\"color: #000000;\">0,75 kW<\/span><\/td>\n<td style=\"text-align: center;\"><span style=\"color: #000000;\">0,75 kW<\/span><\/td>\n<td style=\"text-align: center;\">\u00a0<\/td>\n<\/tr>\n<tr>\n<td><span style=\"color: #000000;\">Eintragschnecke<\/span><\/td>\n<td style=\"text-align: center;\">\u00a0<\/td>\n<td style=\"text-align: center;\"><span style=\"color: #000000;\">2,2 kW<\/span><\/td>\n<td style=\"text-align: center;\"><span style=\"color: #000000;\">2,2 kW<\/span><\/td>\n<td style=\"text-align: center;\">\u00a0<\/td>\n<\/tr>\n<tr>\n<td><span style=\"color: #000000;\">Durchsatzleistung<\/span><\/td>\n<td style=\"text-align: center;\"><span style=\"color: #000000;\">bis 0,5 to\/h<\/span><\/td>\n<td style=\"text-align: center;\"><span style=\"color: #000000;\">bis 2,2 to\/h<\/span><\/td>\n<td style=\"text-align: center;\"><span style=\"color: #000000;\">bis 1,2 to\/h<\/span><\/td>\n<td style=\"text-align: center;\">\u00a0<\/td>\n<\/tr>\n<\/tbody>\n<\/table>\n","protected":false},"excerpt":{"rendered":"<p><a style=\"color: #000000;\" href=\"https:\/\/neue-herbold.com\/wp-content\/uploads\/2015\/01\/Stufentrockner-T-125.jpg\" target=\"_blank\"><img loading=\"lazy\" decoding=\"async\" class=\"alignright wp-image-3142\" src=\"https:\/\/neue-herbold.com\/wp-content\/uploads\/2015\/01\/Stufentrockner-T-125-1024x832.jpg\" title=\"Mechanischer Stufentrockner\" alt=\"Mechanischer Stufentrockner\" width=\"447\" height=\"363\" srcset=\"https:\/\/neue-herbold.com\/wp-content\/uploads\/2015\/01\/Stufentrockner-T-125-1024x832.jpg 1024w, https:\/\/neue-herbold.com\/wp-content\/uploads\/2015\/01\/Stufentrockner-T-125-300x243.jpg 300w, https:\/\/neue-herbold.com\/wp-content\/uploads\/2015\/01\/Stufentrockner-T-125-100x81.jpg 100w, https:\/\/neue-herbold.com\/wp-content\/uploads\/2015\/01\/Stufentrockner-T-125-150x121.jpg 150w, https:\/\/neue-herbold.com\/wp-content\/uploads\/2015\/01\/Stufentrockner-T-125-200x162.jpg 200w, https:\/\/neue-herbold.com\/wp-content\/uploads\/2015\/01\/Stufentrockner-T-125-450x365.jpg 450w, https:\/\/neue-herbold.com\/wp-content\/uploads\/2015\/01\/Stufentrockner-T-125-600x487.jpg 600w, https:\/\/neue-herbold.com\/wp-content\/uploads\/2015\/01\/Stufentrockner-T-125-900x731.jpg 900w, https:\/\/neue-herbold.com\/wp-content\/uploads\/2015\/01\/Stufentrockner-T-125.jpg 1200w\" sizes=\"(max-width: 447px) 100vw, 447px\" \/><\/a><em><span style=\"color: #000000;\"><strong>Einsatz<\/strong> <\/span><\/em><br \/>\n <span style=\"color: #000000;\"><strong>NEUE HERBOLD<\/strong> Stufentrockner der Baureihe T wurden speziell zur schonenden Trocknung von Kunststoff-PET-Mahlg\u00fctern entwickelt.<\/span><\/p>\n<p><span style=\"color: #000000;\">Sie sind geeignet zum Abscheiden der Oberfl\u00e4chenfeuchtigkeit von gek\u00f6rnten Kunststoffen.<\/span><\/p>\n<p><span class=\"ellipsis\">&hellip;<\/span><\/p>\n<div class=\"read-more\"><a href=\"https:\/\/neue-herbold.com\/de\/mechanischer-stufentrockner-t\/\">Weiterlesen \u203a<\/a><\/div>\n<p><!-- end of .read-more --><\/p>\n","protected":false},"author":1,"featured_media":0,"parent":0,"menu_order":0,"comment_status":"closed","ping_status":"closed","template":"","meta":{"footnotes":""},"class_list":["post-8079","page","type-page","status-publish","hentry"],"yoast_head":"<!-- This site is optimized with the Yoast SEO plugin v25.4 - https:\/\/yoast.com\/wordpress\/plugins\/seo\/ -->\n<title>Mechanischer Stufentrockner T - Neue Herbold GmbH<\/title>\n<meta name=\"description\" content=\"NEUE HERBOLD Stufentrockner der Baureihe T wurden speziell zur schonenden Trocknung von Kunststoff-PET-Mahlg\u00fctern entwickelt.\" \/>\n<meta name=\"robots\" content=\"index, follow, max-snippet:-1, max-image-preview:large, max-video-preview:-1\" \/>\n<link rel=\"canonical\" href=\"https:\/\/neue-herbold.com\/de\/mechanischer-stufentrockner-t\/\" \/>\n<meta property=\"og:locale\" content=\"de_DE\" \/>\n<meta property=\"og:type\" content=\"article\" \/>\n<meta property=\"og:title\" content=\"Mechanischer Stufentrockner T - Neue Herbold GmbH\" \/>\n<meta property=\"og:description\" content=\"NEUE HERBOLD Stufentrockner der Baureihe T wurden speziell zur schonenden Trocknung von Kunststoff-PET-Mahlg\u00fctern entwickelt.\" \/>\n<meta property=\"og:url\" content=\"https:\/\/neue-herbold.com\/de\/mechanischer-stufentrockner-t\/\" \/>\n<meta property=\"og:site_name\" content=\"Neue Herbold GmbH\" \/>\n<meta property=\"article:modified_time\" content=\"2016-06-07T11:14:02+00:00\" \/>\n<meta property=\"og:image\" content=\"https:\/\/neue-herbold.com\/wp-content\/uploads\/2015\/01\/Stufentrockner-T-125-1024x832.jpg\" \/>\n<meta name=\"twitter:label1\" content=\"Gesch\u00e4tzte Lesezeit\" \/>\n\t<meta name=\"twitter:data1\" content=\"1\u00a0Minute\" \/>\n<script type=\"application\/ld+json\" class=\"yoast-schema-graph\">{\"@context\":\"https:\/\/schema.org\",\"@graph\":[{\"@type\":\"WebPage\",\"@id\":\"https:\/\/neue-herbold.com\/de\/mechanischer-stufentrockner-t\/\",\"url\":\"https:\/\/neue-herbold.com\/de\/mechanischer-stufentrockner-t\/\",\"name\":\"Mechanischer Stufentrockner T - Neue Herbold GmbH\",\"isPartOf\":{\"@id\":\"https:\/\/neue-herbold.com\/en\/#website\"},\"primaryImageOfPage\":{\"@id\":\"https:\/\/neue-herbold.com\/de\/mechanischer-stufentrockner-t\/#primaryimage\"},\"image\":{\"@id\":\"https:\/\/neue-herbold.com\/de\/mechanischer-stufentrockner-t\/#primaryimage\"},\"thumbnailUrl\":\"https:\/\/neue-herbold.com\/wp-content\/uploads\/2015\/01\/Stufentrockner-T-125-1024x832.jpg\",\"datePublished\":\"2016-06-03T01:22:58+00:00\",\"dateModified\":\"2016-06-07T11:14:02+00:00\",\"description\":\"NEUE HERBOLD Stufentrockner der Baureihe T wurden speziell zur schonenden Trocknung von Kunststoff-PET-Mahlg\u00fctern entwickelt.\",\"breadcrumb\":{\"@id\":\"https:\/\/neue-herbold.com\/de\/mechanischer-stufentrockner-t\/#breadcrumb\"},\"inLanguage\":\"de\",\"potentialAction\":[{\"@type\":\"ReadAction\",\"target\":[\"https:\/\/neue-herbold.com\/de\/mechanischer-stufentrockner-t\/\"]}]},{\"@type\":\"ImageObject\",\"inLanguage\":\"de\",\"@id\":\"https:\/\/neue-herbold.com\/de\/mechanischer-stufentrockner-t\/#primaryimage\",\"url\":\"https:\/\/neue-herbold.com\/wp-content\/uploads\/2015\/01\/Stufentrockner-T-125-1024x832.jpg\",\"contentUrl\":\"https:\/\/neue-herbold.com\/wp-content\/uploads\/2015\/01\/Stufentrockner-T-125-1024x832.jpg\"},{\"@type\":\"BreadcrumbList\",\"@id\":\"https:\/\/neue-herbold.com\/de\/mechanischer-stufentrockner-t\/#breadcrumb\",\"itemListElement\":[{\"@type\":\"ListItem\",\"position\":1,\"name\":\"Startseite\",\"item\":\"https:\/\/neue-herbold.com\/de\/\"},{\"@type\":\"ListItem\",\"position\":2,\"name\":\"Mechanischer Stufentrockner T\"}]},{\"@type\":\"WebSite\",\"@id\":\"https:\/\/neue-herbold.com\/en\/#website\",\"url\":\"https:\/\/neue-herbold.com\/en\/\",\"name\":\"Neue Herbold GmbH\",\"description\":\"\",\"potentialAction\":[{\"@type\":\"SearchAction\",\"target\":{\"@type\":\"EntryPoint\",\"urlTemplate\":\"https:\/\/neue-herbold.com\/en\/?s={search_term_string}\"},\"query-input\":{\"@type\":\"PropertyValueSpecification\",\"valueRequired\":true,\"valueName\":\"search_term_string\"}}],\"inLanguage\":\"de\"}]}<\/script>\n<!-- \/ Yoast SEO plugin. -->","yoast_head_json":{"title":"Mechanischer Stufentrockner T - Neue Herbold GmbH","description":"NEUE HERBOLD Stufentrockner der Baureihe T wurden speziell zur schonenden Trocknung von Kunststoff-PET-Mahlg\u00fctern entwickelt.","robots":{"index":"index","follow":"follow","max-snippet":"max-snippet:-1","max-image-preview":"max-image-preview:large","max-video-preview":"max-video-preview:-1"},"canonical":"https:\/\/neue-herbold.com\/de\/mechanischer-stufentrockner-t\/","og_locale":"de_DE","og_type":"article","og_title":"Mechanischer Stufentrockner T - Neue Herbold GmbH","og_description":"NEUE HERBOLD Stufentrockner der Baureihe T wurden speziell zur schonenden Trocknung von Kunststoff-PET-Mahlg\u00fctern entwickelt.","og_url":"https:\/\/neue-herbold.com\/de\/mechanischer-stufentrockner-t\/","og_site_name":"Neue Herbold GmbH","article_modified_time":"2016-06-07T11:14:02+00:00","og_image":[{"url":"https:\/\/neue-herbold.com\/wp-content\/uploads\/2015\/01\/Stufentrockner-T-125-1024x832.jpg","type":"","width":"","height":""}],"twitter_misc":{"Gesch\u00e4tzte Lesezeit":"1\u00a0Minute"},"schema":{"@context":"https:\/\/schema.org","@graph":[{"@type":"WebPage","@id":"https:\/\/neue-herbold.com\/de\/mechanischer-stufentrockner-t\/","url":"https:\/\/neue-herbold.com\/de\/mechanischer-stufentrockner-t\/","name":"Mechanischer Stufentrockner T - Neue Herbold GmbH","isPartOf":{"@id":"https:\/\/neue-herbold.com\/en\/#website"},"primaryImageOfPage":{"@id":"https:\/\/neue-herbold.com\/de\/mechanischer-stufentrockner-t\/#primaryimage"},"image":{"@id":"https:\/\/neue-herbold.com\/de\/mechanischer-stufentrockner-t\/#primaryimage"},"thumbnailUrl":"https:\/\/neue-herbold.com\/wp-content\/uploads\/2015\/01\/Stufentrockner-T-125-1024x832.jpg","datePublished":"2016-06-03T01:22:58+00:00","dateModified":"2016-06-07T11:14:02+00:00","description":"NEUE HERBOLD Stufentrockner der Baureihe T wurden speziell zur schonenden Trocknung von Kunststoff-PET-Mahlg\u00fctern entwickelt.","breadcrumb":{"@id":"https:\/\/neue-herbold.com\/de\/mechanischer-stufentrockner-t\/#breadcrumb"},"inLanguage":"de","potentialAction":[{"@type":"ReadAction","target":["https:\/\/neue-herbold.com\/de\/mechanischer-stufentrockner-t\/"]}]},{"@type":"ImageObject","inLanguage":"de","@id":"https:\/\/neue-herbold.com\/de\/mechanischer-stufentrockner-t\/#primaryimage","url":"https:\/\/neue-herbold.com\/wp-content\/uploads\/2015\/01\/Stufentrockner-T-125-1024x832.jpg","contentUrl":"https:\/\/neue-herbold.com\/wp-content\/uploads\/2015\/01\/Stufentrockner-T-125-1024x832.jpg"},{"@type":"BreadcrumbList","@id":"https:\/\/neue-herbold.com\/de\/mechanischer-stufentrockner-t\/#breadcrumb","itemListElement":[{"@type":"ListItem","position":1,"name":"Startseite","item":"https:\/\/neue-herbold.com\/de\/"},{"@type":"ListItem","position":2,"name":"Mechanischer Stufentrockner T"}]},{"@type":"WebSite","@id":"https:\/\/neue-herbold.com\/en\/#website","url":"https:\/\/neue-herbold.com\/en\/","name":"Neue Herbold GmbH","description":"","potentialAction":[{"@type":"SearchAction","target":{"@type":"EntryPoint","urlTemplate":"https:\/\/neue-herbold.com\/en\/?s={search_term_string}"},"query-input":{"@type":"PropertyValueSpecification","valueRequired":true,"valueName":"search_term_string"}}],"inLanguage":"de"}]}},"_links":{"self":[{"href":"https:\/\/neue-herbold.com\/de\/wp-json\/wp\/v2\/pages\/8079"}],"collection":[{"href":"https:\/\/neue-herbold.com\/de\/wp-json\/wp\/v2\/pages"}],"about":[{"href":"https:\/\/neue-herbold.com\/de\/wp-json\/wp\/v2\/types\/page"}],"author":[{"embeddable":true,"href":"https:\/\/neue-herbold.com\/de\/wp-json\/wp\/v2\/users\/1"}],"replies":[{"embeddable":true,"href":"https:\/\/neue-herbold.com\/de\/wp-json\/wp\/v2\/comments?post=8079"}],"version-history":[{"count":3,"href":"https:\/\/neue-herbold.com\/de\/wp-json\/wp\/v2\/pages\/8079\/revisions"}],"predecessor-version":[{"id":9637,"href":"https:\/\/neue-herbold.com\/de\/wp-json\/wp\/v2\/pages\/8079\/revisions\/9637"}],"wp:attachment":[{"href":"https:\/\/neue-herbold.com\/de\/wp-json\/wp\/v2\/media?parent=8079"}],"curies":[{"name":"wp","href":"https:\/\/api.w.org\/{rel}","templated":true}]}}