{"id":8031,"date":"2016-06-03T02:29:18","date_gmt":"2016-06-03T00:29:18","guid":{"rendered":"https:\/\/neue-herbold.com\/de\/?page_id=8031"},"modified":"2019-10-16T15:14:09","modified_gmt":"2019-10-16T13:14:09","slug":"waschanlagen","status":"publish","type":"page","link":"https:\/\/neue-herbold.com\/de\/waschanlagen\/","title":{"rendered":"Waschanlagen"},"content":{"rendered":"<p><span style=\"color: #000000;\"><strong><a style=\"color: #0000ff;\" href=\"https:\/\/neue-herbold.com\/wp-content\/uploads\/2014\/12\/Waschanlage.jpg\" target=\"_blank\" rel=\"noopener noreferrer\"><img loading=\"lazy\" decoding=\"async\" class=\"aligncenter wp-image-3052 size-large\" src=\"https:\/\/neue-herbold.com\/wp-content\/uploads\/2014\/12\/Waschanlage-1024x819.jpg\" alt=\"Waschanlage\" width=\"605\" height=\"483\" srcset=\"https:\/\/neue-herbold.com\/wp-content\/uploads\/2014\/12\/Waschanlage-1024x819.jpg 1024w, https:\/\/neue-herbold.com\/wp-content\/uploads\/2014\/12\/Waschanlage-300x240.jpg 300w, https:\/\/neue-herbold.com\/wp-content\/uploads\/2014\/12\/Waschanlage-100x80.jpg 100w, https:\/\/neue-herbold.com\/wp-content\/uploads\/2014\/12\/Waschanlage-150x120.jpg 150w, https:\/\/neue-herbold.com\/wp-content\/uploads\/2014\/12\/Waschanlage-200x160.jpg 200w, https:\/\/neue-herbold.com\/wp-content\/uploads\/2014\/12\/Waschanlage-450x360.jpg 450w, https:\/\/neue-herbold.com\/wp-content\/uploads\/2014\/12\/Waschanlage-600x480.jpg 600w, https:\/\/neue-herbold.com\/wp-content\/uploads\/2014\/12\/Waschanlage-900x720.jpg 900w, https:\/\/neue-herbold.com\/wp-content\/uploads\/2014\/12\/Waschanlage.jpg 1200w\" sizes=\"(max-width: 605px) 100vw, 605px\" \/><\/a>Ma\u00dfgeschneiderte Waschanlagen \/ Recyclinganlagen f\u00fcr die Aufbereitung von verschmutzten Kunststoffen<\/strong><\/span><\/p>\n<p><span style=\"color: #000000;\">Wir fertigen und vertreiben komplette Waschanlagen zum Aufbereiten von Kunststoffabf\u00e4llen. Um verschmutzte Kunststoffabf\u00e4lle regranulieren zu k\u00f6nnen m\u00fcssen diese Kunststoffabf\u00e4lle zuvor zerkleinert, gewaschen und eventuell getrennt werden. Die Vorstufe vor der Regranulierung wird mit einer Neue Herbold Waschanlage in hoher Qualit\u00e4t und mit der gew\u00fcnschten Quantit\u00e4t erreicht.<\/span><\/p>\n<h2>Kunststoff Recycling Systeme<\/h2>\n<div id=\"attachment_3060\" style=\"width: 310px\" class=\"wp-caption alignleft\"><a style=\"color: #0000ff;\" href=\"https:\/\/neue-herbold.com\/wp-content\/uploads\/2014\/12\/Folienwasch.jpg\" target=\"_blank\" rel=\"noopener noreferrer\"><img loading=\"lazy\" decoding=\"async\" aria-describedby=\"caption-attachment-3060\" class=\"wp-image-3060\" src=\"https:\/\/neue-herbold.com\/wp-content\/uploads\/2014\/12\/Folienwasch-1024x768.jpg\" alt=\"\" width=\"300\" height=\"225\" srcset=\"https:\/\/neue-herbold.com\/wp-content\/uploads\/2014\/12\/Folienwasch-1024x768.jpg 1024w, https:\/\/neue-herbold.com\/wp-content\/uploads\/2014\/12\/Folienwasch-300x225.jpg 300w, https:\/\/neue-herbold.com\/wp-content\/uploads\/2014\/12\/Folienwasch-100x75.jpg 100w, https:\/\/neue-herbold.com\/wp-content\/uploads\/2014\/12\/Folienwasch-150x112.jpg 150w, https:\/\/neue-herbold.com\/wp-content\/uploads\/2014\/12\/Folienwasch-200x150.jpg 200w, https:\/\/neue-herbold.com\/wp-content\/uploads\/2014\/12\/Folienwasch-450x337.jpg 450w, https:\/\/neue-herbold.com\/wp-content\/uploads\/2014\/12\/Folienwasch-600x450.jpg 600w, https:\/\/neue-herbold.com\/wp-content\/uploads\/2014\/12\/Folienwasch-900x675.jpg 900w, https:\/\/neue-herbold.com\/wp-content\/uploads\/2014\/12\/Folienwasch.jpg 1200w\" sizes=\"(max-width: 300px) 100vw, 300px\" \/><\/a><p id=\"caption-attachment-3060\" class=\"wp-caption-text\">Kunststoff-Waschanlage<\/p><\/div>\n<p><span style=\"color: #000000;\"><strong>F\u00fcr das Recyceln eignen <br \/>\nsich Kunststoffabf\u00e4lle wie z.B.:<\/strong><br \/>\n<\/span><\/p>\n<ul>\n<li><span style=\"color: #000000;\">Folien aus Industrie, Gewerbe, Landwirtschaft, Haushalt (Sammlung \/ DSD) sowie D\u00fcnnfolien und Stretchfolien<\/span><\/li>\n<li><span style=\"color: #000000;\">PET Flaschen (lose oder auch gepre\u00dft)<\/span><\/li>\n<li><span style=\"color: #000000;\">Flaschen und Beh\u00e4lter aus HDPE<\/span><\/li>\n<li><span style=\"color: #000000;\">Container, Flaschenk\u00e4sten, M\u00fclltonnen<\/span><\/li>\n<li><span style=\"color: #000000;\">PVC Fensterprofile, Batteriek\u00e4sten, Big-Bags und Fasern<\/span><\/li>\n<\/ul>\n<p><strong><span style=\"color: #000000;\">Je nach Anwendung, Material und Verschmutzungsgrad kann eine Recyclinganlage aus folgenden Komponenten bestehen:<\/span><\/strong><\/p>\n<ul>\n<li><span style=\"color: #000000;\"><a style=\"color: #0000ff;\" href=\"https:\/\/neue-herbold.com\/de\/einwellenschredder-hzr\/\">Schredder<\/a><\/span><\/li>\n<li><span style=\"color: #000000;\"><a style=\"color: #0000ff;\" href=\"https:\/\/neue-herbold.com\/de\/uebersicht-baureihen-schneidmuehlen\/\">Trockenschneidm\u00fchle- oder Nassschneidm\u00fchle<\/a><\/span><\/li>\n<li><span style=\"color: #000000;\">Schwergut-Rinne<\/span><\/li>\n<li><span style=\"color: #000000;\"><a style=\"color: #0000ff;\" href=\"https:\/\/neue-herbold.com\/de\/metallsuchspulen\/\">Metallabscheider<\/a><\/span><\/li>\n<li><span style=\"color: #000000;\"><a style=\"color: #0000ff;\" href=\"https:\/\/neue-herbold.com\/de\/friktionswaescher\/\">Friktionsw\u00e4scher (Friktionsabscheider)<\/a><\/span><\/li>\n<li><span style=\"color: #000000;\"><a style=\"color: #0000ff;\" href=\"https:\/\/neue-herbold.com\/de\/intensivwaescher-iw\/\">Intensivw\u00e4scher<\/a><\/span><\/li>\n<li><span style=\"color: #000000;\"><a style=\"color: #0000ff;\" href=\"https:\/\/neue-herbold.com\/de\/trennbehaelter-tb\/\">Schwimm-Sink-Tank (Trenntank \/ Trennbeh\u00e4lter)<\/a><\/span><\/li>\n<li><a href=\"https:\/\/neue-herbold.com\/de\/waschtrommel\/\">Waschtrommel<\/a><\/li>\n<li><span style=\"color: #000000;\">Entw\u00e4sserungsschnecken<\/span><\/li>\n<li><span style=\"color: #000000;\"><a style=\"color: #0000ff;\" href=\"https:\/\/neue-herbold.com\/de\/mechanische-trockner-tm\/\">Mechanischer Trockner<\/a><\/span><\/li>\n<li><a href=\"https:\/\/neue-herbold.com\/de\/mechanische-trockner-t\/\">Mechanischer Stufentrockner<\/a><\/li>\n<li><span style=\"color: #000000;\"><a style=\"color: #0000ff;\" href=\"https:\/\/neue-herbold.com\/de\/thermische-trockner-tt\/\">Thermischer Trockner<\/a><\/span><\/li>\n<li><span style=\"color: #000000;\">Materialtrennung<\/span><\/li>\n<li><span style=\"color: #000000;\"><a style=\"color: #0000ff;\" href=\"https:\/\/neue-herbold.com\/de\/taumelsiebmaschine-tsm\/\">Siebmaschine<\/a><\/span><\/li>\n<li><span style=\"color: #000000;\">Windsichter \/ <a style=\"color: #0000ff;\" href=\"https:\/\/neue-herbold.com\/de\/zick-zack-sichter-zs\/\">Zick-Zack-Sichter<\/a> \/ <a style=\"color: #0000ff;\" href=\"https:\/\/neue-herbold.com\/de\/feingutabscheider-hs\/\">Feingutabscheider<\/a><\/span><\/li>\n<li><span style=\"color: #000000;\">Verschiedene Materialtransportanlagen<\/span><\/li>\n<li><span style=\"color: #000000;\"><a style=\"color: #0000ff;\" href=\"https:\/\/neue-herbold.com\/de\/absauganlagen\/\">Absauganlagen<\/a><\/span><\/li>\n<li><span style=\"color: #000000;\">Elektrische Steuerung<\/span><\/li>\n<li><span style=\"color: #000000;\">Wasseraufbereitung<\/span><\/li>\n<\/ul>\n<p style=\"text-align: left;\"><span style=\"color: #000000;\"><a style=\"color: #0000ff;\" href=\"https:\/\/neue-herbold.com\/wp-content\/uploads\/2014\/12\/Schwimm-Sink-Tank.jpg\" target=\"_blank\" rel=\"noopener noreferrer\"><img loading=\"lazy\" decoding=\"async\" class=\"alignleft wp-image-3055\" src=\"https:\/\/neue-herbold.com\/wp-content\/uploads\/2014\/12\/Schwimm-Sink-Tank-1024x768.jpg\" alt=\"\" width=\"300\" height=\"225\" srcset=\"https:\/\/neue-herbold.com\/wp-content\/uploads\/2014\/12\/Schwimm-Sink-Tank-1024x768.jpg 1024w, https:\/\/neue-herbold.com\/wp-content\/uploads\/2014\/12\/Schwimm-Sink-Tank-300x225.jpg 300w, https:\/\/neue-herbold.com\/wp-content\/uploads\/2014\/12\/Schwimm-Sink-Tank-100x75.jpg 100w, https:\/\/neue-herbold.com\/wp-content\/uploads\/2014\/12\/Schwimm-Sink-Tank-150x112.jpg 150w, https:\/\/neue-herbold.com\/wp-content\/uploads\/2014\/12\/Schwimm-Sink-Tank-200x150.jpg 200w, https:\/\/neue-herbold.com\/wp-content\/uploads\/2014\/12\/Schwimm-Sink-Tank-450x337.jpg 450w, https:\/\/neue-herbold.com\/wp-content\/uploads\/2014\/12\/Schwimm-Sink-Tank-600x450.jpg 600w, https:\/\/neue-herbold.com\/wp-content\/uploads\/2014\/12\/Schwimm-Sink-Tank-900x675.jpg 900w, https:\/\/neue-herbold.com\/wp-content\/uploads\/2014\/12\/Schwimm-Sink-Tank.jpg 1200w\" sizes=\"(max-width: 300px) 100vw, 300px\" \/><\/a> <\/span><\/p>\n<p style=\"text-align: left;\"><span style=\"color: #000000;\">Jahrzehnte lange Erfahrung im Maschinen- und Anlagenbau und hervorragende Referenzen sind ein Garant f\u00fcr die erfolgreiche Realisierung von individuellen, ma\u00dfgeschneiderten Recyclingprojekten. Die St\u00e4rke des Unternehmens <strong>NEUE HERBOLD<\/strong> liegt in der sehr hohen Fertigungstiefe und der daraus resultierenden Erfahrung in Engineering und Fertigung von Komponenten und Anlagen, sowie in einer hohen Fertigungsqualit\u00e4t. Dies wiederum, schl\u00e4gt sich in einer sehr hohen Langlebigkeit und Zuverl\u00e4ssigkeit der gelieferten Recyclinganlagen nieder.<\/span><\/p>\n<h2 style=\"text-align: left;\">Kunststoff Recycling Systeme&#8230;<\/h2>\n<p style=\"text-align: left;\"><strong><span style=\"color: #000000;\">&#8230;alles aus einer Hand bedeutet, dass von der Konzeption \u00fcber Engineering, Fertigung, Montage, Inbetriebnahme und Service alles von einem Ansprechpartner geliefert wird.<\/span><\/strong><\/p>\n<p><em><span style=\"color: #000000;\"><strong>Beispielhafte Anlagenkonzeptionierung:<\/strong><\/span><\/em><\/p>\n<p><span style=\"color: #000000;\">Recyclinganlage f\u00fcr die Aufbereitung \/ <a style=\"color: #0000ff;\" href=\"https:\/\/neue-herbold.com\/de\/recycling-pet-flaschen\/\">Recycling von PET Flaschen<\/a><\/span><\/p>\n<p><span style=\"color: #000000;\">Recyclinganlage f\u00fcr die Aufbereitung \/ <a style=\"color: #0000ff;\" href=\"https:\/\/neue-herbold.com\/de\/recycling-getraenkekaesten-pe-pp\/\">Recycling von Getr\u00e4nkek\u00e4sten<\/a><\/span><\/p>\n<p><span style=\"color: #000000;\">Recyclinganlage f\u00fcr die Aufbereitung \/ <a style=\"color: #0000ff;\" href=\"https:\/\/neue-herbold.com\/de\/recycling-folienabfaelle-pe-pp\/\">Recycling von PE \/ PP Folienabfall<\/a><\/span><\/p>\n<p style=\"text-align: left;\"><strong><em>Produktvideo:<\/em><\/strong><em><strong> Recycling von PE Folienabfall auf einer Zerkleingerung- Wasch- und Trocknungsanlage.<br \/>\n<\/strong><\/em><\/p>\n<p><iframe loading=\"lazy\" src=\"\/\/www.youtube.com\/embed\/whLeOhWrZXs\" width=\"560\" height=\"315\" frameborder=\"0\" allowfullscreen=\"allowfullscreen\"><span style=\"display: inline-block; width: 0px; overflow: hidden; line-height: 0;\" data-mce-type=\"bookmark\" class=\"mce_SELRES_start\">\ufeff<\/span><\/iframe><\/p>\n<p><strong><em>Produktvideo:<\/em><\/strong><em><strong> Recycling von Agrarfolien.<br \/>\n<\/strong><\/em><\/p>\n<div id=\"bcP6j72Fvj\" data-borlabs-cookie-blocked-content><div class=\"borlabs-cookie-bct bc-bct-video bc-bct-youtube\"> <p class=\"bc-thumbnail\"><img src=\"https:\/\/neue-herbold.com\/wp-content\/cache\/borlabs_cookie\/-bs5NEf7veg_sddefault.jpg\" alt=\"YouTube\"><\/p> <div class=\"bc-text\"> <p>Zum Schutz Ihrer pers\u00f6nlichen Daten wurde Ihre Verbindung zu YouTube blockiert. <br> Klicken Sie auf <strong> Video laden<\/strong>, um die Blockierung von YouTube aufzuheben. <br> Durch das Laden des Videos akzeptieren Sie die Datenschutzbestimmungen von YouTube. <br>Weitere Informationen zu den Datenschutzbestimmungen von YouTube finden Sie hier: <br><a href=\"https:\/\/policies.google.com\/privacy\" target=\"_blank\" rel=\"nofollow\">Google - Datenschutzerkl\u00e4rung<\/a><\/p> <p><label><input type=\"checkbox\" name=\"unblockAll\" value=\"1\" > K\u00fcnftig keine Videos von YouTube blockieren <\/label> <a role=\"button\" data-borlabs-cookie-unblock>Video laden<\/a><\/p> <\/div> <\/div><\/div>\n<p><strong><em>Video: <\/em><\/strong><em><strong>Aufbereitung von verschmutzten Polyethylen Flaschen und Beh\u00e4ltern<\/strong><\/em><\/p>\n<p>Aggregate: Einwellenshredder, F\u00f6rderband (mit Metallsuchbr\u00fccke), Schneidm\u00fchle SM, Friktionsw\u00e4scher FW, mech. Trockner TM, Absauganlage mit Zyklon, Zick-Zack-Sichter ZS, Big-Bag Gestell.<\/p>\n<div id=\"bcjOAxQspr\" data-borlabs-cookie-blocked-content><div class=\"borlabs-cookie-bct bc-bct-video bc-bct-youtube\"> <p class=\"bc-thumbnail\"><img src=\"https:\/\/neue-herbold.com\/wp-content\/cache\/borlabs_cookie\/dqd5KiCyupA_sddefault.jpg\" alt=\"YouTube\"><\/p> <div class=\"bc-text\"> <p>Zum Schutz Ihrer pers\u00f6nlichen Daten wurde Ihre Verbindung zu YouTube blockiert. <br> Klicken Sie auf <strong> Video laden<\/strong>, um die Blockierung von YouTube aufzuheben. <br> Durch das Laden des Videos akzeptieren Sie die Datenschutzbestimmungen von YouTube. <br>Weitere Informationen zu den Datenschutzbestimmungen von YouTube finden Sie hier: <br><a href=\"https:\/\/policies.google.com\/privacy\" target=\"_blank\" rel=\"nofollow\">Google - Datenschutzerkl\u00e4rung<\/a><\/p> <p><label><input type=\"checkbox\" name=\"unblockAll\" value=\"1\" > K\u00fcnftig keine Videos von YouTube blockieren <\/label> <a role=\"button\" data-borlabs-cookie-unblock>Video laden<\/a><\/p> <\/div> <\/div><\/div>\n<p><em><strong>Schemazeichnung: Waschanlage<\/strong><\/em><\/p>\n<p><a style=\"color: #0000ff;\" href=\"https:\/\/neue-herbold.com\/wp-content\/uploads\/2014\/12\/fliesschema_pe-anlage.gif\" target=\"_blank\" rel=\"noopener noreferrer\"><img loading=\"lazy\" decoding=\"async\" class=\"alignnone wp-image-3061 size-full\" src=\"https:\/\/neue-herbold.com\/wp-content\/uploads\/2014\/12\/fliesschema_pe-anlage.gif\" alt=\"\" width=\"1000\" height=\"771\" \/><\/a><\/p>\n","protected":false},"excerpt":{"rendered":"<p><span style=\"color: #000000;\"><strong><a style=\"color: #0000ff;\" href=\"https:\/\/neue-herbold.com\/wp-content\/uploads\/2014\/12\/Waschanlage.jpg\" target=\"_blank\" rel=\"noopener noreferrer\"><img loading=\"lazy\" decoding=\"async\" class=\"aligncenter wp-image-3052 size-large\" src=\"https:\/\/neue-herbold.com\/wp-content\/uploads\/2014\/12\/Waschanlage-1024x819.jpg\" alt=\"Waschanlage\" width=\"605\" height=\"483\" srcset=\"https:\/\/neue-herbold.com\/wp-content\/uploads\/2014\/12\/Waschanlage-1024x819.jpg 1024w, https:\/\/neue-herbold.com\/wp-content\/uploads\/2014\/12\/Waschanlage-300x240.jpg 300w, https:\/\/neue-herbold.com\/wp-content\/uploads\/2014\/12\/Waschanlage-100x80.jpg 100w, https:\/\/neue-herbold.com\/wp-content\/uploads\/2014\/12\/Waschanlage-150x120.jpg 150w, https:\/\/neue-herbold.com\/wp-content\/uploads\/2014\/12\/Waschanlage-200x160.jpg 200w, https:\/\/neue-herbold.com\/wp-content\/uploads\/2014\/12\/Waschanlage-450x360.jpg 450w, https:\/\/neue-herbold.com\/wp-content\/uploads\/2014\/12\/Waschanlage-600x480.jpg 600w, https:\/\/neue-herbold.com\/wp-content\/uploads\/2014\/12\/Waschanlage-900x720.jpg 900w, https:\/\/neue-herbold.com\/wp-content\/uploads\/2014\/12\/Waschanlage.jpg 1200w\" sizes=\"(max-width: 605px) 100vw, 605px\" \/><\/a>Ma\u00dfgeschneiderte Waschanlagen \/ Recyclinganlagen f\u00fcr die Aufbereitung von verschmutzten Kunststoffen<\/strong><\/span><\/p>\n<p><span style=\"color: #000000;\">Wir fertigen und vertreiben komplette Waschanlagen zum Aufbereiten von Kunststoffabf\u00e4llen. Um verschmutzte Kunststoffabf\u00e4lle regranulieren zu k\u00f6nnen m\u00fcssen diese Kunststoffabf\u00e4lle zuvor zerkleinert,<\/span><\/p>\n<p><span class=\"ellipsis\">&hellip;<\/span><\/p>\n<div class=\"read-more\"><a href=\"https:\/\/neue-herbold.com\/de\/waschanlagen\/\">Weiterlesen \u203a<\/a><\/div>\n<p><!-- end of .read-more --><\/p>\n","protected":false},"author":1,"featured_media":0,"parent":0,"menu_order":0,"comment_status":"closed","ping_status":"closed","template":"","meta":{"footnotes":""},"class_list":["post-8031","page","type-page","status-publish","hentry"],"yoast_head":"<!-- This site is optimized with the Yoast SEO plugin v25.4 - https:\/\/yoast.com\/wordpress\/plugins\/seo\/ -->\n<title>Waschanlagen - Neue Herbold GmbH<\/title>\n<meta name=\"description\" content=\"Ma\u00dfgeschneiderte Waschanlagen \/ Recyclinganlagen f\u00fcr die Aufbereitung von verschmutzten Kunststoffen Wir fertigen und vertreiben komplette Waschanlagen zum\" \/>\n<meta name=\"robots\" content=\"index, follow, max-snippet:-1, max-image-preview:large, max-video-preview:-1\" \/>\n<link rel=\"canonical\" href=\"https:\/\/neue-herbold.com\/de\/waschanlagen\/\" \/>\n<meta property=\"og:locale\" content=\"de_DE\" \/>\n<meta property=\"og:type\" content=\"article\" \/>\n<meta property=\"og:title\" content=\"Waschanlagen - Neue Herbold GmbH\" \/>\n<meta property=\"og:description\" content=\"Ma\u00dfgeschneiderte Waschanlagen \/ Recyclinganlagen f\u00fcr die Aufbereitung von verschmutzten Kunststoffen Wir fertigen und vertreiben komplette Waschanlagen zum\" \/>\n<meta property=\"og:url\" content=\"https:\/\/neue-herbold.com\/de\/waschanlagen\/\" \/>\n<meta property=\"og:site_name\" content=\"Neue Herbold GmbH\" \/>\n<meta property=\"article:modified_time\" content=\"2019-10-16T13:14:09+00:00\" \/>\n<meta property=\"og:image\" content=\"https:\/\/neue-herbold.com\/wp-content\/uploads\/2014\/12\/Waschanlage-1024x819.jpg\" \/>\n<meta name=\"twitter:label1\" content=\"Gesch\u00e4tzte Lesezeit\" \/>\n\t<meta name=\"twitter:data1\" content=\"2\u00a0Minuten\" \/>\n<script type=\"application\/ld+json\" class=\"yoast-schema-graph\">{\"@context\":\"https:\/\/schema.org\",\"@graph\":[{\"@type\":\"WebPage\",\"@id\":\"https:\/\/neue-herbold.com\/de\/waschanlagen\/\",\"url\":\"https:\/\/neue-herbold.com\/de\/waschanlagen\/\",\"name\":\"Waschanlagen - Neue Herbold GmbH\",\"isPartOf\":{\"@id\":\"https:\/\/neue-herbold.com\/en\/#website\"},\"primaryImageOfPage\":{\"@id\":\"https:\/\/neue-herbold.com\/de\/waschanlagen\/#primaryimage\"},\"image\":{\"@id\":\"https:\/\/neue-herbold.com\/de\/waschanlagen\/#primaryimage\"},\"thumbnailUrl\":\"https:\/\/neue-herbold.com\/wp-content\/uploads\/2014\/12\/Waschanlage-1024x819.jpg\",\"datePublished\":\"2016-06-03T00:29:18+00:00\",\"dateModified\":\"2019-10-16T13:14:09+00:00\",\"description\":\"Ma\u00dfgeschneiderte Waschanlagen \/ Recyclinganlagen f\u00fcr die Aufbereitung von verschmutzten Kunststoffen Wir fertigen und vertreiben komplette Waschanlagen zum\",\"breadcrumb\":{\"@id\":\"https:\/\/neue-herbold.com\/de\/waschanlagen\/#breadcrumb\"},\"inLanguage\":\"de\",\"potentialAction\":[{\"@type\":\"ReadAction\",\"target\":[\"https:\/\/neue-herbold.com\/de\/waschanlagen\/\"]}]},{\"@type\":\"ImageObject\",\"inLanguage\":\"de\",\"@id\":\"https:\/\/neue-herbold.com\/de\/waschanlagen\/#primaryimage\",\"url\":\"https:\/\/neue-herbold.com\/wp-content\/uploads\/2014\/12\/Waschanlage-1024x819.jpg\",\"contentUrl\":\"https:\/\/neue-herbold.com\/wp-content\/uploads\/2014\/12\/Waschanlage-1024x819.jpg\"},{\"@type\":\"BreadcrumbList\",\"@id\":\"https:\/\/neue-herbold.com\/de\/waschanlagen\/#breadcrumb\",\"itemListElement\":[{\"@type\":\"ListItem\",\"position\":1,\"name\":\"Startseite\",\"item\":\"https:\/\/neue-herbold.com\/de\/\"},{\"@type\":\"ListItem\",\"position\":2,\"name\":\"Waschanlagen\"}]},{\"@type\":\"WebSite\",\"@id\":\"https:\/\/neue-herbold.com\/en\/#website\",\"url\":\"https:\/\/neue-herbold.com\/en\/\",\"name\":\"Neue Herbold GmbH\",\"description\":\"\",\"potentialAction\":[{\"@type\":\"SearchAction\",\"target\":{\"@type\":\"EntryPoint\",\"urlTemplate\":\"https:\/\/neue-herbold.com\/en\/?s={search_term_string}\"},\"query-input\":{\"@type\":\"PropertyValueSpecification\",\"valueRequired\":true,\"valueName\":\"search_term_string\"}}],\"inLanguage\":\"de\"}]}<\/script>\n<!-- \/ Yoast SEO plugin. -->","yoast_head_json":{"title":"Waschanlagen - Neue Herbold GmbH","description":"Ma\u00dfgeschneiderte Waschanlagen \/ Recyclinganlagen f\u00fcr die Aufbereitung von verschmutzten Kunststoffen Wir fertigen und vertreiben komplette Waschanlagen zum","robots":{"index":"index","follow":"follow","max-snippet":"max-snippet:-1","max-image-preview":"max-image-preview:large","max-video-preview":"max-video-preview:-1"},"canonical":"https:\/\/neue-herbold.com\/de\/waschanlagen\/","og_locale":"de_DE","og_type":"article","og_title":"Waschanlagen - Neue Herbold GmbH","og_description":"Ma\u00dfgeschneiderte Waschanlagen \/ Recyclinganlagen f\u00fcr die Aufbereitung von verschmutzten Kunststoffen Wir fertigen und vertreiben komplette Waschanlagen zum","og_url":"https:\/\/neue-herbold.com\/de\/waschanlagen\/","og_site_name":"Neue Herbold GmbH","article_modified_time":"2019-10-16T13:14:09+00:00","og_image":[{"url":"https:\/\/neue-herbold.com\/wp-content\/uploads\/2014\/12\/Waschanlage-1024x819.jpg","type":"","width":"","height":""}],"twitter_misc":{"Gesch\u00e4tzte Lesezeit":"2\u00a0Minuten"},"schema":{"@context":"https:\/\/schema.org","@graph":[{"@type":"WebPage","@id":"https:\/\/neue-herbold.com\/de\/waschanlagen\/","url":"https:\/\/neue-herbold.com\/de\/waschanlagen\/","name":"Waschanlagen - Neue Herbold GmbH","isPartOf":{"@id":"https:\/\/neue-herbold.com\/en\/#website"},"primaryImageOfPage":{"@id":"https:\/\/neue-herbold.com\/de\/waschanlagen\/#primaryimage"},"image":{"@id":"https:\/\/neue-herbold.com\/de\/waschanlagen\/#primaryimage"},"thumbnailUrl":"https:\/\/neue-herbold.com\/wp-content\/uploads\/2014\/12\/Waschanlage-1024x819.jpg","datePublished":"2016-06-03T00:29:18+00:00","dateModified":"2019-10-16T13:14:09+00:00","description":"Ma\u00dfgeschneiderte Waschanlagen \/ Recyclinganlagen f\u00fcr die Aufbereitung von verschmutzten Kunststoffen Wir fertigen und vertreiben komplette Waschanlagen zum","breadcrumb":{"@id":"https:\/\/neue-herbold.com\/de\/waschanlagen\/#breadcrumb"},"inLanguage":"de","potentialAction":[{"@type":"ReadAction","target":["https:\/\/neue-herbold.com\/de\/waschanlagen\/"]}]},{"@type":"ImageObject","inLanguage":"de","@id":"https:\/\/neue-herbold.com\/de\/waschanlagen\/#primaryimage","url":"https:\/\/neue-herbold.com\/wp-content\/uploads\/2014\/12\/Waschanlage-1024x819.jpg","contentUrl":"https:\/\/neue-herbold.com\/wp-content\/uploads\/2014\/12\/Waschanlage-1024x819.jpg"},{"@type":"BreadcrumbList","@id":"https:\/\/neue-herbold.com\/de\/waschanlagen\/#breadcrumb","itemListElement":[{"@type":"ListItem","position":1,"name":"Startseite","item":"https:\/\/neue-herbold.com\/de\/"},{"@type":"ListItem","position":2,"name":"Waschanlagen"}]},{"@type":"WebSite","@id":"https:\/\/neue-herbold.com\/en\/#website","url":"https:\/\/neue-herbold.com\/en\/","name":"Neue Herbold GmbH","description":"","potentialAction":[{"@type":"SearchAction","target":{"@type":"EntryPoint","urlTemplate":"https:\/\/neue-herbold.com\/en\/?s={search_term_string}"},"query-input":{"@type":"PropertyValueSpecification","valueRequired":true,"valueName":"search_term_string"}}],"inLanguage":"de"}]}},"_links":{"self":[{"href":"https:\/\/neue-herbold.com\/de\/wp-json\/wp\/v2\/pages\/8031"}],"collection":[{"href":"https:\/\/neue-herbold.com\/de\/wp-json\/wp\/v2\/pages"}],"about":[{"href":"https:\/\/neue-herbold.com\/de\/wp-json\/wp\/v2\/types\/page"}],"author":[{"embeddable":true,"href":"https:\/\/neue-herbold.com\/de\/wp-json\/wp\/v2\/users\/1"}],"replies":[{"embeddable":true,"href":"https:\/\/neue-herbold.com\/de\/wp-json\/wp\/v2\/comments?post=8031"}],"version-history":[{"count":8,"href":"https:\/\/neue-herbold.com\/de\/wp-json\/wp\/v2\/pages\/8031\/revisions"}],"predecessor-version":[{"id":15540,"href":"https:\/\/neue-herbold.com\/de\/wp-json\/wp\/v2\/pages\/8031\/revisions\/15540"}],"wp:attachment":[{"href":"https:\/\/neue-herbold.com\/de\/wp-json\/wp\/v2\/media?parent=8031"}],"curies":[{"name":"wp","href":"https:\/\/api.w.org\/{rel}","templated":true}]}}