{"id":7929,"date":"2016-06-02T23:42:26","date_gmt":"2016-06-02T21:42:26","guid":{"rendered":"https:\/\/neue-herbold.com\/de\/?page_id=7929"},"modified":"2017-04-28T00:25:56","modified_gmt":"2017-04-27T22:25:56","slug":"guillotinescheren","status":"publish","type":"page","link":"https:\/\/neue-herbold.com\/de\/guillotinescheren\/","title":{"rendered":"Guillotinescheren"},"content":{"rendered":"<h4><span style=\"color: #000000;\"><strong><a href=\"https:\/\/neue-herbold.com\/wp-content\/uploads\/2014\/11\/Guilotineschere.jpg\" target=\"_blank\" rel=\"noopener noreferrer\"><img loading=\"lazy\" decoding=\"async\" class=\"alignright wp-image-3310\" src=\"https:\/\/neue-herbold.com\/wp-content\/uploads\/2014\/11\/Guilotineschere.jpg\" alt=\"Guillotinescheren\" width=\"308\" height=\"599\" srcset=\"https:\/\/neue-herbold.com\/wp-content\/uploads\/2014\/11\/Guilotineschere.jpg 462w, https:\/\/neue-herbold.com\/wp-content\/uploads\/2014\/11\/Guilotineschere-154x300.jpg 154w, https:\/\/neue-herbold.com\/wp-content\/uploads\/2014\/11\/Guilotineschere-100x194.jpg 100w, https:\/\/neue-herbold.com\/wp-content\/uploads\/2014\/11\/Guilotineschere-150x292.jpg 150w, https:\/\/neue-herbold.com\/wp-content\/uploads\/2014\/11\/Guilotineschere-200x389.jpg 200w, https:\/\/neue-herbold.com\/wp-content\/uploads\/2014\/11\/Guilotineschere-300x584.jpg 300w, https:\/\/neue-herbold.com\/wp-content\/uploads\/2014\/11\/Guilotineschere-450x876.jpg 450w\" sizes=\"(max-width: 308px) 100vw, 308px\" \/><\/a><\/strong><\/span><em>Technik der NEUE HERBOLD Guillotinescheren<\/em><\/h4>\n<p>Zu den besonderen Ausstattungen der Guillotinescheren geh\u00f6rt die verwindungssteif geschwei\u00dfte Rahmenkonstruktion.\u00a0 <span style=\"color: #000000;\">Die Trennung erfolgt durch Schnittdruck, dabei wird das in einer massiven zweiseitigen F\u00fchrung montierte Spaltmesser mit zwei \u00fcberdimensionierten Hydraulikzylindern gegen einen Stator bewegt.<\/span><\/p>\n<p><span style=\"color: #000000;\">Eine vollst\u00e4ndige Abtrennung der Materialportion wird durch die pr\u00e4zise einstellbaren Anschl\u00e4ge des Spaltmessers garantiert, womit eine optimale und kosteng\u00fcnstige <span id=\"product-description-no-js_396381\" class=\"product-description-no-js\">Vorportionierung <\/span>erreicht wird. \u00dcber die Einstellung der Hydraulik kann die Schnittkraft dem jeweils zu verarbeitenden Material angepasst werden. Optional l\u00e4sst sich auch die Materialportion \u00fcber einen hydraulisch gesteuerten Anschlag festlegen.<\/span><\/p>\n<p><em><span style=\"color: #000000;\"><strong>Einsatzgebiet der NEUE HERBOLD <\/strong><\/span><strong>Guillotinescheren<\/strong><\/em><\/p>\n<div data-canvas-width=\"357.31495135333336\">Die <strong>NEUE HERBOLD<\/strong> Guillotineschere wurden speziell entwickelt f\u00fcr die Verarbeitung von Problemabf\u00e4llen wie Ballenware aus Fasern, B\u00e4ndchen, Netzen und vor allem aneinanderklebenden Folien sowie auch gro\u00dfer Klumpen oder sogar Kautschukballen.<\/div>\n<p><em><strong><span style=\"color: #000000;\">Die Guillotinescheren werden eingesetzt zur:<\/span><\/strong><\/em><\/p>\n<ul>\n<li><span style=\"color: #000000;\">Vorportionierung von multifilamenten Ballen aus Fasern<\/span><\/li>\n<li><span style=\"color: #000000;\">Vorportionierung von Ballen aus B\u00e4ndchen <\/span><\/li>\n<li><span style=\"color: #000000;\">Vorportionierung von aneinanderklebenden Folien<\/span><\/li>\n<li><span style=\"color: #000000;\">Vorportionierung von gro\u00dfen Klumpen<\/span><\/li>\n<li><span style=\"color: #000000;\">Vorportionierung von von Kautschukballen etc.<\/span><\/li>\n<\/ul>\n<p><em><span style=\"color: #000000;\"><strong>\u00a0<\/strong><\/span><\/em><\/p>\n<p><span style=\"color: #000000;\"><strong><em><a href=\"https:\/\/neue-herbold.com\/wp-content\/uploads\/2014\/11\/Guilotineschere-E.jpg\" target=\"_blank\" rel=\"noopener noreferrer\"><img loading=\"lazy\" decoding=\"async\" class=\"alignleft wp-image-3311 size-medium\" src=\"https:\/\/neue-herbold.com\/wp-content\/uploads\/2014\/11\/Guilotineschere-E-300x229.jpg\" alt=\"GEDSC DIGITAL CAMERA\" width=\"300\" height=\"229\" srcset=\"https:\/\/neue-herbold.com\/wp-content\/uploads\/2014\/11\/Guilotineschere-E-300x229.jpg 300w, https:\/\/neue-herbold.com\/wp-content\/uploads\/2014\/11\/Guilotineschere-E-1024x783.jpg 1024w, https:\/\/neue-herbold.com\/wp-content\/uploads\/2014\/11\/Guilotineschere-E-100x76.jpg 100w, https:\/\/neue-herbold.com\/wp-content\/uploads\/2014\/11\/Guilotineschere-E-150x114.jpg 150w, https:\/\/neue-herbold.com\/wp-content\/uploads\/2014\/11\/Guilotineschere-E-200x153.jpg 200w, https:\/\/neue-herbold.com\/wp-content\/uploads\/2014\/11\/Guilotineschere-E-450x344.jpg 450w, https:\/\/neue-herbold.com\/wp-content\/uploads\/2014\/11\/Guilotineschere-E-600x459.jpg 600w, https:\/\/neue-herbold.com\/wp-content\/uploads\/2014\/11\/Guilotineschere-E-900x688.jpg 900w, https:\/\/neue-herbold.com\/wp-content\/uploads\/2014\/11\/Guilotineschere-E.jpg 1200w\" sizes=\"(max-width: 300px) 100vw, 300px\" \/><\/a>Vorteile der NEUE HERBOLD <strong>Guillotinescheren<\/strong> <br \/>\n <\/em><\/strong><\/span><\/p>\n<p>Die geschweisste Rahmenkonstruktion bietet im Gegensatz zu einer geschraubten Rahmenkonstruktionenden den besonderen Vorteil das diese verwindungssteif und somit v\u00f6llig wartungsfrei ist.<\/p>\n<p>Die allseitige Verkleidung gew\u00e4hrleistet ein Optimum an Sicherheit ohne die Zug\u00e4nglichkeit f\u00fcr Wartungsarbeiten zu behindern.<\/p>\n<p>&nbsp;<\/p>\n<h4>\u00a0<\/h4>\n<h4>Weitere Vorteile sind:<\/h4>\n<ul>\n<li><span style=\"color: #000000;\"><span style=\"color: #000000;\">pr\u00e4zise Einstellung des Spaltmessers<\/span><\/span><\/li>\n<li><span style=\"color: #000000;\"><span style=\"color: #000000;\">verwindungssteife Rahmenkonstruktion<\/span><\/span><\/li>\n<li><span style=\"color: #000000;\"><span style=\"color: #000000;\">allseitige Verkleidungen um Spaltmesser<\/span><\/span><\/li>\n<li><span style=\"color: #000000;\"><span style=\"color: #000000;\">stufenlose Einstellung (Hub, Schnittgeschwindigkeit, -kraft)des Spaltmessers<\/span><\/span><\/li>\n<li><span style=\"color: #000000;\"><span style=\"color: #000000;\">beidseitige F\u00fchrung des Spaltmessersupports<\/span><\/span><\/li>\n<li><span style=\"color: #000000;\">doppelte Zylinderanordnung verhindert ein Verkanten des Spaltmessers<\/span><\/li>\n<\/ul>\n<p>&nbsp;<\/p>\n<p style=\"text-align: left;\"><strong><em>Produktvideo:<\/em><\/strong><em><strong> Zerkleinerung von Tauen aus der Fischerei<\/strong><\/em><\/p>\n<div id=\"bcW161ytFB\" data-borlabs-cookie-blocked-content><div class=\"borlabs-cookie-bct bc-bct-video bc-bct-youtube\"> <p class=\"bc-thumbnail\"><img src=\"https:\/\/neue-herbold.com\/wp-content\/cache\/borlabs_cookie\/mBMmbgb4gkk_sddefault.jpg\" alt=\"YouTube\"><\/p> <div class=\"bc-text\"> <p>Zum Schutz Ihrer pers\u00f6nlichen Daten wurde Ihre Verbindung zu YouTube blockiert. <br> Klicken Sie auf <strong> Video laden<\/strong>, um die Blockierung von YouTube aufzuheben. <br> Durch das Laden des Videos akzeptieren Sie die Datenschutzbestimmungen von YouTube. <br>Weitere Informationen zu den Datenschutzbestimmungen von YouTube finden Sie hier: <br><a href=\"https:\/\/policies.google.com\/privacy\" target=\"_blank\" rel=\"nofollow\">Google - Datenschutzerkl\u00e4rung<\/a><\/p> <p><label><input type=\"checkbox\" name=\"unblockAll\" value=\"1\" > K\u00fcnftig keine Videos von YouTube blockieren <\/label> <a role=\"button\" data-borlabs-cookie-unblock>Video laden<\/a><\/p> <\/div> <\/div><\/div>\n<p>Beispiel: Zerkleinerung von Tauen aus der Fischerei<\/p>\n<p>&nbsp;<\/p>\n<p>&nbsp;<\/p>\n<p><strong><span style=\"color: #000000;\"><em>Technische Angaben der Guillotinescheren<br \/>\n <\/em><\/span><\/strong><\/p>\n<table>\n<tbody>\n<tr>\n<td style=\"text-align: center;\"><span style=\"color: #000000;\"><strong>Maschinentyp<\/strong><\/span><\/td>\n<td style=\"text-align: center;\"><span style=\"color: #000000;\"><strong>Hubh\u00f6he (mm)<\/strong><\/span><\/td>\n<td style=\"text-align: center;\"><span style=\"color: #000000;\"><strong>Arbeitsbreite (mm)<\/strong><\/span><\/td>\n<td style=\"text-align: center;\"><span style=\"color: #000000;\"><strong>Antrieb (kw)<\/strong><\/span><\/td>\n<td style=\"text-align: center;\"><span style=\"color: #000000;\"><strong>Hubzahl \/min<\/strong><\/span><\/td>\n<td style=\"text-align: center;\"><span style=\"color: #000000;\"><strong>Schnittkraft (t)<\/strong><\/span><\/td>\n<td style=\"text-align: center;\"><span style=\"color: #000000;\"><strong>Gewicht (kg)<\/strong><\/span><\/td>\n<td style=\"text-align: center;\"><span style=\"color: #000000;\"><strong><a href=\"https:\/\/neue-herbold.com\/wp-content\/uploads\/2014\/11\/Guillotine-GS.pdf\" target=\"_blank\" rel=\"noopener noreferrer\"><img loading=\"lazy\" decoding=\"async\" class=\"alignnone wp-image-5703\" src=\"https:\/\/neue-herbold.com\/wp-content\/uploads\/2014\/12\/PDF-ICON.jpg\" alt=\"PDF-ICON\" width=\"50\" height=\"48\" \/><\/a><\/strong><\/span><\/td>\n<\/tr>\n<tr>\n<td><span style=\"color: #000000;\">Typ GS 1500\/1000 <\/span><\/td>\n<td style=\"text-align: center;\"><span style=\"color: #000000;\">1000<\/span><\/td>\n<td style=\"text-align: center;\"><span style=\"color: #000000;\">1500<\/span><\/td>\n<td style=\"text-align: center;\"><span style=\"color: #000000;\">22-37<\/span><\/td>\n<td style=\"text-align: center;\"><span style=\"color: #000000;\">2-3<\/span><\/td>\n<td style=\"text-align: center;\"><span style=\"color: #000000;\">bis 20<\/span><\/td>\n<td style=\"text-align: center;\"><span style=\"color: #000000;\">4500<\/span><\/td>\n<td style=\"text-align: center;\">\u00a0<\/td>\n<\/tr>\n<tr>\n<td><span style=\"color: #000000;\">Typ GS 1500\/1200<\/span><\/td>\n<td style=\"text-align: center;\"><span style=\"color: #000000;\">1200<\/span><\/td>\n<td style=\"text-align: center;\"><span style=\"color: #000000;\">1500<\/span><\/td>\n<td style=\"text-align: center;\"><span style=\"color: #000000;\">22-37<\/span><\/td>\n<td style=\"text-align: center;\"><span style=\"color: #000000;\">2-3<\/span><\/td>\n<td style=\"text-align: center;\"><span style=\"color: #000000;\">bis 20<\/span><\/td>\n<td style=\"text-align: center;\"><span style=\"color: #000000;\">5500<\/span><\/td>\n<td style=\"text-align: center;\">\u00a0<\/td>\n<\/tr>\n<tr>\n<td><span style=\"color: #000000;\">Typ GS 2000\/1500<\/span><\/td>\n<td style=\"text-align: center;\"><span style=\"color: #000000;\">1500<\/span><\/td>\n<td style=\"text-align: center;\"><span style=\"color: #000000;\">2000<\/span><\/td>\n<td style=\"text-align: center;\"><span style=\"color: #000000;\">37-45<\/span><\/td>\n<td style=\"text-align: center;\"><span style=\"color: #000000;\">2-3<\/span><\/td>\n<td style=\"text-align: center;\"><span style=\"color: #000000;\">bis 40<\/span><\/td>\n<td style=\"text-align: center;\"><span style=\"color: #000000;\">7000<\/span><\/td>\n<td style=\"text-align: center;\">\u00a0<\/td>\n<\/tr>\n<\/tbody>\n<\/table>\n","protected":false},"excerpt":{"rendered":"<p><span style=\"color: #000000;\"><strong><a href=\"https:\/\/neue-herbold.com\/wp-content\/uploads\/2014\/11\/Guilotineschere.jpg\" target=\"_blank\" rel=\"noopener noreferrer\"><img loading=\"lazy\" decoding=\"async\" class=\"alignright wp-image-3310\" src=\"https:\/\/neue-herbold.com\/wp-content\/uploads\/2014\/11\/Guilotineschere.jpg\" alt=\"Guillotinescheren\" width=\"308\" height=\"599\" srcset=\"https:\/\/neue-herbold.com\/wp-content\/uploads\/2014\/11\/Guilotineschere.jpg 462w, https:\/\/neue-herbold.com\/wp-content\/uploads\/2014\/11\/Guilotineschere-154x300.jpg 154w, https:\/\/neue-herbold.com\/wp-content\/uploads\/2014\/11\/Guilotineschere-100x194.jpg 100w, https:\/\/neue-herbold.com\/wp-content\/uploads\/2014\/11\/Guilotineschere-150x292.jpg 150w, https:\/\/neue-herbold.com\/wp-content\/uploads\/2014\/11\/Guilotineschere-200x389.jpg 200w, https:\/\/neue-herbold.com\/wp-content\/uploads\/2014\/11\/Guilotineschere-300x584.jpg 300w, https:\/\/neue-herbold.com\/wp-content\/uploads\/2014\/11\/Guilotineschere-450x876.jpg 450w\" sizes=\"(max-width: 308px) 100vw, 308px\" \/><\/a><\/strong><\/span><em>Technik der NEUE HERBOLD Guillotinescheren<\/em><\/p>\n<p>Zu den besonderen Ausstattungen der Guillotinescheren geh\u00f6rt die verwindungssteif geschwei\u00dfte Rahmenkonstruktion.\u00a0 <span style=\"color: #000000;\">Die Trennung erfolgt durch Schnittdruck, dabei wird das in einer massiven zweiseitigen F\u00fchrung montierte Spaltmesser mit zwei \u00fcberdimensionierten Hydraulikzylindern gegen einen Stator bewegt.<\/span><\/p>\n<p><span class=\"ellipsis\">&hellip;<\/span><\/p>\n<div class=\"read-more\"><a href=\"https:\/\/neue-herbold.com\/de\/guillotinescheren\/\">Weiterlesen \u203a<\/a><\/div>\n<p><!-- end of .read-more --><\/p>\n","protected":false},"author":1,"featured_media":0,"parent":0,"menu_order":0,"comment_status":"closed","ping_status":"closed","template":"","meta":{"footnotes":""},"class_list":["post-7929","page","type-page","status-publish","hentry"],"yoast_head":"<!-- This site is optimized with the Yoast SEO plugin v25.4 - https:\/\/yoast.com\/wordpress\/plugins\/seo\/ -->\n<title>Guillotinescheren - Neue Herbold GmbH<\/title>\n<meta name=\"description\" content=\"Neue Herbold - Guillotinescheren verf\u00fcgen \u00fcber eine verwindungssteif, geschwei\u00dfte Rahmenkonstruktion. Das in einem massiven zweiseitig gef\u00fchrten Support\" \/>\n<meta name=\"robots\" content=\"index, follow, max-snippet:-1, max-image-preview:large, max-video-preview:-1\" \/>\n<link rel=\"canonical\" href=\"https:\/\/neue-herbold.com\/de\/guillotinescheren\/\" \/>\n<meta property=\"og:locale\" content=\"de_DE\" \/>\n<meta property=\"og:type\" content=\"article\" \/>\n<meta property=\"og:title\" content=\"Guillotinescheren - Neue Herbold GmbH\" \/>\n<meta property=\"og:description\" content=\"Neue Herbold - Guillotinescheren verf\u00fcgen \u00fcber eine verwindungssteif, geschwei\u00dfte Rahmenkonstruktion. Das in einem massiven zweiseitig gef\u00fchrten Support\" \/>\n<meta property=\"og:url\" content=\"https:\/\/neue-herbold.com\/de\/guillotinescheren\/\" \/>\n<meta property=\"og:site_name\" content=\"Neue Herbold GmbH\" \/>\n<meta property=\"article:modified_time\" content=\"2017-04-27T22:25:56+00:00\" \/>\n<meta property=\"og:image\" content=\"https:\/\/neue-herbold.com\/wp-content\/uploads\/2014\/11\/Guilotineschere.jpg\" \/>\n<meta name=\"twitter:label1\" content=\"Gesch\u00e4tzte Lesezeit\" \/>\n\t<meta name=\"twitter:data1\" content=\"1\u00a0Minute\" \/>\n<script type=\"application\/ld+json\" class=\"yoast-schema-graph\">{\"@context\":\"https:\/\/schema.org\",\"@graph\":[{\"@type\":\"WebPage\",\"@id\":\"https:\/\/neue-herbold.com\/de\/guillotinescheren\/\",\"url\":\"https:\/\/neue-herbold.com\/de\/guillotinescheren\/\",\"name\":\"Guillotinescheren - Neue Herbold GmbH\",\"isPartOf\":{\"@id\":\"https:\/\/neue-herbold.com\/en\/#website\"},\"primaryImageOfPage\":{\"@id\":\"https:\/\/neue-herbold.com\/de\/guillotinescheren\/#primaryimage\"},\"image\":{\"@id\":\"https:\/\/neue-herbold.com\/de\/guillotinescheren\/#primaryimage\"},\"thumbnailUrl\":\"https:\/\/neue-herbold.com\/wp-content\/uploads\/2014\/11\/Guilotineschere.jpg\",\"datePublished\":\"2016-06-02T21:42:26+00:00\",\"dateModified\":\"2017-04-27T22:25:56+00:00\",\"description\":\"Neue Herbold - Guillotinescheren verf\u00fcgen \u00fcber eine verwindungssteif, geschwei\u00dfte Rahmenkonstruktion. Das in einem massiven zweiseitig gef\u00fchrten Support\",\"breadcrumb\":{\"@id\":\"https:\/\/neue-herbold.com\/de\/guillotinescheren\/#breadcrumb\"},\"inLanguage\":\"de\",\"potentialAction\":[{\"@type\":\"ReadAction\",\"target\":[\"https:\/\/neue-herbold.com\/de\/guillotinescheren\/\"]}]},{\"@type\":\"ImageObject\",\"inLanguage\":\"de\",\"@id\":\"https:\/\/neue-herbold.com\/de\/guillotinescheren\/#primaryimage\",\"url\":\"https:\/\/neue-herbold.com\/wp-content\/uploads\/2014\/11\/Guilotineschere.jpg\",\"contentUrl\":\"https:\/\/neue-herbold.com\/wp-content\/uploads\/2014\/11\/Guilotineschere.jpg\"},{\"@type\":\"BreadcrumbList\",\"@id\":\"https:\/\/neue-herbold.com\/de\/guillotinescheren\/#breadcrumb\",\"itemListElement\":[{\"@type\":\"ListItem\",\"position\":1,\"name\":\"Startseite\",\"item\":\"https:\/\/neue-herbold.com\/de\/\"},{\"@type\":\"ListItem\",\"position\":2,\"name\":\"Guillotinescheren\"}]},{\"@type\":\"WebSite\",\"@id\":\"https:\/\/neue-herbold.com\/en\/#website\",\"url\":\"https:\/\/neue-herbold.com\/en\/\",\"name\":\"Neue Herbold GmbH\",\"description\":\"\",\"potentialAction\":[{\"@type\":\"SearchAction\",\"target\":{\"@type\":\"EntryPoint\",\"urlTemplate\":\"https:\/\/neue-herbold.com\/en\/?s={search_term_string}\"},\"query-input\":{\"@type\":\"PropertyValueSpecification\",\"valueRequired\":true,\"valueName\":\"search_term_string\"}}],\"inLanguage\":\"de\"}]}<\/script>\n<!-- \/ Yoast SEO plugin. -->","yoast_head_json":{"title":"Guillotinescheren - Neue Herbold GmbH","description":"Neue Herbold - Guillotinescheren verf\u00fcgen \u00fcber eine verwindungssteif, geschwei\u00dfte Rahmenkonstruktion. Das in einem massiven zweiseitig gef\u00fchrten Support","robots":{"index":"index","follow":"follow","max-snippet":"max-snippet:-1","max-image-preview":"max-image-preview:large","max-video-preview":"max-video-preview:-1"},"canonical":"https:\/\/neue-herbold.com\/de\/guillotinescheren\/","og_locale":"de_DE","og_type":"article","og_title":"Guillotinescheren - Neue Herbold GmbH","og_description":"Neue Herbold - Guillotinescheren verf\u00fcgen \u00fcber eine verwindungssteif, geschwei\u00dfte Rahmenkonstruktion. Das in einem massiven zweiseitig gef\u00fchrten Support","og_url":"https:\/\/neue-herbold.com\/de\/guillotinescheren\/","og_site_name":"Neue Herbold GmbH","article_modified_time":"2017-04-27T22:25:56+00:00","og_image":[{"url":"https:\/\/neue-herbold.com\/wp-content\/uploads\/2014\/11\/Guilotineschere.jpg","type":"","width":"","height":""}],"twitter_misc":{"Gesch\u00e4tzte Lesezeit":"1\u00a0Minute"},"schema":{"@context":"https:\/\/schema.org","@graph":[{"@type":"WebPage","@id":"https:\/\/neue-herbold.com\/de\/guillotinescheren\/","url":"https:\/\/neue-herbold.com\/de\/guillotinescheren\/","name":"Guillotinescheren - Neue Herbold GmbH","isPartOf":{"@id":"https:\/\/neue-herbold.com\/en\/#website"},"primaryImageOfPage":{"@id":"https:\/\/neue-herbold.com\/de\/guillotinescheren\/#primaryimage"},"image":{"@id":"https:\/\/neue-herbold.com\/de\/guillotinescheren\/#primaryimage"},"thumbnailUrl":"https:\/\/neue-herbold.com\/wp-content\/uploads\/2014\/11\/Guilotineschere.jpg","datePublished":"2016-06-02T21:42:26+00:00","dateModified":"2017-04-27T22:25:56+00:00","description":"Neue Herbold - Guillotinescheren verf\u00fcgen \u00fcber eine verwindungssteif, geschwei\u00dfte Rahmenkonstruktion. Das in einem massiven zweiseitig gef\u00fchrten Support","breadcrumb":{"@id":"https:\/\/neue-herbold.com\/de\/guillotinescheren\/#breadcrumb"},"inLanguage":"de","potentialAction":[{"@type":"ReadAction","target":["https:\/\/neue-herbold.com\/de\/guillotinescheren\/"]}]},{"@type":"ImageObject","inLanguage":"de","@id":"https:\/\/neue-herbold.com\/de\/guillotinescheren\/#primaryimage","url":"https:\/\/neue-herbold.com\/wp-content\/uploads\/2014\/11\/Guilotineschere.jpg","contentUrl":"https:\/\/neue-herbold.com\/wp-content\/uploads\/2014\/11\/Guilotineschere.jpg"},{"@type":"BreadcrumbList","@id":"https:\/\/neue-herbold.com\/de\/guillotinescheren\/#breadcrumb","itemListElement":[{"@type":"ListItem","position":1,"name":"Startseite","item":"https:\/\/neue-herbold.com\/de\/"},{"@type":"ListItem","position":2,"name":"Guillotinescheren"}]},{"@type":"WebSite","@id":"https:\/\/neue-herbold.com\/en\/#website","url":"https:\/\/neue-herbold.com\/en\/","name":"Neue Herbold GmbH","description":"","potentialAction":[{"@type":"SearchAction","target":{"@type":"EntryPoint","urlTemplate":"https:\/\/neue-herbold.com\/en\/?s={search_term_string}"},"query-input":{"@type":"PropertyValueSpecification","valueRequired":true,"valueName":"search_term_string"}}],"inLanguage":"de"}]}},"_links":{"self":[{"href":"https:\/\/neue-herbold.com\/de\/wp-json\/wp\/v2\/pages\/7929"}],"collection":[{"href":"https:\/\/neue-herbold.com\/de\/wp-json\/wp\/v2\/pages"}],"about":[{"href":"https:\/\/neue-herbold.com\/de\/wp-json\/wp\/v2\/types\/page"}],"author":[{"embeddable":true,"href":"https:\/\/neue-herbold.com\/de\/wp-json\/wp\/v2\/users\/1"}],"replies":[{"embeddable":true,"href":"https:\/\/neue-herbold.com\/de\/wp-json\/wp\/v2\/comments?post=7929"}],"version-history":[{"count":30,"href":"https:\/\/neue-herbold.com\/de\/wp-json\/wp\/v2\/pages\/7929\/revisions"}],"predecessor-version":[{"id":9123,"href":"https:\/\/neue-herbold.com\/de\/wp-json\/wp\/v2\/pages\/7929\/revisions\/9123"}],"wp:attachment":[{"href":"https:\/\/neue-herbold.com\/de\/wp-json\/wp\/v2\/media?parent=7929"}],"curies":[{"name":"wp","href":"https:\/\/api.w.org\/{rel}","templated":true}]}}