{"id":7910,"date":"2016-06-02T22:48:51","date_gmt":"2016-06-02T20:48:51","guid":{"rendered":"https:\/\/neue-herbold.com\/de\/?page_id=7910"},"modified":"2017-10-15T01:58:23","modified_gmt":"2017-10-14T23:58:23","slug":"mechanische-trockner-tm","status":"publish","type":"page","link":"https:\/\/neue-herbold.com\/de\/mechanische-trockner-tm\/","title":{"rendered":"Mechanische Trockner TM"},"content":{"rendered":"<p><a href=\"https:\/\/neue-herbold.com\/wp-content\/uploads\/2014\/12\/TM-1006.jpg\" target=\"_blank\" rel=\"noopener\"><img loading=\"lazy\" decoding=\"async\" class=\"alignright wp-image-3023\" title=\"Mechanische Trockner\" src=\"https:\/\/neue-herbold.com\/wp-content\/uploads\/2014\/12\/TM-1006-1024x936.jpg\" alt=\"Mechanische Trockner\" width=\"414\" height=\"378\" srcset=\"https:\/\/neue-herbold.com\/wp-content\/uploads\/2014\/12\/TM-1006-1024x936.jpg 1024w, https:\/\/neue-herbold.com\/wp-content\/uploads\/2014\/12\/TM-1006-300x274.jpg 300w, https:\/\/neue-herbold.com\/wp-content\/uploads\/2014\/12\/TM-1006-100x91.jpg 100w, https:\/\/neue-herbold.com\/wp-content\/uploads\/2014\/12\/TM-1006-150x137.jpg 150w, https:\/\/neue-herbold.com\/wp-content\/uploads\/2014\/12\/TM-1006-200x183.jpg 200w, https:\/\/neue-herbold.com\/wp-content\/uploads\/2014\/12\/TM-1006-450x411.jpg 450w, https:\/\/neue-herbold.com\/wp-content\/uploads\/2014\/12\/TM-1006-600x549.jpg 600w, https:\/\/neue-herbold.com\/wp-content\/uploads\/2014\/12\/TM-1006-900x823.jpg 900w, https:\/\/neue-herbold.com\/wp-content\/uploads\/2014\/12\/TM-1006.jpg 1200w\" sizes=\"(max-width: 414px) 100vw, 414px\" \/><\/a><strong><span style=\"color: #000000;\">Technik<\/span><\/strong><\/p>\n<p>Durch den Einlauftrichter am oberen Ende des <span style=\"color: #000000;\">Trocknergeh\u00e4uses <\/span>wird die Na\u00dffraktion aufgegeben.<\/p>\n<p><span style=\"color: #000000;\">Der Rotor des mechanischen Trockners bef\u00f6rdert anschlie\u00dfend das Mahlgut von der Eingabe- zur Austragsseite. Ausschlaggebend sind f\u00fcr die Transportgeschwindigkeit die Winkelstellung der Rotorbl\u00e4tter als auch die Rotordrehzahl. <br \/>\n<\/span><\/p>\n<p>Der Entzug des Wassers erfolgt beim Transport des Materials, in dem das Mahlgut mit sehr hoher Geschwindigkeit, quer zum Materialfluss, gegen den Rotor und den <span style=\"color: #000000;\">umgebenden Sieb geschleudert wird.<\/span><\/p>\n<p><span style=\"color: #000000;\">Um Verstopfungen am Sieb zu verhindern wird dieses zus\u00e4tzlich mechanisch abgereinigt.<\/span><\/p>\n<p><em><span style=\"color: #000000;\"><strong>Einsatzgebiet<\/strong><\/span><\/em><\/p>\n<p>Merkmal einer Trockenung ist der Entzug bzw. die Verringerung der Feuchtigkeit. dies geschieht bei einem meschanischen Trockner ausschlie\u00dflich durch eine physikalische Umwandlung der Fl\u00fcssigkeit.<\/p>\n<p><em><span style=\"color: #000000;\">Der mechanische Trockner der <strong>NEUE HERBOLD<\/strong> Baureihe TM ist eine, dem Waschproze\u00df nachgeschaltete Funktionseinheit. Im Gegensatz zur thermischen Trocknung, unter Verwendung von Hei\u00dfluft, erfolgt bei dem mechanischen Trocknungsverfahren eine Granulattrocknung durch Bewegungsenergie.<\/span><\/em><\/p>\n<div id=\"attachment_3022\" style=\"width: 316px\" class=\"wp-caption alignleft\"><a href=\"https:\/\/neue-herbold.com\/wp-content\/uploads\/2014\/12\/TM-1000.jpg\" target=\"_blank\" rel=\"noopener\"><img loading=\"lazy\" decoding=\"async\" aria-describedby=\"caption-attachment-3022\" class=\"wp-image-3022\" src=\"https:\/\/neue-herbold.com\/wp-content\/uploads\/2014\/12\/TM-1000-1020x1024.jpg\" alt=\"Mechanischer Trockner TM 1000\" width=\"306\" height=\"307\" srcset=\"https:\/\/neue-herbold.com\/wp-content\/uploads\/2014\/12\/TM-1000-1020x1024.jpg 1020w, https:\/\/neue-herbold.com\/wp-content\/uploads\/2014\/12\/TM-1000-300x301.jpg 300w, https:\/\/neue-herbold.com\/wp-content\/uploads\/2014\/12\/TM-1000-100x100.jpg 100w, https:\/\/neue-herbold.com\/wp-content\/uploads\/2014\/12\/TM-1000-150x150.jpg 150w, https:\/\/neue-herbold.com\/wp-content\/uploads\/2014\/12\/TM-1000-200x200.jpg 200w, https:\/\/neue-herbold.com\/wp-content\/uploads\/2014\/12\/TM-1000-450x451.jpg 450w, https:\/\/neue-herbold.com\/wp-content\/uploads\/2014\/12\/TM-1000-600x602.jpg 600w, https:\/\/neue-herbold.com\/wp-content\/uploads\/2014\/12\/TM-1000-900x903.jpg 900w, https:\/\/neue-herbold.com\/wp-content\/uploads\/2014\/12\/TM-1000.jpg 1200w\" sizes=\"(max-width: 306px) 100vw, 306px\" \/><\/a><p id=\"caption-attachment-3022\" class=\"wp-caption-text\">TM 1005<\/p><\/div>\n<p>&nbsp;<\/p>\n<p><span style=\"color: #000000;\">Die mechanischen Trockner werden zur Oberfl\u00e4chentrocknung von Mahlgutfraktionen eingesetzt.<\/span><\/p>\n<p>Dazu z\u00e4hlen:<\/p>\n<ul>\n<li><span style=\"color: #000000;\">Folienschnitzel<\/span>n (Flakes)<\/li>\n<li><span style=\"color: #000000;\">Granulaten aus PET-Flaschenware<\/span><\/li>\n<li><span style=\"color: #000000;\">sonstige Hartkunststoffwaren <\/span><\/li>\n<\/ul>\n<p><span style=\"color: #000000;\">\u00a0<\/span><\/p>\n<p>&nbsp;<\/p>\n<p>&nbsp;<\/p>\n<p><span style=\"color: #000000;\">\u00a0<\/span><\/p>\n<p>&nbsp;<\/p>\n<p>&nbsp;<\/p>\n<p><strong>Technische \u00dcbersicht \/ Leistungsdaten<\/strong><em><strong><br \/>\n <\/strong><\/em><\/p>\n<table>\n<tbody>\n<tr>\n<td style=\"text-align: center;\"><span style=\"color: #000000;\"><strong>Maschinentypen<\/strong><\/span><\/td>\n<td style=\"text-align: center;\"><strong>Datenblatt<\/strong><\/td>\n<td style=\"text-align: center;\">\u00a0<\/td>\n<td style=\"text-align: center;\">\u00a0<\/td>\n<\/tr>\n<tr>\n<td style=\"text-align: left;\"><span style=\"color: #000000;\">Mechanischer Trockner Typ TM 1001<\/span><\/td>\n<td style=\"text-align: center;\">\u00a0<\/td>\n<td style=\"text-align: center;\">\u00a0<\/td>\n<td style=\"text-align: center;\">\u00a0<\/td>\n<\/tr>\n<tr>\n<td style=\"text-align: left;\"><span style=\"color: #000000;\">Mechanischer Trockner Typ TM 1005<\/span><\/td>\n<td style=\"text-align: center;\"><span style=\"color: #000000;\"><a href=\"https:\/\/neue-herbold.com\/wp-content\/uploads\/2014\/12\/TM1005_mechanischer_Trockner.pdf\" target=\"_blank\" rel=\"noopener\"><img loading=\"lazy\" decoding=\"async\" class=\"alignnone wp-image-5703\" src=\"https:\/\/neue-herbold.com\/wp-content\/uploads\/2014\/12\/PDF-ICON.jpg\" alt=\"PDF-ICON\" width=\"50\" height=\"48\" \/><\/a><\/span><\/td>\n<td style=\"text-align: center;\">\u00a0<\/td>\n<td style=\"text-align: center;\">\u00a0<\/td>\n<\/tr>\n<tr>\n<td style=\"text-align: left;\"><span style=\"color: #000000;\">Mechanischer Trockner Typ TM 1006<\/span><\/td>\n<td style=\"text-align: center;\"><span style=\"color: #000000;\"><a href=\"https:\/\/neue-herbold.com\/wp-content\/uploads\/2014\/12\/TM1006_mechanischer_Trockner.pdf\" target=\"_blank\" rel=\"noopener\"><img loading=\"lazy\" decoding=\"async\" class=\"alignnone wp-image-5703\" src=\"https:\/\/neue-herbold.com\/wp-content\/uploads\/2014\/12\/PDF-ICON.jpg\" alt=\"PDF-ICON\" width=\"50\" height=\"48\" \/><\/a><\/span><\/td>\n<td style=\"text-align: center;\">\u00a0<\/td>\n<td style=\"text-align: center;\">\u00a0<\/td>\n<\/tr>\n<\/tbody>\n<\/table>\n<p>&nbsp;<\/p>\n","protected":false},"excerpt":{"rendered":"<p><a href=\"https:\/\/neue-herbold.com\/wp-content\/uploads\/2014\/12\/TM-1006.jpg\" target=\"_blank\" rel=\"noopener\"><img loading=\"lazy\" decoding=\"async\" class=\"alignright wp-image-3023\" title=\"Mechanische Trockner\" src=\"https:\/\/neue-herbold.com\/wp-content\/uploads\/2014\/12\/TM-1006-1024x936.jpg\" alt=\"Mechanische Trockner\" width=\"414\" height=\"378\" srcset=\"https:\/\/neue-herbold.com\/wp-content\/uploads\/2014\/12\/TM-1006-1024x936.jpg 1024w, https:\/\/neue-herbold.com\/wp-content\/uploads\/2014\/12\/TM-1006-300x274.jpg 300w, https:\/\/neue-herbold.com\/wp-content\/uploads\/2014\/12\/TM-1006-100x91.jpg 100w, https:\/\/neue-herbold.com\/wp-content\/uploads\/2014\/12\/TM-1006-150x137.jpg 150w, https:\/\/neue-herbold.com\/wp-content\/uploads\/2014\/12\/TM-1006-200x183.jpg 200w, https:\/\/neue-herbold.com\/wp-content\/uploads\/2014\/12\/TM-1006-450x411.jpg 450w, https:\/\/neue-herbold.com\/wp-content\/uploads\/2014\/12\/TM-1006-600x549.jpg 600w, https:\/\/neue-herbold.com\/wp-content\/uploads\/2014\/12\/TM-1006-900x823.jpg 900w, https:\/\/neue-herbold.com\/wp-content\/uploads\/2014\/12\/TM-1006.jpg 1200w\" sizes=\"(max-width: 414px) 100vw, 414px\" \/><\/a><strong><span style=\"color: #000000;\">Technik<\/span><\/strong><\/p>\n<p>Durch den Einlauftrichter am oberen Ende des <span style=\"color: #000000;\">Trocknergeh\u00e4uses <\/span>wird die Na\u00dffraktion aufgegeben.<\/p>\n<p><span style=\"color: #000000;\">Der Rotor des mechanischen Trockners bef\u00f6rdert anschlie\u00dfend das Mahlgut von der Eingabe- zur Austragsseite.<\/span><\/p>\n<p><span class=\"ellipsis\">&hellip;<\/span><\/p>\n<div class=\"read-more\"><a href=\"https:\/\/neue-herbold.com\/de\/mechanische-trockner-tm\/\">Weiterlesen \u203a<\/a><\/div>\n<p><!-- end of .read-more --><\/p>\n","protected":false},"author":1,"featured_media":0,"parent":0,"menu_order":0,"comment_status":"closed","ping_status":"closed","template":"","meta":{"footnotes":""},"class_list":["post-7910","page","type-page","status-publish","hentry"],"yoast_head":"<!-- This site is optimized with the Yoast SEO plugin v25.4 - https:\/\/yoast.com\/wordpress\/plugins\/seo\/ -->\n<title>Mechanische Trockner TM - Neue Herbold GmbH<\/title>\n<meta name=\"description\" content=\"Neue Herbold - Der Mechanische Trockner der Baureihe TM ist eine, dem Waschproze\u00df nachgeschaltete Funktionseinheit. Die mechanischen Trockner werden zur\" \/>\n<meta name=\"robots\" content=\"index, follow, max-snippet:-1, max-image-preview:large, max-video-preview:-1\" \/>\n<link rel=\"canonical\" href=\"https:\/\/neue-herbold.com\/de\/mechanische-trockner-tm\/\" \/>\n<meta property=\"og:locale\" content=\"de_DE\" \/>\n<meta property=\"og:type\" content=\"article\" \/>\n<meta property=\"og:title\" content=\"Mechanische Trockner TM - Neue Herbold GmbH\" \/>\n<meta property=\"og:description\" content=\"Neue Herbold - Der Mechanische Trockner der Baureihe TM ist eine, dem Waschproze\u00df nachgeschaltete Funktionseinheit. Die mechanischen Trockner werden zur\" \/>\n<meta property=\"og:url\" content=\"https:\/\/neue-herbold.com\/de\/mechanische-trockner-tm\/\" \/>\n<meta property=\"og:site_name\" content=\"Neue Herbold GmbH\" \/>\n<meta property=\"article:modified_time\" content=\"2017-10-14T23:58:23+00:00\" \/>\n<meta property=\"og:image\" content=\"https:\/\/neue-herbold.com\/wp-content\/uploads\/2014\/12\/TM-1006-1024x936.jpg\" \/>\n<meta name=\"twitter:label1\" content=\"Gesch\u00e4tzte Lesezeit\" \/>\n\t<meta name=\"twitter:data1\" content=\"1\u00a0Minute\" \/>\n<script type=\"application\/ld+json\" class=\"yoast-schema-graph\">{\"@context\":\"https:\/\/schema.org\",\"@graph\":[{\"@type\":\"WebPage\",\"@id\":\"https:\/\/neue-herbold.com\/de\/mechanische-trockner-tm\/\",\"url\":\"https:\/\/neue-herbold.com\/de\/mechanische-trockner-tm\/\",\"name\":\"Mechanische Trockner TM - Neue Herbold GmbH\",\"isPartOf\":{\"@id\":\"https:\/\/neue-herbold.com\/en\/#website\"},\"primaryImageOfPage\":{\"@id\":\"https:\/\/neue-herbold.com\/de\/mechanische-trockner-tm\/#primaryimage\"},\"image\":{\"@id\":\"https:\/\/neue-herbold.com\/de\/mechanische-trockner-tm\/#primaryimage\"},\"thumbnailUrl\":\"https:\/\/neue-herbold.com\/wp-content\/uploads\/2014\/12\/TM-1006-1024x936.jpg\",\"datePublished\":\"2016-06-02T20:48:51+00:00\",\"dateModified\":\"2017-10-14T23:58:23+00:00\",\"description\":\"Neue Herbold - Der Mechanische Trockner der Baureihe TM ist eine, dem Waschproze\u00df nachgeschaltete Funktionseinheit. Die mechanischen Trockner werden zur\",\"breadcrumb\":{\"@id\":\"https:\/\/neue-herbold.com\/de\/mechanische-trockner-tm\/#breadcrumb\"},\"inLanguage\":\"de\",\"potentialAction\":[{\"@type\":\"ReadAction\",\"target\":[\"https:\/\/neue-herbold.com\/de\/mechanische-trockner-tm\/\"]}]},{\"@type\":\"ImageObject\",\"inLanguage\":\"de\",\"@id\":\"https:\/\/neue-herbold.com\/de\/mechanische-trockner-tm\/#primaryimage\",\"url\":\"https:\/\/neue-herbold.com\/wp-content\/uploads\/2014\/12\/TM-1006-1024x936.jpg\",\"contentUrl\":\"https:\/\/neue-herbold.com\/wp-content\/uploads\/2014\/12\/TM-1006-1024x936.jpg\"},{\"@type\":\"BreadcrumbList\",\"@id\":\"https:\/\/neue-herbold.com\/de\/mechanische-trockner-tm\/#breadcrumb\",\"itemListElement\":[{\"@type\":\"ListItem\",\"position\":1,\"name\":\"Startseite\",\"item\":\"https:\/\/neue-herbold.com\/de\/\"},{\"@type\":\"ListItem\",\"position\":2,\"name\":\"Mechanische Trockner TM\"}]},{\"@type\":\"WebSite\",\"@id\":\"https:\/\/neue-herbold.com\/en\/#website\",\"url\":\"https:\/\/neue-herbold.com\/en\/\",\"name\":\"Neue Herbold GmbH\",\"description\":\"\",\"potentialAction\":[{\"@type\":\"SearchAction\",\"target\":{\"@type\":\"EntryPoint\",\"urlTemplate\":\"https:\/\/neue-herbold.com\/en\/?s={search_term_string}\"},\"query-input\":{\"@type\":\"PropertyValueSpecification\",\"valueRequired\":true,\"valueName\":\"search_term_string\"}}],\"inLanguage\":\"de\"}]}<\/script>\n<!-- \/ Yoast SEO plugin. -->","yoast_head_json":{"title":"Mechanische Trockner TM - Neue Herbold GmbH","description":"Neue Herbold - Der Mechanische Trockner der Baureihe TM ist eine, dem Waschproze\u00df nachgeschaltete Funktionseinheit. Die mechanischen Trockner werden zur","robots":{"index":"index","follow":"follow","max-snippet":"max-snippet:-1","max-image-preview":"max-image-preview:large","max-video-preview":"max-video-preview:-1"},"canonical":"https:\/\/neue-herbold.com\/de\/mechanische-trockner-tm\/","og_locale":"de_DE","og_type":"article","og_title":"Mechanische Trockner TM - Neue Herbold GmbH","og_description":"Neue Herbold - Der Mechanische Trockner der Baureihe TM ist eine, dem Waschproze\u00df nachgeschaltete Funktionseinheit. Die mechanischen Trockner werden zur","og_url":"https:\/\/neue-herbold.com\/de\/mechanische-trockner-tm\/","og_site_name":"Neue Herbold GmbH","article_modified_time":"2017-10-14T23:58:23+00:00","og_image":[{"url":"https:\/\/neue-herbold.com\/wp-content\/uploads\/2014\/12\/TM-1006-1024x936.jpg","type":"","width":"","height":""}],"twitter_misc":{"Gesch\u00e4tzte Lesezeit":"1\u00a0Minute"},"schema":{"@context":"https:\/\/schema.org","@graph":[{"@type":"WebPage","@id":"https:\/\/neue-herbold.com\/de\/mechanische-trockner-tm\/","url":"https:\/\/neue-herbold.com\/de\/mechanische-trockner-tm\/","name":"Mechanische Trockner TM - Neue Herbold GmbH","isPartOf":{"@id":"https:\/\/neue-herbold.com\/en\/#website"},"primaryImageOfPage":{"@id":"https:\/\/neue-herbold.com\/de\/mechanische-trockner-tm\/#primaryimage"},"image":{"@id":"https:\/\/neue-herbold.com\/de\/mechanische-trockner-tm\/#primaryimage"},"thumbnailUrl":"https:\/\/neue-herbold.com\/wp-content\/uploads\/2014\/12\/TM-1006-1024x936.jpg","datePublished":"2016-06-02T20:48:51+00:00","dateModified":"2017-10-14T23:58:23+00:00","description":"Neue Herbold - Der Mechanische Trockner der Baureihe TM ist eine, dem Waschproze\u00df nachgeschaltete Funktionseinheit. Die mechanischen Trockner werden zur","breadcrumb":{"@id":"https:\/\/neue-herbold.com\/de\/mechanische-trockner-tm\/#breadcrumb"},"inLanguage":"de","potentialAction":[{"@type":"ReadAction","target":["https:\/\/neue-herbold.com\/de\/mechanische-trockner-tm\/"]}]},{"@type":"ImageObject","inLanguage":"de","@id":"https:\/\/neue-herbold.com\/de\/mechanische-trockner-tm\/#primaryimage","url":"https:\/\/neue-herbold.com\/wp-content\/uploads\/2014\/12\/TM-1006-1024x936.jpg","contentUrl":"https:\/\/neue-herbold.com\/wp-content\/uploads\/2014\/12\/TM-1006-1024x936.jpg"},{"@type":"BreadcrumbList","@id":"https:\/\/neue-herbold.com\/de\/mechanische-trockner-tm\/#breadcrumb","itemListElement":[{"@type":"ListItem","position":1,"name":"Startseite","item":"https:\/\/neue-herbold.com\/de\/"},{"@type":"ListItem","position":2,"name":"Mechanische Trockner TM"}]},{"@type":"WebSite","@id":"https:\/\/neue-herbold.com\/en\/#website","url":"https:\/\/neue-herbold.com\/en\/","name":"Neue Herbold GmbH","description":"","potentialAction":[{"@type":"SearchAction","target":{"@type":"EntryPoint","urlTemplate":"https:\/\/neue-herbold.com\/en\/?s={search_term_string}"},"query-input":{"@type":"PropertyValueSpecification","valueRequired":true,"valueName":"search_term_string"}}],"inLanguage":"de"}]}},"_links":{"self":[{"href":"https:\/\/neue-herbold.com\/de\/wp-json\/wp\/v2\/pages\/7910"}],"collection":[{"href":"https:\/\/neue-herbold.com\/de\/wp-json\/wp\/v2\/pages"}],"about":[{"href":"https:\/\/neue-herbold.com\/de\/wp-json\/wp\/v2\/types\/page"}],"author":[{"embeddable":true,"href":"https:\/\/neue-herbold.com\/de\/wp-json\/wp\/v2\/users\/1"}],"replies":[{"embeddable":true,"href":"https:\/\/neue-herbold.com\/de\/wp-json\/wp\/v2\/comments?post=7910"}],"version-history":[{"count":13,"href":"https:\/\/neue-herbold.com\/de\/wp-json\/wp\/v2\/pages\/7910\/revisions"}],"predecessor-version":[{"id":11279,"href":"https:\/\/neue-herbold.com\/de\/wp-json\/wp\/v2\/pages\/7910\/revisions\/11279"}],"wp:attachment":[{"href":"https:\/\/neue-herbold.com\/de\/wp-json\/wp\/v2\/media?parent=7910"}],"curies":[{"name":"wp","href":"https:\/\/api.w.org\/{rel}","templated":true}]}}