{"id":7864,"date":"2016-06-02T21:47:28","date_gmt":"2016-06-02T19:47:28","guid":{"rendered":"https:\/\/neue-herbold.com\/de\/?page_id=7864"},"modified":"2024-03-04T16:33:39","modified_gmt":"2024-03-04T15:33:39","slug":"friktionswaescher","status":"publish","type":"page","link":"https:\/\/neue-herbold.com\/de\/friktionswaescher\/","title":{"rendered":"Friktionsw\u00e4scher \/ Friktionsabscheider"},"content":{"rendered":"<div id=\"attachment_3017\" style=\"width: 444px\" class=\"wp-caption alignright\"><a href=\"https:\/\/neue-herbold.com\/wp-content\/uploads\/2014\/11\/WA-022.jpg\" target=\"_blank\" rel=\"noopener noreferrer\"><img loading=\"lazy\" decoding=\"async\" aria-describedby=\"caption-attachment-3017\" class=\"wp-image-3017\" title=\"Friktionsw\u00e4scher\" src=\"https:\/\/neue-herbold.com\/wp-content\/uploads\/2014\/11\/WA-022-1009x1024.jpg\" alt=\"Friktionsw\u00e4scher\" width=\"434\" height=\"440\" srcset=\"https:\/\/neue-herbold.com\/wp-content\/uploads\/2014\/11\/WA-022-1009x1024.jpg 1009w, https:\/\/neue-herbold.com\/wp-content\/uploads\/2014\/11\/WA-022-295x300.jpg 295w, https:\/\/neue-herbold.com\/wp-content\/uploads\/2014\/11\/WA-022-100x101.jpg 100w, https:\/\/neue-herbold.com\/wp-content\/uploads\/2014\/11\/WA-022-150x152.jpg 150w, https:\/\/neue-herbold.com\/wp-content\/uploads\/2014\/11\/WA-022-200x202.jpg 200w, https:\/\/neue-herbold.com\/wp-content\/uploads\/2014\/11\/WA-022-300x304.jpg 300w, https:\/\/neue-herbold.com\/wp-content\/uploads\/2014\/11\/WA-022-450x456.jpg 450w, https:\/\/neue-herbold.com\/wp-content\/uploads\/2014\/11\/WA-022-600x608.jpg 600w, https:\/\/neue-herbold.com\/wp-content\/uploads\/2014\/11\/WA-022-900x912.jpg 900w, https:\/\/neue-herbold.com\/wp-content\/uploads\/2014\/11\/WA-022.jpg 1200w\" sizes=\"(max-width: 434px) 100vw, 434px\" \/><\/a><p id=\"caption-attachment-3017\" class=\"wp-caption-text\">Friktionsw\u00e4scher Typ FW 560\/3000 mit Schneimdm\u00fchle Typ SM 450\/1000<\/p><\/div>\n<p><strong><span style=\"color: #000000;\">Einsatzgebiet<\/span><span style=\"color: #000000;\"><br \/>\n<\/span><\/strong><\/p>\n<p>\n<span style=\"color: #000000;\">Die Friktionsw\u00e4scher der Baureihe FW \/ FA werden zum Waschen von Mahlgutfaktionen\u00a0eingesetzt.<\/span><\/p>\n<p><span style=\"color: #000000;\">Dazu geh\u00f6rt beispielsweise: <br \/>\n<\/span><\/p>\n<ul>\n<li><span style=\"color: #000000;\">Folienschnitzel<\/span>n w<span style=\"color: #000000;\">aschen <\/span><\/li>\n<li><span style=\"color: #000000;\">von Granulat aus PET-Flaschenware waschen <br \/>\n<\/span><\/li>\n<li><span style=\"color: #000000;\">Waschen von sonstigen Hartkunststoffwaren<\/span><\/li>\n<\/ul>\n<p><span style=\"color: #000000;\">Mit diesen W\u00e4schern werden Mahlg\u00fcter produziert die durch ein\u00a0 umweltschonenden Verfahren frei von Zellstoffen und Kleberanhaftungen sind.<br \/>\n<\/span><\/p>\n<p>Chemikalien kommen bei dieser Technologie nicht zum Einsatz, was einen erheblichen Kostenvorteil darstellt.<\/p>\n<p>&nbsp;<\/p>\n<p><span style=\"color: #000000;\"><strong>Technik<\/strong> <br \/>\n<\/span><\/p>\n<p><span style=\"color: #808080;\"><em>Bedingt durch die geneigte, schr\u00e4ge Montage wird das Mahlgut durch die Schneckenwelle des Friktionsabscheiders zum oben liegenden Auslauf transportiert, wobei w\u00e4hrend des Transports von unten nach oben der Waschvorgang erfolgt.<\/em><\/span><\/p>\n<p><span style=\"color: #000000;\">Das Feingut wird gemeinsam mit Wasser und auch aufgeweichtem Papier durch ein die Schneckenwelle umschlie\u00dfendes Feinsieb nach au\u00dfen geschleudert und kann durch einen Auslaufstutzen ablaufen. <\/span>Zus\u00e4tzliches Wasser kann bei Bedarf direkt durch den Deckel in den Produktionsraum gef\u00fcllt werden.<\/p>\n<div id=\"attachment_3288\" style=\"width: 310px\" class=\"wp-caption alignleft\"><a style=\"color: #000000;\" href=\"https:\/\/neue-herbold.com\/wp-content\/uploads\/2014\/11\/P7050058.jpg\" target=\"_blank\" rel=\"noopener noreferrer\"><img loading=\"lazy\" decoding=\"async\" aria-describedby=\"caption-attachment-3288\" class=\"wp-image-3288 size-medium\" src=\"https:\/\/neue-herbold.com\/wp-content\/uploads\/2014\/11\/P7050058-300x225.jpg\" alt=\"\" width=\"300\" height=\"225\" srcset=\"https:\/\/neue-herbold.com\/wp-content\/uploads\/2014\/11\/P7050058-300x225.jpg 300w, https:\/\/neue-herbold.com\/wp-content\/uploads\/2014\/11\/P7050058-1024x768.jpg 1024w, https:\/\/neue-herbold.com\/wp-content\/uploads\/2014\/11\/P7050058-100x75.jpg 100w, https:\/\/neue-herbold.com\/wp-content\/uploads\/2014\/11\/P7050058-150x112.jpg 150w, https:\/\/neue-herbold.com\/wp-content\/uploads\/2014\/11\/P7050058-200x150.jpg 200w, https:\/\/neue-herbold.com\/wp-content\/uploads\/2014\/11\/P7050058-450x337.jpg 450w, https:\/\/neue-herbold.com\/wp-content\/uploads\/2014\/11\/P7050058-600x450.jpg 600w, https:\/\/neue-herbold.com\/wp-content\/uploads\/2014\/11\/P7050058-900x675.jpg 900w, https:\/\/neue-herbold.com\/wp-content\/uploads\/2014\/11\/P7050058.jpg 1200w\" sizes=\"(max-width: 300px) 100vw, 300px\" \/><\/a><p id=\"caption-attachment-3288\" class=\"wp-caption-text\"><span style=\"color: #000000;\">FA 600\/3200<\/span><\/p><\/div>\n<p>Angetrieben wird die Maschine mittels Drehstrommotor und einem \u00fcberdimensioniertem Keilriementrieb. Der dynamisch gewuchtete\u00a0Rotor garantiert einen einwandfreien Lauf.<\/p>\n<p><span style=\"color: #000000;\">Es wird st\u00e4ndig Frischwasser oder sauberes Kreislaufwasser einged\u00fcst um ein Verstopfen der Siebl\u00f6cher zu verhindern. Zus\u00e4tzlich erfolgt eine mechanische Reinigung der Sieboberfl\u00e4che.<\/span><\/p>\n<p><span style=\"color: #000000;\">Der Friktionsw\u00e4scher ist auch in Spezialausf\u00fchrungen erh\u00e4ltlich beispielsweise mit Sondergeh\u00e4use.<\/span><\/p>\n<p>&nbsp;<\/p>\n<p><strong>Wissenswertes am Rande<\/strong><\/p>\n<p>Aus alten verunreinigten Getr\u00e4nkeflaschen werden durch Kunststoff-Recycling neue Plastikflaschen, ein grosser Teil wird auch zu Polyester-Textilfasern verarbeitet. China ist auf diesem Gebiet der Weltmarktf\u00fchrer.<\/p>\n<p>So wurden allein im Jahre 2006 knapp vier Millionen Tonnen PET-Abf\u00e4lle nach China exportiert, dies entspricht etwa 100 Milliarden Plastikflaschen.\u00a0 In Deutschland gelangen etwa 30% der PET-Getr\u00e4nkeflaschen in den \u201esortenreinen Stoffkreislauf\u201c. Quelle: <a href=\"https:\/\/de.wikipedia.org\/wiki\/PET-Flasche\" target=\"_blank\" rel=\"noopener noreferrer\">Wikipedia PET-Flasche<\/a><\/p>\n<p style=\"text-align: left;\"><em><strong>Produktvideo: Der Friktionsw\u00e4scher im Einsatz<\/strong><\/em><\/p>\n<p style=\"text-align: left;\"><div id=\"bcGdpKhEKB\" data-borlabs-cookie-blocked-content><div class=\"borlabs-cookie-bct bc-bct-video bc-bct-youtube\"> <p class=\"bc-thumbnail\"><img src=\"https:\/\/neue-herbold.com\/wp-content\/cache\/borlabs_cookie\/Ikp-6CZ7DqE_sddefault.jpg\" alt=\"YouTube\"><\/p> <div class=\"bc-text\"> <p>Zum Schutz Ihrer pers\u00f6nlichen Daten wurde Ihre Verbindung zu YouTube blockiert. <br> Klicken Sie auf <strong> Video laden<\/strong>, um die Blockierung von YouTube aufzuheben. <br> Durch das Laden des Videos akzeptieren Sie die Datenschutzbestimmungen von YouTube. <br>Weitere Informationen zu den Datenschutzbestimmungen von YouTube finden Sie hier: <br><a href=\"https:\/\/policies.google.com\/privacy\" target=\"_blank\" rel=\"nofollow\">Google - Datenschutzerkl\u00e4rung<\/a><\/p> <p><label><input type=\"checkbox\" name=\"unblockAll\" value=\"1\" > K\u00fcnftig keine Videos von YouTube blockieren <\/label> <a role=\"button\" data-borlabs-cookie-unblock>Video laden<\/a><\/p> <\/div> <\/div><\/div>\n<p><strong>Weitere Informationen:<\/strong><\/p>\n<p><span style=\"color: #000000;\"><strong><a href=\"https:\/\/neue-herbold.com\/wp-content\/uploads\/2014\/11\/FW_Friktionswaescher_Friktionsabscheider.pdf\" target=\"_blank\" rel=\"noopener noreferrer\"><img loading=\"lazy\" decoding=\"async\" class=\"alignnone wp-image-5703\" src=\"https:\/\/neue-herbold.com\/wp-content\/uploads\/2014\/12\/PDF-ICON.jpg\" alt=\"PDF-ICON\" width=\"50\" height=\"48\" \/><\/a><\/strong><a href=\"https:\/\/neue-herbold.com\/wp-content\/uploads\/2014\/11\/FW_Friktionswaescher_Friktionsabscheider.pdf\" target=\"_blank\" rel=\"noopener noreferrer\">Friktionsabscheider<\/a><\/span><\/p>\n<p><a href=\"https:\/\/neue-herbold.com\/wp-content\/uploads\/2014\/11\/Wikipedia.jpg\"><img loading=\"lazy\" decoding=\"async\" class=\"wp-image-6978 alignnone\" src=\"https:\/\/neue-herbold.com\/wp-content\/uploads\/2014\/11\/Wikipedia.jpg\" alt=\"Wikipedia\" width=\"48\" height=\"48\" srcset=\"https:\/\/neue-herbold.com\/wp-content\/uploads\/2014\/11\/Wikipedia.jpg 265w, https:\/\/neue-herbold.com\/wp-content\/uploads\/2014\/11\/Wikipedia-100x100.jpg 100w, https:\/\/neue-herbold.com\/wp-content\/uploads\/2014\/11\/Wikipedia-150x150.jpg 150w, https:\/\/neue-herbold.com\/wp-content\/uploads\/2014\/11\/Wikipedia-200x200.jpg 200w\" sizes=\"(max-width: 48px) 100vw, 48px\" \/><\/a><a href=\"https:\/\/de.wikipedia.org\/wiki\/Schneckenf%C3%B6rderer\" target=\"_blank\" rel=\"noopener noreferrer\">Schneckenf\u00f6rderer<\/a><\/p>\n","protected":false},"excerpt":{"rendered":"<p><strong><span style=\"color: #000000;\">Einsatzgebiet<\/span><span style=\"color: #000000;\"><br \/>\n<\/span><\/strong><\/p>\n<p>\n<span style=\"color: #000000;\">Die Friktionsw\u00e4scher der Baureihe FW \/ FA werden zum Waschen von Mahlgutfaktionen\u00a0eingesetzt.<\/span><\/p>\n<p><span style=\"color: #000000;\">Dazu geh\u00f6rt beispielsweise: <br \/>\n<\/span><\/p>\n<ul>\n<li><span style=\"color: #000000;\">Folienschnitzel<\/span>n w<span style=\"color: #000000;\">aschen <\/span><\/li>\n<li><span style=\"color: #000000;\">von Granulat aus PET-Flaschenware waschen <br \/>\n<\/span><\/li>\n<li><span style=\"color: #000000;\">Waschen von sonstigen Hartkunststoffwaren<\/span><\/li>\n<\/ul>\n<p><span style=\"color: #000000;\">Mit diesen W\u00e4schern werden Mahlg\u00fcter produziert die durch ein\u00a0 umweltschonenden Verfahren frei von Zellstoffen und Kleberanhaftungen sind.<\/span><\/p>\n<p><span class=\"ellipsis\">&hellip;<\/span><\/p>\n<div class=\"read-more\"><a href=\"https:\/\/neue-herbold.com\/de\/friktionswaescher\/\">Weiterlesen \u203a<\/a><\/div>\n<p><!-- end of .read-more --><\/p>\n","protected":false},"author":1,"featured_media":0,"parent":0,"menu_order":0,"comment_status":"closed","ping_status":"closed","template":"","meta":{"footnotes":""},"class_list":["post-7864","page","type-page","status-publish","hentry"],"yoast_head":"<!-- This site is optimized with the Yoast SEO plugin v25.4 - https:\/\/yoast.com\/wordpress\/plugins\/seo\/ -->\n<title>Friktionsw\u00e4scher \/ Friktionsabscheider - Neue Herbold GmbH<\/title>\n<meta name=\"description\" content=\"Friktionsw\u00e4scher der Baureihe FW \/ FA werden zum Waschen von Mahlgutfaktionen, vorzugsweise zum Waschen von Folienschnitzeln, Granulat aus PET-Flaschenware\" \/>\n<meta name=\"robots\" content=\"index, follow, max-snippet:-1, max-image-preview:large, max-video-preview:-1\" \/>\n<link rel=\"canonical\" href=\"https:\/\/neue-herbold.com\/de\/friktionswaescher\/\" \/>\n<meta property=\"og:locale\" content=\"de_DE\" \/>\n<meta property=\"og:type\" content=\"article\" \/>\n<meta property=\"og:title\" content=\"Friktionsw\u00e4scher \/ Friktionsabscheider - Neue Herbold GmbH\" \/>\n<meta property=\"og:description\" content=\"Friktionsw\u00e4scher der Baureihe FW \/ FA werden zum Waschen von Mahlgutfaktionen, vorzugsweise zum Waschen von Folienschnitzeln, Granulat aus PET-Flaschenware\" \/>\n<meta property=\"og:url\" content=\"https:\/\/neue-herbold.com\/de\/friktionswaescher\/\" \/>\n<meta property=\"og:site_name\" content=\"Neue Herbold GmbH\" \/>\n<meta property=\"article:modified_time\" content=\"2024-03-04T15:33:39+00:00\" \/>\n<meta property=\"og:image\" content=\"https:\/\/neue-herbold.com\/wp-content\/uploads\/2014\/11\/WA-022-1009x1024.jpg\" \/>\n<meta name=\"twitter:label1\" content=\"Gesch\u00e4tzte Lesezeit\" \/>\n\t<meta name=\"twitter:data1\" content=\"3\u00a0Minuten\" \/>\n<script type=\"application\/ld+json\" class=\"yoast-schema-graph\">{\"@context\":\"https:\/\/schema.org\",\"@graph\":[{\"@type\":\"WebPage\",\"@id\":\"https:\/\/neue-herbold.com\/de\/friktionswaescher\/\",\"url\":\"https:\/\/neue-herbold.com\/de\/friktionswaescher\/\",\"name\":\"Friktionsw\u00e4scher \/ Friktionsabscheider - Neue Herbold GmbH\",\"isPartOf\":{\"@id\":\"https:\/\/neue-herbold.com\/en\/#website\"},\"primaryImageOfPage\":{\"@id\":\"https:\/\/neue-herbold.com\/de\/friktionswaescher\/#primaryimage\"},\"image\":{\"@id\":\"https:\/\/neue-herbold.com\/de\/friktionswaescher\/#primaryimage\"},\"thumbnailUrl\":\"https:\/\/neue-herbold.com\/wp-content\/uploads\/2014\/11\/WA-022-1009x1024.jpg\",\"datePublished\":\"2016-06-02T19:47:28+00:00\",\"dateModified\":\"2024-03-04T15:33:39+00:00\",\"description\":\"Friktionsw\u00e4scher der Baureihe FW \/ FA werden zum Waschen von Mahlgutfaktionen, vorzugsweise zum Waschen von Folienschnitzeln, Granulat aus PET-Flaschenware\",\"breadcrumb\":{\"@id\":\"https:\/\/neue-herbold.com\/de\/friktionswaescher\/#breadcrumb\"},\"inLanguage\":\"de\",\"potentialAction\":[{\"@type\":\"ReadAction\",\"target\":[\"https:\/\/neue-herbold.com\/de\/friktionswaescher\/\"]}]},{\"@type\":\"ImageObject\",\"inLanguage\":\"de\",\"@id\":\"https:\/\/neue-herbold.com\/de\/friktionswaescher\/#primaryimage\",\"url\":\"https:\/\/neue-herbold.com\/wp-content\/uploads\/2014\/11\/WA-022-1009x1024.jpg\",\"contentUrl\":\"https:\/\/neue-herbold.com\/wp-content\/uploads\/2014\/11\/WA-022-1009x1024.jpg\"},{\"@type\":\"BreadcrumbList\",\"@id\":\"https:\/\/neue-herbold.com\/de\/friktionswaescher\/#breadcrumb\",\"itemListElement\":[{\"@type\":\"ListItem\",\"position\":1,\"name\":\"Startseite\",\"item\":\"https:\/\/neue-herbold.com\/de\/\"},{\"@type\":\"ListItem\",\"position\":2,\"name\":\"Friktionsw\u00e4scher \/ Friktionsabscheider\"}]},{\"@type\":\"WebSite\",\"@id\":\"https:\/\/neue-herbold.com\/en\/#website\",\"url\":\"https:\/\/neue-herbold.com\/en\/\",\"name\":\"Neue Herbold GmbH\",\"description\":\"\",\"potentialAction\":[{\"@type\":\"SearchAction\",\"target\":{\"@type\":\"EntryPoint\",\"urlTemplate\":\"https:\/\/neue-herbold.com\/en\/?s={search_term_string}\"},\"query-input\":{\"@type\":\"PropertyValueSpecification\",\"valueRequired\":true,\"valueName\":\"search_term_string\"}}],\"inLanguage\":\"de\"}]}<\/script>\n<!-- \/ Yoast SEO plugin. -->","yoast_head_json":{"title":"Friktionsw\u00e4scher \/ Friktionsabscheider - Neue Herbold GmbH","description":"Friktionsw\u00e4scher der Baureihe FW \/ FA werden zum Waschen von Mahlgutfaktionen, vorzugsweise zum Waschen von Folienschnitzeln, Granulat aus PET-Flaschenware","robots":{"index":"index","follow":"follow","max-snippet":"max-snippet:-1","max-image-preview":"max-image-preview:large","max-video-preview":"max-video-preview:-1"},"canonical":"https:\/\/neue-herbold.com\/de\/friktionswaescher\/","og_locale":"de_DE","og_type":"article","og_title":"Friktionsw\u00e4scher \/ Friktionsabscheider - Neue Herbold GmbH","og_description":"Friktionsw\u00e4scher der Baureihe FW \/ FA werden zum Waschen von Mahlgutfaktionen, vorzugsweise zum Waschen von Folienschnitzeln, Granulat aus PET-Flaschenware","og_url":"https:\/\/neue-herbold.com\/de\/friktionswaescher\/","og_site_name":"Neue Herbold GmbH","article_modified_time":"2024-03-04T15:33:39+00:00","og_image":[{"url":"https:\/\/neue-herbold.com\/wp-content\/uploads\/2014\/11\/WA-022-1009x1024.jpg","type":"","width":"","height":""}],"twitter_misc":{"Gesch\u00e4tzte Lesezeit":"3\u00a0Minuten"},"schema":{"@context":"https:\/\/schema.org","@graph":[{"@type":"WebPage","@id":"https:\/\/neue-herbold.com\/de\/friktionswaescher\/","url":"https:\/\/neue-herbold.com\/de\/friktionswaescher\/","name":"Friktionsw\u00e4scher \/ Friktionsabscheider - Neue Herbold GmbH","isPartOf":{"@id":"https:\/\/neue-herbold.com\/en\/#website"},"primaryImageOfPage":{"@id":"https:\/\/neue-herbold.com\/de\/friktionswaescher\/#primaryimage"},"image":{"@id":"https:\/\/neue-herbold.com\/de\/friktionswaescher\/#primaryimage"},"thumbnailUrl":"https:\/\/neue-herbold.com\/wp-content\/uploads\/2014\/11\/WA-022-1009x1024.jpg","datePublished":"2016-06-02T19:47:28+00:00","dateModified":"2024-03-04T15:33:39+00:00","description":"Friktionsw\u00e4scher der Baureihe FW \/ FA werden zum Waschen von Mahlgutfaktionen, vorzugsweise zum Waschen von Folienschnitzeln, Granulat aus PET-Flaschenware","breadcrumb":{"@id":"https:\/\/neue-herbold.com\/de\/friktionswaescher\/#breadcrumb"},"inLanguage":"de","potentialAction":[{"@type":"ReadAction","target":["https:\/\/neue-herbold.com\/de\/friktionswaescher\/"]}]},{"@type":"ImageObject","inLanguage":"de","@id":"https:\/\/neue-herbold.com\/de\/friktionswaescher\/#primaryimage","url":"https:\/\/neue-herbold.com\/wp-content\/uploads\/2014\/11\/WA-022-1009x1024.jpg","contentUrl":"https:\/\/neue-herbold.com\/wp-content\/uploads\/2014\/11\/WA-022-1009x1024.jpg"},{"@type":"BreadcrumbList","@id":"https:\/\/neue-herbold.com\/de\/friktionswaescher\/#breadcrumb","itemListElement":[{"@type":"ListItem","position":1,"name":"Startseite","item":"https:\/\/neue-herbold.com\/de\/"},{"@type":"ListItem","position":2,"name":"Friktionsw\u00e4scher \/ Friktionsabscheider"}]},{"@type":"WebSite","@id":"https:\/\/neue-herbold.com\/en\/#website","url":"https:\/\/neue-herbold.com\/en\/","name":"Neue Herbold GmbH","description":"","potentialAction":[{"@type":"SearchAction","target":{"@type":"EntryPoint","urlTemplate":"https:\/\/neue-herbold.com\/en\/?s={search_term_string}"},"query-input":{"@type":"PropertyValueSpecification","valueRequired":true,"valueName":"search_term_string"}}],"inLanguage":"de"}]}},"_links":{"self":[{"href":"https:\/\/neue-herbold.com\/de\/wp-json\/wp\/v2\/pages\/7864"}],"collection":[{"href":"https:\/\/neue-herbold.com\/de\/wp-json\/wp\/v2\/pages"}],"about":[{"href":"https:\/\/neue-herbold.com\/de\/wp-json\/wp\/v2\/types\/page"}],"author":[{"embeddable":true,"href":"https:\/\/neue-herbold.com\/de\/wp-json\/wp\/v2\/users\/1"}],"replies":[{"embeddable":true,"href":"https:\/\/neue-herbold.com\/de\/wp-json\/wp\/v2\/comments?post=7864"}],"version-history":[{"count":26,"href":"https:\/\/neue-herbold.com\/de\/wp-json\/wp\/v2\/pages\/7864\/revisions"}],"predecessor-version":[{"id":16209,"href":"https:\/\/neue-herbold.com\/de\/wp-json\/wp\/v2\/pages\/7864\/revisions\/16209"}],"wp:attachment":[{"href":"https:\/\/neue-herbold.com\/de\/wp-json\/wp\/v2\/media?parent=7864"}],"curies":[{"name":"wp","href":"https:\/\/api.w.org\/{rel}","templated":true}]}}