{"id":7849,"date":"2016-06-02T21:38:24","date_gmt":"2016-06-02T19:38:24","guid":{"rendered":"https:\/\/neue-herbold.com\/es\/?page_id=7849"},"modified":"2017-03-24T09:26:09","modified_gmt":"2017-03-24T08:26:09","slug":"entwaesserungsschnecke","status":"publish","type":"page","link":"https:\/\/neue-herbold.com\/de\/entwaesserungsschnecke\/","title":{"rendered":"Entw\u00e4sserungsschnecke"},"content":{"rendered":"<h4><a href=\"https:\/\/neue-herbold.com\/wp-content\/uploads\/2015\/03\/Einweichschnecke.jpg\" target=\"_blank\"><img loading=\"lazy\" decoding=\"async\" class=\"  alignright wp-image-5233\" title=\"Entw\u00e4sserungsschnecke\" src=\"https:\/\/neue-herbold.com\/wp-content\/uploads\/2015\/03\/Einweichschnecke-1019x1024.jpg\" alt=\"Entw\u00e4sserungsschnecke\" width=\"485\" height=\"487\" srcset=\"https:\/\/neue-herbold.com\/wp-content\/uploads\/2015\/03\/Einweichschnecke-1019x1024.jpg 1019w, https:\/\/neue-herbold.com\/wp-content\/uploads\/2015\/03\/Einweichschnecke-300x302.jpg 300w, https:\/\/neue-herbold.com\/wp-content\/uploads\/2015\/03\/Einweichschnecke-100x101.jpg 100w, https:\/\/neue-herbold.com\/wp-content\/uploads\/2015\/03\/Einweichschnecke-150x151.jpg 150w, https:\/\/neue-herbold.com\/wp-content\/uploads\/2015\/03\/Einweichschnecke-200x201.jpg 200w, https:\/\/neue-herbold.com\/wp-content\/uploads\/2015\/03\/Einweichschnecke-450x452.jpg 450w, https:\/\/neue-herbold.com\/wp-content\/uploads\/2015\/03\/Einweichschnecke-600x603.jpg 600w, https:\/\/neue-herbold.com\/wp-content\/uploads\/2015\/03\/Einweichschnecke-900x905.jpg 900w, https:\/\/neue-herbold.com\/wp-content\/uploads\/2015\/03\/Einweichschnecke.jpg 1200w\" sizes=\"(max-width: 485px) 100vw, 485px\" \/><\/a>Einsatzgebiet der Entw\u00e4sserungsschnecke<\/h4>\n<p>Das in der Nassschneidm\u00fchle (Waschm\u00fchle) gleichzeitig gewaschene und zerkleinerte Material f\u00e4llt in eine Entw\u00e4sserungsschnecke, die den im Wasser gel\u00f6sten Schmutz abtrennt.<\/p>\n<p>Durch den hohen Druck der Schneckenwellen wird das Wasser aus dem Material gepresst.<\/p>\n<p><strong>Technik der Entw\u00e4sserungsschnecke<\/strong><\/p>\n<p>Im Gegensatz zu einer reinen F\u00f6rderschnecke bietet die Entw\u00e4sserungsschnecke doppelten Nutzen. Durch die gleichzeitige Entw\u00e4sserung w\u00e4hrend des Transportes ensteht eine effektive Raumeinsparung.<\/p>\n<p><strong>Vorteile der Entw\u00e4sserungsschnecke<\/strong><\/p>\n<p>Vor allem kommen Entw\u00e4sserungsschnecken innerhalb der Entsorgungs- und Recyclingtechnik zum Einsatz um eine Gewichtsreduzierung des Recycingmaterial zu erreichen.<\/p>\n","protected":false},"excerpt":{"rendered":"<p><a href=\"https:\/\/neue-herbold.com\/wp-content\/uploads\/2015\/03\/Einweichschnecke.jpg\" target=\"_blank\"><img loading=\"lazy\" decoding=\"async\" class=\"  alignright wp-image-5233\" title=\"Entw\u00e4sserungsschnecke\" src=\"https:\/\/neue-herbold.com\/wp-content\/uploads\/2015\/03\/Einweichschnecke-1019x1024.jpg\" alt=\"Entw\u00e4sserungsschnecke\" width=\"485\" height=\"487\" srcset=\"https:\/\/neue-herbold.com\/wp-content\/uploads\/2015\/03\/Einweichschnecke-1019x1024.jpg 1019w, https:\/\/neue-herbold.com\/wp-content\/uploads\/2015\/03\/Einweichschnecke-300x302.jpg 300w, https:\/\/neue-herbold.com\/wp-content\/uploads\/2015\/03\/Einweichschnecke-100x101.jpg 100w, https:\/\/neue-herbold.com\/wp-content\/uploads\/2015\/03\/Einweichschnecke-150x151.jpg 150w, https:\/\/neue-herbold.com\/wp-content\/uploads\/2015\/03\/Einweichschnecke-200x201.jpg 200w, https:\/\/neue-herbold.com\/wp-content\/uploads\/2015\/03\/Einweichschnecke-450x452.jpg 450w, https:\/\/neue-herbold.com\/wp-content\/uploads\/2015\/03\/Einweichschnecke-600x603.jpg 600w, https:\/\/neue-herbold.com\/wp-content\/uploads\/2015\/03\/Einweichschnecke-900x905.jpg 900w, https:\/\/neue-herbold.com\/wp-content\/uploads\/2015\/03\/Einweichschnecke.jpg 1200w\" sizes=\"(max-width: 485px) 100vw, 485px\" \/><\/a>Einsatzgebiet der Entw\u00e4sserungsschnecke<\/p>\n<p>Das in der Nassschneidm\u00fchle (Waschm\u00fchle) gleichzeitig gewaschene und zerkleinerte Material f\u00e4llt in eine Entw\u00e4sserungsschnecke, die den im Wasser gel\u00f6sten Schmutz abtrennt.<\/p>\n<p>Durch den hohen Druck der Schneckenwellen wird das Wasser aus dem Material gepresst.<\/p>\n<p><span class=\"ellipsis\">&hellip;<\/span><\/p>\n<div class=\"read-more\"><a href=\"https:\/\/neue-herbold.com\/de\/entwaesserungsschnecke\/\">Weiterlesen \u203a<\/a><\/div>\n<p><!-- end of .read-more --><\/p>\n","protected":false},"author":1,"featured_media":0,"parent":0,"menu_order":0,"comment_status":"closed","ping_status":"closed","template":"","meta":{"footnotes":""},"class_list":["post-7849","page","type-page","status-publish","hentry"],"yoast_head":"<!-- This site is optimized with the Yoast SEO plugin v25.4 - https:\/\/yoast.com\/wordpress\/plugins\/seo\/ -->\n<title>Entw\u00e4sserungsschnecke - Neue Herbold GmbH<\/title>\n<meta name=\"description\" content=\"Das in der Nassschneidm\u00fchle gleichzeitig gewaschene und zerkleinerte Material f\u00e4llt in eine Entw\u00e4sserungsschnecke, die den im Wasser gel\u00f6sten Schmutz\" \/>\n<meta name=\"robots\" content=\"index, follow, max-snippet:-1, max-image-preview:large, max-video-preview:-1\" \/>\n<link rel=\"canonical\" href=\"https:\/\/neue-herbold.com\/de\/entwaesserungsschnecke\/\" \/>\n<meta property=\"og:locale\" content=\"de_DE\" \/>\n<meta property=\"og:type\" content=\"article\" \/>\n<meta property=\"og:title\" content=\"Entw\u00e4sserungsschnecke - Neue Herbold GmbH\" \/>\n<meta property=\"og:description\" content=\"Das in der Nassschneidm\u00fchle gleichzeitig gewaschene und zerkleinerte Material f\u00e4llt in eine Entw\u00e4sserungsschnecke, die den im Wasser gel\u00f6sten Schmutz\" \/>\n<meta property=\"og:url\" content=\"https:\/\/neue-herbold.com\/de\/entwaesserungsschnecke\/\" \/>\n<meta property=\"og:site_name\" content=\"Neue Herbold GmbH\" \/>\n<meta property=\"article:modified_time\" content=\"2017-03-24T08:26:09+00:00\" \/>\n<meta property=\"og:image\" content=\"https:\/\/neue-herbold.com\/wp-content\/uploads\/2015\/03\/Einweichschnecke-1019x1024.jpg\" \/>\n<script type=\"application\/ld+json\" class=\"yoast-schema-graph\">{\"@context\":\"https:\/\/schema.org\",\"@graph\":[{\"@type\":\"WebPage\",\"@id\":\"https:\/\/neue-herbold.com\/de\/entwaesserungsschnecke\/\",\"url\":\"https:\/\/neue-herbold.com\/de\/entwaesserungsschnecke\/\",\"name\":\"Entw\u00e4sserungsschnecke - Neue Herbold GmbH\",\"isPartOf\":{\"@id\":\"https:\/\/neue-herbold.com\/en\/#website\"},\"primaryImageOfPage\":{\"@id\":\"https:\/\/neue-herbold.com\/de\/entwaesserungsschnecke\/#primaryimage\"},\"image\":{\"@id\":\"https:\/\/neue-herbold.com\/de\/entwaesserungsschnecke\/#primaryimage\"},\"thumbnailUrl\":\"https:\/\/neue-herbold.com\/wp-content\/uploads\/2015\/03\/Einweichschnecke-1019x1024.jpg\",\"datePublished\":\"2016-06-02T19:38:24+00:00\",\"dateModified\":\"2017-03-24T08:26:09+00:00\",\"description\":\"Das in der Nassschneidm\u00fchle gleichzeitig gewaschene und zerkleinerte Material f\u00e4llt in eine Entw\u00e4sserungsschnecke, die den im Wasser gel\u00f6sten Schmutz\",\"breadcrumb\":{\"@id\":\"https:\/\/neue-herbold.com\/de\/entwaesserungsschnecke\/#breadcrumb\"},\"inLanguage\":\"de\",\"potentialAction\":[{\"@type\":\"ReadAction\",\"target\":[\"https:\/\/neue-herbold.com\/de\/entwaesserungsschnecke\/\"]}]},{\"@type\":\"ImageObject\",\"inLanguage\":\"de\",\"@id\":\"https:\/\/neue-herbold.com\/de\/entwaesserungsschnecke\/#primaryimage\",\"url\":\"https:\/\/neue-herbold.com\/wp-content\/uploads\/2015\/03\/Einweichschnecke-1019x1024.jpg\",\"contentUrl\":\"https:\/\/neue-herbold.com\/wp-content\/uploads\/2015\/03\/Einweichschnecke-1019x1024.jpg\"},{\"@type\":\"BreadcrumbList\",\"@id\":\"https:\/\/neue-herbold.com\/de\/entwaesserungsschnecke\/#breadcrumb\",\"itemListElement\":[{\"@type\":\"ListItem\",\"position\":1,\"name\":\"Startseite\",\"item\":\"https:\/\/neue-herbold.com\/de\/\"},{\"@type\":\"ListItem\",\"position\":2,\"name\":\"Entw\u00e4sserungsschnecke\"}]},{\"@type\":\"WebSite\",\"@id\":\"https:\/\/neue-herbold.com\/en\/#website\",\"url\":\"https:\/\/neue-herbold.com\/en\/\",\"name\":\"Neue Herbold GmbH\",\"description\":\"\",\"potentialAction\":[{\"@type\":\"SearchAction\",\"target\":{\"@type\":\"EntryPoint\",\"urlTemplate\":\"https:\/\/neue-herbold.com\/en\/?s={search_term_string}\"},\"query-input\":{\"@type\":\"PropertyValueSpecification\",\"valueRequired\":true,\"valueName\":\"search_term_string\"}}],\"inLanguage\":\"de\"}]}<\/script>\n<!-- \/ Yoast SEO plugin. -->","yoast_head_json":{"title":"Entw\u00e4sserungsschnecke - Neue Herbold GmbH","description":"Das in der Nassschneidm\u00fchle gleichzeitig gewaschene und zerkleinerte Material f\u00e4llt in eine Entw\u00e4sserungsschnecke, die den im Wasser gel\u00f6sten Schmutz","robots":{"index":"index","follow":"follow","max-snippet":"max-snippet:-1","max-image-preview":"max-image-preview:large","max-video-preview":"max-video-preview:-1"},"canonical":"https:\/\/neue-herbold.com\/de\/entwaesserungsschnecke\/","og_locale":"de_DE","og_type":"article","og_title":"Entw\u00e4sserungsschnecke - Neue Herbold GmbH","og_description":"Das in der Nassschneidm\u00fchle gleichzeitig gewaschene und zerkleinerte Material f\u00e4llt in eine Entw\u00e4sserungsschnecke, die den im Wasser gel\u00f6sten Schmutz","og_url":"https:\/\/neue-herbold.com\/de\/entwaesserungsschnecke\/","og_site_name":"Neue Herbold GmbH","article_modified_time":"2017-03-24T08:26:09+00:00","og_image":[{"url":"https:\/\/neue-herbold.com\/wp-content\/uploads\/2015\/03\/Einweichschnecke-1019x1024.jpg","type":"","width":"","height":""}],"schema":{"@context":"https:\/\/schema.org","@graph":[{"@type":"WebPage","@id":"https:\/\/neue-herbold.com\/de\/entwaesserungsschnecke\/","url":"https:\/\/neue-herbold.com\/de\/entwaesserungsschnecke\/","name":"Entw\u00e4sserungsschnecke - Neue Herbold GmbH","isPartOf":{"@id":"https:\/\/neue-herbold.com\/en\/#website"},"primaryImageOfPage":{"@id":"https:\/\/neue-herbold.com\/de\/entwaesserungsschnecke\/#primaryimage"},"image":{"@id":"https:\/\/neue-herbold.com\/de\/entwaesserungsschnecke\/#primaryimage"},"thumbnailUrl":"https:\/\/neue-herbold.com\/wp-content\/uploads\/2015\/03\/Einweichschnecke-1019x1024.jpg","datePublished":"2016-06-02T19:38:24+00:00","dateModified":"2017-03-24T08:26:09+00:00","description":"Das in der Nassschneidm\u00fchle gleichzeitig gewaschene und zerkleinerte Material f\u00e4llt in eine Entw\u00e4sserungsschnecke, die den im Wasser gel\u00f6sten Schmutz","breadcrumb":{"@id":"https:\/\/neue-herbold.com\/de\/entwaesserungsschnecke\/#breadcrumb"},"inLanguage":"de","potentialAction":[{"@type":"ReadAction","target":["https:\/\/neue-herbold.com\/de\/entwaesserungsschnecke\/"]}]},{"@type":"ImageObject","inLanguage":"de","@id":"https:\/\/neue-herbold.com\/de\/entwaesserungsschnecke\/#primaryimage","url":"https:\/\/neue-herbold.com\/wp-content\/uploads\/2015\/03\/Einweichschnecke-1019x1024.jpg","contentUrl":"https:\/\/neue-herbold.com\/wp-content\/uploads\/2015\/03\/Einweichschnecke-1019x1024.jpg"},{"@type":"BreadcrumbList","@id":"https:\/\/neue-herbold.com\/de\/entwaesserungsschnecke\/#breadcrumb","itemListElement":[{"@type":"ListItem","position":1,"name":"Startseite","item":"https:\/\/neue-herbold.com\/de\/"},{"@type":"ListItem","position":2,"name":"Entw\u00e4sserungsschnecke"}]},{"@type":"WebSite","@id":"https:\/\/neue-herbold.com\/en\/#website","url":"https:\/\/neue-herbold.com\/en\/","name":"Neue Herbold GmbH","description":"","potentialAction":[{"@type":"SearchAction","target":{"@type":"EntryPoint","urlTemplate":"https:\/\/neue-herbold.com\/en\/?s={search_term_string}"},"query-input":{"@type":"PropertyValueSpecification","valueRequired":true,"valueName":"search_term_string"}}],"inLanguage":"de"}]}},"_links":{"self":[{"href":"https:\/\/neue-herbold.com\/de\/wp-json\/wp\/v2\/pages\/7849"}],"collection":[{"href":"https:\/\/neue-herbold.com\/de\/wp-json\/wp\/v2\/pages"}],"about":[{"href":"https:\/\/neue-herbold.com\/de\/wp-json\/wp\/v2\/types\/page"}],"author":[{"embeddable":true,"href":"https:\/\/neue-herbold.com\/de\/wp-json\/wp\/v2\/users\/1"}],"replies":[{"embeddable":true,"href":"https:\/\/neue-herbold.com\/de\/wp-json\/wp\/v2\/comments?post=7849"}],"version-history":[{"count":16,"href":"https:\/\/neue-herbold.com\/de\/wp-json\/wp\/v2\/pages\/7849\/revisions"}],"predecessor-version":[{"id":10726,"href":"https:\/\/neue-herbold.com\/de\/wp-json\/wp\/v2\/pages\/7849\/revisions\/10726"}],"wp:attachment":[{"href":"https:\/\/neue-herbold.com\/de\/wp-json\/wp\/v2\/media?parent=7849"}],"curies":[{"name":"wp","href":"https:\/\/api.w.org\/{rel}","templated":true}]}}