{"id":7833,"date":"2016-06-02T20:45:04","date_gmt":"2016-06-02T18:45:04","guid":{"rendered":"https:\/\/neue-herbold.com\/de\/?page_id=7833"},"modified":"2017-04-28T00:21:23","modified_gmt":"2017-04-27T22:21:23","slug":"schneckenbrecher","status":"publish","type":"page","link":"https:\/\/neue-herbold.com\/de\/schneckenbrecher\/","title":{"rendered":"Schneckenbrecher"},"content":{"rendered":"<h4><strong><span style=\"color: #000000;\"><a href=\"https:\/\/neue-herbold.com\/wp-content\/uploads\/2014\/11\/SB-Anlage.jpg\" target=\"_blank\" rel=\"noopener noreferrer\"><img loading=\"lazy\" decoding=\"async\" class=\"alignright wp-image-2959\" title=\"Schneckenbrecher\" src=\"https:\/\/neue-herbold.com\/wp-content\/uploads\/2014\/11\/SB-Anlage-1024x803.jpg\" alt=\"Schneckenbrecher\" width=\"491\" height=\"385\" srcset=\"https:\/\/neue-herbold.com\/wp-content\/uploads\/2014\/11\/SB-Anlage-1024x803.jpg 1024w, https:\/\/neue-herbold.com\/wp-content\/uploads\/2014\/11\/SB-Anlage-300x235.jpg 300w, https:\/\/neue-herbold.com\/wp-content\/uploads\/2014\/11\/SB-Anlage-100x78.jpg 100w, https:\/\/neue-herbold.com\/wp-content\/uploads\/2014\/11\/SB-Anlage-150x117.jpg 150w, https:\/\/neue-herbold.com\/wp-content\/uploads\/2014\/11\/SB-Anlage-200x157.jpg 200w, https:\/\/neue-herbold.com\/wp-content\/uploads\/2014\/11\/SB-Anlage-450x353.jpg 450w, https:\/\/neue-herbold.com\/wp-content\/uploads\/2014\/11\/SB-Anlage-600x471.jpg 600w, https:\/\/neue-herbold.com\/wp-content\/uploads\/2014\/11\/SB-Anlage-900x706.jpg 900w, https:\/\/neue-herbold.com\/wp-content\/uploads\/2014\/11\/SB-Anlage.jpg 1200w\" sizes=\"(max-width: 491px) 100vw, 491px\" \/><\/a><\/span><\/strong>Technik der NEUE HERBOLD Schneckenbrecher<\/h4>\n<p><span style=\"color: #000000;\">Die Neue Herbold Schneckenbrecheranlagen sind mit schneckenf\u00f6rmigen und jeweils paarweise zueinander arbeitenden Rei\u00dfwellen ausgestattet.<br \/>\n <\/span><\/p>\n<p>Gelagert sind die Rei\u00dfwellen in einem <span style=\"color: #000000;\">geschwei\u00dften<\/span> <span style=\"color: #000000;\">trogf\u00f6rmigen Geh\u00e4use<\/span>. Z<span style=\"color: #000000;\">ur Abscheidung von Sand und Erde kann das Geh\u00e4use mit einem Siebboden ausger\u00fcstet werden. <\/span><\/p>\n<p><span style=\"color: #000000;\">Die Aufl\u00f6sung des Auftraggutes erfolgt \u00fcber Scherkr\u00e4fte sowohl zwischen den Schneckenwellen als auch den im Geh\u00e4use gelagerten Gegenz\u00e4hnen. Auf den Rei\u00dfwellen angebrachte Schneckenwendeln bef\u00f6rdern das Material horizontal zum Austragsschacht. Der Einla\u00df zum Austragsschacht kann eingeengt werden und damit die St\u00fcckgr\u00f6\u00dfe des ausgesto\u00dfenen Aufgabemateriales und die Aussto\u00dfmenge bestimmt werden.<\/span><\/p>\n<p><strong><span style=\"color: #000000;\"><em><a href=\"https:\/\/neue-herbold.com\/wp-content\/uploads\/2014\/11\/SB-5602-HM-800-1000.jpg\" target=\"_blank\" rel=\"noopener noreferrer\"><img loading=\"lazy\" decoding=\"async\" class=\"wp-image-2958 alignleft\" src=\"https:\/\/neue-herbold.com\/wp-content\/uploads\/2014\/11\/SB-5602-HM-800-1000-1024x733.jpg\" alt=\"SB-5602-HM-800-1000\" width=\"306\" height=\"219\" srcset=\"https:\/\/neue-herbold.com\/wp-content\/uploads\/2014\/11\/SB-5602-HM-800-1000-1024x733.jpg 1024w, https:\/\/neue-herbold.com\/wp-content\/uploads\/2014\/11\/SB-5602-HM-800-1000-300x215.jpg 300w, https:\/\/neue-herbold.com\/wp-content\/uploads\/2014\/11\/SB-5602-HM-800-1000-100x71.jpg 100w, https:\/\/neue-herbold.com\/wp-content\/uploads\/2014\/11\/SB-5602-HM-800-1000-150x107.jpg 150w, https:\/\/neue-herbold.com\/wp-content\/uploads\/2014\/11\/SB-5602-HM-800-1000-200x143.jpg 200w, https:\/\/neue-herbold.com\/wp-content\/uploads\/2014\/11\/SB-5602-HM-800-1000-450x322.jpg 450w, https:\/\/neue-herbold.com\/wp-content\/uploads\/2014\/11\/SB-5602-HM-800-1000-600x430.jpg 600w, https:\/\/neue-herbold.com\/wp-content\/uploads\/2014\/11\/SB-5602-HM-800-1000-900x645.jpg 900w, https:\/\/neue-herbold.com\/wp-content\/uploads\/2014\/11\/SB-5602-HM-800-1000.jpg 1200w\" sizes=\"(max-width: 306px) 100vw, 306px\" \/><\/a>Einsatzgebiet der NEUE HERBOLD Schneckenbrecher <\/em><\/span><\/strong><\/p>\n<p><span style=\"color: #000000;\">Die Anlagen der Baureihe SB werden sowohl<\/span><span style=\"color: #ff0000;\"><span style=\"color: #000000;\"> f\u00fcr die Vorzerkleinerung, von sperrigen Materialien als auch f\u00fcr die Aufl\u00f6sung (Dosierung)\u00a0 gepresster Ballenabf\u00e4lle eingesetzt.<\/span> <\/span><\/p>\n<p><span style=\"color: #000000;\">In nachfolgenden Verfahrensschritten\u00a0erm\u00f6glicht diese Systemstufe die Entfernung von Fremdk\u00f6rpern. Gro\u00dfvolumige, sperrige und auch metallhaltige Materialien sind f\u00fcr den Einsatz eines Schneckenbrechers geeignet.<\/span><\/p>\n<p>Ob Porenbetonsteine, Kalksandsteine oder Holzpaletten, die <strong>NEUE HERBOLD<\/strong> Schneckenbrecher wurden f\u00fcr sehr hohe Durchsatzleistungen konstruiert. <span style=\"color: #000000;\">D<\/span>ank einer stabilen Stahl-Schwei\u00dfkonstruktion sind die Maschinen dieser Baureihe extrem belastbar und halten au\u00dfergew\u00f6hnlichen Beanspruchungen stand.<\/p>\n<p>&nbsp;<\/p>\n<p><em><strong><span style=\"color: #000000;\">Einige Beispiele f\u00fcr den Einsatz der Schneckenbrecheranlagen:<\/span><\/strong><\/em><\/p>\n<ul>\n<li><span style=\"color: #000000;\">Zerkleinerung von Holzpaletten<\/span><\/li>\n<li><span style=\"color: #000000;\">Zerkleinerung von Kabeltrommeln<\/span><\/li>\n<li><span style=\"color: #000000;\">Zerkleinerung von D\u00e4mmstoffplatten<\/span><\/li>\n<li><span style=\"color: #000000;\">Zerkleinerung von Porenbetonsteinen<\/span><\/li>\n<li><span style=\"color: #000000;\">Zerkleinerung von Kalksandsteinen u.a. <\/span><\/li>\n<\/ul>\n<p>&nbsp;<\/p>\n<p><em><strong><span style=\"color: #000000;\">Vorteile der NEUE HERBOLD Schneckenbrecher <br \/>\n <\/span><\/strong><\/em><\/p>\n<ul>\n<li><span style=\"color: #000000;\">vielseitige Einsatzm\u00f6glichkeit<\/span><\/li>\n<li><span style=\"color: #000000;\">energiesparende Zerkleinerung<\/span><\/li>\n<li><span style=\"color: #000000;\">geringer Ger\u00e4uschpegel<\/span><\/li>\n<li><span style=\"color: #000000;\">h\u00f6chste Durchsatzleistungen<\/span><\/li>\n<li><span style=\"color: #000000;\">geringe Stillstandzeiten<\/span><\/li>\n<\/ul>\n<p>&nbsp;<\/p>\n<p><strong><em>Produktvideos<\/em><\/strong><em><strong><br \/>\n <\/strong><\/em><\/p>\n<p>Nachfolgende Videos geben einen Einblick in die Arbeits- und Funktionsweise der <strong>NEUE HERBOLD<\/strong> Schneckenbrecher.<\/p>\n<p><strong>Video 1: Die Aufl\u00f6sung von verpressten Ballen &#8211; Typ SB 560\/2<\/strong><\/p>\n<div id=\"bca3BEgIUm\" data-borlabs-cookie-blocked-content><div class=\"borlabs-cookie-bct bc-bct-video bc-bct-youtube\"> <p class=\"bc-thumbnail\"><img src=\"https:\/\/neue-herbold.com\/wp-content\/cache\/borlabs_cookie\/5g7265pXYgw_sddefault.jpg\" alt=\"YouTube\"><\/p> <div class=\"bc-text\"> <p>Zum Schutz Ihrer pers\u00f6nlichen Daten wurde Ihre Verbindung zu YouTube blockiert. <br> Klicken Sie auf <strong> Video laden<\/strong>, um die Blockierung von YouTube aufzuheben. <br> Durch das Laden des Videos akzeptieren Sie die Datenschutzbestimmungen von YouTube. <br>Weitere Informationen zu den Datenschutzbestimmungen von YouTube finden Sie hier: <br><a href=\"https:\/\/policies.google.com\/privacy\" target=\"_blank\" rel=\"nofollow\">Google - Datenschutzerkl\u00e4rung<\/a><\/p> <p><label><input type=\"checkbox\" name=\"unblockAll\" value=\"1\" > K\u00fcnftig keine Videos von YouTube blockieren <\/label> <a role=\"button\" data-borlabs-cookie-unblock>Video laden<\/a><\/p> <\/div> <\/div><\/div>\n<p>Ballenaufl\u00f6sung<\/p>\n<p><strong>Video 2: Die Zerkleinerung von Holzpaletten &#8211; Typ SB 560\/2<\/strong><\/p>\n<div id=\"bcJUBga7S0\" data-borlabs-cookie-blocked-content><div class=\"borlabs-cookie-bct bc-bct-video bc-bct-youtube\"> <p class=\"bc-thumbnail\"><img src=\"https:\/\/neue-herbold.com\/wp-content\/cache\/borlabs_cookie\/PWBjv18xMKE_sddefault.jpg\" alt=\"YouTube\"><\/p> <div class=\"bc-text\"> <p>Zum Schutz Ihrer pers\u00f6nlichen Daten wurde Ihre Verbindung zu YouTube blockiert. <br> Klicken Sie auf <strong> Video laden<\/strong>, um die Blockierung von YouTube aufzuheben. <br> Durch das Laden des Videos akzeptieren Sie die Datenschutzbestimmungen von YouTube. <br>Weitere Informationen zu den Datenschutzbestimmungen von YouTube finden Sie hier: <br><a href=\"https:\/\/policies.google.com\/privacy\" target=\"_blank\" rel=\"nofollow\">Google - Datenschutzerkl\u00e4rung<\/a><\/p> <p><label><input type=\"checkbox\" name=\"unblockAll\" value=\"1\" > K\u00fcnftig keine Videos von YouTube blockieren <\/label> <a role=\"button\" data-borlabs-cookie-unblock>Video laden<\/a><\/p> <\/div> <\/div><\/div>\n<p>Holzpalettenzerkleinerung<\/p>\n<p><strong>Video 3: Die Zerkleinerung von Kalksandsteinbl\u00f6cken &#8211; Typ SB 560\/2<\/strong><\/p>\n<div id=\"bcXoom1G4r\" data-borlabs-cookie-blocked-content><div class=\"borlabs-cookie-bct bc-bct-video bc-bct-youtube\"> <p class=\"bc-thumbnail\"><img src=\"https:\/\/neue-herbold.com\/wp-content\/cache\/borlabs_cookie\/VU13SomD7hI_sddefault.jpg\" alt=\"YouTube\"><\/p> <div class=\"bc-text\"> <p>Zum Schutz Ihrer pers\u00f6nlichen Daten wurde Ihre Verbindung zu YouTube blockiert. <br> Klicken Sie auf <strong> Video laden<\/strong>, um die Blockierung von YouTube aufzuheben. <br> Durch das Laden des Videos akzeptieren Sie die Datenschutzbestimmungen von YouTube. <br>Weitere Informationen zu den Datenschutzbestimmungen von YouTube finden Sie hier: <br><a href=\"https:\/\/policies.google.com\/privacy\" target=\"_blank\" rel=\"nofollow\">Google - Datenschutzerkl\u00e4rung<\/a><\/p> <p><label><input type=\"checkbox\" name=\"unblockAll\" value=\"1\" > K\u00fcnftig keine Videos von YouTube blockieren <\/label> <a role=\"button\" data-borlabs-cookie-unblock>Video laden<\/a><\/p> <\/div> <\/div><\/div>\n<p>Kalksandsteinzerkleinerung<\/p>\n<p><strong>Video 4: Die Zerkleinerung von Ytongsteinbl\u00f6cken &#8211; Typ SB 560\/2<\/strong><\/p>\n<div id=\"bcPMuMJMpK\" data-borlabs-cookie-blocked-content><div class=\"borlabs-cookie-bct bc-bct-video bc-bct-youtube\"> <p class=\"bc-thumbnail\"><img src=\"https:\/\/neue-herbold.com\/wp-content\/cache\/borlabs_cookie\/c67ISqz_1Ek_sddefault.jpg\" alt=\"YouTube\"><\/p> <div class=\"bc-text\"> <p>Zum Schutz Ihrer pers\u00f6nlichen Daten wurde Ihre Verbindung zu YouTube blockiert. <br> Klicken Sie auf <strong> Video laden<\/strong>, um die Blockierung von YouTube aufzuheben. <br> Durch das Laden des Videos akzeptieren Sie die Datenschutzbestimmungen von YouTube. <br>Weitere Informationen zu den Datenschutzbestimmungen von YouTube finden Sie hier: <br><a href=\"https:\/\/policies.google.com\/privacy\" target=\"_blank\" rel=\"nofollow\">Google - Datenschutzerkl\u00e4rung<\/a><\/p> <p><label><input type=\"checkbox\" name=\"unblockAll\" value=\"1\" > K\u00fcnftig keine Videos von YouTube blockieren <\/label> <a role=\"button\" data-borlabs-cookie-unblock>Video laden<\/a><\/p> <\/div> <\/div><\/div>\n<p>Ytongsteinzerkleinerung<\/p>\n<p><strong>Technische Angaben<\/strong> <em><strong>der NEUE HERBOLD Einwellenschredder<\/strong><\/em><\/p>\n<table>\n<tbody>\n<tr>\n<td style=\"text-align: center;\"><strong>Maschinentyp<\/strong><\/td>\n<td style=\"text-align: center;\"><strong>Eingabequerschnitt ca. (mm)<\/strong><\/td>\n<td style=\"text-align: center;\"><strong>Anzahl der Schneckenwellen<\/strong><\/td>\n<td style=\"text-align: center;\"><strong>Antrieb (kw)<\/strong><\/td>\n<td style=\"text-align: center;\"><strong>Gewicht (kg)<\/strong><\/td>\n<td style=\"text-align: center;\"><strong><a href=\"https:\/\/neue-herbold.com\/wp-content\/uploads\/2014\/11\/Schneckenbrecher-SB.pdf\" target=\"_blank\" rel=\"noopener noreferrer\"><img loading=\"lazy\" decoding=\"async\" class=\"alignnone wp-image-5703\" src=\"https:\/\/neue-herbold.com\/wp-content\/uploads\/2014\/12\/PDF-ICON.jpg\" alt=\"PDF-ICON\" width=\"50\" height=\"48\" \/><\/a><\/strong><\/td>\n<\/tr>\n<tr>\n<td>Schneckenbrecher Typ SB 560\/2<\/td>\n<td style=\"text-align: center;\">1600 X 1600<\/td>\n<td style=\"text-align: center;\">2<\/td>\n<td style=\"text-align: center;\">2 X 15<\/td>\n<td style=\"text-align: center;\">6000<\/td>\n<td style=\"text-align: center;\">\u00a0<\/td>\n<\/tr>\n<tr>\n<td>Schneckenbrecher Typ SB 560\/4<\/td>\n<td style=\"text-align: center;\">1600 X 2800<\/td>\n<td style=\"text-align: center;\">4<\/td>\n<td style=\"text-align: center;\">4 X 15<\/td>\n<td style=\"text-align: center;\">10000<\/td>\n<td style=\"text-align: center;\">\u00a0<\/td>\n<\/tr>\n<\/tbody>\n<\/table>\n<p><strong><a href=\"https:\/\/neue-herbold.com\/wp-content\/uploads\/2014\/11\/PE-PP_Recyclinganlage.pdf\" target=\"_blank\" rel=\"noopener noreferrer\"><img loading=\"lazy\" decoding=\"async\" class=\"alignnone wp-image-5703\" src=\"https:\/\/neue-herbold.com\/wp-content\/uploads\/2014\/12\/PDF-ICON.jpg\" alt=\"PDF-ICON\" width=\"50\" height=\"48\" \/><\/a><\/strong><a href=\"https:\/\/neue-herbold.com\/wp-content\/uploads\/2014\/11\/PE-PP_Recyclinganlage.pdf\" target=\"_blank\" rel=\"noopener noreferrer\">PE-PP_Recyclinganlage<\/a><\/p>\n<p><strong><a href=\"https:\/\/neue-herbold.com\/wp-content\/uploads\/2014\/11\/PET_Flaschen_Aufbereitungs_Recyclinganlage.pdf\" target=\"_blank\" rel=\"noopener noreferrer\"><img loading=\"lazy\" decoding=\"async\" class=\"alignnone wp-image-5703\" src=\"https:\/\/neue-herbold.com\/wp-content\/uploads\/2014\/12\/PDF-ICON.jpg\" alt=\"PDF-ICON\" width=\"50\" height=\"48\" \/><\/a><\/strong><a href=\"https:\/\/neue-herbold.com\/wp-content\/uploads\/2014\/11\/PET_Flaschen_Aufbereitungs_Recyclinganlage.pdf\" target=\"_blank\" rel=\"noopener noreferrer\">PET_Flaschen_Aufbereitungs_Recyclinganlage<\/a><\/p>\n<p><strong><a href=\"https:\/\/neue-herbold.com\/wp-content\/uploads\/2014\/11\/PET_Flaschen_Ballenware_Recyclinganlage.pdf\" target=\"_blank\" rel=\"noopener noreferrer\"><img loading=\"lazy\" decoding=\"async\" class=\"alignnone wp-image-5703\" src=\"https:\/\/neue-herbold.com\/wp-content\/uploads\/2014\/12\/PDF-ICON.jpg\" alt=\"PDF-ICON\" width=\"50\" height=\"48\" \/><\/a><\/strong><a href=\"https:\/\/neue-herbold.com\/wp-content\/uploads\/2014\/11\/PET_Flaschen_Ballenware_Recyclinganlage.pdf\" target=\"_blank\" rel=\"noopener noreferrer\">PET_Flaschen_Ballenware_Recyclinganlage<\/a><\/p>\n","protected":false},"excerpt":{"rendered":"<p><strong><span style=\"color: #000000;\"><a href=\"https:\/\/neue-herbold.com\/wp-content\/uploads\/2014\/11\/SB-Anlage.jpg\" target=\"_blank\" rel=\"noopener noreferrer\"><img loading=\"lazy\" decoding=\"async\" class=\"alignright wp-image-2959\" title=\"Schneckenbrecher\" src=\"https:\/\/neue-herbold.com\/wp-content\/uploads\/2014\/11\/SB-Anlage-1024x803.jpg\" alt=\"Schneckenbrecher\" width=\"491\" height=\"385\" srcset=\"https:\/\/neue-herbold.com\/wp-content\/uploads\/2014\/11\/SB-Anlage-1024x803.jpg 1024w, https:\/\/neue-herbold.com\/wp-content\/uploads\/2014\/11\/SB-Anlage-300x235.jpg 300w, https:\/\/neue-herbold.com\/wp-content\/uploads\/2014\/11\/SB-Anlage-100x78.jpg 100w, https:\/\/neue-herbold.com\/wp-content\/uploads\/2014\/11\/SB-Anlage-150x117.jpg 150w, https:\/\/neue-herbold.com\/wp-content\/uploads\/2014\/11\/SB-Anlage-200x157.jpg 200w, https:\/\/neue-herbold.com\/wp-content\/uploads\/2014\/11\/SB-Anlage-450x353.jpg 450w, https:\/\/neue-herbold.com\/wp-content\/uploads\/2014\/11\/SB-Anlage-600x471.jpg 600w, https:\/\/neue-herbold.com\/wp-content\/uploads\/2014\/11\/SB-Anlage-900x706.jpg 900w, https:\/\/neue-herbold.com\/wp-content\/uploads\/2014\/11\/SB-Anlage.jpg 1200w\" sizes=\"(max-width: 491px) 100vw, 491px\" \/><\/a><\/span><\/strong>Technik der NEUE HERBOLD Schneckenbrecher<\/p>\n<p><span style=\"color: #000000;\">Die Neue Herbold Schneckenbrecheranlagen sind mit schneckenf\u00f6rmigen und jeweils paarweise zueinander arbeitenden Rei\u00dfwellen ausgestattet.<br \/>\n <\/span><\/p>\n<p>Gelagert sind die Rei\u00dfwellen in einem <span style=\"color: #000000;\">geschwei\u00dften<\/span> <span style=\"color: #000000;\">trogf\u00f6rmigen Geh\u00e4use<\/span>.<\/p>\n<p><span class=\"ellipsis\">&hellip;<\/span><\/p>\n<div class=\"read-more\"><a href=\"https:\/\/neue-herbold.com\/de\/schneckenbrecher\/\">Weiterlesen \u203a<\/a><\/div>\n<p><!-- end of .read-more --><\/p>\n","protected":false},"author":1,"featured_media":0,"parent":0,"menu_order":0,"comment_status":"closed","ping_status":"closed","template":"","meta":{"footnotes":""},"class_list":["post-7833","page","type-page","status-publish","hentry"],"yoast_head":"<!-- This site is optimized with the Yoast SEO plugin v25.4 - https:\/\/yoast.com\/wordpress\/plugins\/seo\/ -->\n<title>Schneckenbrecher - Neue Herbold GmbH<\/title>\n<meta name=\"description\" content=\"Neue Herbold - Schneckenbrecher der Baureihe SB werden sowohl als Vorzerkleinerungsstufe f\u00fcr sperrige Materialien Zerkleinerung von Holzpaletten\" \/>\n<meta name=\"robots\" content=\"index, follow, max-snippet:-1, max-image-preview:large, max-video-preview:-1\" \/>\n<link rel=\"canonical\" href=\"https:\/\/neue-herbold.com\/de\/schneckenbrecher\/\" \/>\n<meta property=\"og:locale\" content=\"de_DE\" \/>\n<meta property=\"og:type\" content=\"article\" \/>\n<meta property=\"og:title\" content=\"Schneckenbrecher - Neue Herbold GmbH\" \/>\n<meta property=\"og:description\" content=\"Neue Herbold - Schneckenbrecher der Baureihe SB werden sowohl als Vorzerkleinerungsstufe f\u00fcr sperrige Materialien Zerkleinerung von Holzpaletten\" \/>\n<meta property=\"og:url\" content=\"https:\/\/neue-herbold.com\/de\/schneckenbrecher\/\" \/>\n<meta property=\"og:site_name\" content=\"Neue Herbold GmbH\" \/>\n<meta property=\"article:modified_time\" content=\"2017-04-27T22:21:23+00:00\" \/>\n<meta property=\"og:image\" content=\"https:\/\/neue-herbold.com\/wp-content\/uploads\/2014\/11\/SB-Anlage-1024x803.jpg\" \/>\n<meta name=\"twitter:label1\" content=\"Gesch\u00e4tzte Lesezeit\" \/>\n\t<meta name=\"twitter:data1\" content=\"2\u00a0Minuten\" \/>\n<script type=\"application\/ld+json\" class=\"yoast-schema-graph\">{\"@context\":\"https:\/\/schema.org\",\"@graph\":[{\"@type\":\"WebPage\",\"@id\":\"https:\/\/neue-herbold.com\/de\/schneckenbrecher\/\",\"url\":\"https:\/\/neue-herbold.com\/de\/schneckenbrecher\/\",\"name\":\"Schneckenbrecher - Neue Herbold GmbH\",\"isPartOf\":{\"@id\":\"https:\/\/neue-herbold.com\/en\/#website\"},\"primaryImageOfPage\":{\"@id\":\"https:\/\/neue-herbold.com\/de\/schneckenbrecher\/#primaryimage\"},\"image\":{\"@id\":\"https:\/\/neue-herbold.com\/de\/schneckenbrecher\/#primaryimage\"},\"thumbnailUrl\":\"https:\/\/neue-herbold.com\/wp-content\/uploads\/2014\/11\/SB-Anlage-1024x803.jpg\",\"datePublished\":\"2016-06-02T18:45:04+00:00\",\"dateModified\":\"2017-04-27T22:21:23+00:00\",\"description\":\"Neue Herbold - Schneckenbrecher der Baureihe SB werden sowohl als Vorzerkleinerungsstufe f\u00fcr sperrige Materialien Zerkleinerung von Holzpaletten\",\"breadcrumb\":{\"@id\":\"https:\/\/neue-herbold.com\/de\/schneckenbrecher\/#breadcrumb\"},\"inLanguage\":\"de\",\"potentialAction\":[{\"@type\":\"ReadAction\",\"target\":[\"https:\/\/neue-herbold.com\/de\/schneckenbrecher\/\"]}]},{\"@type\":\"ImageObject\",\"inLanguage\":\"de\",\"@id\":\"https:\/\/neue-herbold.com\/de\/schneckenbrecher\/#primaryimage\",\"url\":\"https:\/\/neue-herbold.com\/wp-content\/uploads\/2014\/11\/SB-Anlage-1024x803.jpg\",\"contentUrl\":\"https:\/\/neue-herbold.com\/wp-content\/uploads\/2014\/11\/SB-Anlage-1024x803.jpg\"},{\"@type\":\"BreadcrumbList\",\"@id\":\"https:\/\/neue-herbold.com\/de\/schneckenbrecher\/#breadcrumb\",\"itemListElement\":[{\"@type\":\"ListItem\",\"position\":1,\"name\":\"Startseite\",\"item\":\"https:\/\/neue-herbold.com\/de\/\"},{\"@type\":\"ListItem\",\"position\":2,\"name\":\"Schneckenbrecher\"}]},{\"@type\":\"WebSite\",\"@id\":\"https:\/\/neue-herbold.com\/en\/#website\",\"url\":\"https:\/\/neue-herbold.com\/en\/\",\"name\":\"Neue Herbold GmbH\",\"description\":\"\",\"potentialAction\":[{\"@type\":\"SearchAction\",\"target\":{\"@type\":\"EntryPoint\",\"urlTemplate\":\"https:\/\/neue-herbold.com\/en\/?s={search_term_string}\"},\"query-input\":{\"@type\":\"PropertyValueSpecification\",\"valueRequired\":true,\"valueName\":\"search_term_string\"}}],\"inLanguage\":\"de\"}]}<\/script>\n<!-- \/ Yoast SEO plugin. -->","yoast_head_json":{"title":"Schneckenbrecher - Neue Herbold GmbH","description":"Neue Herbold - Schneckenbrecher der Baureihe SB werden sowohl als Vorzerkleinerungsstufe f\u00fcr sperrige Materialien Zerkleinerung von Holzpaletten","robots":{"index":"index","follow":"follow","max-snippet":"max-snippet:-1","max-image-preview":"max-image-preview:large","max-video-preview":"max-video-preview:-1"},"canonical":"https:\/\/neue-herbold.com\/de\/schneckenbrecher\/","og_locale":"de_DE","og_type":"article","og_title":"Schneckenbrecher - Neue Herbold GmbH","og_description":"Neue Herbold - Schneckenbrecher der Baureihe SB werden sowohl als Vorzerkleinerungsstufe f\u00fcr sperrige Materialien Zerkleinerung von Holzpaletten","og_url":"https:\/\/neue-herbold.com\/de\/schneckenbrecher\/","og_site_name":"Neue Herbold GmbH","article_modified_time":"2017-04-27T22:21:23+00:00","og_image":[{"url":"https:\/\/neue-herbold.com\/wp-content\/uploads\/2014\/11\/SB-Anlage-1024x803.jpg","type":"","width":"","height":""}],"twitter_misc":{"Gesch\u00e4tzte Lesezeit":"2\u00a0Minuten"},"schema":{"@context":"https:\/\/schema.org","@graph":[{"@type":"WebPage","@id":"https:\/\/neue-herbold.com\/de\/schneckenbrecher\/","url":"https:\/\/neue-herbold.com\/de\/schneckenbrecher\/","name":"Schneckenbrecher - Neue Herbold GmbH","isPartOf":{"@id":"https:\/\/neue-herbold.com\/en\/#website"},"primaryImageOfPage":{"@id":"https:\/\/neue-herbold.com\/de\/schneckenbrecher\/#primaryimage"},"image":{"@id":"https:\/\/neue-herbold.com\/de\/schneckenbrecher\/#primaryimage"},"thumbnailUrl":"https:\/\/neue-herbold.com\/wp-content\/uploads\/2014\/11\/SB-Anlage-1024x803.jpg","datePublished":"2016-06-02T18:45:04+00:00","dateModified":"2017-04-27T22:21:23+00:00","description":"Neue Herbold - Schneckenbrecher der Baureihe SB werden sowohl als Vorzerkleinerungsstufe f\u00fcr sperrige Materialien Zerkleinerung von Holzpaletten","breadcrumb":{"@id":"https:\/\/neue-herbold.com\/de\/schneckenbrecher\/#breadcrumb"},"inLanguage":"de","potentialAction":[{"@type":"ReadAction","target":["https:\/\/neue-herbold.com\/de\/schneckenbrecher\/"]}]},{"@type":"ImageObject","inLanguage":"de","@id":"https:\/\/neue-herbold.com\/de\/schneckenbrecher\/#primaryimage","url":"https:\/\/neue-herbold.com\/wp-content\/uploads\/2014\/11\/SB-Anlage-1024x803.jpg","contentUrl":"https:\/\/neue-herbold.com\/wp-content\/uploads\/2014\/11\/SB-Anlage-1024x803.jpg"},{"@type":"BreadcrumbList","@id":"https:\/\/neue-herbold.com\/de\/schneckenbrecher\/#breadcrumb","itemListElement":[{"@type":"ListItem","position":1,"name":"Startseite","item":"https:\/\/neue-herbold.com\/de\/"},{"@type":"ListItem","position":2,"name":"Schneckenbrecher"}]},{"@type":"WebSite","@id":"https:\/\/neue-herbold.com\/en\/#website","url":"https:\/\/neue-herbold.com\/en\/","name":"Neue Herbold GmbH","description":"","potentialAction":[{"@type":"SearchAction","target":{"@type":"EntryPoint","urlTemplate":"https:\/\/neue-herbold.com\/en\/?s={search_term_string}"},"query-input":{"@type":"PropertyValueSpecification","valueRequired":true,"valueName":"search_term_string"}}],"inLanguage":"de"}]}},"_links":{"self":[{"href":"https:\/\/neue-herbold.com\/de\/wp-json\/wp\/v2\/pages\/7833"}],"collection":[{"href":"https:\/\/neue-herbold.com\/de\/wp-json\/wp\/v2\/pages"}],"about":[{"href":"https:\/\/neue-herbold.com\/de\/wp-json\/wp\/v2\/types\/page"}],"author":[{"embeddable":true,"href":"https:\/\/neue-herbold.com\/de\/wp-json\/wp\/v2\/users\/1"}],"replies":[{"embeddable":true,"href":"https:\/\/neue-herbold.com\/de\/wp-json\/wp\/v2\/comments?post=7833"}],"version-history":[{"count":36,"href":"https:\/\/neue-herbold.com\/de\/wp-json\/wp\/v2\/pages\/7833\/revisions"}],"predecessor-version":[{"id":10879,"href":"https:\/\/neue-herbold.com\/de\/wp-json\/wp\/v2\/pages\/7833\/revisions\/10879"}],"wp:attachment":[{"href":"https:\/\/neue-herbold.com\/de\/wp-json\/wp\/v2\/media?parent=7833"}],"curies":[{"name":"wp","href":"https:\/\/api.w.org\/{rel}","templated":true}]}}