{"id":7817,"date":"2016-06-02T20:28:48","date_gmt":"2016-06-02T18:28:48","guid":{"rendered":"https:\/\/neue-herbold.com\/de\/?page_id=7817"},"modified":"2016-07-13T15:35:46","modified_gmt":"2016-07-13T13:35:46","slug":"styroporshredder-rl","status":"publish","type":"page","link":"https:\/\/neue-herbold.com\/de\/styroporshredder-rl\/","title":{"rendered":"Styroporshredder RL"},"content":{"rendered":"<p><a href=\"https:\/\/neue-herbold.com\/wp-content\/uploads\/2014\/11\/RL1002006-weiss.jpg\" target=\"_blank\"><img loading=\"lazy\" decoding=\"async\" class=\"alignright wp-image-3273\" title=\"Styroporshredder\" src=\"https:\/\/neue-herbold.com\/wp-content\/uploads\/2014\/11\/RL1002006-weiss.jpg\" alt=\"Styroporshredder der Baureihe RL\" width=\"229\" height=\"367\" srcset=\"https:\/\/neue-herbold.com\/wp-content\/uploads\/2014\/11\/RL1002006-weiss.jpg 562w, https:\/\/neue-herbold.com\/wp-content\/uploads\/2014\/11\/RL1002006-weiss-187x300.jpg 187w, https:\/\/neue-herbold.com\/wp-content\/uploads\/2014\/11\/RL1002006-weiss-100x160.jpg 100w, https:\/\/neue-herbold.com\/wp-content\/uploads\/2014\/11\/RL1002006-weiss-150x240.jpg 150w, https:\/\/neue-herbold.com\/wp-content\/uploads\/2014\/11\/RL1002006-weiss-200x320.jpg 200w, https:\/\/neue-herbold.com\/wp-content\/uploads\/2014\/11\/RL1002006-weiss-300x480.jpg 300w, https:\/\/neue-herbold.com\/wp-content\/uploads\/2014\/11\/RL1002006-weiss-450x720.jpg 450w\" sizes=\"(max-width: 229px) 100vw, 229px\" \/><\/a><strong><em>Technik der NEUE HERBOLD Styroporshredder<\/em><\/strong><\/p>\n<p><span style=\"color: #000000;\">Zur Erhaltung der Zellstruktur des zu zerkleinernden Materials, werden die Ausgangsstoffe anders als bei Schneidm\u00fchlen f\u00fcr die Kunststoffzerkleinerung nicht mit einem Rotor mit aufgesetzten Messern &#8211; sondern mit einem messerlosen Schlagkreuzrotor zerkleinert. Die Bestimmung der Korngr\u00f6\u00dfe erfolgt durch die Ver\u00e4nderung der Kammabst\u00e4nde sowie durch die ausgew\u00e4hlte Sieblochung.<br \/> <\/span><\/p>\n<p>&nbsp;<\/p>\n<p><em><span style=\"color: #000000;\"><strong>Einsatzgebiet der NEUE HERBOLD Styroporshredder<br \/> <\/strong><\/span><\/em><\/p>\n<p><span class=\"st\">Die Baureihe RL ist besonders f\u00fcr eine zeitsparende Entsorgung und Wiederverwertung von gro\u00dfvolumigen Styroporabf\u00e4llen geignet.<\/span><\/p>\n<p><span style=\"color: #000000;\">Die Styroporschredder der\u00a0<strong>NEUE HERBOLD<\/strong> sind vor allem bei der Zerkleinerung von EPS und PUR Sch\u00e4umen im Einsatz.<\/span><\/p>\n<div id=\"attachment_2285\" style=\"width: 310px\" class=\"wp-caption alignleft\"><a style=\"color: #000000;\" href=\"https:\/\/neue-herbold.com\/wp-content\/uploads\/2014\/11\/rl100-HG.jpg\" target=\"_blank\"><img loading=\"lazy\" decoding=\"async\" aria-describedby=\"caption-attachment-2285\" class=\"wp-image-2285 size-medium\" title=\"NEUE HERBOLD Styroporschredder\" src=\"https:\/\/neue-herbold.com\/wp-content\/uploads\/2014\/11\/rl100-HG-300x225.jpg\" alt=\"NEUE HERBOLD Styroporschredder Baureihe RL\" width=\"300\" height=\"225\" srcset=\"https:\/\/neue-herbold.com\/wp-content\/uploads\/2014\/11\/rl100-HG-300x225.jpg 300w, https:\/\/neue-herbold.com\/wp-content\/uploads\/2014\/11\/rl100-HG-100x75.jpg 100w, https:\/\/neue-herbold.com\/wp-content\/uploads\/2014\/11\/rl100-HG-150x112.jpg 150w, https:\/\/neue-herbold.com\/wp-content\/uploads\/2014\/11\/rl100-HG-200x150.jpg 200w, https:\/\/neue-herbold.com\/wp-content\/uploads\/2014\/11\/rl100-HG.jpg 425w\" sizes=\"(max-width: 300px) 100vw, 300px\" \/><\/a><p id=\"caption-attachment-2285\" class=\"wp-caption-text\">Einwellenschredder \/ f\u00fcr Styropor<\/p><\/div>\n<p><em><span style=\"color: #000000;\"><strong>Vorteile der NEUE HERBOLD Styroporschredder<br \/> <\/strong><\/span><\/em><\/p>\n<ul>\n<li><span style=\"color: #000000;\">geringe Verschlei\u00dfkosten durch messerloser Einsatz!<\/span><\/li>\n<li><span style=\"color: #000000;\"> sehr hohe Durchsatzleistungen<\/span><\/li>\n<li><span style=\"color: #000000;\">optimales Endprodukt<br \/><\/span><\/li>\n<\/ul>\n<p><span class=\"st\"><strong>NEUE HERBOLD<\/strong> fertigt und vertreibt Maschinen und Anlagen f\u00fcr Zerkleinerung, Trennung, Reinigung und Trocknung verschiedener Sekund\u00e4rrohstoffe.<\/span><\/p>\n<p>&nbsp;<\/p>\n<p>&nbsp;<\/p>\n<p>&nbsp;<\/p>\n<p><em><strong>Weitere Schredder, Scheren und Anlagen zur Vorzerkleinerung finden Sie hier:<\/strong><\/em><\/p>\n<p><a href=\"https:\/\/neue-herbold.com\/de\/zweiwellenschredder-zrm\/\">Zweiwellenschreder ZRM<\/a><\/p>\n<p><a href=\"https:\/\/neue-herbold.com\/de\/rohrschredder-hzr\/\">Vierwellenschredder HZR<\/a><\/p>\n<p><a href=\"https:\/\/neue-herbold.com\/de\/guillotinescheren\/\">Guillotinescheren GS<\/a><\/p>\n<p><a href=\"https:\/\/neue-herbold.com\/de\/schneckenbrecher\/\">Schneckenbrecheranlagen SB<br \/><\/a><\/p>\n<hr \/>\n<p><a href=\"https:\/\/de.wikipedia.org\/wiki\/Polystyrol#Schaumstoffe\" target=\"_blank\"><img loading=\"lazy\" decoding=\"async\" class=\"alignnone wp-image-6978\" src=\"https:\/\/neue-herbold.com\/wp-content\/uploads\/2014\/11\/Wikipedia.jpg\" alt=\"Wikipedia\" width=\"74\" height=\"74\" srcset=\"https:\/\/neue-herbold.com\/wp-content\/uploads\/2014\/11\/Wikipedia.jpg 265w, https:\/\/neue-herbold.com\/wp-content\/uploads\/2014\/11\/Wikipedia-100x100.jpg 100w, https:\/\/neue-herbold.com\/wp-content\/uploads\/2014\/11\/Wikipedia-150x150.jpg 150w, https:\/\/neue-herbold.com\/wp-content\/uploads\/2014\/11\/Wikipedia-200x200.jpg 200w\" sizes=\"(max-width: 74px) 100vw, 74px\" \/><\/a><a href=\"https:\/\/de.wikipedia.org\/wiki\/Polystyrol#Schaumstoffe\" target=\"_blank\">Styropor<\/a><\/p>\n","protected":false},"excerpt":{"rendered":"<p><a href=\"https:\/\/neue-herbold.com\/wp-content\/uploads\/2014\/11\/RL1002006-weiss.jpg\" target=\"_blank\"><img loading=\"lazy\" decoding=\"async\" class=\"alignright wp-image-3273\" title=\"Styroporshredder\" src=\"https:\/\/neue-herbold.com\/wp-content\/uploads\/2014\/11\/RL1002006-weiss.jpg\" alt=\"Styroporshredder der Baureihe RL\" width=\"229\" height=\"367\" srcset=\"https:\/\/neue-herbold.com\/wp-content\/uploads\/2014\/11\/RL1002006-weiss.jpg 562w, https:\/\/neue-herbold.com\/wp-content\/uploads\/2014\/11\/RL1002006-weiss-187x300.jpg 187w, https:\/\/neue-herbold.com\/wp-content\/uploads\/2014\/11\/RL1002006-weiss-100x160.jpg 100w, https:\/\/neue-herbold.com\/wp-content\/uploads\/2014\/11\/RL1002006-weiss-150x240.jpg 150w, https:\/\/neue-herbold.com\/wp-content\/uploads\/2014\/11\/RL1002006-weiss-200x320.jpg 200w, https:\/\/neue-herbold.com\/wp-content\/uploads\/2014\/11\/RL1002006-weiss-300x480.jpg 300w, https:\/\/neue-herbold.com\/wp-content\/uploads\/2014\/11\/RL1002006-weiss-450x720.jpg 450w\" sizes=\"(max-width: 229px) 100vw, 229px\" \/><\/a><strong><em>Technik der NEUE HERBOLD Styroporshredder<\/em><\/strong><\/p>\n<p><span style=\"color: #000000;\">Zur Erhaltung der Zellstruktur des zu zerkleinernden Materials, werden die Ausgangsstoffe anders als bei Schneidm\u00fchlen f\u00fcr die Kunststoffzerkleinerung nicht mit einem Rotor mit aufgesetzten Messern &#8211;<\/span><\/p>\n<p><span class=\"ellipsis\">&hellip;<\/span><\/p>\n<div class=\"read-more\"><a href=\"https:\/\/neue-herbold.com\/de\/styroporshredder-rl\/\">Weiterlesen \u203a<\/a><\/div>\n<p><!-- end of .read-more --><\/p>\n","protected":false},"author":1,"featured_media":0,"parent":0,"menu_order":0,"comment_status":"closed","ping_status":"closed","template":"","meta":{"footnotes":""},"class_list":["post-7817","page","type-page","status-publish","hentry"],"yoast_head":"<!-- This site is optimized with the Yoast SEO plugin v25.4 - https:\/\/yoast.com\/wordpress\/plugins\/seo\/ -->\n<title>Styroporshredder RL - Neue Herbold GmbH<\/title>\n<meta name=\"description\" content=\"Neue Herbold - Styroporshredder, Spezieller Schredder zur Zerkleinerung von EPS und PUR Sch\u00e4umen eingesetzt. Ein Styroporzerkleinerer ohne Messer\" \/>\n<meta name=\"robots\" content=\"index, follow, max-snippet:-1, max-image-preview:large, max-video-preview:-1\" \/>\n<link rel=\"canonical\" href=\"https:\/\/neue-herbold.com\/de\/styroporshredder-rl\/\" \/>\n<meta property=\"og:locale\" content=\"de_DE\" \/>\n<meta property=\"og:type\" content=\"article\" \/>\n<meta property=\"og:title\" content=\"Styroporshredder RL - Neue Herbold GmbH\" \/>\n<meta property=\"og:description\" content=\"Neue Herbold - Styroporshredder, Spezieller Schredder zur Zerkleinerung von EPS und PUR Sch\u00e4umen eingesetzt. Ein Styroporzerkleinerer ohne Messer\" \/>\n<meta property=\"og:url\" content=\"https:\/\/neue-herbold.com\/de\/styroporshredder-rl\/\" \/>\n<meta property=\"og:site_name\" content=\"Neue Herbold GmbH\" \/>\n<meta property=\"article:modified_time\" content=\"2016-07-13T13:35:46+00:00\" \/>\n<meta property=\"og:image\" content=\"https:\/\/neue-herbold.com\/wp-content\/uploads\/2014\/11\/RL1002006-weiss.jpg\" \/>\n<meta name=\"twitter:label1\" content=\"Gesch\u00e4tzte Lesezeit\" \/>\n\t<meta name=\"twitter:data1\" content=\"1\u00a0Minute\" \/>\n<script type=\"application\/ld+json\" class=\"yoast-schema-graph\">{\"@context\":\"https:\/\/schema.org\",\"@graph\":[{\"@type\":\"WebPage\",\"@id\":\"https:\/\/neue-herbold.com\/de\/styroporshredder-rl\/\",\"url\":\"https:\/\/neue-herbold.com\/de\/styroporshredder-rl\/\",\"name\":\"Styroporshredder RL - Neue Herbold GmbH\",\"isPartOf\":{\"@id\":\"https:\/\/neue-herbold.com\/en\/#website\"},\"primaryImageOfPage\":{\"@id\":\"https:\/\/neue-herbold.com\/de\/styroporshredder-rl\/#primaryimage\"},\"image\":{\"@id\":\"https:\/\/neue-herbold.com\/de\/styroporshredder-rl\/#primaryimage\"},\"thumbnailUrl\":\"https:\/\/neue-herbold.com\/wp-content\/uploads\/2014\/11\/RL1002006-weiss.jpg\",\"datePublished\":\"2016-06-02T18:28:48+00:00\",\"dateModified\":\"2016-07-13T13:35:46+00:00\",\"description\":\"Neue Herbold - Styroporshredder, Spezieller Schredder zur Zerkleinerung von EPS und PUR Sch\u00e4umen eingesetzt. Ein Styroporzerkleinerer ohne Messer\",\"breadcrumb\":{\"@id\":\"https:\/\/neue-herbold.com\/de\/styroporshredder-rl\/#breadcrumb\"},\"inLanguage\":\"de\",\"potentialAction\":[{\"@type\":\"ReadAction\",\"target\":[\"https:\/\/neue-herbold.com\/de\/styroporshredder-rl\/\"]}]},{\"@type\":\"ImageObject\",\"inLanguage\":\"de\",\"@id\":\"https:\/\/neue-herbold.com\/de\/styroporshredder-rl\/#primaryimage\",\"url\":\"https:\/\/neue-herbold.com\/wp-content\/uploads\/2014\/11\/RL1002006-weiss.jpg\",\"contentUrl\":\"https:\/\/neue-herbold.com\/wp-content\/uploads\/2014\/11\/RL1002006-weiss.jpg\"},{\"@type\":\"BreadcrumbList\",\"@id\":\"https:\/\/neue-herbold.com\/de\/styroporshredder-rl\/#breadcrumb\",\"itemListElement\":[{\"@type\":\"ListItem\",\"position\":1,\"name\":\"Startseite\",\"item\":\"https:\/\/neue-herbold.com\/de\/\"},{\"@type\":\"ListItem\",\"position\":2,\"name\":\"Styroporshredder RL\"}]},{\"@type\":\"WebSite\",\"@id\":\"https:\/\/neue-herbold.com\/en\/#website\",\"url\":\"https:\/\/neue-herbold.com\/en\/\",\"name\":\"Neue Herbold GmbH\",\"description\":\"\",\"potentialAction\":[{\"@type\":\"SearchAction\",\"target\":{\"@type\":\"EntryPoint\",\"urlTemplate\":\"https:\/\/neue-herbold.com\/en\/?s={search_term_string}\"},\"query-input\":{\"@type\":\"PropertyValueSpecification\",\"valueRequired\":true,\"valueName\":\"search_term_string\"}}],\"inLanguage\":\"de\"}]}<\/script>\n<!-- \/ Yoast SEO plugin. -->","yoast_head_json":{"title":"Styroporshredder RL - Neue Herbold GmbH","description":"Neue Herbold - Styroporshredder, Spezieller Schredder zur Zerkleinerung von EPS und PUR Sch\u00e4umen eingesetzt. Ein Styroporzerkleinerer ohne Messer","robots":{"index":"index","follow":"follow","max-snippet":"max-snippet:-1","max-image-preview":"max-image-preview:large","max-video-preview":"max-video-preview:-1"},"canonical":"https:\/\/neue-herbold.com\/de\/styroporshredder-rl\/","og_locale":"de_DE","og_type":"article","og_title":"Styroporshredder RL - Neue Herbold GmbH","og_description":"Neue Herbold - Styroporshredder, Spezieller Schredder zur Zerkleinerung von EPS und PUR Sch\u00e4umen eingesetzt. Ein Styroporzerkleinerer ohne Messer","og_url":"https:\/\/neue-herbold.com\/de\/styroporshredder-rl\/","og_site_name":"Neue Herbold GmbH","article_modified_time":"2016-07-13T13:35:46+00:00","og_image":[{"url":"https:\/\/neue-herbold.com\/wp-content\/uploads\/2014\/11\/RL1002006-weiss.jpg","type":"","width":"","height":""}],"twitter_misc":{"Gesch\u00e4tzte Lesezeit":"1\u00a0Minute"},"schema":{"@context":"https:\/\/schema.org","@graph":[{"@type":"WebPage","@id":"https:\/\/neue-herbold.com\/de\/styroporshredder-rl\/","url":"https:\/\/neue-herbold.com\/de\/styroporshredder-rl\/","name":"Styroporshredder RL - Neue Herbold GmbH","isPartOf":{"@id":"https:\/\/neue-herbold.com\/en\/#website"},"primaryImageOfPage":{"@id":"https:\/\/neue-herbold.com\/de\/styroporshredder-rl\/#primaryimage"},"image":{"@id":"https:\/\/neue-herbold.com\/de\/styroporshredder-rl\/#primaryimage"},"thumbnailUrl":"https:\/\/neue-herbold.com\/wp-content\/uploads\/2014\/11\/RL1002006-weiss.jpg","datePublished":"2016-06-02T18:28:48+00:00","dateModified":"2016-07-13T13:35:46+00:00","description":"Neue Herbold - Styroporshredder, Spezieller Schredder zur Zerkleinerung von EPS und PUR Sch\u00e4umen eingesetzt. Ein Styroporzerkleinerer ohne Messer","breadcrumb":{"@id":"https:\/\/neue-herbold.com\/de\/styroporshredder-rl\/#breadcrumb"},"inLanguage":"de","potentialAction":[{"@type":"ReadAction","target":["https:\/\/neue-herbold.com\/de\/styroporshredder-rl\/"]}]},{"@type":"ImageObject","inLanguage":"de","@id":"https:\/\/neue-herbold.com\/de\/styroporshredder-rl\/#primaryimage","url":"https:\/\/neue-herbold.com\/wp-content\/uploads\/2014\/11\/RL1002006-weiss.jpg","contentUrl":"https:\/\/neue-herbold.com\/wp-content\/uploads\/2014\/11\/RL1002006-weiss.jpg"},{"@type":"BreadcrumbList","@id":"https:\/\/neue-herbold.com\/de\/styroporshredder-rl\/#breadcrumb","itemListElement":[{"@type":"ListItem","position":1,"name":"Startseite","item":"https:\/\/neue-herbold.com\/de\/"},{"@type":"ListItem","position":2,"name":"Styroporshredder RL"}]},{"@type":"WebSite","@id":"https:\/\/neue-herbold.com\/en\/#website","url":"https:\/\/neue-herbold.com\/en\/","name":"Neue Herbold GmbH","description":"","potentialAction":[{"@type":"SearchAction","target":{"@type":"EntryPoint","urlTemplate":"https:\/\/neue-herbold.com\/en\/?s={search_term_string}"},"query-input":{"@type":"PropertyValueSpecification","valueRequired":true,"valueName":"search_term_string"}}],"inLanguage":"de"}]}},"_links":{"self":[{"href":"https:\/\/neue-herbold.com\/de\/wp-json\/wp\/v2\/pages\/7817"}],"collection":[{"href":"https:\/\/neue-herbold.com\/de\/wp-json\/wp\/v2\/pages"}],"about":[{"href":"https:\/\/neue-herbold.com\/de\/wp-json\/wp\/v2\/types\/page"}],"author":[{"embeddable":true,"href":"https:\/\/neue-herbold.com\/de\/wp-json\/wp\/v2\/users\/1"}],"replies":[{"embeddable":true,"href":"https:\/\/neue-herbold.com\/de\/wp-json\/wp\/v2\/comments?post=7817"}],"version-history":[{"count":24,"href":"https:\/\/neue-herbold.com\/de\/wp-json\/wp\/v2\/pages\/7817\/revisions"}],"predecessor-version":[{"id":10116,"href":"https:\/\/neue-herbold.com\/de\/wp-json\/wp\/v2\/pages\/7817\/revisions\/10116"}],"wp:attachment":[{"href":"https:\/\/neue-herbold.com\/de\/wp-json\/wp\/v2\/media?parent=7817"}],"curies":[{"name":"wp","href":"https:\/\/api.w.org\/{rel}","templated":true}]}}