{"id":7795,"date":"2016-06-02T20:17:55","date_gmt":"2016-06-02T18:17:55","guid":{"rendered":"https:\/\/neue-herbold.com\/de\/?page_id=7795"},"modified":"2017-04-27T23:41:45","modified_gmt":"2017-04-27T21:41:45","slug":"rohrschredder-hzr","status":"publish","type":"page","link":"https:\/\/neue-herbold.com\/de\/rohrschredder-hzr\/","title":{"rendered":"Rohrschredder HZR"},"content":{"rendered":"<h4><a title=\"Rohrschredder HZR\" href=\"https:\/\/neue-herbold.com\/wp-content\/uploads\/2014\/11\/Vierwellenschreddder-01.jpg\" target=\"_blank\" rel=\"noopener noreferrer\"><img loading=\"lazy\" decoding=\"async\" class=\"alignright wp-image-2950\" title=\"Rohrschredder HZR 1300\/4\" src=\"https:\/\/neue-herbold.com\/wp-content\/uploads\/2014\/11\/Vierwellenschreddder-01-1024x749.jpg\" alt=\"Rohrschredder HZR 1300\/4\" width=\"486\" height=\"355\" srcset=\"https:\/\/neue-herbold.com\/wp-content\/uploads\/2014\/11\/Vierwellenschreddder-01-1024x749.jpg 1024w, https:\/\/neue-herbold.com\/wp-content\/uploads\/2014\/11\/Vierwellenschreddder-01-300x219.jpg 300w, https:\/\/neue-herbold.com\/wp-content\/uploads\/2014\/11\/Vierwellenschreddder-01-100x73.jpg 100w, https:\/\/neue-herbold.com\/wp-content\/uploads\/2014\/11\/Vierwellenschreddder-01-150x109.jpg 150w, https:\/\/neue-herbold.com\/wp-content\/uploads\/2014\/11\/Vierwellenschreddder-01-200x146.jpg 200w, https:\/\/neue-herbold.com\/wp-content\/uploads\/2014\/11\/Vierwellenschreddder-01-450x329.jpg 450w, https:\/\/neue-herbold.com\/wp-content\/uploads\/2014\/11\/Vierwellenschreddder-01-600x438.jpg 600w, https:\/\/neue-herbold.com\/wp-content\/uploads\/2014\/11\/Vierwellenschreddder-01-900x658.jpg 900w, https:\/\/neue-herbold.com\/wp-content\/uploads\/2014\/11\/Vierwellenschreddder-01.jpg 1240w\" sizes=\"(max-width: 486px) 100vw, 486px\" \/><\/a><span style=\"color: #000000;\">Technik der NEUE HERBOLD Rohrschredder<em><strong>\u00a0<\/strong><\/em><\/span><\/h4>\n<p><span style=\"color: #000000;\"><em>Die Maschinenleistung der Rohrschredder ist<\/em><\/span> a<span style=\"color: #000000;\">bh\u00e4ngig von der Schlagz\u00e4higkeit, der Wandst\u00e4rke der Rohre und der Sieblochung. <\/span><\/p>\n<p><span style=\"color: #000000;\">Die Leistung pro Arbeitsstunde betr\u00e4gt bis zu ca. 3 t bei einem einwandfreiem Zustand der Schneidwerkzeuge.<\/span><\/p>\n<p><span style=\"color: #000000;\">Die Beschickung des Rohrschredder erfolgt<\/span><span style=\"color: #000000;\"> seitlich in einen dem Schredder vorgelagerten Beschicktrog. <\/span><\/p>\n<p><span style=\"color: #000000;\"><span style=\"color: #ff0000;\"><span style=\"color: #000000;\">Ein automatisches und lastabh\u00e4ngig gesteuertes Beschicksystem gew\u00e4hrleistet die Zuf\u00fchrung des Troginhalts zu den Schredderwellen.<\/span>\u00a0<\/span> Dabei wird der Pre\u00dfstempel \u00fcber einen Getriebemotor und \u00fcber einen Seilzug angetrieben.<br \/>\n <\/span><\/p>\n<p><span style=\"color: #000000;\"><em>Das Geh\u00e4use der Rohrschredder <\/em><\/span><span style=\"color: #000000;\">besteht aus einer stabil gefertigten Stahl-Schweisskonstruktion, gegl\u00fcht und sauber bearbeitet, das Geh\u00e4use wurde mit au\u00dfen angeordneten Konsolen zur Aufnahme der Lagerungen, Motore, Getriebe und Kupplungen versehen.<\/span><\/p>\n<p><span style=\"color: #000000;\"><em>Die Schneidwerkzeuge bestehen aus p<\/em><\/span><span style=\"color: #000000;\">rofilierten Rotoren, die Aufnahme der Schneidkronen erfolgt in\u00a0 V-f\u00f6rmigem Sitz und zweiseitig verwendbare Schneidkronen und verzahnte Gegenmesser kommen zum einsatz. Gelagert werden die Rotorwellen in robusten zweireihigen Pendelrollenlagern.<\/span><\/p>\n<p><span style=\"color: #000000;\"><em>Die Steuerung erfolgt \u00fcber ein <\/em><\/span><span style=\"color: #000000;\"><a href=\"https:\/\/www.siemens.com\" target=\"_blank\" rel=\"nofollow noopener noreferrer\">Siemens<\/a> SIMATIC S7 touch-screen panel.<\/span><\/p>\n<div id=\"attachment_2984\" style=\"width: 310px\" class=\"wp-caption alignleft\"><a href=\"https:\/\/neue-herbold.com\/wp-content\/uploads\/2014\/12\/HZR-1300-2-0001-4c.jpg\" target=\"_blank\" rel=\"noopener noreferrer\"><img loading=\"lazy\" decoding=\"async\" aria-describedby=\"caption-attachment-2984\" class=\"wp-image-2984 size-medium\" title=\"Rohrschredder HZR 1300\/2\" src=\"https:\/\/neue-herbold.com\/wp-content\/uploads\/2014\/12\/HZR-1300-2-0001-4c-300x199.jpg\" alt=\"Rohrschredder HZR 1300\/2\" width=\"300\" height=\"199\" srcset=\"https:\/\/neue-herbold.com\/wp-content\/uploads\/2014\/12\/HZR-1300-2-0001-4c-300x199.jpg 300w, https:\/\/neue-herbold.com\/wp-content\/uploads\/2014\/12\/HZR-1300-2-0001-4c-1024x681.jpg 1024w, https:\/\/neue-herbold.com\/wp-content\/uploads\/2014\/12\/HZR-1300-2-0001-4c-100x66.jpg 100w, https:\/\/neue-herbold.com\/wp-content\/uploads\/2014\/12\/HZR-1300-2-0001-4c-150x99.jpg 150w, https:\/\/neue-herbold.com\/wp-content\/uploads\/2014\/12\/HZR-1300-2-0001-4c-200x133.jpg 200w, https:\/\/neue-herbold.com\/wp-content\/uploads\/2014\/12\/HZR-1300-2-0001-4c-450x299.jpg 450w, https:\/\/neue-herbold.com\/wp-content\/uploads\/2014\/12\/HZR-1300-2-0001-4c-600x399.jpg 600w, https:\/\/neue-herbold.com\/wp-content\/uploads\/2014\/12\/HZR-1300-2-0001-4c-900x599.jpg 900w, https:\/\/neue-herbold.com\/wp-content\/uploads\/2014\/12\/HZR-1300-2-0001-4c.jpg 1200w\" sizes=\"(max-width: 300px) 100vw, 300px\" \/><\/a><p id=\"caption-attachment-2984\" class=\"wp-caption-text\"><span style=\"color: #000000;\">HZR 1300\/2<\/span><\/p><\/div>\n<p>&nbsp;<\/p>\n<p><em><span style=\"color: #000000;\"><strong>Einsatzgebiet der NEUE HERBOLD Rohrschredder\u00a0<\/strong><\/span><\/em><\/p>\n<p><span style=\"color: #000000;\">Der <strong>NEUE HERBOLD<\/strong> Rohrschredder Typ HZR ist speziell f\u00fcr die effektive Vorzerkleinerung von schlagz\u00e4hen und dickwandigen Rohren mit Durchmessern bis 1200 mm und f\u00fcr Anfahrklumpen entwickelt worden.<\/span><\/p>\n<p><span style=\"color: #000000;\">Dem HZR ist in der Regel eine Schneidm\u00fchle nachgeschaltet, diese zerkleinert das Material in ein rieself\u00e4higes Mahlgut.\u00a0 <\/span><\/p>\n<p><span style=\"color: #000000;\">Unterst\u00fctzt durch die nachgeschaltete Schneidm\u00fchle reduziert der\u00a0HZR den Energiebedarf um 20% &#8211; 50% im Vergleich zu der einstufigen Zerkleinerung. Die Werkzeuge des HZR verf\u00fcgen \u00fcber eine lange Standzeit eine wesentliche Vorraussetzung f\u00fcr hohe Rentabilit\u00e4t.<br \/>\n <\/span><\/p>\n<p>&nbsp;<\/p>\n<p><em><span style=\"color: #000000;\"><strong>Vorteile der NEUE HERBOLD Rohrschredder\u00a0<br \/>\n <\/strong><\/span><\/em><\/p>\n<ul>\n<li><span style=\"color: #000000;\">Re<\/span><span style=\"color: #000000;\">duzierung des Energiebedarfs im Vergleich zu der einstufigen Zerkleinerung um 20% &#8211; 50%<\/span><\/li>\n<li><span style=\"color: #000000;\">lange Standzeiten der Werkzeuge<\/span><\/li>\n<li><span style=\"color: #000000;\">sehr hohe Rentabilit\u00e4t<\/span>\u00a0<\/li>\n<\/ul>\n<p><a title=\"Rohrschredder\" href=\"https:\/\/neue-herbold.com\/wp-content\/uploads\/2014\/11\/Vierwellenschreddder-02.jpg\" target=\"_blank\" rel=\"noopener noreferrer\"><img loading=\"lazy\" decoding=\"async\" class=\"aligncenter wp-image-2951\" src=\"https:\/\/neue-herbold.com\/wp-content\/uploads\/2014\/11\/Vierwellenschreddder-02-1024x495.jpg\" alt=\"Rohrschredder\" width=\"541\" height=\"261\" srcset=\"https:\/\/neue-herbold.com\/wp-content\/uploads\/2014\/11\/Vierwellenschreddder-02-1024x495.jpg 1024w, https:\/\/neue-herbold.com\/wp-content\/uploads\/2014\/11\/Vierwellenschreddder-02-300x145.jpg 300w, https:\/\/neue-herbold.com\/wp-content\/uploads\/2014\/11\/Vierwellenschreddder-02-100x48.jpg 100w, https:\/\/neue-herbold.com\/wp-content\/uploads\/2014\/11\/Vierwellenschreddder-02-150x72.jpg 150w, https:\/\/neue-herbold.com\/wp-content\/uploads\/2014\/11\/Vierwellenschreddder-02-200x96.jpg 200w, https:\/\/neue-herbold.com\/wp-content\/uploads\/2014\/11\/Vierwellenschreddder-02-450x217.jpg 450w, https:\/\/neue-herbold.com\/wp-content\/uploads\/2014\/11\/Vierwellenschreddder-02-600x290.jpg 600w, https:\/\/neue-herbold.com\/wp-content\/uploads\/2014\/11\/Vierwellenschreddder-02-900x435.jpg 900w, https:\/\/neue-herbold.com\/wp-content\/uploads\/2014\/11\/Vierwellenschreddder-02.jpg 1874w\" sizes=\"(max-width: 541px) 100vw, 541px\" \/><\/a><\/p>\n<p>\u00a0<strong>Technische Angaben der NEUE HERBOLD Rohrschredder<\/strong><\/p>\n<table>\n<tbody>\n<tr>\n<td><strong><span style=\"color: #000000;\">Typ<\/span><\/strong><\/td>\n<td style=\"text-align: center;\"><strong><span style=\"color: #000000;\">HZR 1300\/2<\/span><\/strong><\/td>\n<td style=\"text-align: center;\"><strong><span style=\"color: #000000;\">HZR 1300\/4<\/span><\/strong><\/td>\n<td style=\"text-align: center;\"><strong><span style=\"color: #000000;\">HZR 1300\/4<\/span><\/strong><\/td>\n<td style=\"text-align: center;\"><span style=\"color: #000000;\"><a href=\"https:\/\/neue-herbold.com\/wp-content\/uploads\/2014\/10\/HZR-DE.pdf\" target=\"_blank\" rel=\"noopener noreferrer\"><img loading=\"lazy\" decoding=\"async\" class=\"alignnone wp-image-5703\" title=\"Rohrschredder Produktinformationen\" src=\"https:\/\/neue-herbold.com\/wp-content\/uploads\/2014\/12\/PDF-ICON.jpg\" alt=\"PDF Produktdatenblatt Rohrschredder\" width=\"50\" height=\"48\" \/><\/a><\/span><\/td>\n<\/tr>\n<tr>\n<td><span style=\"color: #000000;\">Arbeitsbreite<\/span><\/td>\n<td style=\"text-align: center;\"><span style=\"color: #000000;\">1300 mm<\/span><\/td>\n<td style=\"text-align: center;\"><span style=\"color: #000000;\">1300 mm<\/span><\/td>\n<td style=\"text-align: center;\"><span style=\"color: #000000;\">1300 mm<\/span><\/td>\n<td style=\"text-align: center;\">\u00a0<\/td>\n<\/tr>\n<tr>\n<td><span style=\"color: #000000;\">Wellendurchmesser<\/span><\/td>\n<td style=\"text-align: center;\"><span style=\"color: #000000;\">370 mm<\/span><\/td>\n<td style=\"text-align: center;\"><span style=\"color: #000000;\">370 mm<\/span><\/td>\n<td style=\"text-align: center;\"><span style=\"color: #000000;\">370 mm<\/span><\/td>\n<td style=\"text-align: center;\">\u00a0<\/td>\n<\/tr>\n<tr>\n<td><span style=\"color: #000000;\">Antrieb<\/span><\/td>\n<td style=\"text-align: center;\"><span style=\"color: #000000;\">2 x 30 kW<\/span><\/td>\n<td style=\"text-align: center;\"><span style=\"color: #000000;\">4 x 30 kW<\/span><\/td>\n<td style=\"text-align: center;\"><span style=\"color: #000000;\">4 x 30 kW<\/span><\/td>\n<td style=\"text-align: center;\">\u00a0<\/td>\n<\/tr>\n<tr>\n<td><span style=\"color: #000000;\">Beschicktrog f\u00fcr Rohre mit<\/span><\/td>\n<td style=\"text-align: center;\"><span style=\"color: #000000;\">6 Meter L\u00e4nge<\/span><\/td>\n<td style=\"text-align: center;\"><span style=\"color: #000000;\">6 Meter L\u00e4nge<\/span><\/td>\n<td style=\"text-align: center;\"><span style=\"color: #000000;\">2 Meter L\u00e4nge<\/span><\/td>\n<td style=\"text-align: center;\">\u00a0<\/td>\n<\/tr>\n<tr>\n<td><span style=\"color: #000000;\">Querschnitt<\/span><\/td>\n<td style=\"text-align: center;\"><span style=\"color: #000000;\">650 x 1300 mm<\/span><\/td>\n<td style=\"text-align: center;\"><span style=\"color: #000000;\">1300 x 1350 mm<\/span><\/td>\n<td style=\"text-align: center;\"><span style=\"color: #000000;\">1300 x 1350 mm<\/span><\/td>\n<td style=\"text-align: center;\">\u00a0<\/td>\n<\/tr>\n<tr>\n<td><span style=\"color: #000000;\">Trogl\u00e4nge maximal<br \/>\n <\/span><\/td>\n<td style=\"text-align: center;\"><span style=\"color: #000000;\">6500 mm<\/span><\/td>\n<td style=\"text-align: center;\"><span style=\"color: #000000;\">6500 mm<\/span><\/td>\n<td style=\"text-align: center;\"><span style=\"color: #000000;\">2500 mm<\/span><\/td>\n<td style=\"text-align: center;\">\u00a0<\/td>\n<\/tr>\n<tr>\n<td><span style=\"color: #000000;\">Antrieb Vorschub<\/span><\/td>\n<td style=\"text-align: center;\"><span style=\"color: #000000;\">5,5 kW<\/span><\/td>\n<td style=\"text-align: center;\"><span style=\"color: #000000;\">5,5 kW<\/span><\/td>\n<td style=\"text-align: center;\">\u00a0<\/td>\n<td style=\"text-align: center;\">\u00a0<\/td>\n<\/tr>\n<tr>\n<td><span style=\"color: #000000;\">Hydraulik<\/span><\/td>\n<td style=\"text-align: center;\"><span style=\"color: #000000;\">4 kW<\/span><\/td>\n<td style=\"text-align: center;\"><span style=\"color: #000000;\">4 kW <\/span><\/td>\n<td style=\"text-align: center;\">\u00a0<\/td>\n<td style=\"text-align: center;\">\u00a0<\/td>\n<\/tr>\n<\/tbody>\n<\/table>\n<p>&nbsp;<\/p>\n<div id=\"bczk7i3UvK\" data-borlabs-cookie-blocked-content><div class=\"borlabs-cookie-bct bc-bct-video bc-bct-youtube\"> <p class=\"bc-thumbnail\"><img src=\"https:\/\/neue-herbold.com\/wp-content\/cache\/borlabs_cookie\/ssMCAo14qYk_sddefault.jpg\" alt=\"YouTube\"><\/p> <div class=\"bc-text\"> <p>Zum Schutz Ihrer pers\u00f6nlichen Daten wurde Ihre Verbindung zu YouTube blockiert. <br> Klicken Sie auf <strong> Video laden<\/strong>, um die Blockierung von YouTube aufzuheben. <br> Durch das Laden des Videos akzeptieren Sie die Datenschutzbestimmungen von YouTube. <br>Weitere Informationen zu den Datenschutzbestimmungen von YouTube finden Sie hier: <br><a href=\"https:\/\/policies.google.com\/privacy\" target=\"_blank\" rel=\"nofollow\">Google - Datenschutzerkl\u00e4rung<\/a><\/p> <p><label><input type=\"checkbox\" name=\"unblockAll\" value=\"1\" > K\u00fcnftig keine Videos von YouTube blockieren <\/label> <a role=\"button\" data-borlabs-cookie-unblock>Video laden<\/a><\/p> <\/div> <\/div><\/div>\n<p>&nbsp;<\/p>\n","protected":false},"excerpt":{"rendered":"<p><a title=\"Rohrschredder HZR\" href=\"https:\/\/neue-herbold.com\/wp-content\/uploads\/2014\/11\/Vierwellenschreddder-01.jpg\" target=\"_blank\" rel=\"noopener noreferrer\"><img loading=\"lazy\" decoding=\"async\" class=\"alignright wp-image-2950\" title=\"Rohrschredder HZR 1300\/4\" src=\"https:\/\/neue-herbold.com\/wp-content\/uploads\/2014\/11\/Vierwellenschreddder-01-1024x749.jpg\" alt=\"Rohrschredder HZR 1300\/4\" width=\"486\" height=\"355\" srcset=\"https:\/\/neue-herbold.com\/wp-content\/uploads\/2014\/11\/Vierwellenschreddder-01-1024x749.jpg 1024w, https:\/\/neue-herbold.com\/wp-content\/uploads\/2014\/11\/Vierwellenschreddder-01-300x219.jpg 300w, https:\/\/neue-herbold.com\/wp-content\/uploads\/2014\/11\/Vierwellenschreddder-01-100x73.jpg 100w, https:\/\/neue-herbold.com\/wp-content\/uploads\/2014\/11\/Vierwellenschreddder-01-150x109.jpg 150w, https:\/\/neue-herbold.com\/wp-content\/uploads\/2014\/11\/Vierwellenschreddder-01-200x146.jpg 200w, https:\/\/neue-herbold.com\/wp-content\/uploads\/2014\/11\/Vierwellenschreddder-01-450x329.jpg 450w, https:\/\/neue-herbold.com\/wp-content\/uploads\/2014\/11\/Vierwellenschreddder-01-600x438.jpg 600w, https:\/\/neue-herbold.com\/wp-content\/uploads\/2014\/11\/Vierwellenschreddder-01-900x658.jpg 900w, https:\/\/neue-herbold.com\/wp-content\/uploads\/2014\/11\/Vierwellenschreddder-01.jpg 1240w\" sizes=\"(max-width: 486px) 100vw, 486px\" \/><\/a><span style=\"color: #000000;\">Technik der NEUE HERBOLD Rohrschredder<em><strong>\u00a0<\/strong><\/em><\/span><\/p>\n<p><span style=\"color: #000000;\"><em>Die Maschinenleistung der Rohrschredder ist<\/em><\/span> a<span style=\"color: #000000;\">bh\u00e4ngig von der Schlagz\u00e4higkeit, der Wandst\u00e4rke der Rohre und der Sieblochung. <\/span><\/p>\n<p><span style=\"color: #000000;\">Die Leistung pro Arbeitsstunde betr\u00e4gt bis zu ca.<\/span><\/p>\n<p><span class=\"ellipsis\">&hellip;<\/span><\/p>\n<div class=\"read-more\"><a href=\"https:\/\/neue-herbold.com\/de\/rohrschredder-hzr\/\">Weiterlesen \u203a<\/a><\/div>\n<p><!-- end of .read-more --><\/p>\n","protected":false},"author":1,"featured_media":0,"parent":0,"menu_order":0,"comment_status":"closed","ping_status":"closed","template":"","meta":{"footnotes":""},"class_list":["post-7795","page","type-page","status-publish","hentry"],"yoast_head":"<!-- This site is optimized with the Yoast SEO plugin v25.4 - https:\/\/yoast.com\/wordpress\/plugins\/seo\/ -->\n<title>Rohrschredder HZR - Neue Herbold GmbH<\/title>\n<meta name=\"description\" content=\"Der Neue Herbold Rohrschredder Typ HZR 1300\/4 ist speziell konzipiert f\u00fcr die effektive Vorzerkleinerung von dickwandigen, schlagz\u00e4hen Rohren mit grossem\" \/>\n<meta name=\"robots\" content=\"index, follow, max-snippet:-1, max-image-preview:large, max-video-preview:-1\" \/>\n<link rel=\"canonical\" href=\"https:\/\/neue-herbold.com\/de\/rohrschredder-hzr\/\" \/>\n<meta property=\"og:locale\" content=\"de_DE\" \/>\n<meta property=\"og:type\" content=\"article\" \/>\n<meta property=\"og:title\" content=\"Rohrschredder HZR - Neue Herbold GmbH\" \/>\n<meta property=\"og:description\" content=\"Der Neue Herbold Rohrschredder Typ HZR 1300\/4 ist speziell konzipiert f\u00fcr die effektive Vorzerkleinerung von dickwandigen, schlagz\u00e4hen Rohren mit grossem\" \/>\n<meta property=\"og:url\" content=\"https:\/\/neue-herbold.com\/de\/rohrschredder-hzr\/\" \/>\n<meta property=\"og:site_name\" content=\"Neue Herbold GmbH\" \/>\n<meta property=\"article:modified_time\" content=\"2017-04-27T21:41:45+00:00\" \/>\n<meta property=\"og:image\" content=\"https:\/\/neue-herbold.com\/wp-content\/uploads\/2014\/11\/Vierwellenschreddder-01-1024x749.jpg\" \/>\n<meta name=\"twitter:label1\" content=\"Gesch\u00e4tzte Lesezeit\" \/>\n\t<meta name=\"twitter:data1\" content=\"2\u00a0Minuten\" \/>\n<script type=\"application\/ld+json\" class=\"yoast-schema-graph\">{\"@context\":\"https:\/\/schema.org\",\"@graph\":[{\"@type\":\"WebPage\",\"@id\":\"https:\/\/neue-herbold.com\/de\/rohrschredder-hzr\/\",\"url\":\"https:\/\/neue-herbold.com\/de\/rohrschredder-hzr\/\",\"name\":\"Rohrschredder HZR - Neue Herbold GmbH\",\"isPartOf\":{\"@id\":\"https:\/\/neue-herbold.com\/en\/#website\"},\"primaryImageOfPage\":{\"@id\":\"https:\/\/neue-herbold.com\/de\/rohrschredder-hzr\/#primaryimage\"},\"image\":{\"@id\":\"https:\/\/neue-herbold.com\/de\/rohrschredder-hzr\/#primaryimage\"},\"thumbnailUrl\":\"https:\/\/neue-herbold.com\/wp-content\/uploads\/2014\/11\/Vierwellenschreddder-01-1024x749.jpg\",\"datePublished\":\"2016-06-02T18:17:55+00:00\",\"dateModified\":\"2017-04-27T21:41:45+00:00\",\"description\":\"Der Neue Herbold Rohrschredder Typ HZR 1300\/4 ist speziell konzipiert f\u00fcr die effektive Vorzerkleinerung von dickwandigen, schlagz\u00e4hen Rohren mit grossem\",\"breadcrumb\":{\"@id\":\"https:\/\/neue-herbold.com\/de\/rohrschredder-hzr\/#breadcrumb\"},\"inLanguage\":\"de\",\"potentialAction\":[{\"@type\":\"ReadAction\",\"target\":[\"https:\/\/neue-herbold.com\/de\/rohrschredder-hzr\/\"]}]},{\"@type\":\"ImageObject\",\"inLanguage\":\"de\",\"@id\":\"https:\/\/neue-herbold.com\/de\/rohrschredder-hzr\/#primaryimage\",\"url\":\"https:\/\/neue-herbold.com\/wp-content\/uploads\/2014\/11\/Vierwellenschreddder-01-1024x749.jpg\",\"contentUrl\":\"https:\/\/neue-herbold.com\/wp-content\/uploads\/2014\/11\/Vierwellenschreddder-01-1024x749.jpg\"},{\"@type\":\"BreadcrumbList\",\"@id\":\"https:\/\/neue-herbold.com\/de\/rohrschredder-hzr\/#breadcrumb\",\"itemListElement\":[{\"@type\":\"ListItem\",\"position\":1,\"name\":\"Startseite\",\"item\":\"https:\/\/neue-herbold.com\/de\/\"},{\"@type\":\"ListItem\",\"position\":2,\"name\":\"Rohrschredder HZR\"}]},{\"@type\":\"WebSite\",\"@id\":\"https:\/\/neue-herbold.com\/en\/#website\",\"url\":\"https:\/\/neue-herbold.com\/en\/\",\"name\":\"Neue Herbold GmbH\",\"description\":\"\",\"potentialAction\":[{\"@type\":\"SearchAction\",\"target\":{\"@type\":\"EntryPoint\",\"urlTemplate\":\"https:\/\/neue-herbold.com\/en\/?s={search_term_string}\"},\"query-input\":{\"@type\":\"PropertyValueSpecification\",\"valueRequired\":true,\"valueName\":\"search_term_string\"}}],\"inLanguage\":\"de\"}]}<\/script>\n<!-- \/ Yoast SEO plugin. -->","yoast_head_json":{"title":"Rohrschredder HZR - Neue Herbold GmbH","description":"Der Neue Herbold Rohrschredder Typ HZR 1300\/4 ist speziell konzipiert f\u00fcr die effektive Vorzerkleinerung von dickwandigen, schlagz\u00e4hen Rohren mit grossem","robots":{"index":"index","follow":"follow","max-snippet":"max-snippet:-1","max-image-preview":"max-image-preview:large","max-video-preview":"max-video-preview:-1"},"canonical":"https:\/\/neue-herbold.com\/de\/rohrschredder-hzr\/","og_locale":"de_DE","og_type":"article","og_title":"Rohrschredder HZR - Neue Herbold GmbH","og_description":"Der Neue Herbold Rohrschredder Typ HZR 1300\/4 ist speziell konzipiert f\u00fcr die effektive Vorzerkleinerung von dickwandigen, schlagz\u00e4hen Rohren mit grossem","og_url":"https:\/\/neue-herbold.com\/de\/rohrschredder-hzr\/","og_site_name":"Neue Herbold GmbH","article_modified_time":"2017-04-27T21:41:45+00:00","og_image":[{"url":"https:\/\/neue-herbold.com\/wp-content\/uploads\/2014\/11\/Vierwellenschreddder-01-1024x749.jpg","type":"","width":"","height":""}],"twitter_misc":{"Gesch\u00e4tzte Lesezeit":"2\u00a0Minuten"},"schema":{"@context":"https:\/\/schema.org","@graph":[{"@type":"WebPage","@id":"https:\/\/neue-herbold.com\/de\/rohrschredder-hzr\/","url":"https:\/\/neue-herbold.com\/de\/rohrschredder-hzr\/","name":"Rohrschredder HZR - Neue Herbold GmbH","isPartOf":{"@id":"https:\/\/neue-herbold.com\/en\/#website"},"primaryImageOfPage":{"@id":"https:\/\/neue-herbold.com\/de\/rohrschredder-hzr\/#primaryimage"},"image":{"@id":"https:\/\/neue-herbold.com\/de\/rohrschredder-hzr\/#primaryimage"},"thumbnailUrl":"https:\/\/neue-herbold.com\/wp-content\/uploads\/2014\/11\/Vierwellenschreddder-01-1024x749.jpg","datePublished":"2016-06-02T18:17:55+00:00","dateModified":"2017-04-27T21:41:45+00:00","description":"Der Neue Herbold Rohrschredder Typ HZR 1300\/4 ist speziell konzipiert f\u00fcr die effektive Vorzerkleinerung von dickwandigen, schlagz\u00e4hen Rohren mit grossem","breadcrumb":{"@id":"https:\/\/neue-herbold.com\/de\/rohrschredder-hzr\/#breadcrumb"},"inLanguage":"de","potentialAction":[{"@type":"ReadAction","target":["https:\/\/neue-herbold.com\/de\/rohrschredder-hzr\/"]}]},{"@type":"ImageObject","inLanguage":"de","@id":"https:\/\/neue-herbold.com\/de\/rohrschredder-hzr\/#primaryimage","url":"https:\/\/neue-herbold.com\/wp-content\/uploads\/2014\/11\/Vierwellenschreddder-01-1024x749.jpg","contentUrl":"https:\/\/neue-herbold.com\/wp-content\/uploads\/2014\/11\/Vierwellenschreddder-01-1024x749.jpg"},{"@type":"BreadcrumbList","@id":"https:\/\/neue-herbold.com\/de\/rohrschredder-hzr\/#breadcrumb","itemListElement":[{"@type":"ListItem","position":1,"name":"Startseite","item":"https:\/\/neue-herbold.com\/de\/"},{"@type":"ListItem","position":2,"name":"Rohrschredder HZR"}]},{"@type":"WebSite","@id":"https:\/\/neue-herbold.com\/en\/#website","url":"https:\/\/neue-herbold.com\/en\/","name":"Neue Herbold GmbH","description":"","potentialAction":[{"@type":"SearchAction","target":{"@type":"EntryPoint","urlTemplate":"https:\/\/neue-herbold.com\/en\/?s={search_term_string}"},"query-input":{"@type":"PropertyValueSpecification","valueRequired":true,"valueName":"search_term_string"}}],"inLanguage":"de"}]}},"_links":{"self":[{"href":"https:\/\/neue-herbold.com\/de\/wp-json\/wp\/v2\/pages\/7795"}],"collection":[{"href":"https:\/\/neue-herbold.com\/de\/wp-json\/wp\/v2\/pages"}],"about":[{"href":"https:\/\/neue-herbold.com\/de\/wp-json\/wp\/v2\/types\/page"}],"author":[{"embeddable":true,"href":"https:\/\/neue-herbold.com\/de\/wp-json\/wp\/v2\/users\/1"}],"replies":[{"embeddable":true,"href":"https:\/\/neue-herbold.com\/de\/wp-json\/wp\/v2\/comments?post=7795"}],"version-history":[{"count":45,"href":"https:\/\/neue-herbold.com\/de\/wp-json\/wp\/v2\/pages\/7795\/revisions"}],"predecessor-version":[{"id":10867,"href":"https:\/\/neue-herbold.com\/de\/wp-json\/wp\/v2\/pages\/7795\/revisions\/10867"}],"wp:attachment":[{"href":"https:\/\/neue-herbold.com\/de\/wp-json\/wp\/v2\/media?parent=7795"}],"curies":[{"name":"wp","href":"https:\/\/api.w.org\/{rel}","templated":true}]}}