{"id":7771,"date":"2016-06-02T19:40:33","date_gmt":"2016-06-02T17:40:33","guid":{"rendered":"https:\/\/neue-herbold.com\/de\/?page_id=7771"},"modified":"2016-06-12T14:52:16","modified_gmt":"2016-06-12T12:52:16","slug":"vorwaschschnecke-einweichschnecke","status":"publish","type":"page","link":"https:\/\/neue-herbold.com\/de\/vorwaschschnecke-einweichschnecke\/","title":{"rendered":"Vorwaschschnecke &#8211; Einweichschnecke"},"content":{"rendered":"<div id=\"attachment_5291\" style=\"width: 226px\" class=\"wp-caption alignleft\"><a href=\"https:\/\/neue-herbold.com\/wp-content\/uploads\/2015\/01\/Vorwaschschnecke.jpg\" target=\"_blank\"><img loading=\"lazy\" decoding=\"async\" aria-describedby=\"caption-attachment-5291\" class=\"wp-image-5291\" title=\"Vorwaschschnecke\" src=\"https:\/\/neue-herbold.com\/wp-content\/uploads\/2015\/01\/Vorwaschschnecke.jpg\" alt=\"Vorwaschschnecke, Einweichschnecke\" width=\"216\" height=\"203\" srcset=\"https:\/\/neue-herbold.com\/wp-content\/uploads\/2015\/01\/Vorwaschschnecke.jpg 941w, https:\/\/neue-herbold.com\/wp-content\/uploads\/2015\/01\/Vorwaschschnecke-300x282.jpg 300w, https:\/\/neue-herbold.com\/wp-content\/uploads\/2015\/01\/Vorwaschschnecke-100x94.jpg 100w, https:\/\/neue-herbold.com\/wp-content\/uploads\/2015\/01\/Vorwaschschnecke-150x141.jpg 150w, https:\/\/neue-herbold.com\/wp-content\/uploads\/2015\/01\/Vorwaschschnecke-200x188.jpg 200w, https:\/\/neue-herbold.com\/wp-content\/uploads\/2015\/01\/Vorwaschschnecke-450x424.jpg 450w, https:\/\/neue-herbold.com\/wp-content\/uploads\/2015\/01\/Vorwaschschnecke-600x565.jpg 600w, https:\/\/neue-herbold.com\/wp-content\/uploads\/2015\/01\/Vorwaschschnecke-900x847.jpg 900w\" sizes=\"(max-width: 216px) 100vw, 216px\" \/><\/a><p id=\"caption-attachment-5291\" class=\"wp-caption-text\">Einweichschnecke Typ ES 300<\/p><\/div>\n<p><strong>Einsatz der Vorwaschschnecke<\/strong><\/p>\n<p>Die Einweichschnecken der Baureihe ES sind speziell konzipiert worden f\u00fcr die Entfernung (d.h. Ausschleusung) von St\u00f6r- und Fremdstoffen. Als Einweichschnecke geh\u00f6rt auch die Benetzung, also das\u00a0<span class=\"st\">Bespr\u00fchen,<\/span> des Materials mit Wasser zu ihren Aufgaben.<\/p>\n<p>Eingesetzt wird die Schnecke vorwiegend in der Aufbereitung von\u00a0Folien, ebenso zur Vorbehandlung aber auch zum Schutz der nachfolgenden Aggregate wie z.B. dem Intensivw\u00e4scher.<\/p>\n<p>&nbsp;<\/p>\n<p>&nbsp;<\/p>\n<p>&nbsp;<\/p>\n<h4 style=\"text-align: right;\"><strong><a href=\"https:\/\/neue-herbold.com\/wp-content\/uploads\/2015\/01\/Vorwaschschnecke-Detail.jpg\" target=\"_blank\"><img loading=\"lazy\" decoding=\"async\" class=\"alignright wp-image-5292\" title=\"Einweichschnecke\" src=\"https:\/\/neue-herbold.com\/wp-content\/uploads\/2015\/01\/Vorwaschschnecke-Detail-208x300.jpg\" alt=\"Einweichschnecke - Detail\" width=\"216\" height=\"312\" srcset=\"https:\/\/neue-herbold.com\/wp-content\/uploads\/2015\/01\/Vorwaschschnecke-Detail-208x300.jpg 208w, https:\/\/neue-herbold.com\/wp-content\/uploads\/2015\/01\/Vorwaschschnecke-Detail-100x144.jpg 100w, https:\/\/neue-herbold.com\/wp-content\/uploads\/2015\/01\/Vorwaschschnecke-Detail-150x217.jpg 150w, https:\/\/neue-herbold.com\/wp-content\/uploads\/2015\/01\/Vorwaschschnecke-Detail-200x289.jpg 200w, https:\/\/neue-herbold.com\/wp-content\/uploads\/2015\/01\/Vorwaschschnecke-Detail-300x433.jpg 300w, https:\/\/neue-herbold.com\/wp-content\/uploads\/2015\/01\/Vorwaschschnecke-Detail-450x650.jpg 450w, https:\/\/neue-herbold.com\/wp-content\/uploads\/2015\/01\/Vorwaschschnecke-Detail.jpg 598w\" sizes=\"(max-width: 216px) 100vw, 216px\" \/><\/a><\/strong><\/h4>\n<p style=\"text-align: left;\"><strong><em>Funktion der Vorwaschschnecke<\/em><br \/> <\/strong><\/p>\n<p style=\"text-align: left;\">In dieser Verfahrenstechnik ist Wasser der prim\u00e4re Hilfsstoff. Das Mahlgut bestehend aus\u00a0Folien bzw. Folienteilchen gelangt nach dem Vermahlungsprozess in den Aufgabeschacht und wird dirt mit Wasser benetzt.<\/p>\n<p style=\"text-align: left;\">Unter Anwendung des spezifischen Gewichts der Teilchen, beispielsweise Glassplitter und Sand oder auch Metallteilchen, sinken diese auf Grund ihrer Schwere im Eingangsbereich ab und werden anschlie\u00dfend durch die zwei pneumatischen Schieber im unteren Bereich periodisch ausgeschieden.<\/p>\n<p>Durch die Betimmung der Verweilzeit im Wasserbad wird eine ausreichende Benetzung der Folienflakes bzw. des Folienmahlgutes erzielt.<\/p>\n<p>&nbsp;<\/p>\n<p><strong>Weitere Informationen:<\/strong><\/p>\n<p style=\"text-align: left;\"><span style=\"color: #000000;\"><strong><a href=\"https:\/\/neue-herbold.com\/wp-content\/uploads\/2014\/11\/FW-Friction-Washer.pdf\" target=\"_blank\"><img loading=\"lazy\" decoding=\"async\" class=\" wp-image-5703 alignleft\" src=\"https:\/\/neue-herbold.com\/wp-content\/uploads\/2014\/12\/PDF-ICON.jpg\" alt=\"PDF-ICON\" width=\"50\" height=\"48\" \/><\/a><\/strong><a href=\"https:\/\/neue-herbold.com\/wp-content\/uploads\/2015\/01\/ES_Einweichschnecke_Vorwaschschnecke.pdf\" target=\"_blank\">Datenblatt<\/a><\/span><\/p>\n","protected":false},"excerpt":{"rendered":"<p><strong>Einsatz der Vorwaschschnecke<\/strong><\/p>\n<p>Die Einweichschnecken der Baureihe ES sind speziell konzipiert worden f\u00fcr die Entfernung (d.h. Ausschleusung) von St\u00f6r- und Fremdstoffen. Als Einweichschnecke geh\u00f6rt auch die Benetzung, also das\u00a0<span class=\"st\">Bespr\u00fchen,<\/span> des Materials mit Wasser zu ihren Aufgaben.<\/p>\n<p><span class=\"ellipsis\">&hellip;<\/span><\/p>\n<div class=\"read-more\"><a href=\"https:\/\/neue-herbold.com\/de\/vorwaschschnecke-einweichschnecke\/\">Weiterlesen \u203a<\/a><\/div>\n<p><!-- end of .read-more --><\/p>\n","protected":false},"author":1,"featured_media":0,"parent":0,"menu_order":0,"comment_status":"closed","ping_status":"closed","template":"","meta":{"footnotes":""},"class_list":["post-7771","page","type-page","status-publish","hentry"],"yoast_head":"<!-- This site is optimized with the Yoast SEO plugin v25.4 - https:\/\/yoast.com\/wordpress\/plugins\/seo\/ -->\n<title>Vorwaschschnecke - Einweichschnecke - Neue Herbold GmbH<\/title>\n<meta name=\"description\" content=\"Die NEUE HERBOLD Vorwaschschnecke \/ Einweichschnecke der Baureihe ES wurde speziell zur Ausschleusung von St\u00f6rstoffen im Produkt und zur Benetzung des\" \/>\n<meta name=\"robots\" content=\"index, follow, max-snippet:-1, max-image-preview:large, max-video-preview:-1\" \/>\n<link rel=\"canonical\" href=\"https:\/\/neue-herbold.com\/de\/vorwaschschnecke-einweichschnecke\/\" \/>\n<meta property=\"og:locale\" content=\"de_DE\" \/>\n<meta property=\"og:type\" content=\"article\" \/>\n<meta property=\"og:title\" content=\"Vorwaschschnecke - Einweichschnecke - Neue Herbold GmbH\" \/>\n<meta property=\"og:description\" content=\"Die NEUE HERBOLD Vorwaschschnecke \/ Einweichschnecke der Baureihe ES wurde speziell zur Ausschleusung von St\u00f6rstoffen im Produkt und zur Benetzung des\" \/>\n<meta property=\"og:url\" content=\"https:\/\/neue-herbold.com\/de\/vorwaschschnecke-einweichschnecke\/\" \/>\n<meta property=\"og:site_name\" content=\"Neue Herbold GmbH\" \/>\n<meta property=\"article:modified_time\" content=\"2016-06-12T12:52:16+00:00\" \/>\n<meta property=\"og:image\" content=\"https:\/\/neue-herbold.com\/wp-content\/uploads\/2015\/01\/Vorwaschschnecke.jpg\" \/>\n<meta name=\"twitter:label1\" content=\"Gesch\u00e4tzte Lesezeit\" \/>\n\t<meta name=\"twitter:data1\" content=\"1\u00a0Minute\" \/>\n<script type=\"application\/ld+json\" class=\"yoast-schema-graph\">{\"@context\":\"https:\/\/schema.org\",\"@graph\":[{\"@type\":\"WebPage\",\"@id\":\"https:\/\/neue-herbold.com\/de\/vorwaschschnecke-einweichschnecke\/\",\"url\":\"https:\/\/neue-herbold.com\/de\/vorwaschschnecke-einweichschnecke\/\",\"name\":\"Vorwaschschnecke - Einweichschnecke - Neue Herbold GmbH\",\"isPartOf\":{\"@id\":\"https:\/\/neue-herbold.com\/en\/#website\"},\"primaryImageOfPage\":{\"@id\":\"https:\/\/neue-herbold.com\/de\/vorwaschschnecke-einweichschnecke\/#primaryimage\"},\"image\":{\"@id\":\"https:\/\/neue-herbold.com\/de\/vorwaschschnecke-einweichschnecke\/#primaryimage\"},\"thumbnailUrl\":\"https:\/\/neue-herbold.com\/wp-content\/uploads\/2015\/01\/Vorwaschschnecke.jpg\",\"datePublished\":\"2016-06-02T17:40:33+00:00\",\"dateModified\":\"2016-06-12T12:52:16+00:00\",\"description\":\"Die NEUE HERBOLD Vorwaschschnecke \/ Einweichschnecke der Baureihe ES wurde speziell zur Ausschleusung von St\u00f6rstoffen im Produkt und zur Benetzung des\",\"breadcrumb\":{\"@id\":\"https:\/\/neue-herbold.com\/de\/vorwaschschnecke-einweichschnecke\/#breadcrumb\"},\"inLanguage\":\"de\",\"potentialAction\":[{\"@type\":\"ReadAction\",\"target\":[\"https:\/\/neue-herbold.com\/de\/vorwaschschnecke-einweichschnecke\/\"]}]},{\"@type\":\"ImageObject\",\"inLanguage\":\"de\",\"@id\":\"https:\/\/neue-herbold.com\/de\/vorwaschschnecke-einweichschnecke\/#primaryimage\",\"url\":\"https:\/\/neue-herbold.com\/wp-content\/uploads\/2015\/01\/Vorwaschschnecke.jpg\",\"contentUrl\":\"https:\/\/neue-herbold.com\/wp-content\/uploads\/2015\/01\/Vorwaschschnecke.jpg\"},{\"@type\":\"BreadcrumbList\",\"@id\":\"https:\/\/neue-herbold.com\/de\/vorwaschschnecke-einweichschnecke\/#breadcrumb\",\"itemListElement\":[{\"@type\":\"ListItem\",\"position\":1,\"name\":\"Startseite\",\"item\":\"https:\/\/neue-herbold.com\/de\/\"},{\"@type\":\"ListItem\",\"position\":2,\"name\":\"Vorwaschschnecke &#8211; Einweichschnecke\"}]},{\"@type\":\"WebSite\",\"@id\":\"https:\/\/neue-herbold.com\/en\/#website\",\"url\":\"https:\/\/neue-herbold.com\/en\/\",\"name\":\"Neue Herbold GmbH\",\"description\":\"\",\"potentialAction\":[{\"@type\":\"SearchAction\",\"target\":{\"@type\":\"EntryPoint\",\"urlTemplate\":\"https:\/\/neue-herbold.com\/en\/?s={search_term_string}\"},\"query-input\":{\"@type\":\"PropertyValueSpecification\",\"valueRequired\":true,\"valueName\":\"search_term_string\"}}],\"inLanguage\":\"de\"}]}<\/script>\n<!-- \/ Yoast SEO plugin. -->","yoast_head_json":{"title":"Vorwaschschnecke - Einweichschnecke - Neue Herbold GmbH","description":"Die NEUE HERBOLD Vorwaschschnecke \/ Einweichschnecke der Baureihe ES wurde speziell zur Ausschleusung von St\u00f6rstoffen im Produkt und zur Benetzung des","robots":{"index":"index","follow":"follow","max-snippet":"max-snippet:-1","max-image-preview":"max-image-preview:large","max-video-preview":"max-video-preview:-1"},"canonical":"https:\/\/neue-herbold.com\/de\/vorwaschschnecke-einweichschnecke\/","og_locale":"de_DE","og_type":"article","og_title":"Vorwaschschnecke - Einweichschnecke - Neue Herbold GmbH","og_description":"Die NEUE HERBOLD Vorwaschschnecke \/ Einweichschnecke der Baureihe ES wurde speziell zur Ausschleusung von St\u00f6rstoffen im Produkt und zur Benetzung des","og_url":"https:\/\/neue-herbold.com\/de\/vorwaschschnecke-einweichschnecke\/","og_site_name":"Neue Herbold GmbH","article_modified_time":"2016-06-12T12:52:16+00:00","og_image":[{"url":"https:\/\/neue-herbold.com\/wp-content\/uploads\/2015\/01\/Vorwaschschnecke.jpg","type":"","width":"","height":""}],"twitter_misc":{"Gesch\u00e4tzte Lesezeit":"1\u00a0Minute"},"schema":{"@context":"https:\/\/schema.org","@graph":[{"@type":"WebPage","@id":"https:\/\/neue-herbold.com\/de\/vorwaschschnecke-einweichschnecke\/","url":"https:\/\/neue-herbold.com\/de\/vorwaschschnecke-einweichschnecke\/","name":"Vorwaschschnecke - Einweichschnecke - Neue Herbold GmbH","isPartOf":{"@id":"https:\/\/neue-herbold.com\/en\/#website"},"primaryImageOfPage":{"@id":"https:\/\/neue-herbold.com\/de\/vorwaschschnecke-einweichschnecke\/#primaryimage"},"image":{"@id":"https:\/\/neue-herbold.com\/de\/vorwaschschnecke-einweichschnecke\/#primaryimage"},"thumbnailUrl":"https:\/\/neue-herbold.com\/wp-content\/uploads\/2015\/01\/Vorwaschschnecke.jpg","datePublished":"2016-06-02T17:40:33+00:00","dateModified":"2016-06-12T12:52:16+00:00","description":"Die NEUE HERBOLD Vorwaschschnecke \/ Einweichschnecke der Baureihe ES wurde speziell zur Ausschleusung von St\u00f6rstoffen im Produkt und zur Benetzung des","breadcrumb":{"@id":"https:\/\/neue-herbold.com\/de\/vorwaschschnecke-einweichschnecke\/#breadcrumb"},"inLanguage":"de","potentialAction":[{"@type":"ReadAction","target":["https:\/\/neue-herbold.com\/de\/vorwaschschnecke-einweichschnecke\/"]}]},{"@type":"ImageObject","inLanguage":"de","@id":"https:\/\/neue-herbold.com\/de\/vorwaschschnecke-einweichschnecke\/#primaryimage","url":"https:\/\/neue-herbold.com\/wp-content\/uploads\/2015\/01\/Vorwaschschnecke.jpg","contentUrl":"https:\/\/neue-herbold.com\/wp-content\/uploads\/2015\/01\/Vorwaschschnecke.jpg"},{"@type":"BreadcrumbList","@id":"https:\/\/neue-herbold.com\/de\/vorwaschschnecke-einweichschnecke\/#breadcrumb","itemListElement":[{"@type":"ListItem","position":1,"name":"Startseite","item":"https:\/\/neue-herbold.com\/de\/"},{"@type":"ListItem","position":2,"name":"Vorwaschschnecke &#8211; Einweichschnecke"}]},{"@type":"WebSite","@id":"https:\/\/neue-herbold.com\/en\/#website","url":"https:\/\/neue-herbold.com\/en\/","name":"Neue Herbold GmbH","description":"","potentialAction":[{"@type":"SearchAction","target":{"@type":"EntryPoint","urlTemplate":"https:\/\/neue-herbold.com\/en\/?s={search_term_string}"},"query-input":{"@type":"PropertyValueSpecification","valueRequired":true,"valueName":"search_term_string"}}],"inLanguage":"de"}]}},"_links":{"self":[{"href":"https:\/\/neue-herbold.com\/de\/wp-json\/wp\/v2\/pages\/7771"}],"collection":[{"href":"https:\/\/neue-herbold.com\/de\/wp-json\/wp\/v2\/pages"}],"about":[{"href":"https:\/\/neue-herbold.com\/de\/wp-json\/wp\/v2\/types\/page"}],"author":[{"embeddable":true,"href":"https:\/\/neue-herbold.com\/de\/wp-json\/wp\/v2\/users\/1"}],"replies":[{"embeddable":true,"href":"https:\/\/neue-herbold.com\/de\/wp-json\/wp\/v2\/comments?post=7771"}],"version-history":[{"count":24,"href":"https:\/\/neue-herbold.com\/de\/wp-json\/wp\/v2\/pages\/7771\/revisions"}],"predecessor-version":[{"id":9793,"href":"https:\/\/neue-herbold.com\/de\/wp-json\/wp\/v2\/pages\/7771\/revisions\/9793"}],"wp:attachment":[{"href":"https:\/\/neue-herbold.com\/de\/wp-json\/wp\/v2\/media?parent=7771"}],"curies":[{"name":"wp","href":"https:\/\/api.w.org\/{rel}","templated":true}]}}