{"id":7758,"date":"2016-06-02T19:31:54","date_gmt":"2016-06-02T17:31:54","guid":{"rendered":"https:\/\/neue-herbold.com\/de\/?page_id=7758"},"modified":"2017-08-18T18:48:32","modified_gmt":"2017-08-18T16:48:32","slug":"waschtrommel","status":"publish","type":"page","link":"https:\/\/neue-herbold.com\/de\/waschtrommel\/","title":{"rendered":"Waschtrommel"},"content":{"rendered":"<h3 class=\"mcntmcntmcntMsoNormal\"><strong><a href=\"https:\/\/neue-herbold.com\/wp-content\/uploads\/2015\/03\/Waschtrommel.jpg\" target=\"_blank\" rel=\"noopener noreferrer\"><img loading=\"lazy\" decoding=\"async\" class=\"  alignleft wp-image-5258\" title=\"Vorwaschtrommel\" src=\"https:\/\/neue-herbold.com\/wp-content\/uploads\/2015\/03\/Waschtrommel-1024x768.jpg\" alt=\"Waschtrommel\" width=\"340\" height=\"255\" srcset=\"https:\/\/neue-herbold.com\/wp-content\/uploads\/2015\/03\/Waschtrommel-1024x768.jpg 1024w, https:\/\/neue-herbold.com\/wp-content\/uploads\/2015\/03\/Waschtrommel-300x225.jpg 300w, https:\/\/neue-herbold.com\/wp-content\/uploads\/2015\/03\/Waschtrommel-100x75.jpg 100w, https:\/\/neue-herbold.com\/wp-content\/uploads\/2015\/03\/Waschtrommel-150x113.jpg 150w, https:\/\/neue-herbold.com\/wp-content\/uploads\/2015\/03\/Waschtrommel-200x150.jpg 200w, https:\/\/neue-herbold.com\/wp-content\/uploads\/2015\/03\/Waschtrommel-450x338.jpg 450w, https:\/\/neue-herbold.com\/wp-content\/uploads\/2015\/03\/Waschtrommel-600x450.jpg 600w, https:\/\/neue-herbold.com\/wp-content\/uploads\/2015\/03\/Waschtrommel-900x675.jpg 900w, https:\/\/neue-herbold.com\/wp-content\/uploads\/2015\/03\/Waschtrommel.jpg 1200w\" sizes=\"(max-width: 340px) 100vw, 340px\" \/><\/a><\/strong>Einsatzgebiet der Waschtrommel \/ Vorwaschtrommel<\/h3>\n<p class=\"mcntmcntmcntMsoNormal\">In einer Kunststoffrecyclinganlage f\u00fcr Polyolefine in welcher eine Vortrennung der groben St\u00f6rstoffe wie z.B. Steine, Metalle, Glas etc. ben\u00f6tigt wird &#8211; sowie zur Vorbereitung des zu recycelnden Materials f\u00fcr die Weiterbearbeitung.<\/p>\n<p class=\"mcntmcntmcntMsoNormal\">Die Vorwaschtrommel\u00a0 kann sowohl bei Folien als auch bei Flaschen oder sonstigem dickwandigen und stark verunreinigtem Kunststoffen eingesetzt werden.<\/p>\n<p class=\"mcntmcntmcntMsoNormal\">In der Regel wird das Material vor der Aufgabe in die Vorwaschtrommel von einem Shredder auf eine Korngr\u00f6sse von ca. 50-100 mm vorzerkleinert und aufgeschlossen.\u00a0<\/p>\n<h3>Vorteile der Waschtrommel<\/h3>\n<p><strong>\u2022<\/strong> Kosteneinsparungen durch die Vermeidung von Sch\u00e4den an den im Recyclingablauf folgenen Anlagen.<\/p>\n<p><strong>\u2022 <\/strong>Einfache Montage und Integration in die Recycling-Anlage.<\/p>\n<p>Durch die robuste Bauweise ist die Waschtrommel recht wartungsarm und wenig st\u00f6ranf\u00e4llig. Sollte dennoch eine Wartung oder gar eine Reparatur notwendig sein, ist die Trommel leicht f\u00fcr den Techniker zug\u00e4nglich.<\/p>\n<h3><strong>Aufbau und Funktionsweise der Vorwaschtrommel<\/strong><\/h3>\n<p class=\"mcntmcntmcntMsoNormal\">Die Vorwaschtrommel besteht aus einer zylindrischen Trennstufe mit Materialaustrag sowie einem konischen Einlauftrichter f\u00fcr das zu verarbeitende Material sowie f\u00fcr Wasser. Durch Rotation der Trommel wird das Material umgew\u00e4lzt und Materialklumpen aufgel\u00f6st womit eine effektive Trennung von Schwergut erreicht wird.\u00a0<\/p>\n<p class=\"mcntmcntmcntMsoNormal\">Die komplette Einheit ist mit leichter Neigung montiert so dass das Wasser nach unten fliesst.<\/p>\n<p class=\"mcntmcntmcntMsoNormal\">Die Innenseite der Trenneinheit ist als Schneckenwendel ausgef\u00fchrt; Schwerteile werden so gegen den Wasserstrom nach oben gef\u00f6rdert und ausgetragen w\u00e4hrend die Kunststoffe mit dem Wasser \u00fcber die Schneckenwendel nach unten gesp\u00fclt und ausgetragen werden.<\/p>\n<p><strong>Technik der Waschtrommel<\/strong><\/p>\n<p>Die Waschtrommel (oder auch Vorwaschtrommel) wird beim Kunststoffrecycling als Separator bzw. Vortrennstufe eingesetzt. Die geschredderten Kunststoffflakes werden durch den Einsatz der Vorwaschtrommel von schweren St\u00f6rstoffen wie z. B. Steinen, Reifenschnitzel, Metallen, etc. befreit.<\/p>\n<p class=\"mcntmcntmcntMsoNormal\"><strong>Antriebstechnik<\/strong><\/p>\n<p class=\"mcntmcntmcntMsoNormal\">Die Vorwaschtrommel wird angetrieben mittels Drehstrommotor. Die komplette Einheit wird auf einem stabilen Gestell montiert und mittels Vollgummireifen angetrieben, wodurch die Trommel in die gew\u00fcnschte rotation versetzt wird. Diese robuste, einfache und nahezu wartungsfreie Bauweise der Trommel ist einer der gro\u00dfen Vorteile dieser Vortrenneinheit.<\/p>\n<p class=\"mcntmcntmcntMsoNormal\"><strong>Lange Lebensdauer<\/strong><\/p>\n<p class=\"mcntmcntmcntMsoNormal\">Die Vorwaschtrommel ist komplett aus rostfreiem Edelstahl gebaut. Die verbauten Vollgummireifen zeichnen sich durch eine gro\u00dfe Langlebigkeit aus.<\/p>\n","protected":false},"excerpt":{"rendered":"<p><strong><a href=\"https:\/\/neue-herbold.com\/wp-content\/uploads\/2015\/03\/Waschtrommel.jpg\" target=\"_blank\" rel=\"noopener noreferrer\"><img loading=\"lazy\" decoding=\"async\" class=\"  alignleft wp-image-5258\" title=\"Vorwaschtrommel\" src=\"https:\/\/neue-herbold.com\/wp-content\/uploads\/2015\/03\/Waschtrommel-1024x768.jpg\" alt=\"Waschtrommel\" width=\"340\" height=\"255\" srcset=\"https:\/\/neue-herbold.com\/wp-content\/uploads\/2015\/03\/Waschtrommel-1024x768.jpg 1024w, https:\/\/neue-herbold.com\/wp-content\/uploads\/2015\/03\/Waschtrommel-300x225.jpg 300w, https:\/\/neue-herbold.com\/wp-content\/uploads\/2015\/03\/Waschtrommel-100x75.jpg 100w, https:\/\/neue-herbold.com\/wp-content\/uploads\/2015\/03\/Waschtrommel-150x113.jpg 150w, https:\/\/neue-herbold.com\/wp-content\/uploads\/2015\/03\/Waschtrommel-200x150.jpg 200w, https:\/\/neue-herbold.com\/wp-content\/uploads\/2015\/03\/Waschtrommel-450x338.jpg 450w, https:\/\/neue-herbold.com\/wp-content\/uploads\/2015\/03\/Waschtrommel-600x450.jpg 600w, https:\/\/neue-herbold.com\/wp-content\/uploads\/2015\/03\/Waschtrommel-900x675.jpg 900w, https:\/\/neue-herbold.com\/wp-content\/uploads\/2015\/03\/Waschtrommel.jpg 1200w\" sizes=\"(max-width: 340px) 100vw, 340px\" \/><\/a><\/strong>Einsatzgebiet der Waschtrommel \/ Vorwaschtrommel<\/p>\n<p class=\"mcntmcntmcntMsoNormal\">In einer Kunststoffrecyclinganlage f\u00fcr Polyolefine in welcher eine Vortrennung der groben St\u00f6rstoffe wie z.B. Steine, Metalle, Glas etc. ben\u00f6tigt wird &#8211; sowie zur Vorbereitung des zu recycelnden Materials f\u00fcr die Weiterbearbeitung.<\/p>\n<p><span class=\"ellipsis\">&hellip;<\/span><\/p>\n<div class=\"read-more\"><a href=\"https:\/\/neue-herbold.com\/de\/waschtrommel\/\">Weiterlesen \u203a<\/a><\/div>\n<p><!-- end of .read-more --><\/p>\n","protected":false},"author":1,"featured_media":0,"parent":0,"menu_order":0,"comment_status":"closed","ping_status":"closed","template":"","meta":{"footnotes":""},"class_list":["post-7758","page","type-page","status-publish","hentry"],"yoast_head":"<!-- This site is optimized with the Yoast SEO plugin v25.4 - https:\/\/yoast.com\/wordpress\/plugins\/seo\/ -->\n<title>Waschtrommel - Neue Herbold GmbH<\/title>\n<meta name=\"description\" content=\"Vortrennung grober Fremdk\u00f6rper Waschtrommel Um Besch\u00e4digungen an den nachfolgenden Zerkleinerungsaggregaten \/ Waschaggregaten zu vermeiden, werden\" \/>\n<meta name=\"robots\" content=\"index, follow, max-snippet:-1, max-image-preview:large, max-video-preview:-1\" \/>\n<link rel=\"canonical\" href=\"https:\/\/neue-herbold.com\/de\/waschtrommel\/\" \/>\n<meta property=\"og:locale\" content=\"de_DE\" \/>\n<meta property=\"og:type\" content=\"article\" \/>\n<meta property=\"og:title\" content=\"Waschtrommel - Neue Herbold GmbH\" \/>\n<meta property=\"og:description\" content=\"Vortrennung grober Fremdk\u00f6rper Waschtrommel Um Besch\u00e4digungen an den nachfolgenden Zerkleinerungsaggregaten \/ Waschaggregaten zu vermeiden, werden\" \/>\n<meta property=\"og:url\" content=\"https:\/\/neue-herbold.com\/de\/waschtrommel\/\" \/>\n<meta property=\"og:site_name\" content=\"Neue Herbold GmbH\" \/>\n<meta property=\"article:modified_time\" content=\"2017-08-18T16:48:32+00:00\" \/>\n<meta property=\"og:image\" content=\"https:\/\/neue-herbold.com\/wp-content\/uploads\/2015\/03\/Waschtrommel-1024x768.jpg\" \/>\n<meta name=\"twitter:label1\" content=\"Gesch\u00e4tzte Lesezeit\" \/>\n\t<meta name=\"twitter:data1\" content=\"2\u00a0Minuten\" \/>\n<script type=\"application\/ld+json\" class=\"yoast-schema-graph\">{\"@context\":\"https:\/\/schema.org\",\"@graph\":[{\"@type\":\"WebPage\",\"@id\":\"https:\/\/neue-herbold.com\/de\/waschtrommel\/\",\"url\":\"https:\/\/neue-herbold.com\/de\/waschtrommel\/\",\"name\":\"Waschtrommel - Neue Herbold GmbH\",\"isPartOf\":{\"@id\":\"https:\/\/neue-herbold.com\/en\/#website\"},\"primaryImageOfPage\":{\"@id\":\"https:\/\/neue-herbold.com\/de\/waschtrommel\/#primaryimage\"},\"image\":{\"@id\":\"https:\/\/neue-herbold.com\/de\/waschtrommel\/#primaryimage\"},\"thumbnailUrl\":\"https:\/\/neue-herbold.com\/wp-content\/uploads\/2015\/03\/Waschtrommel-1024x768.jpg\",\"datePublished\":\"2016-06-02T17:31:54+00:00\",\"dateModified\":\"2017-08-18T16:48:32+00:00\",\"description\":\"Vortrennung grober Fremdk\u00f6rper Waschtrommel Um Besch\u00e4digungen an den nachfolgenden Zerkleinerungsaggregaten \/ Waschaggregaten zu vermeiden, werden\",\"breadcrumb\":{\"@id\":\"https:\/\/neue-herbold.com\/de\/waschtrommel\/#breadcrumb\"},\"inLanguage\":\"de\",\"potentialAction\":[{\"@type\":\"ReadAction\",\"target\":[\"https:\/\/neue-herbold.com\/de\/waschtrommel\/\"]}]},{\"@type\":\"ImageObject\",\"inLanguage\":\"de\",\"@id\":\"https:\/\/neue-herbold.com\/de\/waschtrommel\/#primaryimage\",\"url\":\"https:\/\/neue-herbold.com\/wp-content\/uploads\/2015\/03\/Waschtrommel-1024x768.jpg\",\"contentUrl\":\"https:\/\/neue-herbold.com\/wp-content\/uploads\/2015\/03\/Waschtrommel-1024x768.jpg\"},{\"@type\":\"BreadcrumbList\",\"@id\":\"https:\/\/neue-herbold.com\/de\/waschtrommel\/#breadcrumb\",\"itemListElement\":[{\"@type\":\"ListItem\",\"position\":1,\"name\":\"Startseite\",\"item\":\"https:\/\/neue-herbold.com\/de\/\"},{\"@type\":\"ListItem\",\"position\":2,\"name\":\"Waschtrommel\"}]},{\"@type\":\"WebSite\",\"@id\":\"https:\/\/neue-herbold.com\/en\/#website\",\"url\":\"https:\/\/neue-herbold.com\/en\/\",\"name\":\"Neue Herbold GmbH\",\"description\":\"\",\"potentialAction\":[{\"@type\":\"SearchAction\",\"target\":{\"@type\":\"EntryPoint\",\"urlTemplate\":\"https:\/\/neue-herbold.com\/en\/?s={search_term_string}\"},\"query-input\":{\"@type\":\"PropertyValueSpecification\",\"valueRequired\":true,\"valueName\":\"search_term_string\"}}],\"inLanguage\":\"de\"}]}<\/script>\n<!-- \/ Yoast SEO plugin. -->","yoast_head_json":{"title":"Waschtrommel - Neue Herbold GmbH","description":"Vortrennung grober Fremdk\u00f6rper Waschtrommel Um Besch\u00e4digungen an den nachfolgenden Zerkleinerungsaggregaten \/ Waschaggregaten zu vermeiden, werden","robots":{"index":"index","follow":"follow","max-snippet":"max-snippet:-1","max-image-preview":"max-image-preview:large","max-video-preview":"max-video-preview:-1"},"canonical":"https:\/\/neue-herbold.com\/de\/waschtrommel\/","og_locale":"de_DE","og_type":"article","og_title":"Waschtrommel - Neue Herbold GmbH","og_description":"Vortrennung grober Fremdk\u00f6rper Waschtrommel Um Besch\u00e4digungen an den nachfolgenden Zerkleinerungsaggregaten \/ Waschaggregaten zu vermeiden, werden","og_url":"https:\/\/neue-herbold.com\/de\/waschtrommel\/","og_site_name":"Neue Herbold GmbH","article_modified_time":"2017-08-18T16:48:32+00:00","og_image":[{"url":"https:\/\/neue-herbold.com\/wp-content\/uploads\/2015\/03\/Waschtrommel-1024x768.jpg","type":"","width":"","height":""}],"twitter_misc":{"Gesch\u00e4tzte Lesezeit":"2\u00a0Minuten"},"schema":{"@context":"https:\/\/schema.org","@graph":[{"@type":"WebPage","@id":"https:\/\/neue-herbold.com\/de\/waschtrommel\/","url":"https:\/\/neue-herbold.com\/de\/waschtrommel\/","name":"Waschtrommel - Neue Herbold GmbH","isPartOf":{"@id":"https:\/\/neue-herbold.com\/en\/#website"},"primaryImageOfPage":{"@id":"https:\/\/neue-herbold.com\/de\/waschtrommel\/#primaryimage"},"image":{"@id":"https:\/\/neue-herbold.com\/de\/waschtrommel\/#primaryimage"},"thumbnailUrl":"https:\/\/neue-herbold.com\/wp-content\/uploads\/2015\/03\/Waschtrommel-1024x768.jpg","datePublished":"2016-06-02T17:31:54+00:00","dateModified":"2017-08-18T16:48:32+00:00","description":"Vortrennung grober Fremdk\u00f6rper Waschtrommel Um Besch\u00e4digungen an den nachfolgenden Zerkleinerungsaggregaten \/ Waschaggregaten zu vermeiden, werden","breadcrumb":{"@id":"https:\/\/neue-herbold.com\/de\/waschtrommel\/#breadcrumb"},"inLanguage":"de","potentialAction":[{"@type":"ReadAction","target":["https:\/\/neue-herbold.com\/de\/waschtrommel\/"]}]},{"@type":"ImageObject","inLanguage":"de","@id":"https:\/\/neue-herbold.com\/de\/waschtrommel\/#primaryimage","url":"https:\/\/neue-herbold.com\/wp-content\/uploads\/2015\/03\/Waschtrommel-1024x768.jpg","contentUrl":"https:\/\/neue-herbold.com\/wp-content\/uploads\/2015\/03\/Waschtrommel-1024x768.jpg"},{"@type":"BreadcrumbList","@id":"https:\/\/neue-herbold.com\/de\/waschtrommel\/#breadcrumb","itemListElement":[{"@type":"ListItem","position":1,"name":"Startseite","item":"https:\/\/neue-herbold.com\/de\/"},{"@type":"ListItem","position":2,"name":"Waschtrommel"}]},{"@type":"WebSite","@id":"https:\/\/neue-herbold.com\/en\/#website","url":"https:\/\/neue-herbold.com\/en\/","name":"Neue Herbold GmbH","description":"","potentialAction":[{"@type":"SearchAction","target":{"@type":"EntryPoint","urlTemplate":"https:\/\/neue-herbold.com\/en\/?s={search_term_string}"},"query-input":{"@type":"PropertyValueSpecification","valueRequired":true,"valueName":"search_term_string"}}],"inLanguage":"de"}]}},"_links":{"self":[{"href":"https:\/\/neue-herbold.com\/de\/wp-json\/wp\/v2\/pages\/7758"}],"collection":[{"href":"https:\/\/neue-herbold.com\/de\/wp-json\/wp\/v2\/pages"}],"about":[{"href":"https:\/\/neue-herbold.com\/de\/wp-json\/wp\/v2\/types\/page"}],"author":[{"embeddable":true,"href":"https:\/\/neue-herbold.com\/de\/wp-json\/wp\/v2\/users\/1"}],"replies":[{"embeddable":true,"href":"https:\/\/neue-herbold.com\/de\/wp-json\/wp\/v2\/comments?post=7758"}],"version-history":[{"count":27,"href":"https:\/\/neue-herbold.com\/de\/wp-json\/wp\/v2\/pages\/7758\/revisions"}],"predecessor-version":[{"id":11224,"href":"https:\/\/neue-herbold.com\/de\/wp-json\/wp\/v2\/pages\/7758\/revisions\/11224"}],"wp:attachment":[{"href":"https:\/\/neue-herbold.com\/de\/wp-json\/wp\/v2\/media?parent=7758"}],"curies":[{"name":"wp","href":"https:\/\/api.w.org\/{rel}","templated":true}]}}