{"id":7742,"date":"2016-06-02T19:19:04","date_gmt":"2016-06-02T17:19:04","guid":{"rendered":"https:\/\/neue-herbold.com\/de\/?page_id=7742"},"modified":"2019-10-16T15:22:47","modified_gmt":"2019-10-16T13:22:47","slug":"feinmuehlen","status":"publish","type":"page","link":"https:\/\/neue-herbold.com\/de\/feinmuehlen\/","title":{"rendered":"Feinm\u00fchlen ZM"},"content":{"rendered":"<h4><a href=\"https:\/\/neue-herbold.com\/wp-content\/uploads\/2014\/11\/ZM-500-01.jpg\" target=\"_blank\" rel=\"noopener noreferrer\"><img loading=\"lazy\" decoding=\"async\" class=\"alignright wp-image-2915\" src=\"https:\/\/neue-herbold.com\/wp-content\/uploads\/2014\/11\/ZM-500-01.jpg\" alt=\"Feinm\u00fchlen ZM 500\" width=\"326\" height=\"445\" srcset=\"https:\/\/neue-herbold.com\/wp-content\/uploads\/2014\/11\/ZM-500-01.jpg 750w, https:\/\/neue-herbold.com\/wp-content\/uploads\/2014\/11\/ZM-500-01-219x300.jpg 219w, https:\/\/neue-herbold.com\/wp-content\/uploads\/2014\/11\/ZM-500-01-100x136.jpg 100w, https:\/\/neue-herbold.com\/wp-content\/uploads\/2014\/11\/ZM-500-01-150x204.jpg 150w, https:\/\/neue-herbold.com\/wp-content\/uploads\/2014\/11\/ZM-500-01-200x273.jpg 200w, https:\/\/neue-herbold.com\/wp-content\/uploads\/2014\/11\/ZM-500-01-300x409.jpg 300w, https:\/\/neue-herbold.com\/wp-content\/uploads\/2014\/11\/ZM-500-01-450x614.jpg 450w, https:\/\/neue-herbold.com\/wp-content\/uploads\/2014\/11\/ZM-500-01-600x819.jpg 600w\" sizes=\"(max-width: 326px) 100vw, 326px\" \/><\/a><em><span style=\"color: #000000;\"><strong>Technik der <\/strong><\/span><\/em><span style=\"color: #000000;\"><strong>NEUE HERBOLD\u00a0Feinm\u00fchlen <\/strong> <\/span><\/h4>\n<p><span style=\"color: #000000;\">Die Feinm\u00fchlen \/ Prallscheibenm\u00fchlen von der <strong>NEUE HERBOLD<\/strong> sind Hochleistungs-Feinzerkleinerer. Diese k\u00f6nnen mit einer Temperatursteuerung ausger\u00fcstet werden.<\/span><\/p>\n<p><span style=\"color: #000000;\">Das zu pulverisierende Material wird zwischen zwei Mahlscheiben aufgegeben. Durch die Zentrifugalkraft wird das zu pulverisierende Mahlgut zwischen eine feststehende Mahlscheibe und eine mit hoher Drehzahl rotierende Mahlscheibe geschleudert.<\/span> Das <span style=\"color: #000000;\">Granulat wird anschliessend feingemahlen und aus dem Mahlraum pneumatisch abgesaugt.<\/span><span style=\"color: #000000;\"> Unsere <\/span><span style=\"color: #000000;\">Feinm\u00fchlen und Prallscheibenm\u00fchlen arbeiten w\u00e4hrend dessen sieblos. <\/span><\/p>\n<p>Der niedrige Querschnitt des Mahlraumes und die flache, fast vertikale Anordnung der Mahlscheiben ist ein weiterer Vorteil der M\u00fchlen.<\/p>\n<p>F\u00fcr entsprechend hohen Drehzahlen sorgt die Verwendung neuerster Lagertechnik mit Speziallagern. Dadurch kann auf zwei erforderliche Antriebsmotoren verzichtet werden. Sowohl der mechanische, als auch der steuerungstechnische Aufwand wird mit dieser Technik verringert.<\/p>\n<p>Eine niedrige Antriebsleistung verbunden mit gro\u00dfen Durchsatzleistungen werden durch die hohen Umfangsgeschwindigkeiten und eine sehr effektive Prall-Zerkleinerungswirkung gew\u00e4hrleistet.<\/p>\n<p><em><span style=\"color: #000000;\">Die Korngr\u00f6\u00dfe des Feinguts wird im wesentlichen durch die Bauform der Mahlscheiben und den Spalt zwischen den Mahlwerkzeugen bestimmt. Je nach Aufgabenstellung ist die Nachschaltung einer Siebmaschine mit der R\u00fcckf\u00fchrung des \u00dcberkorns einfach zu integrieren.<\/span><\/em><\/p>\n<p>&nbsp;<\/p>\n<p><em><span style=\"color: #000000;\"><strong>Einsatzgebiet der NEUE HERBOLD Feinm\u00fchlen<br \/>\n<\/strong><\/span><\/em><\/p>\n<div id=\"attachment_3317\" style=\"width: 186px\" class=\"wp-caption alignleft\"><a href=\"https:\/\/neue-herbold.com\/wp-content\/uploads\/2014\/11\/ZM-500-mit-Schallschutzkabine.jpg\" target=\"_blank\" rel=\"noopener noreferrer\"><img loading=\"lazy\" decoding=\"async\" aria-describedby=\"caption-attachment-3317\" class=\"wp-image-3317 \" src=\"https:\/\/neue-herbold.com\/wp-content\/uploads\/2014\/11\/ZM-500-mit-Schallschutzkabine-219x300.jpg\" alt=\"\" width=\"176\" height=\"241\" srcset=\"https:\/\/neue-herbold.com\/wp-content\/uploads\/2014\/11\/ZM-500-mit-Schallschutzkabine-219x300.jpg 219w, https:\/\/neue-herbold.com\/wp-content\/uploads\/2014\/11\/ZM-500-mit-Schallschutzkabine-100x136.jpg 100w, https:\/\/neue-herbold.com\/wp-content\/uploads\/2014\/11\/ZM-500-mit-Schallschutzkabine-150x204.jpg 150w, https:\/\/neue-herbold.com\/wp-content\/uploads\/2014\/11\/ZM-500-mit-Schallschutzkabine-200x273.jpg 200w, https:\/\/neue-herbold.com\/wp-content\/uploads\/2014\/11\/ZM-500-mit-Schallschutzkabine-300x409.jpg 300w, https:\/\/neue-herbold.com\/wp-content\/uploads\/2014\/11\/ZM-500-mit-Schallschutzkabine-450x614.jpg 450w, https:\/\/neue-herbold.com\/wp-content\/uploads\/2014\/11\/ZM-500-mit-Schallschutzkabine-600x819.jpg 600w, https:\/\/neue-herbold.com\/wp-content\/uploads\/2014\/11\/ZM-500-mit-Schallschutzkabine.jpg 750w\" sizes=\"(max-width: 176px) 100vw, 176px\" \/><\/a><p id=\"caption-attachment-3317\" class=\"wp-caption-text\">ZM 500 mit Schallschutzkabine<\/p><\/div>\n<p><span style=\"color: #000000;\">Die Feinm\u00fchlen bzw. Prallscheibenm\u00fchlen der <strong>NEUE HERBOLD<\/strong> wurden speziell f\u00fcr die Feinmahlung \/ Pulverisierung von spr\u00f6den, schlagz\u00e4hen oder mittelharten Mahlg\u00fcter, Granulate und Kunststoffen hergestellt. <\/span><\/p>\n<p><span style=\"color: #000000;\">Das zu pulverisierende Aufgabegut ist in Granulatform. Je nach Baugr\u00f6\u00dfe darf das zu pulverisierende Granulat eine max. K\u00f6rnung von 6-8mm aufweisen. <\/span><\/p>\n<p><span style=\"color: #000000;\">Typische Anwendung ist die<\/span><\/p>\n<ul>\n<li><span style=\"color: #000000;\">Feinmahlung von PE Granulat<\/span><\/li>\n<li><span style=\"color: #000000;\">Feinmahlung von PVC Granulat<\/span><\/li>\n<li><span style=\"color: #000000;\">Feinmahlung von PC<\/span><\/li>\n<li><span style=\"color: #000000;\">Feinmahlung von anderen Kunststoffen<\/span><\/li>\n<\/ul>\n<p style=\"text-align: left;\">\u00a0<\/p>\n<hr \/>\n<p><em><span style=\"color: #000000;\"><strong>Vorteile der NEUE HERBOLD Feinm\u00fchlen<a href=\"https:\/\/neue-herbold.com\/wp-content\/uploads\/2014\/11\/ZM-Grafik.jpg\" target=\"_blank\" rel=\"noopener noreferrer\"><img loading=\"lazy\" decoding=\"async\" class=\"wp-image-2909 alignright\" src=\"https:\/\/neue-herbold.com\/wp-content\/uploads\/2014\/11\/ZM-Grafik-1024x405.jpg\" alt=\"\" width=\"438\" height=\"173\" srcset=\"https:\/\/neue-herbold.com\/wp-content\/uploads\/2014\/11\/ZM-Grafik-1024x405.jpg 1024w, https:\/\/neue-herbold.com\/wp-content\/uploads\/2014\/11\/ZM-Grafik-300x118.jpg 300w, https:\/\/neue-herbold.com\/wp-content\/uploads\/2014\/11\/ZM-Grafik-100x39.jpg 100w, https:\/\/neue-herbold.com\/wp-content\/uploads\/2014\/11\/ZM-Grafik-150x59.jpg 150w, https:\/\/neue-herbold.com\/wp-content\/uploads\/2014\/11\/ZM-Grafik-200x79.jpg 200w, https:\/\/neue-herbold.com\/wp-content\/uploads\/2014\/11\/ZM-Grafik-450x178.jpg 450w, https:\/\/neue-herbold.com\/wp-content\/uploads\/2014\/11\/ZM-Grafik-600x237.jpg 600w, https:\/\/neue-herbold.com\/wp-content\/uploads\/2014\/11\/ZM-Grafik-900x356.jpg 900w\" sizes=\"(max-width: 438px) 100vw, 438px\" \/><\/a><br \/>\n<\/strong><\/span><\/em><\/p>\n<ul>\n<li style=\"text-align: left;\"><span style=\"color: #000000;\">hohe Durchsatzleistungen<\/span><\/li>\n<li style=\"text-align: left;\"><span style=\"color: #000000;\">geringe thermische Belastung des Mahlguts<\/span><\/li>\n<li style=\"text-align: left;\"><span style=\"color: #000000;\">hohe Standzeiten der Werkzeuge<\/span><\/li>\n<li style=\"text-align: left;\"><span style=\"color: #000000;\">schneller, einfacher Wechsel der Werkzeuge<\/span><\/li>\n<li style=\"text-align: left;\"><span style=\"color: #000000;\">schnelle, einfache Neujustierung der Werkzeuge<\/span><\/li>\n<li style=\"text-align: left;\"><span style=\"color: #000000;\">hohe Wirtschaftlichkeit<\/span><\/li>\n<\/ul>\n<hr \/>\n<p style=\"text-align: left;\">\u00a0<strong>Produktvideo<\/strong><\/p>\n<p><iframe loading=\"lazy\" src=\"https:\/\/www.youtube.com\/embed\/qxs8i9wGjjA\" width=\"560\" height=\"315\" frameborder=\"0\" allowfullscreen=\"allowfullscreen\"><span style=\"display: inline-block; width: 0px; overflow: hidden; line-height: 0;\" data-mce-type=\"bookmark\" class=\"mce_SELRES_start\">\ufeff<\/span><span style=\"display: inline-block; width: 0px; overflow: hidden; line-height: 0;\" data-mce-type=\"bookmark\" class=\"mce_SELRES_start\">\ufeff<\/span><\/iframe><\/p>\n<p style=\"text-align: left;\">\nFeinmahlung von PVC Mahlgut auf<br \/>\neiner Prallscheibenm\u00fchle Typ ZM50<\/p>\n<p style=\"text-align: center;\">\u00a0<\/p>\n<p style=\"text-align: left;\"><strong>Technische Angaben der NEUE HERBOLD Schneidm\u00fchlen<\/strong><\/p>\n<table style=\"height: 159px;\" width=\"478\">\n<tbody>\n<tr>\n<td style=\"text-align: center;\"><span style=\"color: #000000;\"><strong>Maschinentyp<\/strong><\/span><\/td>\n<td style=\"text-align: center;\"><span style=\"color: #000000;\"><strong>A (mm)<\/strong><\/span><\/td>\n<td style=\"text-align: center;\"><span style=\"color: #000000;\"><strong>B (mm)<\/strong><\/span><\/td>\n<td style=\"text-align: center;\"><span style=\"color: #000000;\"><strong>C (mm)<\/strong><\/span><\/td>\n<td style=\"text-align: center;\"><span style=\"color: #000000;\"><strong><a href=\"https:\/\/neue-herbold.com\/wp-content\/uploads\/2014\/11\/ZM-Prallscheibenmuehle-Feinmuehle.pdf\" target=\"_blank\" rel=\"noopener noreferrer\"><img loading=\"lazy\" decoding=\"async\" class=\"alignnone wp-image-5703\" src=\"https:\/\/neue-herbold.com\/wp-content\/uploads\/2014\/12\/PDF-ICON.jpg\" alt=\"PDF-ICON\" width=\"50\" height=\"48\" \/><\/a><\/strong><\/span><\/td>\n<\/tr>\n<tr>\n<td style=\"text-align: left;\"><span style=\"color: #000000;\">Feinm\u00fchle \/ Prallscheibenm\u00fchle &#8211; <\/span><span style=\"color: #000000;\">Typ ZM 300<\/span><\/td>\n<td style=\"text-align: center;\"><span style=\"color: #000000;\">1350<\/span><\/td>\n<td style=\"text-align: center;\"><span style=\"color: #000000;\">1050<br \/>\n<\/span><\/td>\n<td style=\"text-align: center;\"><span style=\"color: #000000;\">1045 <br \/>\n<\/span><\/td>\n<td style=\"text-align: center;\">\u00a0<\/td>\n<\/tr>\n<tr>\n<td><span style=\"color: #000000;\">Feinm\u00fchle \/ Prallscheibenm\u00fchle &#8211; <\/span><span style=\"color: #000000;\">Typ ZM 500<\/span><\/td>\n<td style=\"text-align: center;\"><span style=\"color: #000000;\">1685<\/span><\/td>\n<td style=\"text-align: center;\"><span style=\"color: #000000;\">1430<\/span><\/td>\n<td style=\"text-align: center;\"><span style=\"color: #000000;\">1180<\/span><\/td>\n<td style=\"text-align: center;\">\u00a0<\/td>\n<\/tr>\n<tr>\n<td><span style=\"color: #000000;\">Feinm\u00fchle \/ Prallscheibenm\u00fchle &#8211; <\/span><span style=\"color: #000000;\">Typ ZM 800<\/span><\/td>\n<td style=\"text-align: center;\"><span style=\"color: #000000;\">2260<\/span><\/td>\n<td style=\"text-align: center;\"><span style=\"color: #000000;\">1140<\/span><\/td>\n<td style=\"text-align: center;\"><span style=\"color: #000000;\">1760<\/span><\/td>\n<td style=\"text-align: center;\">\u00a0<\/td>\n<\/tr>\n<\/tbody>\n<\/table>\n<p>&nbsp;<\/p>\n<p><span style=\"color: #000000;\"><strong><a href=\"https:\/\/neue-herbold.com\/wp-content\/uploads\/2014\/11\/Masse-ZM.jpg\"><img loading=\"lazy\" decoding=\"async\" class=\"size-large wp-image-3435 aligncenter\" src=\"https:\/\/neue-herbold.com\/wp-content\/uploads\/2014\/11\/Masse-ZM-1024x461.jpg\" alt=\"Masse-ZM\" width=\"605\" height=\"272\" srcset=\"https:\/\/neue-herbold.com\/wp-content\/uploads\/2014\/11\/Masse-ZM-1024x461.jpg 1024w, https:\/\/neue-herbold.com\/wp-content\/uploads\/2014\/11\/Masse-ZM-300x135.jpg 300w, https:\/\/neue-herbold.com\/wp-content\/uploads\/2014\/11\/Masse-ZM-100x45.jpg 100w, https:\/\/neue-herbold.com\/wp-content\/uploads\/2014\/11\/Masse-ZM-150x67.jpg 150w, https:\/\/neue-herbold.com\/wp-content\/uploads\/2014\/11\/Masse-ZM-200x90.jpg 200w, https:\/\/neue-herbold.com\/wp-content\/uploads\/2014\/11\/Masse-ZM-450x202.jpg 450w, https:\/\/neue-herbold.com\/wp-content\/uploads\/2014\/11\/Masse-ZM-600x270.jpg 600w, https:\/\/neue-herbold.com\/wp-content\/uploads\/2014\/11\/Masse-ZM-900x405.jpg 900w, https:\/\/neue-herbold.com\/wp-content\/uploads\/2014\/11\/Masse-ZM.jpg 1176w\" sizes=\"(max-width: 605px) 100vw, 605px\" \/><\/a><\/strong><\/span><\/p>\n<p><span style=\"color: #000000;\"><strong><a href=\"https:\/\/neue-herbold.com\/wp-content\/uploads\/2014\/11\/Metallabscheider.pdf\" target=\"_blank\" rel=\"noopener noreferrer\">Metallabscheider<\/a><a href=\"https:\/\/neue-herbold.com\/wp-content\/uploads\/2014\/11\/Metallabscheider.pdf\" target=\"_blank\" rel=\"noopener noreferrer\"><img loading=\"lazy\" decoding=\"async\" class=\" wp-image-5703 alignleft\" src=\"https:\/\/neue-herbold.com\/wp-content\/uploads\/2014\/12\/PDF-ICON.jpg\" alt=\"PDF-ICON\" width=\"50\" height=\"48\" \/><\/a><\/strong><\/span><\/p>\n","protected":false},"excerpt":{"rendered":"<p><a href=\"https:\/\/neue-herbold.com\/wp-content\/uploads\/2014\/11\/ZM-500-01.jpg\" target=\"_blank\" rel=\"noopener noreferrer\"><img loading=\"lazy\" decoding=\"async\" class=\"alignright wp-image-2915\" src=\"https:\/\/neue-herbold.com\/wp-content\/uploads\/2014\/11\/ZM-500-01.jpg\" alt=\"Feinm\u00fchlen ZM 500\" width=\"326\" height=\"445\" srcset=\"https:\/\/neue-herbold.com\/wp-content\/uploads\/2014\/11\/ZM-500-01.jpg 750w, https:\/\/neue-herbold.com\/wp-content\/uploads\/2014\/11\/ZM-500-01-219x300.jpg 219w, https:\/\/neue-herbold.com\/wp-content\/uploads\/2014\/11\/ZM-500-01-100x136.jpg 100w, https:\/\/neue-herbold.com\/wp-content\/uploads\/2014\/11\/ZM-500-01-150x204.jpg 150w, https:\/\/neue-herbold.com\/wp-content\/uploads\/2014\/11\/ZM-500-01-200x273.jpg 200w, https:\/\/neue-herbold.com\/wp-content\/uploads\/2014\/11\/ZM-500-01-300x409.jpg 300w, https:\/\/neue-herbold.com\/wp-content\/uploads\/2014\/11\/ZM-500-01-450x614.jpg 450w, https:\/\/neue-herbold.com\/wp-content\/uploads\/2014\/11\/ZM-500-01-600x819.jpg 600w\" sizes=\"(max-width: 326px) 100vw, 326px\" \/><\/a><em><span style=\"color: #000000;\"><strong>Technik der <\/strong><\/span><\/em><span style=\"color: #000000;\"><strong>NEUE HERBOLD\u00a0Feinm\u00fchlen <\/strong> <\/span><\/p>\n<p><span style=\"color: #000000;\">Die Feinm\u00fchlen \/ Prallscheibenm\u00fchlen von der <strong>NEUE HERBOLD<\/strong> sind Hochleistungs-Feinzerkleinerer. Diese k\u00f6nnen mit einer Temperatursteuerung ausger\u00fcstet werden.<\/span><\/p>\n<p><span style=\"color: #000000;\">Das zu pulverisierende Material wird zwischen zwei Mahlscheiben aufgegeben.<\/span><\/p>\n<p><span class=\"ellipsis\">&hellip;<\/span><\/p>\n<div class=\"read-more\"><a href=\"https:\/\/neue-herbold.com\/de\/feinmuehlen\/\">Weiterlesen \u203a<\/a><\/div>\n<p><!-- end of .read-more --><\/p>\n","protected":false},"author":1,"featured_media":0,"parent":0,"menu_order":0,"comment_status":"closed","ping_status":"closed","template":"","meta":{"footnotes":""},"class_list":["post-7742","page","type-page","status-publish","hentry"],"yoast_head":"<!-- This site is optimized with the Yoast SEO plugin v25.4 - https:\/\/yoast.com\/wordpress\/plugins\/seo\/ -->\n<title>Feinm\u00fchlen ZM - Neue Herbold GmbH<\/title>\n<meta name=\"description\" content=\"Die Neue Herbold Feinm\u00fchlen \/ Prallscheibenm\u00fchlen sind speziell f\u00fcr die Feinmahlung \/ Pulverisierung von mittelharten, spr\u00f6den bis schlagz\u00e4hen Kunststoffen\" \/>\n<meta name=\"robots\" content=\"index, follow, max-snippet:-1, max-image-preview:large, max-video-preview:-1\" \/>\n<link rel=\"canonical\" href=\"https:\/\/neue-herbold.com\/de\/feinmuehlen\/\" \/>\n<meta property=\"og:locale\" content=\"de_DE\" \/>\n<meta property=\"og:type\" content=\"article\" \/>\n<meta property=\"og:title\" content=\"Feinm\u00fchlen ZM - Neue Herbold GmbH\" \/>\n<meta property=\"og:description\" content=\"Die Neue Herbold Feinm\u00fchlen \/ Prallscheibenm\u00fchlen sind speziell f\u00fcr die Feinmahlung \/ Pulverisierung von mittelharten, spr\u00f6den bis schlagz\u00e4hen Kunststoffen\" \/>\n<meta property=\"og:url\" content=\"https:\/\/neue-herbold.com\/de\/feinmuehlen\/\" \/>\n<meta property=\"og:site_name\" content=\"Neue Herbold GmbH\" \/>\n<meta property=\"article:modified_time\" content=\"2019-10-16T13:22:47+00:00\" \/>\n<meta property=\"og:image\" content=\"https:\/\/neue-herbold.com\/wp-content\/uploads\/2014\/11\/ZM-500-01.jpg\" \/>\n<meta name=\"twitter:label1\" content=\"Gesch\u00e4tzte Lesezeit\" \/>\n\t<meta name=\"twitter:data1\" content=\"2\u00a0Minuten\" \/>\n<script type=\"application\/ld+json\" class=\"yoast-schema-graph\">{\"@context\":\"https:\/\/schema.org\",\"@graph\":[{\"@type\":\"WebPage\",\"@id\":\"https:\/\/neue-herbold.com\/de\/feinmuehlen\/\",\"url\":\"https:\/\/neue-herbold.com\/de\/feinmuehlen\/\",\"name\":\"Feinm\u00fchlen ZM - Neue Herbold GmbH\",\"isPartOf\":{\"@id\":\"https:\/\/neue-herbold.com\/en\/#website\"},\"primaryImageOfPage\":{\"@id\":\"https:\/\/neue-herbold.com\/de\/feinmuehlen\/#primaryimage\"},\"image\":{\"@id\":\"https:\/\/neue-herbold.com\/de\/feinmuehlen\/#primaryimage\"},\"thumbnailUrl\":\"https:\/\/neue-herbold.com\/wp-content\/uploads\/2014\/11\/ZM-500-01.jpg\",\"datePublished\":\"2016-06-02T17:19:04+00:00\",\"dateModified\":\"2019-10-16T13:22:47+00:00\",\"description\":\"Die Neue Herbold Feinm\u00fchlen \/ Prallscheibenm\u00fchlen sind speziell f\u00fcr die Feinmahlung \/ Pulverisierung von mittelharten, spr\u00f6den bis schlagz\u00e4hen Kunststoffen\",\"breadcrumb\":{\"@id\":\"https:\/\/neue-herbold.com\/de\/feinmuehlen\/#breadcrumb\"},\"inLanguage\":\"de\",\"potentialAction\":[{\"@type\":\"ReadAction\",\"target\":[\"https:\/\/neue-herbold.com\/de\/feinmuehlen\/\"]}]},{\"@type\":\"ImageObject\",\"inLanguage\":\"de\",\"@id\":\"https:\/\/neue-herbold.com\/de\/feinmuehlen\/#primaryimage\",\"url\":\"https:\/\/neue-herbold.com\/wp-content\/uploads\/2014\/11\/ZM-500-01.jpg\",\"contentUrl\":\"https:\/\/neue-herbold.com\/wp-content\/uploads\/2014\/11\/ZM-500-01.jpg\"},{\"@type\":\"BreadcrumbList\",\"@id\":\"https:\/\/neue-herbold.com\/de\/feinmuehlen\/#breadcrumb\",\"itemListElement\":[{\"@type\":\"ListItem\",\"position\":1,\"name\":\"Startseite\",\"item\":\"https:\/\/neue-herbold.com\/de\/\"},{\"@type\":\"ListItem\",\"position\":2,\"name\":\"Feinm\u00fchlen ZM\"}]},{\"@type\":\"WebSite\",\"@id\":\"https:\/\/neue-herbold.com\/en\/#website\",\"url\":\"https:\/\/neue-herbold.com\/en\/\",\"name\":\"Neue Herbold GmbH\",\"description\":\"\",\"potentialAction\":[{\"@type\":\"SearchAction\",\"target\":{\"@type\":\"EntryPoint\",\"urlTemplate\":\"https:\/\/neue-herbold.com\/en\/?s={search_term_string}\"},\"query-input\":{\"@type\":\"PropertyValueSpecification\",\"valueRequired\":true,\"valueName\":\"search_term_string\"}}],\"inLanguage\":\"de\"}]}<\/script>\n<!-- \/ Yoast SEO plugin. -->","yoast_head_json":{"title":"Feinm\u00fchlen ZM - Neue Herbold GmbH","description":"Die Neue Herbold Feinm\u00fchlen \/ Prallscheibenm\u00fchlen sind speziell f\u00fcr die Feinmahlung \/ Pulverisierung von mittelharten, spr\u00f6den bis schlagz\u00e4hen Kunststoffen","robots":{"index":"index","follow":"follow","max-snippet":"max-snippet:-1","max-image-preview":"max-image-preview:large","max-video-preview":"max-video-preview:-1"},"canonical":"https:\/\/neue-herbold.com\/de\/feinmuehlen\/","og_locale":"de_DE","og_type":"article","og_title":"Feinm\u00fchlen ZM - Neue Herbold GmbH","og_description":"Die Neue Herbold Feinm\u00fchlen \/ Prallscheibenm\u00fchlen sind speziell f\u00fcr die Feinmahlung \/ Pulverisierung von mittelharten, spr\u00f6den bis schlagz\u00e4hen Kunststoffen","og_url":"https:\/\/neue-herbold.com\/de\/feinmuehlen\/","og_site_name":"Neue Herbold GmbH","article_modified_time":"2019-10-16T13:22:47+00:00","og_image":[{"url":"https:\/\/neue-herbold.com\/wp-content\/uploads\/2014\/11\/ZM-500-01.jpg","type":"","width":"","height":""}],"twitter_misc":{"Gesch\u00e4tzte Lesezeit":"2\u00a0Minuten"},"schema":{"@context":"https:\/\/schema.org","@graph":[{"@type":"WebPage","@id":"https:\/\/neue-herbold.com\/de\/feinmuehlen\/","url":"https:\/\/neue-herbold.com\/de\/feinmuehlen\/","name":"Feinm\u00fchlen ZM - Neue Herbold GmbH","isPartOf":{"@id":"https:\/\/neue-herbold.com\/en\/#website"},"primaryImageOfPage":{"@id":"https:\/\/neue-herbold.com\/de\/feinmuehlen\/#primaryimage"},"image":{"@id":"https:\/\/neue-herbold.com\/de\/feinmuehlen\/#primaryimage"},"thumbnailUrl":"https:\/\/neue-herbold.com\/wp-content\/uploads\/2014\/11\/ZM-500-01.jpg","datePublished":"2016-06-02T17:19:04+00:00","dateModified":"2019-10-16T13:22:47+00:00","description":"Die Neue Herbold Feinm\u00fchlen \/ Prallscheibenm\u00fchlen sind speziell f\u00fcr die Feinmahlung \/ Pulverisierung von mittelharten, spr\u00f6den bis schlagz\u00e4hen Kunststoffen","breadcrumb":{"@id":"https:\/\/neue-herbold.com\/de\/feinmuehlen\/#breadcrumb"},"inLanguage":"de","potentialAction":[{"@type":"ReadAction","target":["https:\/\/neue-herbold.com\/de\/feinmuehlen\/"]}]},{"@type":"ImageObject","inLanguage":"de","@id":"https:\/\/neue-herbold.com\/de\/feinmuehlen\/#primaryimage","url":"https:\/\/neue-herbold.com\/wp-content\/uploads\/2014\/11\/ZM-500-01.jpg","contentUrl":"https:\/\/neue-herbold.com\/wp-content\/uploads\/2014\/11\/ZM-500-01.jpg"},{"@type":"BreadcrumbList","@id":"https:\/\/neue-herbold.com\/de\/feinmuehlen\/#breadcrumb","itemListElement":[{"@type":"ListItem","position":1,"name":"Startseite","item":"https:\/\/neue-herbold.com\/de\/"},{"@type":"ListItem","position":2,"name":"Feinm\u00fchlen ZM"}]},{"@type":"WebSite","@id":"https:\/\/neue-herbold.com\/en\/#website","url":"https:\/\/neue-herbold.com\/en\/","name":"Neue Herbold GmbH","description":"","potentialAction":[{"@type":"SearchAction","target":{"@type":"EntryPoint","urlTemplate":"https:\/\/neue-herbold.com\/en\/?s={search_term_string}"},"query-input":{"@type":"PropertyValueSpecification","valueRequired":true,"valueName":"search_term_string"}}],"inLanguage":"de"}]}},"_links":{"self":[{"href":"https:\/\/neue-herbold.com\/de\/wp-json\/wp\/v2\/pages\/7742"}],"collection":[{"href":"https:\/\/neue-herbold.com\/de\/wp-json\/wp\/v2\/pages"}],"about":[{"href":"https:\/\/neue-herbold.com\/de\/wp-json\/wp\/v2\/types\/page"}],"author":[{"embeddable":true,"href":"https:\/\/neue-herbold.com\/de\/wp-json\/wp\/v2\/users\/1"}],"replies":[{"embeddable":true,"href":"https:\/\/neue-herbold.com\/de\/wp-json\/wp\/v2\/comments?post=7742"}],"version-history":[{"count":20,"href":"https:\/\/neue-herbold.com\/de\/wp-json\/wp\/v2\/pages\/7742\/revisions"}],"predecessor-version":[{"id":15543,"href":"https:\/\/neue-herbold.com\/de\/wp-json\/wp\/v2\/pages\/7742\/revisions\/15543"}],"wp:attachment":[{"href":"https:\/\/neue-herbold.com\/de\/wp-json\/wp\/v2\/media?parent=7742"}],"curies":[{"name":"wp","href":"https:\/\/api.w.org\/{rel}","templated":true}]}}