{"id":7726,"date":"2016-06-02T18:51:23","date_gmt":"2016-06-02T16:51:23","guid":{"rendered":"https:\/\/neue-herbold.com\/es\/?page_id=7726"},"modified":"2017-05-18T21:58:01","modified_gmt":"2017-05-18T19:58:01","slug":"zweiwellenschredder-zrm","status":"publish","type":"page","link":"https:\/\/neue-herbold.com\/de\/zweiwellenschredder-zrm\/","title":{"rendered":"Zweiwellenschredder ZRM"},"content":{"rendered":"<p style=\"text-align: left;\"><span style=\"color: #000000;\"><strong><a href=\"https:\/\/neue-herbold.com\/wp-content\/uploads\/2014\/12\/RM1100-2_3.jpg\" target=\"_blank\" rel=\"noopener noreferrer\"><img loading=\"lazy\" decoding=\"async\" class=\"wp-image-2983 alignleft\" src=\"https:\/\/neue-herbold.com\/wp-content\/uploads\/2014\/12\/RM1100-2_3-300x224.jpg\" alt=\"Zweiwellenschredder RM1100-2_3\" width=\"295\" height=\"220\" srcset=\"https:\/\/neue-herbold.com\/wp-content\/uploads\/2014\/12\/RM1100-2_3-300x224.jpg 300w, https:\/\/neue-herbold.com\/wp-content\/uploads\/2014\/12\/RM1100-2_3-100x74.jpg 100w, https:\/\/neue-herbold.com\/wp-content\/uploads\/2014\/12\/RM1100-2_3-150x112.jpg 150w, https:\/\/neue-herbold.com\/wp-content\/uploads\/2014\/12\/RM1100-2_3-200x149.jpg 200w, https:\/\/neue-herbold.com\/wp-content\/uploads\/2014\/12\/RM1100-2_3-450x337.jpg 450w, https:\/\/neue-herbold.com\/wp-content\/uploads\/2014\/12\/RM1100-2_3.jpg 567w\" sizes=\"(max-width: 295px) 100vw, 295px\" \/><\/a>Technik der NEUE HERBOLD Zweiwellenschredder <\/strong><\/span><span style=\"color: #000000;\"><strong><br \/>\n <\/strong><\/span><\/p>\n<p style=\"text-align: left;\">Ein besonderes Aussattungsmerkmal der Zweiwellen <span style=\"color: #000000;\">Schredder der Baureihe ZRM sind die langsam laufendenden Rei\u00dfwellen. Diese kann elektrisch oder hydraulisch angetrieben werden. <\/span><\/p>\n<p style=\"text-align: left;\"><span style=\"color: #000000;\">Die Rei\u00dfwellen greifen ineinander und sorgen somit f\u00fcr einen schnellen Zerkleinerungsvorgang. <\/span><\/p>\n<p style=\"text-align: left;\"><span style=\"color: #000000;\">Zur Optimierung der Materialzufuhr kann der Schredder mit einem hydraulischen Anpre\u00dfstempel ausgestattet werden.<br \/>\n <\/span><\/p>\n<p style=\"text-align: left;\">\u00a0<\/p>\n<hr \/>\n<p style=\"text-align: left;\">\u00a0<\/p>\n<p style=\"text-align: left;\"><span style=\"color: #000000;\"><strong><a href=\"https:\/\/neue-herbold.com\/wp-content\/uploads\/2014\/12\/RM1100-2_2.jpg\" target=\"_blank\" rel=\"noopener noreferrer\"><img loading=\"lazy\" decoding=\"async\" class=\"wp-image-3283 size-medium alignleft\" src=\"https:\/\/neue-herbold.com\/wp-content\/uploads\/2014\/12\/RM1100-2_2-300x224.jpg\" alt=\"RM1100-2_2\" width=\"300\" height=\"224\" srcset=\"https:\/\/neue-herbold.com\/wp-content\/uploads\/2014\/12\/RM1100-2_2-300x224.jpg 300w, https:\/\/neue-herbold.com\/wp-content\/uploads\/2014\/12\/RM1100-2_2-100x74.jpg 100w, https:\/\/neue-herbold.com\/wp-content\/uploads\/2014\/12\/RM1100-2_2-150x112.jpg 150w, https:\/\/neue-herbold.com\/wp-content\/uploads\/2014\/12\/RM1100-2_2-200x149.jpg 200w, https:\/\/neue-herbold.com\/wp-content\/uploads\/2014\/12\/RM1100-2_2-450x337.jpg 450w, https:\/\/neue-herbold.com\/wp-content\/uploads\/2014\/12\/RM1100-2_2.jpg 567w\" sizes=\"(max-width: 300px) 100vw, 300px\" \/><\/a><em>Einsatzgebiet der NEUE HERBOLD 2-Wellenschredder<\/em><br \/>\n <\/strong><\/span><\/p>\n<p style=\"text-align: left;\"><span style=\"color: #000000;\">Die Maschinen der Baureihe ZRM<\/span>, <span style=\"color: #000000;\">auch Zweiwellenzerkleinerer genannt werden vorzugsweise zur Vorzerkleinerung gro\u00dfer Materialmengen oder unhandlicher Teile eingesetzt. <\/span><\/p>\n<p style=\"text-align: left;\"><span style=\"color: #000000;\">Eine benutzerfreundliche Beladung, beispielsweise mit Folien, Autoreifen, wirren Haufwerken oder F\u00e4ssern, wird \u00fcber eine seitliche Ladeklappe erm\u00f6glicht.<br \/>\n <\/span><\/p>\n<p style=\"text-align: left;\">\u00a0<\/p>\n<hr \/>\n<p style=\"text-align: right;\">\u00a0<\/p>\n<p><a href=\"https:\/\/neue-herbold.com\/wp-content\/uploads\/2014\/12\/RM1100-2_1.jpg\" target=\"_blank\" rel=\"noopener noreferrer\"><img loading=\"lazy\" decoding=\"async\" class=\"wp-image-3284 size-medium alignleft\" src=\"https:\/\/neue-herbold.com\/wp-content\/uploads\/2014\/12\/RM1100-2_1-300x224.jpg\" alt=\"RM1100-2_1\" width=\"300\" height=\"224\" srcset=\"https:\/\/neue-herbold.com\/wp-content\/uploads\/2014\/12\/RM1100-2_1-300x224.jpg 300w, https:\/\/neue-herbold.com\/wp-content\/uploads\/2014\/12\/RM1100-2_1-100x74.jpg 100w, https:\/\/neue-herbold.com\/wp-content\/uploads\/2014\/12\/RM1100-2_1-150x112.jpg 150w, https:\/\/neue-herbold.com\/wp-content\/uploads\/2014\/12\/RM1100-2_1-200x149.jpg 200w, https:\/\/neue-herbold.com\/wp-content\/uploads\/2014\/12\/RM1100-2_1-450x337.jpg 450w, https:\/\/neue-herbold.com\/wp-content\/uploads\/2014\/12\/RM1100-2_1.jpg 567w\" sizes=\"(max-width: 300px) 100vw, 300px\" \/><\/a><em><strong><span style=\"color: #000000;\">Vorteile<\/span> <span style=\"color: #000000;\">der NEUE HERBOLD 2-Wellenschredder<br \/>\n <\/span><\/strong><\/em><\/p>\n<p style=\"text-align: left;\"><span style=\"color: #000000;\">Mit einer Arbeitsbreite von bis zu 1.000 mm und einer hydraulisch absenkbaren Seitenklappe ist die Beladung der Maschine in hohem Ma\u00dfe gef\u00e4hrdungsfrei, und verspricht zudem einen erh\u00f6hten Nutzungskomfort. <\/span><\/p>\n<ul>\n<li><span style=\"color: #000000;\">automatische Reversierung der Rei\u00dfwellen bei \u00dcberlastung<\/span><\/li>\n<li><span style=\"color: #000000;\">sehr st\u00f6rungsunanf\u00e4llig<\/span><\/li>\n<li><span style=\"color: #000000;\">niedrige Verschlei\u00dfkosten<\/span><\/li>\n<\/ul>\n<p>&nbsp;<\/p>\n<hr \/>\n<p>&nbsp;<\/p>\n<p><strong>Technische \u00dcbersicht \/ Leistungsdaten<\/strong><em><span style=\"color: #000000;\"><strong><br \/>\n <\/strong><\/span><\/em><\/p>\n<table>\n<tbody>\n<tr>\n<td style=\"text-align: center;\"><span style=\"color: #000000;\"><strong><span style=\"font-family: Arial; font-size: small;\">Maschinentyp<\/span><\/strong><\/span><\/td>\n<td style=\"text-align: center;\"><span style=\"color: #000000;\"><strong><span style=\"font-family: Arial; font-size: small;\">Querschnitt im Mahlraum (mm)<\/span><\/strong><\/span><\/td>\n<\/tr>\n<tr>\n<td style=\"text-align: center;\"><span style=\"font-family: Arial; font-size: small; color: #000000;\">Zweiwellenschredder Typ ZRM 1100\/2<\/span><\/td>\n<td style=\"text-align: center;\"><span style=\"font-family: Arial; font-size: small; color: #000000;\">1030 x 800<\/span><\/td>\n<\/tr>\n<tr>\n<td style=\"text-align: center;\"><span style=\"font-family: Arial; font-size: small; color: #000000;\">Vierwellenschredder Typ ZRM 1100\/4<\/span><\/td>\n<td style=\"text-align: center;\"><span style=\"font-family: Arial; font-size: small; color: #000000;\">1030 x 1550<\/span><\/td>\n<\/tr>\n<\/tbody>\n<\/table>\n","protected":false},"excerpt":{"rendered":"<p style=\"text-align: left;\"><span style=\"color: #000000;\"><strong><a href=\"https:\/\/neue-herbold.com\/wp-content\/uploads\/2014\/12\/RM1100-2_3.jpg\" target=\"_blank\" rel=\"noopener noreferrer\"><img loading=\"lazy\" decoding=\"async\" class=\"wp-image-2983 alignleft\" src=\"https:\/\/neue-herbold.com\/wp-content\/uploads\/2014\/12\/RM1100-2_3-300x224.jpg\" alt=\"Zweiwellenschredder RM1100-2_3\" width=\"295\" height=\"220\" srcset=\"https:\/\/neue-herbold.com\/wp-content\/uploads\/2014\/12\/RM1100-2_3-300x224.jpg 300w, https:\/\/neue-herbold.com\/wp-content\/uploads\/2014\/12\/RM1100-2_3-100x74.jpg 100w, https:\/\/neue-herbold.com\/wp-content\/uploads\/2014\/12\/RM1100-2_3-150x112.jpg 150w, https:\/\/neue-herbold.com\/wp-content\/uploads\/2014\/12\/RM1100-2_3-200x149.jpg 200w, https:\/\/neue-herbold.com\/wp-content\/uploads\/2014\/12\/RM1100-2_3-450x337.jpg 450w, https:\/\/neue-herbold.com\/wp-content\/uploads\/2014\/12\/RM1100-2_3.jpg 567w\" sizes=\"(max-width: 295px) 100vw, 295px\" \/><\/a>Technik der NEUE HERBOLD Zweiwellenschredder <\/strong><\/span><span style=\"color: #000000;\"><strong><br \/>\n <\/strong><\/span><\/p>\n<p style=\"text-align: left;\">Ein besonderes Aussattungsmerkmal der Zweiwellen <span style=\"color: #000000;\">Schredder der Baureihe ZRM sind die langsam laufendenden Rei\u00dfwellen. Diese kann elektrisch oder hydraulisch angetrieben werden.<\/span><\/p>\n<p><span class=\"ellipsis\">&hellip;<\/span><\/p>\n<div class=\"read-more\"><a href=\"https:\/\/neue-herbold.com\/de\/zweiwellenschredder-zrm\/\">Weiterlesen \u203a<\/a><\/div>\n<p><!-- end of .read-more --><\/p>\n","protected":false},"author":1,"featured_media":0,"parent":0,"menu_order":0,"comment_status":"closed","ping_status":"closed","template":"","meta":{"footnotes":""},"class_list":["post-7726","page","type-page","status-publish","hentry"],"yoast_head":"<!-- This site is optimized with the Yoast SEO plugin v25.4 - https:\/\/yoast.com\/wordpress\/plugins\/seo\/ -->\n<title>Zweiwellenschredder ZRM - Neue Herbold GmbH<\/title>\n<meta name=\"description\" content=\"Zweiwellenschredder der Baureihe ZRM werden vorzugsweise zur Vorzerkleinerung gro\u00dfer Materialmengen oder unhandlicher Teile eingesetzt.\" \/>\n<meta name=\"robots\" content=\"index, follow, max-snippet:-1, max-image-preview:large, max-video-preview:-1\" \/>\n<link rel=\"canonical\" href=\"https:\/\/neue-herbold.com\/de\/zweiwellenschredder-zrm\/\" \/>\n<meta property=\"og:locale\" content=\"de_DE\" \/>\n<meta property=\"og:type\" content=\"article\" \/>\n<meta property=\"og:title\" content=\"Zweiwellenschredder ZRM - Neue Herbold GmbH\" \/>\n<meta property=\"og:description\" content=\"Zweiwellenschredder der Baureihe ZRM werden vorzugsweise zur Vorzerkleinerung gro\u00dfer Materialmengen oder unhandlicher Teile eingesetzt.\" \/>\n<meta property=\"og:url\" content=\"https:\/\/neue-herbold.com\/de\/zweiwellenschredder-zrm\/\" \/>\n<meta property=\"og:site_name\" content=\"Neue Herbold GmbH\" \/>\n<meta property=\"article:modified_time\" content=\"2017-05-18T19:58:01+00:00\" \/>\n<meta property=\"og:image\" content=\"https:\/\/neue-herbold.com\/wp-content\/uploads\/2014\/12\/RM1100-2_3-300x224.jpg\" \/>\n<meta name=\"twitter:label1\" content=\"Gesch\u00e4tzte Lesezeit\" \/>\n\t<meta name=\"twitter:data1\" content=\"1\u00a0Minute\" \/>\n<script type=\"application\/ld+json\" class=\"yoast-schema-graph\">{\"@context\":\"https:\/\/schema.org\",\"@graph\":[{\"@type\":\"WebPage\",\"@id\":\"https:\/\/neue-herbold.com\/de\/zweiwellenschredder-zrm\/\",\"url\":\"https:\/\/neue-herbold.com\/de\/zweiwellenschredder-zrm\/\",\"name\":\"Zweiwellenschredder ZRM - Neue Herbold GmbH\",\"isPartOf\":{\"@id\":\"https:\/\/neue-herbold.com\/en\/#website\"},\"primaryImageOfPage\":{\"@id\":\"https:\/\/neue-herbold.com\/de\/zweiwellenschredder-zrm\/#primaryimage\"},\"image\":{\"@id\":\"https:\/\/neue-herbold.com\/de\/zweiwellenschredder-zrm\/#primaryimage\"},\"thumbnailUrl\":\"https:\/\/neue-herbold.com\/wp-content\/uploads\/2014\/12\/RM1100-2_3-300x224.jpg\",\"datePublished\":\"2016-06-02T16:51:23+00:00\",\"dateModified\":\"2017-05-18T19:58:01+00:00\",\"description\":\"Zweiwellenschredder der Baureihe ZRM werden vorzugsweise zur Vorzerkleinerung gro\u00dfer Materialmengen oder unhandlicher Teile eingesetzt.\",\"breadcrumb\":{\"@id\":\"https:\/\/neue-herbold.com\/de\/zweiwellenschredder-zrm\/#breadcrumb\"},\"inLanguage\":\"de\",\"potentialAction\":[{\"@type\":\"ReadAction\",\"target\":[\"https:\/\/neue-herbold.com\/de\/zweiwellenschredder-zrm\/\"]}]},{\"@type\":\"ImageObject\",\"inLanguage\":\"de\",\"@id\":\"https:\/\/neue-herbold.com\/de\/zweiwellenschredder-zrm\/#primaryimage\",\"url\":\"https:\/\/neue-herbold.com\/wp-content\/uploads\/2014\/12\/RM1100-2_3-300x224.jpg\",\"contentUrl\":\"https:\/\/neue-herbold.com\/wp-content\/uploads\/2014\/12\/RM1100-2_3-300x224.jpg\"},{\"@type\":\"BreadcrumbList\",\"@id\":\"https:\/\/neue-herbold.com\/de\/zweiwellenschredder-zrm\/#breadcrumb\",\"itemListElement\":[{\"@type\":\"ListItem\",\"position\":1,\"name\":\"Startseite\",\"item\":\"https:\/\/neue-herbold.com\/de\/\"},{\"@type\":\"ListItem\",\"position\":2,\"name\":\"Zweiwellenschredder ZRM\"}]},{\"@type\":\"WebSite\",\"@id\":\"https:\/\/neue-herbold.com\/en\/#website\",\"url\":\"https:\/\/neue-herbold.com\/en\/\",\"name\":\"Neue Herbold GmbH\",\"description\":\"\",\"potentialAction\":[{\"@type\":\"SearchAction\",\"target\":{\"@type\":\"EntryPoint\",\"urlTemplate\":\"https:\/\/neue-herbold.com\/en\/?s={search_term_string}\"},\"query-input\":{\"@type\":\"PropertyValueSpecification\",\"valueRequired\":true,\"valueName\":\"search_term_string\"}}],\"inLanguage\":\"de\"}]}<\/script>\n<!-- \/ Yoast SEO plugin. -->","yoast_head_json":{"title":"Zweiwellenschredder ZRM - Neue Herbold GmbH","description":"Zweiwellenschredder der Baureihe ZRM werden vorzugsweise zur Vorzerkleinerung gro\u00dfer Materialmengen oder unhandlicher Teile eingesetzt.","robots":{"index":"index","follow":"follow","max-snippet":"max-snippet:-1","max-image-preview":"max-image-preview:large","max-video-preview":"max-video-preview:-1"},"canonical":"https:\/\/neue-herbold.com\/de\/zweiwellenschredder-zrm\/","og_locale":"de_DE","og_type":"article","og_title":"Zweiwellenschredder ZRM - Neue Herbold GmbH","og_description":"Zweiwellenschredder der Baureihe ZRM werden vorzugsweise zur Vorzerkleinerung gro\u00dfer Materialmengen oder unhandlicher Teile eingesetzt.","og_url":"https:\/\/neue-herbold.com\/de\/zweiwellenschredder-zrm\/","og_site_name":"Neue Herbold GmbH","article_modified_time":"2017-05-18T19:58:01+00:00","og_image":[{"url":"https:\/\/neue-herbold.com\/wp-content\/uploads\/2014\/12\/RM1100-2_3-300x224.jpg","type":"","width":"","height":""}],"twitter_misc":{"Gesch\u00e4tzte Lesezeit":"1\u00a0Minute"},"schema":{"@context":"https:\/\/schema.org","@graph":[{"@type":"WebPage","@id":"https:\/\/neue-herbold.com\/de\/zweiwellenschredder-zrm\/","url":"https:\/\/neue-herbold.com\/de\/zweiwellenschredder-zrm\/","name":"Zweiwellenschredder ZRM - Neue Herbold GmbH","isPartOf":{"@id":"https:\/\/neue-herbold.com\/en\/#website"},"primaryImageOfPage":{"@id":"https:\/\/neue-herbold.com\/de\/zweiwellenschredder-zrm\/#primaryimage"},"image":{"@id":"https:\/\/neue-herbold.com\/de\/zweiwellenschredder-zrm\/#primaryimage"},"thumbnailUrl":"https:\/\/neue-herbold.com\/wp-content\/uploads\/2014\/12\/RM1100-2_3-300x224.jpg","datePublished":"2016-06-02T16:51:23+00:00","dateModified":"2017-05-18T19:58:01+00:00","description":"Zweiwellenschredder der Baureihe ZRM werden vorzugsweise zur Vorzerkleinerung gro\u00dfer Materialmengen oder unhandlicher Teile eingesetzt.","breadcrumb":{"@id":"https:\/\/neue-herbold.com\/de\/zweiwellenschredder-zrm\/#breadcrumb"},"inLanguage":"de","potentialAction":[{"@type":"ReadAction","target":["https:\/\/neue-herbold.com\/de\/zweiwellenschredder-zrm\/"]}]},{"@type":"ImageObject","inLanguage":"de","@id":"https:\/\/neue-herbold.com\/de\/zweiwellenschredder-zrm\/#primaryimage","url":"https:\/\/neue-herbold.com\/wp-content\/uploads\/2014\/12\/RM1100-2_3-300x224.jpg","contentUrl":"https:\/\/neue-herbold.com\/wp-content\/uploads\/2014\/12\/RM1100-2_3-300x224.jpg"},{"@type":"BreadcrumbList","@id":"https:\/\/neue-herbold.com\/de\/zweiwellenschredder-zrm\/#breadcrumb","itemListElement":[{"@type":"ListItem","position":1,"name":"Startseite","item":"https:\/\/neue-herbold.com\/de\/"},{"@type":"ListItem","position":2,"name":"Zweiwellenschredder ZRM"}]},{"@type":"WebSite","@id":"https:\/\/neue-herbold.com\/en\/#website","url":"https:\/\/neue-herbold.com\/en\/","name":"Neue Herbold GmbH","description":"","potentialAction":[{"@type":"SearchAction","target":{"@type":"EntryPoint","urlTemplate":"https:\/\/neue-herbold.com\/en\/?s={search_term_string}"},"query-input":{"@type":"PropertyValueSpecification","valueRequired":true,"valueName":"search_term_string"}}],"inLanguage":"de"}]}},"_links":{"self":[{"href":"https:\/\/neue-herbold.com\/de\/wp-json\/wp\/v2\/pages\/7726"}],"collection":[{"href":"https:\/\/neue-herbold.com\/de\/wp-json\/wp\/v2\/pages"}],"about":[{"href":"https:\/\/neue-herbold.com\/de\/wp-json\/wp\/v2\/types\/page"}],"author":[{"embeddable":true,"href":"https:\/\/neue-herbold.com\/de\/wp-json\/wp\/v2\/users\/1"}],"replies":[{"embeddable":true,"href":"https:\/\/neue-herbold.com\/de\/wp-json\/wp\/v2\/comments?post=7726"}],"version-history":[{"count":35,"href":"https:\/\/neue-herbold.com\/de\/wp-json\/wp\/v2\/pages\/7726\/revisions"}],"predecessor-version":[{"id":11024,"href":"https:\/\/neue-herbold.com\/de\/wp-json\/wp\/v2\/pages\/7726\/revisions\/11024"}],"wp:attachment":[{"href":"https:\/\/neue-herbold.com\/de\/wp-json\/wp\/v2\/media?parent=7726"}],"curies":[{"name":"wp","href":"https:\/\/api.w.org\/{rel}","templated":true}]}}