{"id":7706,"date":"2016-06-02T18:26:13","date_gmt":"2016-06-02T16:26:13","guid":{"rendered":"https:\/\/neue-herbold.com\/de\/?page_id=7706"},"modified":"2016-06-05T23:22:03","modified_gmt":"2016-06-05T21:22:03","slug":"einwellenschredder-hzr","status":"publish","type":"page","link":"https:\/\/neue-herbold.com\/de\/einwellenschredder-hzr\/","title":{"rendered":"Einwellenschredder HZR"},"content":{"rendered":"<h4><span style=\"color: #000000;\"><strong><a href=\"https:\/\/neue-herbold.com\/wp-content\/uploads\/2014\/12\/HZR-1300-1.jpg\" target=\"_blank\"><img loading=\"lazy\" decoding=\"async\" class=\"alignright wp-image-2902\" title=\"Einwellenschredder\" src=\"https:\/\/neue-herbold.com\/wp-content\/uploads\/2014\/12\/HZR-1300-1-1024x785.jpg\" alt=\"Einwellenschredder HZR 1300-1\" width=\"478\" height=\"366\" srcset=\"https:\/\/neue-herbold.com\/wp-content\/uploads\/2014\/12\/HZR-1300-1-1024x785.jpg 1024w, https:\/\/neue-herbold.com\/wp-content\/uploads\/2014\/12\/HZR-1300-1-300x230.jpg 300w, https:\/\/neue-herbold.com\/wp-content\/uploads\/2014\/12\/HZR-1300-1-100x76.jpg 100w, https:\/\/neue-herbold.com\/wp-content\/uploads\/2014\/12\/HZR-1300-1-150x115.jpg 150w, https:\/\/neue-herbold.com\/wp-content\/uploads\/2014\/12\/HZR-1300-1-200x153.jpg 200w, https:\/\/neue-herbold.com\/wp-content\/uploads\/2014\/12\/HZR-1300-1-450x345.jpg 450w, https:\/\/neue-herbold.com\/wp-content\/uploads\/2014\/12\/HZR-1300-1-600x460.jpg 600w, https:\/\/neue-herbold.com\/wp-content\/uploads\/2014\/12\/HZR-1300-1-900x690.jpg 900w, https:\/\/neue-herbold.com\/wp-content\/uploads\/2014\/12\/HZR-1300-1.jpg 1182w\" sizes=\"(max-width: 478px) 100vw, 478px\" \/><\/a><\/strong><\/span><span style=\"color: #000000;\">Technik der NEUE HERBOLD Einwellenschredder<\/span><em><span style=\"color: #000000;\"> <strong><br \/> <\/strong><\/span><\/em><\/h4>\n<p><span style=\"color: #000000;\">Eine langsam laufende Rotorwelle ist das entscheidende Merkmal der Baureihe HZR. Das Aufgabematerial wird hydraulisch mittels Schieber zum Schneidbereich des Rotors gef\u00f6rdert. Nach Erreichen der Endposition f\u00e4hrt der Schieber automatisch an die Ausgangsposition zur\u00fcck. <\/span><\/p>\n<p><span style=\"color: #000000;\">F\u00fcr eine starke Durchzugskraft sorgt ein kraftvoller Antrieb mit aufgesteckter Hydro-Kupplung.<\/span><\/p>\n<p><em><strong><span style=\"color: #000000;\">Einsatzgebiet der <\/span><\/strong><span style=\"color: #000000;\"><strong>NEUE HERBOLD Einwellenschredder <\/strong><\/span><\/em><\/p>\n<p><span style=\"color: #000000;\">Die Baureihe HZR wird vorzugsweise eingesetzt zur:<\/span><\/p>\n<ul>\n<li><span style=\"color: #000000;\">Vorzerkleinerung von Ballenwaren<\/span><\/li>\n<li><span style=\"color: #000000;\">Vorzerkleinerung von massiven Klumpen<\/span><\/li>\n<li><span style=\"color: #000000;\">Vorzerkleinerung \/ Zerkleinerung von Ersatzbrennstoffen<\/span><\/li>\n<li><span style=\"color: #000000;\">Vorzerkleinerung \/ Zerkleinerung von DSD-Abf\u00e4llen<\/span><\/li>\n<\/ul>\n<p><em><span style=\"color: #000000;\"><strong>Vorteile der <span style=\"color: #000000;\"><strong>NEUE HERBOLD Einwellenschredder<\/strong><\/span><br \/> <\/strong><\/span><\/em><\/p>\n<p>Die Vorteile der <span style=\"color: #000000;\">Baureihe HZR<\/span> liegen u.a. in:<\/p>\n<ul>\n<li><span style=\"color: #000000;\">der automatischen Reversierung des Rotors bei \u00dcberlastung<\/span><\/li>\n<li><span style=\"color: #000000;\">dem auswechselbaren Messerhalter<\/span><\/li>\n<li><span style=\"color: #000000;\">oder den auswechselbaren Schneidkronen (Schraub-\/Steckverbindung)<\/span><\/li>\n<\/ul>\n<p><strong>Technische \u00dcbersicht \/ Leistungsdaten<\/strong><em><strong><br \/> <\/strong><\/em><\/p>\n<table style=\"height: 123px;\" width=\"397\">\n<tbody>\n<tr>\n<td style=\"text-align: center;\"><span style=\"color: #000000;\"><strong><span style=\"font-family: Arial; font-size: small;\">Maschinentyp<\/span><\/strong><\/span><\/td>\n<td style=\"text-align: center;\"><span style=\"color: #000000;\"><strong><span style=\"font-family: Arial; font-size: small;\">Rotordurchmesser (mm)<\/span><\/strong><\/span><\/td>\n<td style=\"text-align: center;\"><span style=\"color: #000000;\"><strong><span style=\"font-family: Arial; font-size: small;\">Arbeitsbreite (mm)<\/span><\/strong><\/span><\/td>\n<td style=\"text-align: center;\"><a href=\"https:\/\/neue-herbold.com\/wp-content\/uploads\/2014\/12\/HZR-Einwellenschredder.pdf\" target=\"_blank\"><img loading=\"lazy\" decoding=\"async\" class=\"alignnone wp-image-5703\" title=\"Einwellenschredder Produktinformationen\" src=\"https:\/\/neue-herbold.com\/wp-content\/uploads\/2014\/12\/PDF-ICON.jpg\" alt=\"Einwellenschredder PDF Datenblatt\" width=\"51\" height=\"49\" \/><\/a><\/td>\n<\/tr>\n<tr>\n<td style=\"text-align: left;\"><span style=\"font-family: Arial; font-size: small; color: #000000;\">Typ HZR 800<\/span><\/td>\n<td style=\"text-align: center;\"><span style=\"color: #000000;\">400<\/span><\/td>\n<td style=\"text-align: center;\"><span style=\"color: #000000;\">800<\/span><\/td>\n<td style=\"text-align: center;\" rowspan=\"3\">\u00a0<\/td>\n<\/tr>\n<tr>\n<td style=\"text-align: left;\"><span style=\"font-family: Arial; font-size: small; color: #000000;\">Typ HZR 1300<\/span><\/td>\n<td style=\"text-align: center;\"><span style=\"color: #000000;\">400<\/span><\/td>\n<td style=\"text-align: center;\"><span style=\"color: #000000;\">1300<\/span><\/td>\n<\/tr>\n<tr>\n<td style=\"text-align: left;\"><span style=\"font-family: Arial; font-size: small; color: #000000;\">Typ HZR 1600<\/span><\/td>\n<td style=\"text-align: center;\"><span style=\"color: #000000;\">600<\/span><\/td>\n<td style=\"text-align: center;\"><span style=\"color: #000000;\">1600<\/span><\/td>\n<\/tr>\n<\/tbody>\n<\/table>\n","protected":false},"excerpt":{"rendered":"<p><span style=\"color: #000000;\"><strong><a href=\"https:\/\/neue-herbold.com\/wp-content\/uploads\/2014\/12\/HZR-1300-1.jpg\" target=\"_blank\"><img loading=\"lazy\" decoding=\"async\" class=\"alignright wp-image-2902\" title=\"Einwellenschredder\" src=\"https:\/\/neue-herbold.com\/wp-content\/uploads\/2014\/12\/HZR-1300-1-1024x785.jpg\" alt=\"Einwellenschredder HZR 1300-1\" width=\"478\" height=\"366\" srcset=\"https:\/\/neue-herbold.com\/wp-content\/uploads\/2014\/12\/HZR-1300-1-1024x785.jpg 1024w, https:\/\/neue-herbold.com\/wp-content\/uploads\/2014\/12\/HZR-1300-1-300x230.jpg 300w, https:\/\/neue-herbold.com\/wp-content\/uploads\/2014\/12\/HZR-1300-1-100x76.jpg 100w, https:\/\/neue-herbold.com\/wp-content\/uploads\/2014\/12\/HZR-1300-1-150x115.jpg 150w, https:\/\/neue-herbold.com\/wp-content\/uploads\/2014\/12\/HZR-1300-1-200x153.jpg 200w, https:\/\/neue-herbold.com\/wp-content\/uploads\/2014\/12\/HZR-1300-1-450x345.jpg 450w, https:\/\/neue-herbold.com\/wp-content\/uploads\/2014\/12\/HZR-1300-1-600x460.jpg 600w, https:\/\/neue-herbold.com\/wp-content\/uploads\/2014\/12\/HZR-1300-1-900x690.jpg 900w, https:\/\/neue-herbold.com\/wp-content\/uploads\/2014\/12\/HZR-1300-1.jpg 1182w\" sizes=\"(max-width: 478px) 100vw, 478px\" \/><\/a><\/strong><\/span><span style=\"color: #000000;\">Technik der NEUE HERBOLD Einwellenschredder<\/span><em><span style=\"color: #000000;\"> <strong><br \/> <\/strong><\/span><\/em><\/p>\n<p><span style=\"color: #000000;\">Eine langsam laufende Rotorwelle ist das entscheidende Merkmal der Baureihe HZR. Das Aufgabematerial wird hydraulisch mittels Schieber zum Schneidbereich des Rotors gef\u00f6rdert.<\/span><\/p>\n<p><span class=\"ellipsis\">&hellip;<\/span><\/p>\n<div class=\"read-more\"><a href=\"https:\/\/neue-herbold.com\/de\/einwellenschredder-hzr\/\">Weiterlesen \u203a<\/a><\/div>\n<p><!-- end of .read-more --><\/p>\n","protected":false},"author":1,"featured_media":0,"parent":0,"menu_order":0,"comment_status":"closed","ping_status":"closed","template":"","meta":{"footnotes":""},"class_list":["post-7706","page","type-page","status-publish","hentry"],"yoast_head":"<!-- This site is optimized with the Yoast SEO plugin v25.4 - https:\/\/yoast.com\/wordpress\/plugins\/seo\/ -->\n<title>Einwellenschredder HZR - Neue Herbold GmbH<\/title>\n<meta name=\"description\" content=\"Technik, Einsatzgebiet und Vorteile der Einwellenschredder. Technsche Angaben und Produktinformationen zu den NEUE HERBOLD Einwellenschreddern\" \/>\n<meta name=\"robots\" content=\"index, follow, max-snippet:-1, max-image-preview:large, max-video-preview:-1\" \/>\n<link rel=\"canonical\" href=\"https:\/\/neue-herbold.com\/de\/einwellenschredder-hzr\/\" \/>\n<meta property=\"og:locale\" content=\"de_DE\" \/>\n<meta property=\"og:type\" content=\"article\" \/>\n<meta property=\"og:title\" content=\"Einwellenschredder HZR - Neue Herbold GmbH\" \/>\n<meta property=\"og:description\" content=\"Technik, Einsatzgebiet und Vorteile der Einwellenschredder. Technsche Angaben und Produktinformationen zu den NEUE HERBOLD Einwellenschreddern\" \/>\n<meta property=\"og:url\" content=\"https:\/\/neue-herbold.com\/de\/einwellenschredder-hzr\/\" \/>\n<meta property=\"og:site_name\" content=\"Neue Herbold GmbH\" \/>\n<meta property=\"article:modified_time\" content=\"2016-06-05T21:22:03+00:00\" \/>\n<meta property=\"og:image\" content=\"https:\/\/neue-herbold.com\/wp-content\/uploads\/2014\/12\/HZR-1300-1-1024x785.jpg\" \/>\n<meta name=\"twitter:label1\" content=\"Gesch\u00e4tzte Lesezeit\" \/>\n\t<meta name=\"twitter:data1\" content=\"1\u00a0Minute\" \/>\n<script type=\"application\/ld+json\" class=\"yoast-schema-graph\">{\"@context\":\"https:\/\/schema.org\",\"@graph\":[{\"@type\":\"WebPage\",\"@id\":\"https:\/\/neue-herbold.com\/de\/einwellenschredder-hzr\/\",\"url\":\"https:\/\/neue-herbold.com\/de\/einwellenschredder-hzr\/\",\"name\":\"Einwellenschredder HZR - Neue Herbold GmbH\",\"isPartOf\":{\"@id\":\"https:\/\/neue-herbold.com\/en\/#website\"},\"primaryImageOfPage\":{\"@id\":\"https:\/\/neue-herbold.com\/de\/einwellenschredder-hzr\/#primaryimage\"},\"image\":{\"@id\":\"https:\/\/neue-herbold.com\/de\/einwellenschredder-hzr\/#primaryimage\"},\"thumbnailUrl\":\"https:\/\/neue-herbold.com\/wp-content\/uploads\/2014\/12\/HZR-1300-1-1024x785.jpg\",\"datePublished\":\"2016-06-02T16:26:13+00:00\",\"dateModified\":\"2016-06-05T21:22:03+00:00\",\"description\":\"Technik, Einsatzgebiet und Vorteile der Einwellenschredder. Technsche Angaben und Produktinformationen zu den NEUE HERBOLD Einwellenschreddern\",\"breadcrumb\":{\"@id\":\"https:\/\/neue-herbold.com\/de\/einwellenschredder-hzr\/#breadcrumb\"},\"inLanguage\":\"de\",\"potentialAction\":[{\"@type\":\"ReadAction\",\"target\":[\"https:\/\/neue-herbold.com\/de\/einwellenschredder-hzr\/\"]}]},{\"@type\":\"ImageObject\",\"inLanguage\":\"de\",\"@id\":\"https:\/\/neue-herbold.com\/de\/einwellenschredder-hzr\/#primaryimage\",\"url\":\"https:\/\/neue-herbold.com\/wp-content\/uploads\/2014\/12\/HZR-1300-1-1024x785.jpg\",\"contentUrl\":\"https:\/\/neue-herbold.com\/wp-content\/uploads\/2014\/12\/HZR-1300-1-1024x785.jpg\"},{\"@type\":\"BreadcrumbList\",\"@id\":\"https:\/\/neue-herbold.com\/de\/einwellenschredder-hzr\/#breadcrumb\",\"itemListElement\":[{\"@type\":\"ListItem\",\"position\":1,\"name\":\"Startseite\",\"item\":\"https:\/\/neue-herbold.com\/de\/\"},{\"@type\":\"ListItem\",\"position\":2,\"name\":\"Einwellenschredder HZR\"}]},{\"@type\":\"WebSite\",\"@id\":\"https:\/\/neue-herbold.com\/en\/#website\",\"url\":\"https:\/\/neue-herbold.com\/en\/\",\"name\":\"Neue Herbold GmbH\",\"description\":\"\",\"potentialAction\":[{\"@type\":\"SearchAction\",\"target\":{\"@type\":\"EntryPoint\",\"urlTemplate\":\"https:\/\/neue-herbold.com\/en\/?s={search_term_string}\"},\"query-input\":{\"@type\":\"PropertyValueSpecification\",\"valueRequired\":true,\"valueName\":\"search_term_string\"}}],\"inLanguage\":\"de\"}]}<\/script>\n<!-- \/ Yoast SEO plugin. -->","yoast_head_json":{"title":"Einwellenschredder HZR - Neue Herbold GmbH","description":"Technik, Einsatzgebiet und Vorteile der Einwellenschredder. Technsche Angaben und Produktinformationen zu den NEUE HERBOLD Einwellenschreddern","robots":{"index":"index","follow":"follow","max-snippet":"max-snippet:-1","max-image-preview":"max-image-preview:large","max-video-preview":"max-video-preview:-1"},"canonical":"https:\/\/neue-herbold.com\/de\/einwellenschredder-hzr\/","og_locale":"de_DE","og_type":"article","og_title":"Einwellenschredder HZR - Neue Herbold GmbH","og_description":"Technik, Einsatzgebiet und Vorteile der Einwellenschredder. Technsche Angaben und Produktinformationen zu den NEUE HERBOLD Einwellenschreddern","og_url":"https:\/\/neue-herbold.com\/de\/einwellenschredder-hzr\/","og_site_name":"Neue Herbold GmbH","article_modified_time":"2016-06-05T21:22:03+00:00","og_image":[{"url":"https:\/\/neue-herbold.com\/wp-content\/uploads\/2014\/12\/HZR-1300-1-1024x785.jpg","type":"","width":"","height":""}],"twitter_misc":{"Gesch\u00e4tzte Lesezeit":"1\u00a0Minute"},"schema":{"@context":"https:\/\/schema.org","@graph":[{"@type":"WebPage","@id":"https:\/\/neue-herbold.com\/de\/einwellenschredder-hzr\/","url":"https:\/\/neue-herbold.com\/de\/einwellenschredder-hzr\/","name":"Einwellenschredder HZR - Neue Herbold GmbH","isPartOf":{"@id":"https:\/\/neue-herbold.com\/en\/#website"},"primaryImageOfPage":{"@id":"https:\/\/neue-herbold.com\/de\/einwellenschredder-hzr\/#primaryimage"},"image":{"@id":"https:\/\/neue-herbold.com\/de\/einwellenschredder-hzr\/#primaryimage"},"thumbnailUrl":"https:\/\/neue-herbold.com\/wp-content\/uploads\/2014\/12\/HZR-1300-1-1024x785.jpg","datePublished":"2016-06-02T16:26:13+00:00","dateModified":"2016-06-05T21:22:03+00:00","description":"Technik, Einsatzgebiet und Vorteile der Einwellenschredder. Technsche Angaben und Produktinformationen zu den NEUE HERBOLD Einwellenschreddern","breadcrumb":{"@id":"https:\/\/neue-herbold.com\/de\/einwellenschredder-hzr\/#breadcrumb"},"inLanguage":"de","potentialAction":[{"@type":"ReadAction","target":["https:\/\/neue-herbold.com\/de\/einwellenschredder-hzr\/"]}]},{"@type":"ImageObject","inLanguage":"de","@id":"https:\/\/neue-herbold.com\/de\/einwellenschredder-hzr\/#primaryimage","url":"https:\/\/neue-herbold.com\/wp-content\/uploads\/2014\/12\/HZR-1300-1-1024x785.jpg","contentUrl":"https:\/\/neue-herbold.com\/wp-content\/uploads\/2014\/12\/HZR-1300-1-1024x785.jpg"},{"@type":"BreadcrumbList","@id":"https:\/\/neue-herbold.com\/de\/einwellenschredder-hzr\/#breadcrumb","itemListElement":[{"@type":"ListItem","position":1,"name":"Startseite","item":"https:\/\/neue-herbold.com\/de\/"},{"@type":"ListItem","position":2,"name":"Einwellenschredder HZR"}]},{"@type":"WebSite","@id":"https:\/\/neue-herbold.com\/en\/#website","url":"https:\/\/neue-herbold.com\/en\/","name":"Neue Herbold GmbH","description":"","potentialAction":[{"@type":"SearchAction","target":{"@type":"EntryPoint","urlTemplate":"https:\/\/neue-herbold.com\/en\/?s={search_term_string}"},"query-input":{"@type":"PropertyValueSpecification","valueRequired":true,"valueName":"search_term_string"}}],"inLanguage":"de"}]}},"_links":{"self":[{"href":"https:\/\/neue-herbold.com\/de\/wp-json\/wp\/v2\/pages\/7706"}],"collection":[{"href":"https:\/\/neue-herbold.com\/de\/wp-json\/wp\/v2\/pages"}],"about":[{"href":"https:\/\/neue-herbold.com\/de\/wp-json\/wp\/v2\/types\/page"}],"author":[{"embeddable":true,"href":"https:\/\/neue-herbold.com\/de\/wp-json\/wp\/v2\/users\/1"}],"replies":[{"embeddable":true,"href":"https:\/\/neue-herbold.com\/de\/wp-json\/wp\/v2\/comments?post=7706"}],"version-history":[{"count":20,"href":"https:\/\/neue-herbold.com\/de\/wp-json\/wp\/v2\/pages\/7706\/revisions"}],"predecessor-version":[{"id":7708,"href":"https:\/\/neue-herbold.com\/de\/wp-json\/wp\/v2\/pages\/7706\/revisions\/7708"}],"wp:attachment":[{"href":"https:\/\/neue-herbold.com\/de\/wp-json\/wp\/v2\/media?parent=7706"}],"curies":[{"name":"wp","href":"https:\/\/api.w.org\/{rel}","templated":true}]}}