{"id":16252,"date":"2024-03-06T00:04:21","date_gmt":"2024-03-05T23:04:21","guid":{"rendered":"https:\/\/neue-herbold.com\/?page_id=16252"},"modified":"2025-01-29T14:40:40","modified_gmt":"2025-01-29T13:40:40","slug":"ausbildung-bei-neue-herbold","status":"publish","type":"page","link":"https:\/\/neue-herbold.com\/de\/ausbildung-bei-neue-herbold\/","title":{"rendered":"Ausbildung bei Neue Herbold"},"content":{"rendered":"<h1><strong><img loading=\"lazy\" decoding=\"async\" class=\"wp-image-16450  alignleft\" src=\"https:\/\/neue-herbold.com\/wp-content\/uploads\/2024\/12\/Var-1-II-215x300.jpg\" alt=\"\" width=\"297\" height=\"414\" srcset=\"https:\/\/neue-herbold.com\/wp-content\/uploads\/2024\/12\/Var-1-II-215x300.jpg 215w, https:\/\/neue-herbold.com\/wp-content\/uploads\/2024\/12\/Var-1-II-100x140.jpg 100w, https:\/\/neue-herbold.com\/wp-content\/uploads\/2024\/12\/Var-1-II-150x209.jpg 150w, https:\/\/neue-herbold.com\/wp-content\/uploads\/2024\/12\/Var-1-II-200x279.jpg 200w, https:\/\/neue-herbold.com\/wp-content\/uploads\/2024\/12\/Var-1-II-300x419.jpg 300w, https:\/\/neue-herbold.com\/wp-content\/uploads\/2024\/12\/Var-1-II-450x628.jpg 450w, https:\/\/neue-herbold.com\/wp-content\/uploads\/2024\/12\/Var-1-II.jpg 475w\" sizes=\"(max-width: 297px) 100vw, 297px\" \/><\/strong><\/h1>\n<p><strong>Wir sind als offizieller Ausbildungsbetrieb von der IHK anerkannt. Das bedeutet, dass wir qualifizierte Ausbildungsprogramme anbieten, um Nachwuchstalente in verschiedenen Berufsfeldern auszubilden und zu f\u00f6rdern.<\/strong><\/p>\n<p><strong>Zertifizierte Schulungsprogramme:<\/strong> Unsere Schulungs- und Weiterbildungsprogramme sind von der IHK gepr\u00fcft und zertifiziert. Dies gew\u00e4hrleistet, dass unsere Schulungen den h\u00f6chsten Standards entsprechen und auf dem neuesten Stand der Industrie sind.<\/p>\n<p><strong>Mitgliedschaft in IHK-Verb\u00e4nden:<\/strong> Die Neue Herbold ist Mitglied in relevanten IHK-Verb\u00e4nden, die branchenspezifisches Fachwissen und Netzwerke bieten.<\/p>\n<div class=\"flex flex-grow flex-col max-w-full\">\n<div class=\"min-h-[20px] text-message flex flex-col items-start gap-3 whitespace-pre-wrap break-words [.text-message+&amp;]:mt-5 overflow-x-auto\" data-message-author-role=\"assistant\" data-message-id=\"b2484ff6-3e77-405c-9e2f-d509f4233767\">\n<div class=\"markdown prose w-full break-words dark:prose-invert light\">\n<p>Entdecke die spannenden Ausbildungsm\u00f6glichkeiten bei Neue Herbold und werde zu einem unverzichtbaren Teil unseres Talentepools.<\/p>\n<\/div>\n<\/div>\n<\/div>\n<div class=\"flex flex-grow flex-col max-w-full\">\n<div class=\"min-h-[20px] text-message flex flex-col items-start gap-3 whitespace-pre-wrap break-words [.text-message+&amp;]:mt-5 overflow-x-auto\" data-message-author-role=\"assistant\" data-message-id=\"357e32e9-dd7f-4424-a205-9ee85a047834\">\n<div class=\"markdown prose w-full break-words dark:prose-invert light\">\n<p><strong>Suchst du nach deinen ersten Berufserfahrungen? <br \/>\nDann werde werde AZUBI bei uns!<\/strong><\/p>\n<p>Hier kannst du nicht nur wachsen, sondern dich auch als einzigartige Pers\u00f6nlichkeit weiterentwickeln und gleichzeitig die Grundlage f\u00fcr eine erfolgreiche Karriere legen.<\/p>\n<p>Du wirst eng mit erfahrenen Kolleg:innen zusammenarbeiten und aktiv an spannenden Aufgaben teilnehmen. In unserer unterst\u00fctzenden Arbeitsumgebung kannst du nicht nur wertvolle Erfahrungen sammeln, sondern auch dein Netzwerk mit anderen Talenten ausbauen.<\/p>\n<hr \/>\n<\/div>\n<\/div>\n<\/div>\n<div class=\"flex flex-grow flex-col max-w-full\">\n<div class=\"min-h-[20px] text-message flex flex-col items-start gap-3 whitespace-pre-wrap break-words [.text-message+&amp;]:mt-5 overflow-x-auto\" data-message-author-role=\"assistant\" data-message-id=\"b2484ff6-3e77-405c-9e2f-d509f4233767\">\n<div class=\"markdown prose w-full break-words dark:prose-invert light\">\n<p style=\"text-align: right;\"><img loading=\"lazy\" decoding=\"async\" class=\"alignright wp-image-16219 \" src=\"https:\/\/neue-herbold.com\/wp-content\/uploads\/2024\/03\/Ausbildung-bei-neue-herbold-Sinsheim-4915787_1280-1024x682.jpg\" alt=\"\" width=\"279\" height=\"186\" srcset=\"https:\/\/neue-herbold.com\/wp-content\/uploads\/2024\/03\/Ausbildung-bei-neue-herbold-Sinsheim-4915787_1280-1024x682.jpg 1024w, https:\/\/neue-herbold.com\/wp-content\/uploads\/2024\/03\/Ausbildung-bei-neue-herbold-Sinsheim-4915787_1280-300x200.jpg 300w, https:\/\/neue-herbold.com\/wp-content\/uploads\/2024\/03\/Ausbildung-bei-neue-herbold-Sinsheim-4915787_1280-768x512.jpg 768w, https:\/\/neue-herbold.com\/wp-content\/uploads\/2024\/03\/Ausbildung-bei-neue-herbold-Sinsheim-4915787_1280-100x67.jpg 100w, https:\/\/neue-herbold.com\/wp-content\/uploads\/2024\/03\/Ausbildung-bei-neue-herbold-Sinsheim-4915787_1280-150x100.jpg 150w, https:\/\/neue-herbold.com\/wp-content\/uploads\/2024\/03\/Ausbildung-bei-neue-herbold-Sinsheim-4915787_1280-200x133.jpg 200w, https:\/\/neue-herbold.com\/wp-content\/uploads\/2024\/03\/Ausbildung-bei-neue-herbold-Sinsheim-4915787_1280-450x300.jpg 450w, https:\/\/neue-herbold.com\/wp-content\/uploads\/2024\/03\/Ausbildung-bei-neue-herbold-Sinsheim-4915787_1280-600x400.jpg 600w, https:\/\/neue-herbold.com\/wp-content\/uploads\/2024\/03\/Ausbildung-bei-neue-herbold-Sinsheim-4915787_1280-900x600.jpg 900w, https:\/\/neue-herbold.com\/wp-content\/uploads\/2024\/03\/Ausbildung-bei-neue-herbold-Sinsheim-4915787_1280.jpg 1280w\" sizes=\"(max-width: 279px) 100vw, 279px\" \/><strong>Wir sind darauf spezialisiert, aufstrebende junge Talente auf ihrer beruflichen Reise zu begleiten und ihnen eine B\u00fchne zu bieten, um ihre einzigartigen F\u00e4higkeiten voll zu entfalten. Als Auszubildender bei Neue Herbold erwarten dich nicht nur praxisnahe Lernerfahrungen, sondern auch die Chance, deine Kreativit\u00e4t zu entfesseln und innovative L\u00f6sungen zu entwickeln.\u00a0<\/strong><\/p>\n<p style=\"text-align: right;\">Dabei kannst du sicher sein, dass unsere Ausbildung den hohen Standards der Industrie- und Handelskammer (IHK) entspricht, um dir die bestm\u00f6gliche Qualifikation f\u00fcr deine zuk\u00fcnftige Karriere zu bieten. Wir k\u00f6nnen es kaum erwarten, dich kennenzulernen und gemeinsam mit dir neue Horizonte zu erkunden!<\/p>\n<\/div>\n<hr \/>\n<h3>Du suchst einen interessanten Ausbildungsplatz im kaufm\u00e4nnischen oder technischen Bereich? &#8211; <strong>Dann werde unser AZUBI f\u00fcr 2025 und absolviere eine Ausbildung zum:<\/strong><\/h3>\n<hr \/>\n<h1><a href=\"https:\/\/neue-herbold.com\/de\/industriekaufmann-m-w-d\/\">Industriekaufmann m\/w\/d<\/a><\/h1>\n<h1 class=\"entry-title post-title\"><a href=\"https:\/\/neue-herbold.com\/de\/konstruktionsmechaniker-m-w-d\/\">Konstruktionsmechaniker m\/w\/d<\/a><\/h1>\n<h1><a href=\"https:\/\/neue-herbold.com\/de\/zerspanungsmechaniker-m-w-d\/\">Zerspanungsmechaniker m\/w\/d<\/a><\/h1>\n<h1><a href=\"https:\/\/neue-herbold.com\/de\/betriebselektriker-m-w-d\/\">Betriebselektriker m\/w\/d<\/a><\/h1>\n<p>&nbsp;<\/p>\n<hr \/>\n<p><strong>Das Arbeitsklima ist angenehm, f<\/strong><strong>\u00fcr deine aussagekr\u00e4ftige Bewerbung nutze einfach unser <br \/>\n<\/strong><\/p>\n<p>&nbsp;<\/p>\n<a href=\"https:\/\/neue-herbold.com\/de\/bewerbung-als-azubi\/\" class=\"su-button su-button-style-glass\" style=\"color:#FFFFFF;background-color:#001159;border-color:#000e48;border-radius:5px\" target=\"_self\"><span style=\"color:#FFFFFF;padding:0px 16px;font-size:13px;line-height:26px;border-color:#4d598b;border-radius:5px;text-shadow:none\"> Bewerbungsformular&#8230;<\/span><\/a>\n<p>&nbsp;<\/p>\n<p><strong> oder sende deine Unterlagen an:<\/strong><\/p>\n<p>NEUE HERBOLD Maschinen u. Anlagenbau GmbH<br \/>\nWiesenstra\u00dfe 44 \u2022 74889 Sinsheim-Reihen<\/p>\n<p><strong>Dein Ansprechpartner:<\/strong> <br \/>\nHerr Peter Abraham<br \/>\n<a href=\"mailto:bewerbung@neue-herbold.de\">bewerbung@neue-herbold.de<\/a><br \/>\nTelefon: 07261\/9248-0<\/p>\n<\/div>\n<\/div>\n","protected":false},"excerpt":{"rendered":"<p><strong><img loading=\"lazy\" decoding=\"async\" class=\"wp-image-16450  alignleft\" src=\"https:\/\/neue-herbold.com\/wp-content\/uploads\/2024\/12\/Var-1-II-215x300.jpg\" alt=\"\" width=\"297\" height=\"414\" srcset=\"https:\/\/neue-herbold.com\/wp-content\/uploads\/2024\/12\/Var-1-II-215x300.jpg 215w, https:\/\/neue-herbold.com\/wp-content\/uploads\/2024\/12\/Var-1-II-100x140.jpg 100w, https:\/\/neue-herbold.com\/wp-content\/uploads\/2024\/12\/Var-1-II-150x209.jpg 150w, https:\/\/neue-herbold.com\/wp-content\/uploads\/2024\/12\/Var-1-II-200x279.jpg 200w, https:\/\/neue-herbold.com\/wp-content\/uploads\/2024\/12\/Var-1-II-300x419.jpg 300w, https:\/\/neue-herbold.com\/wp-content\/uploads\/2024\/12\/Var-1-II-450x628.jpg 450w, https:\/\/neue-herbold.com\/wp-content\/uploads\/2024\/12\/Var-1-II.jpg 475w\" sizes=\"(max-width: 297px) 100vw, 297px\" \/><\/strong><\/p>\n<p><strong>Wir sind als offizieller Ausbildungsbetrieb von der IHK anerkannt. Das bedeutet, dass wir qualifizierte Ausbildungsprogramme anbieten, um Nachwuchstalente in verschiedenen Berufsfeldern auszubilden und zu f\u00f6rdern.<\/strong><\/p>\n<p><strong>Zertifizierte Schulungsprogramme:<\/strong> Unsere Schulungs- und Weiterbildungsprogramme sind von der IHK gepr\u00fcft und zertifiziert.<\/p>\n<p><span class=\"ellipsis\">&hellip;<\/span><\/p>\n<div class=\"read-more\"><a href=\"https:\/\/neue-herbold.com\/de\/ausbildung-bei-neue-herbold\/\">Weiterlesen \u203a<\/a><\/div>\n<p><!-- end of .read-more --><\/p>\n","protected":false},"author":1,"featured_media":0,"parent":0,"menu_order":0,"comment_status":"closed","ping_status":"closed","template":"","meta":{"footnotes":""},"class_list":["post-16252","page","type-page","status-publish","hentry"],"yoast_head":"<!-- This site is optimized with the Yoast SEO plugin v25.4 - https:\/\/yoast.com\/wordpress\/plugins\/seo\/ -->\n<title>Ausbildung bei Neue Herbold - Neue Herbold GmbH<\/title>\n<meta name=\"description\" content=\"Suchst du nach deinen ersten Berufserfahrungen? Dann werde werde AZUBI bei uns! Hier kannst du nicht nur wachsen, sondern dich auch als ein\" \/>\n<meta name=\"robots\" content=\"index, follow, max-snippet:-1, max-image-preview:large, max-video-preview:-1\" \/>\n<link rel=\"canonical\" href=\"https:\/\/neue-herbold.com\/de\/ausbildung-bei-neue-herbold\/\" \/>\n<meta property=\"og:locale\" content=\"de_DE\" \/>\n<meta property=\"og:type\" content=\"article\" \/>\n<meta property=\"og:title\" content=\"Ausbildung bei Neue Herbold - Neue Herbold GmbH\" \/>\n<meta property=\"og:description\" content=\"Suchst du nach deinen ersten Berufserfahrungen? Dann werde werde AZUBI bei uns! Hier kannst du nicht nur wachsen, sondern dich auch als ein\" \/>\n<meta property=\"og:url\" content=\"https:\/\/neue-herbold.com\/de\/ausbildung-bei-neue-herbold\/\" \/>\n<meta property=\"og:site_name\" content=\"Neue Herbold GmbH\" \/>\n<meta property=\"article:modified_time\" content=\"2025-01-29T13:40:40+00:00\" \/>\n<meta property=\"og:image\" content=\"https:\/\/neue-herbold.com\/wp-content\/uploads\/2024\/12\/Var-1-II.jpg\" \/>\n\t<meta property=\"og:image:width\" content=\"475\" \/>\n\t<meta property=\"og:image:height\" content=\"663\" \/>\n\t<meta property=\"og:image:type\" content=\"image\/jpeg\" \/>\n<meta name=\"twitter:label1\" content=\"Gesch\u00e4tzte Lesezeit\" \/>\n\t<meta name=\"twitter:data1\" content=\"3\u00a0Minuten\" \/>\n<script type=\"application\/ld+json\" class=\"yoast-schema-graph\">{\"@context\":\"https:\/\/schema.org\",\"@graph\":[{\"@type\":\"WebPage\",\"@id\":\"https:\/\/neue-herbold.com\/de\/ausbildung-bei-neue-herbold\/\",\"url\":\"https:\/\/neue-herbold.com\/de\/ausbildung-bei-neue-herbold\/\",\"name\":\"Ausbildung bei Neue Herbold - Neue Herbold GmbH\",\"isPartOf\":{\"@id\":\"https:\/\/neue-herbold.com\/en\/#website\"},\"primaryImageOfPage\":{\"@id\":\"https:\/\/neue-herbold.com\/de\/ausbildung-bei-neue-herbold\/#primaryimage\"},\"image\":{\"@id\":\"https:\/\/neue-herbold.com\/de\/ausbildung-bei-neue-herbold\/#primaryimage\"},\"thumbnailUrl\":\"https:\/\/neue-herbold.com\/wp-content\/uploads\/2024\/12\/Var-1-II-215x300.jpg\",\"datePublished\":\"2024-03-05T23:04:21+00:00\",\"dateModified\":\"2025-01-29T13:40:40+00:00\",\"description\":\"Suchst du nach deinen ersten Berufserfahrungen? Dann werde werde AZUBI bei uns! Hier kannst du nicht nur wachsen, sondern dich auch als ein\",\"breadcrumb\":{\"@id\":\"https:\/\/neue-herbold.com\/de\/ausbildung-bei-neue-herbold\/#breadcrumb\"},\"inLanguage\":\"de\",\"potentialAction\":[{\"@type\":\"ReadAction\",\"target\":[\"https:\/\/neue-herbold.com\/de\/ausbildung-bei-neue-herbold\/\"]}]},{\"@type\":\"ImageObject\",\"inLanguage\":\"de\",\"@id\":\"https:\/\/neue-herbold.com\/de\/ausbildung-bei-neue-herbold\/#primaryimage\",\"url\":\"https:\/\/neue-herbold.com\/wp-content\/uploads\/2024\/12\/Var-1-II-215x300.jpg\",\"contentUrl\":\"https:\/\/neue-herbold.com\/wp-content\/uploads\/2024\/12\/Var-1-II-215x300.jpg\"},{\"@type\":\"BreadcrumbList\",\"@id\":\"https:\/\/neue-herbold.com\/de\/ausbildung-bei-neue-herbold\/#breadcrumb\",\"itemListElement\":[{\"@type\":\"ListItem\",\"position\":1,\"name\":\"Startseite\",\"item\":\"https:\/\/neue-herbold.com\/de\/\"},{\"@type\":\"ListItem\",\"position\":2,\"name\":\"Ausbildung bei Neue Herbold\"}]},{\"@type\":\"WebSite\",\"@id\":\"https:\/\/neue-herbold.com\/en\/#website\",\"url\":\"https:\/\/neue-herbold.com\/en\/\",\"name\":\"Neue Herbold GmbH\",\"description\":\"\",\"potentialAction\":[{\"@type\":\"SearchAction\",\"target\":{\"@type\":\"EntryPoint\",\"urlTemplate\":\"https:\/\/neue-herbold.com\/en\/?s={search_term_string}\"},\"query-input\":{\"@type\":\"PropertyValueSpecification\",\"valueRequired\":true,\"valueName\":\"search_term_string\"}}],\"inLanguage\":\"de\"}]}<\/script>\n<!-- \/ Yoast SEO plugin. -->","yoast_head_json":{"title":"Ausbildung bei Neue Herbold - Neue Herbold GmbH","description":"Suchst du nach deinen ersten Berufserfahrungen? Dann werde werde AZUBI bei uns! Hier kannst du nicht nur wachsen, sondern dich auch als ein","robots":{"index":"index","follow":"follow","max-snippet":"max-snippet:-1","max-image-preview":"max-image-preview:large","max-video-preview":"max-video-preview:-1"},"canonical":"https:\/\/neue-herbold.com\/de\/ausbildung-bei-neue-herbold\/","og_locale":"de_DE","og_type":"article","og_title":"Ausbildung bei Neue Herbold - Neue Herbold GmbH","og_description":"Suchst du nach deinen ersten Berufserfahrungen? Dann werde werde AZUBI bei uns! Hier kannst du nicht nur wachsen, sondern dich auch als ein","og_url":"https:\/\/neue-herbold.com\/de\/ausbildung-bei-neue-herbold\/","og_site_name":"Neue Herbold GmbH","article_modified_time":"2025-01-29T13:40:40+00:00","og_image":[{"width":475,"height":663,"url":"https:\/\/neue-herbold.com\/wp-content\/uploads\/2024\/12\/Var-1-II.jpg","type":"image\/jpeg"}],"twitter_misc":{"Gesch\u00e4tzte Lesezeit":"3\u00a0Minuten"},"schema":{"@context":"https:\/\/schema.org","@graph":[{"@type":"WebPage","@id":"https:\/\/neue-herbold.com\/de\/ausbildung-bei-neue-herbold\/","url":"https:\/\/neue-herbold.com\/de\/ausbildung-bei-neue-herbold\/","name":"Ausbildung bei Neue Herbold - Neue Herbold GmbH","isPartOf":{"@id":"https:\/\/neue-herbold.com\/en\/#website"},"primaryImageOfPage":{"@id":"https:\/\/neue-herbold.com\/de\/ausbildung-bei-neue-herbold\/#primaryimage"},"image":{"@id":"https:\/\/neue-herbold.com\/de\/ausbildung-bei-neue-herbold\/#primaryimage"},"thumbnailUrl":"https:\/\/neue-herbold.com\/wp-content\/uploads\/2024\/12\/Var-1-II-215x300.jpg","datePublished":"2024-03-05T23:04:21+00:00","dateModified":"2025-01-29T13:40:40+00:00","description":"Suchst du nach deinen ersten Berufserfahrungen? Dann werde werde AZUBI bei uns! Hier kannst du nicht nur wachsen, sondern dich auch als ein","breadcrumb":{"@id":"https:\/\/neue-herbold.com\/de\/ausbildung-bei-neue-herbold\/#breadcrumb"},"inLanguage":"de","potentialAction":[{"@type":"ReadAction","target":["https:\/\/neue-herbold.com\/de\/ausbildung-bei-neue-herbold\/"]}]},{"@type":"ImageObject","inLanguage":"de","@id":"https:\/\/neue-herbold.com\/de\/ausbildung-bei-neue-herbold\/#primaryimage","url":"https:\/\/neue-herbold.com\/wp-content\/uploads\/2024\/12\/Var-1-II-215x300.jpg","contentUrl":"https:\/\/neue-herbold.com\/wp-content\/uploads\/2024\/12\/Var-1-II-215x300.jpg"},{"@type":"BreadcrumbList","@id":"https:\/\/neue-herbold.com\/de\/ausbildung-bei-neue-herbold\/#breadcrumb","itemListElement":[{"@type":"ListItem","position":1,"name":"Startseite","item":"https:\/\/neue-herbold.com\/de\/"},{"@type":"ListItem","position":2,"name":"Ausbildung bei Neue Herbold"}]},{"@type":"WebSite","@id":"https:\/\/neue-herbold.com\/en\/#website","url":"https:\/\/neue-herbold.com\/en\/","name":"Neue Herbold GmbH","description":"","potentialAction":[{"@type":"SearchAction","target":{"@type":"EntryPoint","urlTemplate":"https:\/\/neue-herbold.com\/en\/?s={search_term_string}"},"query-input":{"@type":"PropertyValueSpecification","valueRequired":true,"valueName":"search_term_string"}}],"inLanguage":"de"}]}},"_links":{"self":[{"href":"https:\/\/neue-herbold.com\/de\/wp-json\/wp\/v2\/pages\/16252"}],"collection":[{"href":"https:\/\/neue-herbold.com\/de\/wp-json\/wp\/v2\/pages"}],"about":[{"href":"https:\/\/neue-herbold.com\/de\/wp-json\/wp\/v2\/types\/page"}],"author":[{"embeddable":true,"href":"https:\/\/neue-herbold.com\/de\/wp-json\/wp\/v2\/users\/1"}],"replies":[{"embeddable":true,"href":"https:\/\/neue-herbold.com\/de\/wp-json\/wp\/v2\/comments?post=16252"}],"version-history":[{"count":17,"href":"https:\/\/neue-herbold.com\/de\/wp-json\/wp\/v2\/pages\/16252\/revisions"}],"predecessor-version":[{"id":16472,"href":"https:\/\/neue-herbold.com\/de\/wp-json\/wp\/v2\/pages\/16252\/revisions\/16472"}],"wp:attachment":[{"href":"https:\/\/neue-herbold.com\/de\/wp-json\/wp\/v2\/media?parent=16252"}],"curies":[{"name":"wp","href":"https:\/\/api.w.org\/{rel}","templated":true}]}}