{"id":15405,"date":"2019-09-09T21:41:16","date_gmt":"2019-09-09T19:41:16","guid":{"rendered":"https:\/\/neue-herbold.com\/?page_id=15405"},"modified":"2021-04-02T17:59:31","modified_gmt":"2021-04-02T15:59:31","slug":"datenverarbeitung-email","status":"publish","type":"page","link":"https:\/\/neue-herbold.com\/de\/datenverarbeitung-email\/","title":{"rendered":"Informationen zum Datenschutz"},"content":{"rendered":"<a href=\"\" class=\"su-button su-button-style-glass\" style=\"color:#FFFFFF;background-color:#006CB7;border-color:#005793;border-radius:5px\" target=\"_self\"><span style=\"color:#FFFFFF;padding:0px 16px;font-size:13px;line-height:26px;border-color:#4d99cd;border-radius:5px;text-shadow:none\"> Datenverarbeitung: eMail<\/span><\/a>\n<a href=\"https:\/\/neue-herbold.com\/en\/data-processing-email\/\" class=\"su-button su-button-style-glass\" style=\"color:#FFFFFF;background-color:#001159;border-color:#000e48;border-radius:5px\" target=\"_self\"><span style=\"color:#FFFFFF;padding:0px 16px;font-size:13px;line-height:26px;border-color:#4d598b;border-radius:5px;text-shadow:none\"> Data processing: eMail<\/span><\/a>\n<a href=\"https:\/\/neue-herbold.com\/fr\/traitement-de-donnees-email\/\" class=\"su-button su-button-style-glass\" style=\"color:#FFFFFF;background-color:#001159;border-color:#000e48;border-radius:5px\" target=\"_self\"><span style=\"color:#FFFFFF;padding:0px 16px;font-size:13px;line-height:26px;border-color:#4d598b;border-radius:5px;text-shadow:none\"> Traitement de donn\u00e9es: eMail<\/span><\/a>\n<a href=\"https:\/\/neue-herbold.com\/es\/procesamiento-de-datos-email\/\" class=\"su-button su-button-style-glass\" style=\"color:#FFFFFF;background-color:#001159;border-color:#000e48;border-radius:5px\" target=\"_self\"><span style=\"color:#FFFFFF;padding:0px 16px;font-size:13px;line-height:26px;border-color:#4d598b;border-radius:5px;text-shadow:none\"> <span class=\"tlid-translation translation\" lang=\"es\"><span class=\"\" title=\"\">Procesamiento de datos: eMail<\/span><\/span><\/span><\/a>\n<hr \/>\n<hr \/>\n<p><strong>Grunds\u00e4tze der Datenverarbeitung<br \/>\nbei der Neue Herbold GmbH<\/strong><\/p>\n<p>Sie sind \u00fcber einen Link auf diese Seite gekommen, weil Sie sich \u00fcber unseren Umgang mit (Ihren) personenbezogenen Daten informieren wollen. Um unsere Informationspflichten nach den Art. 12 ff. der Datenschutz-Grundverordnung (DSGVO) zu erf\u00fcllen, stellen wir Ihnen nachfolgend gerne unsere Informationen zum Datenschutz dar:<\/p>\n<p><strong>Welche Daten von Ihnen werden von uns verarbeitet? Und zu welchen Zwecken?<\/strong><\/p>\n<p>Wenn wir Daten von Ihnen erhalten haben, dann werden wir diese grunds\u00e4tzlich nur f\u00fcr die Zwecke verarbeiten, f\u00fcr die wir sie erhalten oder erhoben haben. Sie haben uns eine E-Mail geschickt, und wir verarbeiten die darin enthaltenen Daten (Namen, E-Mail-Adresse, Inhalt) zum Zwecke der Beantwortung Ihrer Anfrage.<\/p>\n<p>Diese Anfrage betrachten wir auch als Einwilligung zur derartigen Verarbeitung (Art. 6 Abs 1 lit a DSGVO). Sollten Sie eine Antwort von uns nicht mehr w\u00fcnschen, so k\u00f6nnen Sie diese Einwilligung jederzeit widerrufen. In diesem Falle treten wir nicht mehr mit Ihnen in Kontakt.<\/p>\n<p>In Fall eines Widerrufs werden Ihre Daten gel\u00f6scht insofern wir nicht gesetzlich zur weiteren Aufbewahrung verpflichtet sind. Diese Verpflichtungen k\u00f6nnen Sie f\u00fcr Ihrem individuellen Fall jederzeit bei uns erfragen.<\/p>\n<p>Eine Datenverarbeitung zu anderen Zwecken kommt nur dann in Betracht, wenn die insoweit erforderlichen rechtlichen Vorgaben gem\u00e4\u00df Art. 6 Abs. 4 DSGVO vorliegen. Etwaige Informationspflichten nach Art. 13 Abs. 3 DSGVO und Art. 14 Abs. 4 DSGVO werden wir in dem Fall selbstverst\u00e4ndlich beachten.<\/p>\n<p><strong>An welche Empf\u00e4nger werden die Daten weitergegeben?<\/strong><\/p>\n<p>Eine Weitergabe Ihrer personenbezogenen Daten an Dritte findet grunds\u00e4tzlich nur statt, wenn dies f\u00fcr die Durchf\u00fchrung des Vertrages mit Ihnen erforderlich ist. Dies bezieht sich auf Unternehmen, die f\u00fcr uns Dienstleistungen erbringen, z.B. unseren Steuerberater oder Rechtsanwalt. Diese Dienstleister werden Ihre Daten nur in unserem Auftrag und nie zu eigenen Zwecken verwenden.<\/p>\n<p><strong>Wo werden die Daten verarbeitet?<\/strong><\/p>\n<p>Ihre personenbezogenen Daten werden von uns ausschlie\u00dflich in Rechenzentren der Bundesrepublik Deutschland verarbeitet.<\/p>\n<\/p>\n<p><strong>Kommunikation \u00fcber onlinebasierte Audio- und Video-Konferenzen (Konferenz-Tools)<\/strong><\/p>\n<p>F\u00fcr die Kommunikation mit unseren Kunden setzen wir unter anderen Online-Konferenz-Tools ein. Die im Einzelnen von uns genutzten Tools sind unten aufgelistet. Wenn Sie mit uns per Video- oder Audiokonferenz via Internet kommunizieren, werden Ihre personenbezogenen Daten von uns und dem Anbieter des jeweiligen Konferenz-Tools erfasst und verarbeitet.<\/p>\n<p>Die Konferenz-Tools erfassen dabei alle Daten, die Sie zur Nutzung der Tools bereitstellen\/einsetzen (E-Mail-Adresse und\/oder Ihre Telefonnummer). Ferner verarbeiten die Konferenz-Tools die Dauer der Konferenz, Beginn und Ende (Zeit) der Teilnahme an der Konferenz, Anzahl der Teilnehmer und sonstige \u201eKontextinformationen\u201c im Zusammenhang mit dem Kommunikationsvorgang (Metadaten).<\/p>\n<p>Des Weiteren verarbeitet der Anbieter des Tools alle technischen Daten, die zur Abwicklung der Online- Kommunikation erforderlich sind. Dies umfasst insbesondere IP-Adressen, MAC-Adressen, Ger\u00e4te-IDs, Ger\u00e4tetyp, Betriebssystemtyp und -version, Client-Version, Kameratyp, Mikrofon oder Lautsprecher sowie die Art der Verbindung.<\/p>\n<p>Sofern innerhalb des Tools Inhalte ausgetauscht, hochgeladen oder in sonstiger Weise bereitgestellt werden, werden diese ebenfalls auf den Servern der Tool-Anbieter gespeichert. Zu solchen Inhalten z\u00e4hlen insbesondere Cloud-Aufzeichnungen, Chat-\/ Sofortnachrichten, Voicemails hochgeladene Fotos und Videos, Dateien, Whiteboards und andere Informationen, die w\u00e4hrend der Nutzung des Dienstes geteilt werden.<\/p>\n<p>Bitte beachten Sie, dass wir nicht vollumf\u00e4nglich Einfluss auf die Datenverarbeitungsvorg\u00e4nge der verwendeten Tools haben. Unsere M\u00f6glichkeiten richten sich ma\u00dfgeblich nach der Unternehmenspolitik des jeweiligen Anbieters. Weitere Hinweise zur Datenverarbeitung durch die Konferenztools entnehmen Sie den Datenschutzerkl\u00e4rungen der jeweils eingesetzten Tools, die wir unter diesem Text aufgef\u00fchrt haben.<\/p>\n<h2>Zweck und Rechtsgrundlagen<\/h2>\n<p>Die Konferenz-Tools werden genutzt, um mit angehenden oder bestehenden Vertragspartnern zu kommunizieren oder bestimmte Leistungen gegen\u00fcber unseren Kunden anzubieten (Art. 6 Abs. 1 S. 1 lit. b DSGVO). Des Weiteren dient der Einsatz der Tools der allgemeinen Vereinfachung und Beschleunigung der Kommunikation mit uns bzw. unserem Unternehmen (berechtigtes Interesse im Sinne von Art. 6 Abs. 1 lit. f DSGVO). Soweit eine Einwilligung abgefragt wurde, erfolgt der Einsatz der betreffenden Tools auf Grundlage dieser Einwilligung; die Einwilligung ist jederzeit mit Wirkung f\u00fcr die Zukunft widerrufbar.<\/p>\n<h2>Speicherdauer<\/h2>\n<p>Die unmittelbar von uns \u00fcber die Video- und Konferenz-Tools erfassten Daten werden von unseren Systemen gel\u00f6scht, sobald Sie uns zur L\u00f6schung auffordern, Ihre Einwilligung zur Speicherung widerrufen oder der Zweck f\u00fcr die Datenspeicherung entf\u00e4llt. Gespeicherte Cookies verbleiben auf Ihrem Endger\u00e4t, bis Sie sie l\u00f6schen. Zwingende gesetzliche Aufbewahrungsfristen bleiben unber\u00fchrt.<\/p>\n<p>Auf die Speicherdauer Ihrer Daten, die von den Betreibern der Konferenz-Tools zu eigenen Zwecken gespeichert werden, haben wir keinen Einfluss. F\u00fcr Einzelheiten dazu informieren Sie sich bitte direkt bei den Betreibern der Konferenz-Tools.<\/p>\n<h2>Eingesetzte Konferenz-Tools<\/h2>\n<p>Wir setzen folgende Konferenz-Tools ein:<\/p>\n<h2>Microsoft Teams<\/h2>\n<p>Wir nutzen Microsoft Teams. Anbieter ist die Microsoft Corporation, One Microsoft Way, Redmond, WA 98052-6399, USA. Details zur Datenverarbeitung entnehmen Sie der Datenschutzerkl\u00e4rung von Microsoft Teams:<\/p>\n<p><a href=\"https:\/\/privacy.microsoft.com\/de-de\/privacystatement\" target=\"_blank\" rel=\"noopener noreferrer\">https:\/\/privacy.microsoft.com\/de-de\/privacystatement<\/a>.<\/p>\n<h3>Abschluss eines Vertrags \u00fcber Auftragsverarbeitung<\/h3>\n<p>Wir haben mit dem Anbieter von Microsoft Teams einen Vertrag zur Auftragsverarbeitung abgeschlossen und setzen die strengen Vorgaben der deutschen Datenschutzbeh\u00f6rden bei der Nutzung von Microsoft Teams vollst\u00e4ndig um.<\/p>\n<p><strong>Zoom<\/strong><\/p>\n<p>Wir nutzen Zoom. Anbieter dieses Dienstes ist die Zoom Communications Inc., San Jose, 55 Almaden Boulevard, 6th Floor, San Jose, CA 95113, USA. Details zur Datenverarbeitung entnehmen Sie der Datenschutzerkl\u00e4rung von Zoom: <a href=\"https:\/\/zoom.us\/de-de\/privacy.html\" target=\"_blank\" rel=\"noopener noreferrer\">https:\/\/zoom.us\/de-de\/privacy.html<\/a>.<\/p>\n<p>Die Daten\u00fcbertragung in die USA wird auf die Standardvertragsklauseln der EU-Kommission gest\u00fctzt. Details finden Sie hier: <a href=\"https:\/\/zoom.us\/de-de\/privacy.html\" target=\"_blank\" rel=\"noopener noreferrer\">https:\/\/zoom.us\/de-de\/privacy.html<\/a>.<\/p>\n<p><strong>Abschluss eines Vertrags \u00fcber Auftragsverarbeitung<\/strong><\/p>\n<p>Wir haben mit dem Anbieter von Zoom einen Vertrag zur Auftragsverarbeitung abgeschlossen und setzen die strengen Vorgaben der deutschen Datenschutzbeh\u00f6rden bei der Nutzung von Zoom vollst\u00e4ndig um.<\/p>\n<\/p>\n<p><strong>Ihre Rechte als \u201eBetroffene\u201c<\/strong><\/p>\n<p>Sie haben das Recht auf Auskunft \u00fcber die von uns zu Ihrer Person verarbeiteten personenbezogenen Daten.<\/p>\n<p>Bei einer Auskunftsanfrage, die nicht schriftlich erfolgt, bitten wir um Verst\u00e4ndnis daf\u00fcr, dass wir dann ggf. Nachweise von Ihnen verlangen, die belegen, dass Sie die Person sind, f\u00fcr die Sie sich ausgeben.<\/p>\n<p>Ferner haben Sie ein Recht auf Berichtigung oder L\u00f6schung oder auf Einschr\u00e4nkung der Verarbeitung, soweit Ihnen dies gesetzlich zusteht.<\/p>\n<p>Ferner haben Sie ein Widerspruchsrecht gegen die Verarbeitung im Rahmen der gesetzlichen Vorgaben. Gleiches gilt f\u00fcr ein Recht auf Daten\u00fcbertragbarkeit.<\/p>\n<p><strong>Insbesondere haben Sie ein Widerspruchsrecht nach Art. 21 Abs. 1 und 2 DSGVO gegen die Verarbeitung Ihrer Daten im Zusammenhang mit einer Direktwerbung, wenn diese auf Basis einer Interessenabw\u00e4gung erfolgt.<\/strong><\/p>\n<p><strong>Wer ist f\u00fcr Datenverarbeitung verantwortlich?<\/strong><\/p>\n<p class=\"mcntMsoNormal\"><strong>Neue Herbold Maschinen-u. Anlagenbau GmbH<br \/>\n<\/strong>Herr Arwed-Peter Abraham<br \/>\nWiesenstrasse 44<br \/>\n74889 Sinsheim<\/p>\n<p class=\"mcntMsoNormal\">Kontakt: <a class=\"mailto\" title=\"E-Mail an datenschutz@neue-herbold.de senden\" href=\"mailto:info@neue-herbold.de\" target=\"_blank\" rel=\"noopener noreferrer\">info@neue-herbold.de<\/a><br \/>\n<span class=\"LrzXr zdqRlf kno-fv\"><span data-dtype=\"d3ifr\" data-local-attribute=\"d3ph\">Telefon: +49 (0) 7261 \/ 9248-0<\/span><\/span><\/p>\n<p>Sie finden weitere Informationen zu unserem Unternehmen, Angaben zu den vertretungsberechtigten Personen und auch weitere Kontaktm\u00f6glichkeiten im <a href=\"https:\/\/neue-herbold.com\/de\/impressum\/\" target=\"_blank\" rel=\"noopener noreferrer\">Impressum.<\/a><\/p>\n<p><strong>Unser Datenschutzbeauftragter<br \/>\n<\/strong>Wir haben einen Datenschutzbeauftragten benannt. Sie erreichen diesen unter folgenden Kontaktm\u00f6glichkeiten:<\/p>\n<p>Thomas Stegemann<br \/>\ndacuro GmbH<br \/>\nHeidelberger Stra\u00dfe 70b<br \/>\n69190 Walldorf<\/p>\n<p>E-Mail: <a class=\"mailto\" title=\"E-Mail an datenschutz@neue-herbold.de senden\" href=\"mailto:datenschutz@neue-herbold.de\" target=\"_blank\" rel=\"noopener noreferrer\">Datenschutz@neue-herbold.de<\/a><\/p>\n<p><strong>Beschwerderecht<br \/>\n<\/strong>Sie haben das Recht, sich \u00fcber die Verarbeitung personenbezogenen Daten durch uns bei einer Aufsichtsbeh\u00f6rde f\u00fcr den Datenschutz zu beschweren.<\/p>\n<p>Unsere vollst\u00e4ndige Datenschutzerkl\u00e4rung finden Sie <a href=\"https:\/\/neue-herbold.com\/de\/datenschutz\/\" target=\"_blank\" rel=\"noopener noreferrer\"><u>hier&#8230;<\/u><\/a><\/p>\n<p>Stand: 30.05.2018<\/p>\n","protected":false},"excerpt":{"rendered":"<p><strong>Grunds\u00e4tze der Datenverarbeitung<br \/>\nbei der Neue Herbold GmbH<\/strong><\/p>\n<p>Sie sind \u00fcber einen Link auf diese Seite gekommen, weil Sie sich \u00fcber unseren Umgang mit (Ihren) personenbezogenen Daten informieren wollen. Um unsere Informationspflichten nach den Art.<\/p>\n<p><span class=\"ellipsis\">&hellip;<\/span><\/p>\n<div class=\"read-more\"><a href=\"https:\/\/neue-herbold.com\/de\/datenverarbeitung-email\/\">Weiterlesen \u203a<\/a><\/div>\n<p><!-- end of .read-more --><\/p>\n","protected":false},"author":1,"featured_media":0,"parent":0,"menu_order":0,"comment_status":"closed","ping_status":"closed","template":"","meta":{"footnotes":""},"class_list":["post-15405","page","type-page","status-publish","hentry"],"yoast_head":"<!-- This site is optimized with the Yoast SEO plugin v25.4 - https:\/\/yoast.com\/wordpress\/plugins\/seo\/ -->\n<title>Informationen zum Datenschutz - Neue Herbold GmbH<\/title>\n<meta name=\"robots\" content=\"index, follow, max-snippet:-1, max-image-preview:large, max-video-preview:-1\" \/>\n<link rel=\"canonical\" href=\"https:\/\/neue-herbold.com\/de\/datenverarbeitung-email\/\" \/>\n<meta property=\"og:locale\" content=\"de_DE\" \/>\n<meta property=\"og:type\" content=\"article\" \/>\n<meta property=\"og:title\" content=\"Informationen zum Datenschutz - Neue Herbold GmbH\" \/>\n<meta property=\"og:description\" content=\"Grunds\u00e4tze der Datenverarbeitung bei der Neue Herbold GmbH Sie sind \u00fcber einen Link auf diese Seite gekommen, weil Sie sich \u00fcber unseren Umgang mit (Ihren) personenbezogenen Daten informieren wollen. Um unsere Informationspflichten nach den Art.&hellip;Weiterlesen \u203a\" \/>\n<meta property=\"og:url\" content=\"https:\/\/neue-herbold.com\/de\/datenverarbeitung-email\/\" \/>\n<meta property=\"og:site_name\" content=\"Neue Herbold GmbH\" \/>\n<meta property=\"article:modified_time\" content=\"2021-04-02T15:59:31+00:00\" \/>\n<meta name=\"twitter:label1\" content=\"Gesch\u00e4tzte Lesezeit\" \/>\n\t<meta name=\"twitter:data1\" content=\"5\u00a0Minuten\" \/>\n<script type=\"application\/ld+json\" class=\"yoast-schema-graph\">{\"@context\":\"https:\/\/schema.org\",\"@graph\":[{\"@type\":\"WebPage\",\"@id\":\"https:\/\/neue-herbold.com\/de\/datenverarbeitung-email\/\",\"url\":\"https:\/\/neue-herbold.com\/de\/datenverarbeitung-email\/\",\"name\":\"Informationen zum Datenschutz - Neue Herbold GmbH\",\"isPartOf\":{\"@id\":\"https:\/\/neue-herbold.com\/en\/#website\"},\"datePublished\":\"2019-09-09T19:41:16+00:00\",\"dateModified\":\"2021-04-02T15:59:31+00:00\",\"breadcrumb\":{\"@id\":\"https:\/\/neue-herbold.com\/de\/datenverarbeitung-email\/#breadcrumb\"},\"inLanguage\":\"de\",\"potentialAction\":[{\"@type\":\"ReadAction\",\"target\":[\"https:\/\/neue-herbold.com\/de\/datenverarbeitung-email\/\"]}]},{\"@type\":\"BreadcrumbList\",\"@id\":\"https:\/\/neue-herbold.com\/de\/datenverarbeitung-email\/#breadcrumb\",\"itemListElement\":[{\"@type\":\"ListItem\",\"position\":1,\"name\":\"Startseite\",\"item\":\"https:\/\/neue-herbold.com\/de\/\"},{\"@type\":\"ListItem\",\"position\":2,\"name\":\"Informationen zum Datenschutz\"}]},{\"@type\":\"WebSite\",\"@id\":\"https:\/\/neue-herbold.com\/en\/#website\",\"url\":\"https:\/\/neue-herbold.com\/en\/\",\"name\":\"Neue Herbold GmbH\",\"description\":\"\",\"potentialAction\":[{\"@type\":\"SearchAction\",\"target\":{\"@type\":\"EntryPoint\",\"urlTemplate\":\"https:\/\/neue-herbold.com\/en\/?s={search_term_string}\"},\"query-input\":{\"@type\":\"PropertyValueSpecification\",\"valueRequired\":true,\"valueName\":\"search_term_string\"}}],\"inLanguage\":\"de\"}]}<\/script>\n<!-- \/ Yoast SEO plugin. -->","yoast_head_json":{"title":"Informationen zum Datenschutz - Neue Herbold GmbH","robots":{"index":"index","follow":"follow","max-snippet":"max-snippet:-1","max-image-preview":"max-image-preview:large","max-video-preview":"max-video-preview:-1"},"canonical":"https:\/\/neue-herbold.com\/de\/datenverarbeitung-email\/","og_locale":"de_DE","og_type":"article","og_title":"Informationen zum Datenschutz - Neue Herbold GmbH","og_description":"Grunds\u00e4tze der Datenverarbeitung bei der Neue Herbold GmbH Sie sind \u00fcber einen Link auf diese Seite gekommen, weil Sie sich \u00fcber unseren Umgang mit (Ihren) personenbezogenen Daten informieren wollen. Um unsere Informationspflichten nach den Art.&hellip;Weiterlesen \u203a","og_url":"https:\/\/neue-herbold.com\/de\/datenverarbeitung-email\/","og_site_name":"Neue Herbold GmbH","article_modified_time":"2021-04-02T15:59:31+00:00","twitter_misc":{"Gesch\u00e4tzte Lesezeit":"5\u00a0Minuten"},"schema":{"@context":"https:\/\/schema.org","@graph":[{"@type":"WebPage","@id":"https:\/\/neue-herbold.com\/de\/datenverarbeitung-email\/","url":"https:\/\/neue-herbold.com\/de\/datenverarbeitung-email\/","name":"Informationen zum Datenschutz - Neue Herbold GmbH","isPartOf":{"@id":"https:\/\/neue-herbold.com\/en\/#website"},"datePublished":"2019-09-09T19:41:16+00:00","dateModified":"2021-04-02T15:59:31+00:00","breadcrumb":{"@id":"https:\/\/neue-herbold.com\/de\/datenverarbeitung-email\/#breadcrumb"},"inLanguage":"de","potentialAction":[{"@type":"ReadAction","target":["https:\/\/neue-herbold.com\/de\/datenverarbeitung-email\/"]}]},{"@type":"BreadcrumbList","@id":"https:\/\/neue-herbold.com\/de\/datenverarbeitung-email\/#breadcrumb","itemListElement":[{"@type":"ListItem","position":1,"name":"Startseite","item":"https:\/\/neue-herbold.com\/de\/"},{"@type":"ListItem","position":2,"name":"Informationen zum Datenschutz"}]},{"@type":"WebSite","@id":"https:\/\/neue-herbold.com\/en\/#website","url":"https:\/\/neue-herbold.com\/en\/","name":"Neue Herbold GmbH","description":"","potentialAction":[{"@type":"SearchAction","target":{"@type":"EntryPoint","urlTemplate":"https:\/\/neue-herbold.com\/en\/?s={search_term_string}"},"query-input":{"@type":"PropertyValueSpecification","valueRequired":true,"valueName":"search_term_string"}}],"inLanguage":"de"}]}},"_links":{"self":[{"href":"https:\/\/neue-herbold.com\/de\/wp-json\/wp\/v2\/pages\/15405"}],"collection":[{"href":"https:\/\/neue-herbold.com\/de\/wp-json\/wp\/v2\/pages"}],"about":[{"href":"https:\/\/neue-herbold.com\/de\/wp-json\/wp\/v2\/types\/page"}],"author":[{"embeddable":true,"href":"https:\/\/neue-herbold.com\/de\/wp-json\/wp\/v2\/users\/1"}],"replies":[{"embeddable":true,"href":"https:\/\/neue-herbold.com\/de\/wp-json\/wp\/v2\/comments?post=15405"}],"version-history":[{"count":10,"href":"https:\/\/neue-herbold.com\/de\/wp-json\/wp\/v2\/pages\/15405\/revisions"}],"predecessor-version":[{"id":15773,"href":"https:\/\/neue-herbold.com\/de\/wp-json\/wp\/v2\/pages\/15405\/revisions\/15773"}],"wp:attachment":[{"href":"https:\/\/neue-herbold.com\/de\/wp-json\/wp\/v2\/media?parent=15405"}],"curies":[{"name":"wp","href":"https:\/\/api.w.org\/{rel}","templated":true}]}}