{"id":11262,"date":"2017-10-06T00:39:31","date_gmt":"2017-10-05T22:39:31","guid":{"rendered":"https:\/\/neue-herbold.com\/?page_id=11262"},"modified":"2017-10-10T22:07:13","modified_gmt":"2017-10-10T20:07:13","slug":"neue-herbold-gmbh-ueberarbeitet-ihre-pulvermuehle-typ-zm-800","status":"publish","type":"page","link":"https:\/\/neue-herbold.com\/de\/neue-herbold-gmbh-ueberarbeitet-ihre-pulvermuehle-typ-zm-800\/","title":{"rendered":"Neue Herbold GmbH \u00fcberarbeitet ihre Pulverm\u00fchle Typ ZM 800"},"content":{"rendered":"<p><strong>Die bereits zuvor langj\u00e4hrig bew\u00e4hrte Pulverm\u00fchle \u00a0Typ ZM 800 wurde nun einer Runderneuerung unterzogen: K\u00fcnftig \u00fcberzeugt sie mit smarten Optimierungen. Im Zuge der Konstruktion der neuen Maschinengeneration wurden \u00c4nderungen realisiert, die dem Kunden weitere Vorteile im Betrieb bieten.<\/strong><\/p>\n<p><img loading=\"lazy\" decoding=\"async\" class=\"alignleft wp-image-11261 size-medium\" src=\"https:\/\/neue-herbold.com\/wp-content\/uploads\/2017\/10\/ZM800-neu-ab-2017-225x300.jpg\" alt=\"Pulverm\u00fchle \" width=\"225\" height=\"300\" srcset=\"https:\/\/neue-herbold.com\/wp-content\/uploads\/2017\/10\/ZM800-neu-ab-2017-225x300.jpg 225w, https:\/\/neue-herbold.com\/wp-content\/uploads\/2017\/10\/ZM800-neu-ab-2017-768x1024.jpg 768w, https:\/\/neue-herbold.com\/wp-content\/uploads\/2017\/10\/ZM800-neu-ab-2017-100x133.jpg 100w, https:\/\/neue-herbold.com\/wp-content\/uploads\/2017\/10\/ZM800-neu-ab-2017-150x200.jpg 150w, https:\/\/neue-herbold.com\/wp-content\/uploads\/2017\/10\/ZM800-neu-ab-2017-200x267.jpg 200w, https:\/\/neue-herbold.com\/wp-content\/uploads\/2017\/10\/ZM800-neu-ab-2017-300x400.jpg 300w, https:\/\/neue-herbold.com\/wp-content\/uploads\/2017\/10\/ZM800-neu-ab-2017-450x600.jpg 450w, https:\/\/neue-herbold.com\/wp-content\/uploads\/2017\/10\/ZM800-neu-ab-2017-600x800.jpg 600w, https:\/\/neue-herbold.com\/wp-content\/uploads\/2017\/10\/ZM800-neu-ab-2017.jpg 900w\" sizes=\"(max-width: 225px) 100vw, 225px\" \/>Als bedeutende Neuerung kann sicher die str\u00f6mungstechnische Optimierung des Maschinengeh\u00e4uses genannt werden. Bestand zuvor das Geh\u00e4use, wie bei Maschinen solchen Typs \u00fcblich, aus einem runden Maschinenk\u00f6rper auf einer Plattform, ist das neue Geh\u00e4use nun im \u00dcbergang zum Auslauf ausgeschwungen. Hintergrund hierf\u00fcr ist, den Drall, den das Material im Vermahlungsprozess erfahren hat, zum schnellen Abtransport zu nutzen, da das Material bereits in Richtung der Absaugung vorbeschleunigt wurde. Dadurch k\u00f6nnen bei unver\u00e4ndertem Energieaufwand h\u00f6here Durchsatzleistungen generiert werden.<\/p>\n<p>Generell wurde neben technischen Aspekten auf Design und Ergonomie Wert gelegt. Die \u00fcblichen Maschinenaufbauten, wie z.B. Vibrorinne oder Konsole f\u00fcr Saugdruckf\u00f6rderer, bilden eine kompakte Gesamtmaschine mit klaren Linien bei gleichzeitig guten Zug\u00e4nglichkeiten. Zudem finden sich viele Neuerungen in Details wieder, wie beispielsweise ein optimierter Maschinenverschluss, der nun trotz des geringeren Platzbedarfes effizient greift. Kabel, Anschl\u00fcsse und Sensoren sind nun in einer Zentraleinheit zusammengefasst. Die Steuereinheit der Wassereind\u00fcsung, bestehend aus Ventilen und Sensoren, wurde in ein leicht zug\u00e4ngliches, staubdicht und spritzwassergesch\u00fctztes Geh\u00e4use verlegt. Dar\u00fcber hinaus werden nun s\u00e4mtliche Leitungen kompakt und gesch\u00fctzt gef\u00fchrt.<\/p>\n<p>Das \u00fcbersichtliche Design bietet zusammen mit einer kompakten Bauweise Kundennutzen vor allem hinsichtlich einer gesteigerten Bediener- und Wartungsfreundlichkeit.<\/p>\n","protected":false},"excerpt":{"rendered":"<p><strong>Die bereits zuvor langj\u00e4hrig bew\u00e4hrte Pulverm\u00fchle \u00a0Typ ZM 800 wurde nun einer Runderneuerung unterzogen: K\u00fcnftig \u00fcberzeugt sie mit smarten Optimierungen. Im Zuge der Konstruktion der neuen Maschinengeneration wurden \u00c4nderungen realisiert, die dem Kunden weitere Vorteile im Betrieb bieten.<\/strong><\/p>\n<p><img loading=\"lazy\" decoding=\"async\" class=\"alignleft wp-image-11261 size-medium\" src=\"https:\/\/neue-herbold.com\/wp-content\/uploads\/2017\/10\/ZM800-neu-ab-2017-225x300.jpg\" alt=\"Pulverm\u00fchle \" width=\"225\" height=\"300\" srcset=\"https:\/\/neue-herbold.com\/wp-content\/uploads\/2017\/10\/ZM800-neu-ab-2017-225x300.jpg 225w, https:\/\/neue-herbold.com\/wp-content\/uploads\/2017\/10\/ZM800-neu-ab-2017-768x1024.jpg 768w, https:\/\/neue-herbold.com\/wp-content\/uploads\/2017\/10\/ZM800-neu-ab-2017-100x133.jpg 100w, https:\/\/neue-herbold.com\/wp-content\/uploads\/2017\/10\/ZM800-neu-ab-2017-150x200.jpg 150w, https:\/\/neue-herbold.com\/wp-content\/uploads\/2017\/10\/ZM800-neu-ab-2017-200x267.jpg 200w, https:\/\/neue-herbold.com\/wp-content\/uploads\/2017\/10\/ZM800-neu-ab-2017-300x400.jpg 300w, https:\/\/neue-herbold.com\/wp-content\/uploads\/2017\/10\/ZM800-neu-ab-2017-450x600.jpg 450w, https:\/\/neue-herbold.com\/wp-content\/uploads\/2017\/10\/ZM800-neu-ab-2017-600x800.jpg 600w, https:\/\/neue-herbold.com\/wp-content\/uploads\/2017\/10\/ZM800-neu-ab-2017.jpg 900w\" sizes=\"(max-width: 225px) 100vw, 225px\" \/>Als bedeutende Neuerung kann sicher die str\u00f6mungstechnische Optimierung des Maschinengeh\u00e4uses genannt werden.<\/p>\n<p><span class=\"ellipsis\">&hellip;<\/span><\/p>\n<div class=\"read-more\"><a href=\"https:\/\/neue-herbold.com\/de\/neue-herbold-gmbh-ueberarbeitet-ihre-pulvermuehle-typ-zm-800\/\">Weiterlesen \u203a<\/a><\/div>\n<p><!-- end of .read-more --><\/p>\n","protected":false},"author":1,"featured_media":0,"parent":0,"menu_order":0,"comment_status":"closed","ping_status":"closed","template":"","meta":{"footnotes":""},"class_list":["post-11262","page","type-page","status-publish","hentry"],"yoast_head":"<!-- This site is optimized with the Yoast SEO plugin v25.4 - https:\/\/yoast.com\/wordpress\/plugins\/seo\/ -->\n<title>Neue Herbold GmbH \u00fcberarbeitet ihre Pulverm\u00fchle Typ ZM 800 - Neue Herbold GmbH<\/title>\n<meta name=\"robots\" content=\"index, follow, max-snippet:-1, max-image-preview:large, max-video-preview:-1\" \/>\n<link rel=\"canonical\" href=\"https:\/\/neue-herbold.com\/de\/neue-herbold-gmbh-ueberarbeitet-ihre-pulvermuehle-typ-zm-800\/\" \/>\n<meta property=\"og:locale\" content=\"de_DE\" \/>\n<meta property=\"og:type\" content=\"article\" \/>\n<meta property=\"og:title\" content=\"Neue Herbold GmbH \u00fcberarbeitet ihre Pulverm\u00fchle Typ ZM 800 - Neue Herbold GmbH\" \/>\n<meta property=\"og:description\" content=\"Die bereits zuvor langj\u00e4hrig bew\u00e4hrte Pulverm\u00fchle \u00a0Typ ZM 800 wurde nun einer Runderneuerung unterzogen: K\u00fcnftig \u00fcberzeugt sie mit smarten Optimierungen. Im Zuge der Konstruktion der neuen Maschinengeneration wurden \u00c4nderungen realisiert, die dem Kunden weitere Vorteile im Betrieb bieten. Als bedeutende Neuerung kann sicher die str\u00f6mungstechnische Optimierung des Maschinengeh\u00e4uses genannt werden.&hellip;Weiterlesen \u203a\" \/>\n<meta property=\"og:url\" content=\"https:\/\/neue-herbold.com\/de\/neue-herbold-gmbh-ueberarbeitet-ihre-pulvermuehle-typ-zm-800\/\" \/>\n<meta property=\"og:site_name\" content=\"Neue Herbold GmbH\" \/>\n<meta property=\"article:modified_time\" content=\"2017-10-10T20:07:13+00:00\" \/>\n<meta property=\"og:image\" content=\"https:\/\/neue-herbold.com\/wp-content\/uploads\/2017\/10\/ZM800-neu-ab-2017-225x300.jpg\" \/>\n<meta name=\"twitter:label1\" content=\"Gesch\u00e4tzte Lesezeit\" \/>\n\t<meta name=\"twitter:data1\" content=\"1\u00a0Minute\" \/>\n<script type=\"application\/ld+json\" class=\"yoast-schema-graph\">{\"@context\":\"https:\/\/schema.org\",\"@graph\":[{\"@type\":\"WebPage\",\"@id\":\"https:\/\/neue-herbold.com\/de\/neue-herbold-gmbh-ueberarbeitet-ihre-pulvermuehle-typ-zm-800\/\",\"url\":\"https:\/\/neue-herbold.com\/de\/neue-herbold-gmbh-ueberarbeitet-ihre-pulvermuehle-typ-zm-800\/\",\"name\":\"Neue Herbold GmbH \u00fcberarbeitet ihre Pulverm\u00fchle Typ ZM 800 - Neue Herbold GmbH\",\"isPartOf\":{\"@id\":\"https:\/\/neue-herbold.com\/en\/#website\"},\"primaryImageOfPage\":{\"@id\":\"https:\/\/neue-herbold.com\/de\/neue-herbold-gmbh-ueberarbeitet-ihre-pulvermuehle-typ-zm-800\/#primaryimage\"},\"image\":{\"@id\":\"https:\/\/neue-herbold.com\/de\/neue-herbold-gmbh-ueberarbeitet-ihre-pulvermuehle-typ-zm-800\/#primaryimage\"},\"thumbnailUrl\":\"https:\/\/neue-herbold.com\/wp-content\/uploads\/2017\/10\/ZM800-neu-ab-2017-225x300.jpg\",\"datePublished\":\"2017-10-05T22:39:31+00:00\",\"dateModified\":\"2017-10-10T20:07:13+00:00\",\"breadcrumb\":{\"@id\":\"https:\/\/neue-herbold.com\/de\/neue-herbold-gmbh-ueberarbeitet-ihre-pulvermuehle-typ-zm-800\/#breadcrumb\"},\"inLanguage\":\"de\",\"potentialAction\":[{\"@type\":\"ReadAction\",\"target\":[\"https:\/\/neue-herbold.com\/de\/neue-herbold-gmbh-ueberarbeitet-ihre-pulvermuehle-typ-zm-800\/\"]}]},{\"@type\":\"ImageObject\",\"inLanguage\":\"de\",\"@id\":\"https:\/\/neue-herbold.com\/de\/neue-herbold-gmbh-ueberarbeitet-ihre-pulvermuehle-typ-zm-800\/#primaryimage\",\"url\":\"https:\/\/neue-herbold.com\/wp-content\/uploads\/2017\/10\/ZM800-neu-ab-2017-225x300.jpg\",\"contentUrl\":\"https:\/\/neue-herbold.com\/wp-content\/uploads\/2017\/10\/ZM800-neu-ab-2017-225x300.jpg\"},{\"@type\":\"BreadcrumbList\",\"@id\":\"https:\/\/neue-herbold.com\/de\/neue-herbold-gmbh-ueberarbeitet-ihre-pulvermuehle-typ-zm-800\/#breadcrumb\",\"itemListElement\":[{\"@type\":\"ListItem\",\"position\":1,\"name\":\"Startseite\",\"item\":\"https:\/\/neue-herbold.com\/de\/\"},{\"@type\":\"ListItem\",\"position\":2,\"name\":\"Neue Herbold GmbH \u00fcberarbeitet ihre Pulverm\u00fchle Typ ZM 800\"}]},{\"@type\":\"WebSite\",\"@id\":\"https:\/\/neue-herbold.com\/en\/#website\",\"url\":\"https:\/\/neue-herbold.com\/en\/\",\"name\":\"Neue Herbold GmbH\",\"description\":\"\",\"potentialAction\":[{\"@type\":\"SearchAction\",\"target\":{\"@type\":\"EntryPoint\",\"urlTemplate\":\"https:\/\/neue-herbold.com\/en\/?s={search_term_string}\"},\"query-input\":{\"@type\":\"PropertyValueSpecification\",\"valueRequired\":true,\"valueName\":\"search_term_string\"}}],\"inLanguage\":\"de\"}]}<\/script>\n<!-- \/ Yoast SEO plugin. -->","yoast_head_json":{"title":"Neue Herbold GmbH \u00fcberarbeitet ihre Pulverm\u00fchle Typ ZM 800 - Neue Herbold GmbH","robots":{"index":"index","follow":"follow","max-snippet":"max-snippet:-1","max-image-preview":"max-image-preview:large","max-video-preview":"max-video-preview:-1"},"canonical":"https:\/\/neue-herbold.com\/de\/neue-herbold-gmbh-ueberarbeitet-ihre-pulvermuehle-typ-zm-800\/","og_locale":"de_DE","og_type":"article","og_title":"Neue Herbold GmbH \u00fcberarbeitet ihre Pulverm\u00fchle Typ ZM 800 - Neue Herbold GmbH","og_description":"Die bereits zuvor langj\u00e4hrig bew\u00e4hrte Pulverm\u00fchle \u00a0Typ ZM 800 wurde nun einer Runderneuerung unterzogen: K\u00fcnftig \u00fcberzeugt sie mit smarten Optimierungen. Im Zuge der Konstruktion der neuen Maschinengeneration wurden \u00c4nderungen realisiert, die dem Kunden weitere Vorteile im Betrieb bieten. Als bedeutende Neuerung kann sicher die str\u00f6mungstechnische Optimierung des Maschinengeh\u00e4uses genannt werden.&hellip;Weiterlesen \u203a","og_url":"https:\/\/neue-herbold.com\/de\/neue-herbold-gmbh-ueberarbeitet-ihre-pulvermuehle-typ-zm-800\/","og_site_name":"Neue Herbold GmbH","article_modified_time":"2017-10-10T20:07:13+00:00","og_image":[{"url":"https:\/\/neue-herbold.com\/wp-content\/uploads\/2017\/10\/ZM800-neu-ab-2017-225x300.jpg","type":"","width":"","height":""}],"twitter_misc":{"Gesch\u00e4tzte Lesezeit":"1\u00a0Minute"},"schema":{"@context":"https:\/\/schema.org","@graph":[{"@type":"WebPage","@id":"https:\/\/neue-herbold.com\/de\/neue-herbold-gmbh-ueberarbeitet-ihre-pulvermuehle-typ-zm-800\/","url":"https:\/\/neue-herbold.com\/de\/neue-herbold-gmbh-ueberarbeitet-ihre-pulvermuehle-typ-zm-800\/","name":"Neue Herbold GmbH \u00fcberarbeitet ihre Pulverm\u00fchle Typ ZM 800 - Neue Herbold GmbH","isPartOf":{"@id":"https:\/\/neue-herbold.com\/en\/#website"},"primaryImageOfPage":{"@id":"https:\/\/neue-herbold.com\/de\/neue-herbold-gmbh-ueberarbeitet-ihre-pulvermuehle-typ-zm-800\/#primaryimage"},"image":{"@id":"https:\/\/neue-herbold.com\/de\/neue-herbold-gmbh-ueberarbeitet-ihre-pulvermuehle-typ-zm-800\/#primaryimage"},"thumbnailUrl":"https:\/\/neue-herbold.com\/wp-content\/uploads\/2017\/10\/ZM800-neu-ab-2017-225x300.jpg","datePublished":"2017-10-05T22:39:31+00:00","dateModified":"2017-10-10T20:07:13+00:00","breadcrumb":{"@id":"https:\/\/neue-herbold.com\/de\/neue-herbold-gmbh-ueberarbeitet-ihre-pulvermuehle-typ-zm-800\/#breadcrumb"},"inLanguage":"de","potentialAction":[{"@type":"ReadAction","target":["https:\/\/neue-herbold.com\/de\/neue-herbold-gmbh-ueberarbeitet-ihre-pulvermuehle-typ-zm-800\/"]}]},{"@type":"ImageObject","inLanguage":"de","@id":"https:\/\/neue-herbold.com\/de\/neue-herbold-gmbh-ueberarbeitet-ihre-pulvermuehle-typ-zm-800\/#primaryimage","url":"https:\/\/neue-herbold.com\/wp-content\/uploads\/2017\/10\/ZM800-neu-ab-2017-225x300.jpg","contentUrl":"https:\/\/neue-herbold.com\/wp-content\/uploads\/2017\/10\/ZM800-neu-ab-2017-225x300.jpg"},{"@type":"BreadcrumbList","@id":"https:\/\/neue-herbold.com\/de\/neue-herbold-gmbh-ueberarbeitet-ihre-pulvermuehle-typ-zm-800\/#breadcrumb","itemListElement":[{"@type":"ListItem","position":1,"name":"Startseite","item":"https:\/\/neue-herbold.com\/de\/"},{"@type":"ListItem","position":2,"name":"Neue Herbold GmbH \u00fcberarbeitet ihre Pulverm\u00fchle Typ ZM 800"}]},{"@type":"WebSite","@id":"https:\/\/neue-herbold.com\/en\/#website","url":"https:\/\/neue-herbold.com\/en\/","name":"Neue Herbold GmbH","description":"","potentialAction":[{"@type":"SearchAction","target":{"@type":"EntryPoint","urlTemplate":"https:\/\/neue-herbold.com\/en\/?s={search_term_string}"},"query-input":{"@type":"PropertyValueSpecification","valueRequired":true,"valueName":"search_term_string"}}],"inLanguage":"de"}]}},"_links":{"self":[{"href":"https:\/\/neue-herbold.com\/de\/wp-json\/wp\/v2\/pages\/11262"}],"collection":[{"href":"https:\/\/neue-herbold.com\/de\/wp-json\/wp\/v2\/pages"}],"about":[{"href":"https:\/\/neue-herbold.com\/de\/wp-json\/wp\/v2\/types\/page"}],"author":[{"embeddable":true,"href":"https:\/\/neue-herbold.com\/de\/wp-json\/wp\/v2\/users\/1"}],"replies":[{"embeddable":true,"href":"https:\/\/neue-herbold.com\/de\/wp-json\/wp\/v2\/comments?post=11262"}],"version-history":[{"count":3,"href":"https:\/\/neue-herbold.com\/de\/wp-json\/wp\/v2\/pages\/11262\/revisions"}],"predecessor-version":[{"id":11274,"href":"https:\/\/neue-herbold.com\/de\/wp-json\/wp\/v2\/pages\/11262\/revisions\/11274"}],"wp:attachment":[{"href":"https:\/\/neue-herbold.com\/de\/wp-json\/wp\/v2\/media?parent=11262"}],"curies":[{"name":"wp","href":"https:\/\/api.w.org\/{rel}","templated":true}]}}