{"id":11,"date":"2014-09-21T19:19:09","date_gmt":"2014-09-21T19:19:09","guid":{"rendered":"https:\/\/neue-herbold.com\/?page_id=11"},"modified":"2024-06-07T19:49:01","modified_gmt":"2024-06-07T17:49:01","slug":"impressum","status":"publish","type":"page","link":"https:\/\/neue-herbold.com\/de\/impressum\/","title":{"rendered":"Impressum"},"content":{"rendered":"<div data-borlabs-cookie-wrap=\"inline\" class=\"left\">\n    <div data-borlabs-cookie>\n        <p class=\"borlabsCookieHeadline\">Cookie-Einstellung<\/p>\n        <div data-borlabs-selection>\n            <p class=\"borlabsCookieExplanation\">Bitte treffen Sie eine Auswahl. Weitere Informationen zu den Auswirkungen Ihrer Auswahl finden Sie unter <span data-borlabs-cookie-help-link>Hilfe<\/span>.<br><a href=\"https:\/\/neue-herbold.com\/de\/datenschutz\/\">Datenschutzerkl\u00e4rung<\/a><br><a href=\"https:\/\/neue-herbold.com\/de\/impressum\/\">Impressum<\/a><\/p>\n            <div data-borlabs-selection-list>\n                <ul>\n                    <li class=\"cookieOption1\"><label for=\"borlabsCookieInlineOptionAll\"><input id=\"borlabsCookieInlineOptionAll\" type=\"radio\" name=\"cookieOption\" value=\"all\">Alle Cookies inklusive Drittanbieter-Cookies (z.B. YouTube) zulassen.<\/label><\/li>\n                                        <li class=\"cookieOption2\"><label for=\"borlabsCookieInlineOptionFirstParty\"><input id=\"borlabsCookieInlineOptionFirstParty\" type=\"radio\" name=\"cookieOption\" value=\"first-party\">Nur Cookies von Neue Herbold zulassen.<\/label><\/li>\n                                        <li class=\"cookieOption3\"><label for=\"borlabsCookieInlineOptionRejectAll\"><input id=\"borlabsCookieInlineOptionRejectAll\" type=\"radio\" name=\"cookieOption\" value=\"reject-all\">Nur technisch notwendige Cookies zulassen.<\/label><\/li>\n                                    <\/ul>\n                <div data-borlabs-selection-success>\n                    <p class=\"borlabsCookieSuccess\">Ihre Auswahl wurde gespeichert!<\/p>\n                <\/div>\n            <\/div>\n            <p class=\"borlabsCookieText\" data-borlabs-cookie-help-link>Hilfe<\/p>\n        <\/div>\n        <div data-borlabs-help>\n            <p class=\"borlabsCookieSubHeadline\">Hilfe<\/p>\n            <p>Um fortfahren zu k\u00f6nnen, m\u00fcssen Sie eine Cookie-Auswahl treffen. Nachfolgend erhalten Sie eine Erl\u00e4uterung der verschiedenen Optionen und ihrer Bedeutung.<\/p>\n            <ul>\n                <li><span>Alle Cookies inklusive Drittanbieter-Cookies (z.B. YouTube) zulassen.<\/span>:<br>Mit dieser Option erlauben Sie das Setzen aller Cookies, dies umfasst auch Cookies von Drittanbietern wie YouTube. Unter den von Drittanbietern gesetzten Cookies k\u00f6nnen sich auch Tracking- und Analyse-Cookies dieser Anbieter befinden, auf deren Nutzung wir keinen Einfluss haben.<\/li>\n                                <li><span>Nur Cookies von Neue Herbold zulassen.<\/span>:<br>Mit dieser Option erlauben Sie nur Cookies unserer eigenen Website. Mit diesen Cookies merkt sich die Website die von Ihnen gew\u00e4hlte Anzeigesprache und welche Auswahl Sie bei der Cookie-Auswahl getroffen haben, damit Sie nicht bei jedem Seitenaufruf erneut gefragt werden.<\/li>\n                                <li><span>Nur technisch notwendige Cookies zulassen.<\/span>:<br>Mit dieser Option erlauben Sie nur die technisch notwendigen Cookies. In erster Linie ist dies ein Cookie, mit dem sich unsere Website merkt, welche Auswahl Sie getroffen haben. Das Cookie selbst speichert dabei keine personenbezogenen Daten sondern lediglich die von Ihnen getroffene Auswahl, damit Sie nicht bei jedem Seitenaufruf erneut gefragt werden.<\/li>\n                            <\/ul>\n            <p>Sie k\u00f6nnen Ihre Cookie-Einstellung jederzeit hier \u00e4ndern: <a href=\"https:\/\/neue-herbold.com\/de\/datenschutz\/\">Datenschutzerkl\u00e4rung<\/a>. <a href=\"https:\/\/neue-herbold.com\/de\/impressum\/\">Impressum<\/a><\/p>\n            <p class=\"borlabsCookieText\" data-borlabs-cookie-help-link>Zur\u00fcck<\/p>\n        <\/div>\n    <\/div>\n<\/div>\n<hr \/>\n<h2 style=\"text-align: left;\">Angaben gem\u00e4\u00df \u00a7 5 DDG:<\/h2>\n<p style=\"text-align: left;\">NEUE HERBOLD Maschinen-u. Anlagenbau GmbH<br \/>\nWiesenstrasse 44<br \/>\n74889 Sinsheim<\/p>\n<h2 style=\"text-align: left;\">Vertreten durch:<\/h2>\n<p style=\"text-align: left;\">NEUE HERBOLD<br \/>\nMaschinen-u. Anlagenbau GmbH<br \/>\nvertreten durch den Gesch\u00e4ftsf\u00fchrer Arwed-Peter Abraham<\/p>\n<h2 style=\"text-align: left;\">Kontakt:<\/h2>\n<p style=\"text-align: left;\">Telefon: +49 (0) 7261 \/ 9248-0<br \/>\nTelefax: +49 (0) 7261 \/ 9248-99<br \/>\nE-Mail: <a href=\"mailto:info@neue-herbold.de\">info@neue-herbold.de<\/a><\/p>\n<h2 style=\"text-align: left;\">Registereintrag:<\/h2>\n<p style=\"text-align: left;\">Eintragung im Handelsregister. <br \/>\nRegistergericht:Mannheim <br \/>\nRegisternummer: 341269<\/p>\n<h2 style=\"text-align: left;\">Umsatzsteuer:<\/h2>\n<p style=\"text-align: left;\">Umsatzsteuer-Identifikationsnummer gem\u00e4\u00df \u00a727 a Umsatzsteuergesetz:<br \/>\nDE811935715<\/p>\n<h3 style=\"text-align: left;\">Haftung f\u00fcr Inhalte<\/h3>\n<p style=\"text-align: left;\">Als Diensteanbieter sind wir gem\u00e4\u00df \u00a7 7 Abs.1 DDG f\u00fcr eigene Inhalte auf diesen Seiten nach den allgemeinen Gesetzen verantwortlich. Nach \u00a7\u00a7 8 bis 10 DDG sind wir als Diensteanbieter jedoch nicht verpflichtet, \u00fcbermittelte oder gespeicherte fremde Informationen zu \u00fcberwachen oder nach Umst\u00e4nden zu forschen, die auf eine rechtswidrige T\u00e4tigkeit hinweisen.<\/p>\n<p style=\"text-align: left;\">Verpflichtungen zur Entfernung oder Sperrung der Nutzung von Informationen nach den allgemeinen Gesetzen bleiben hiervon unber\u00fchrt. Eine diesbez\u00fcgliche Haftung ist jedoch erst ab dem Zeitpunkt der Kenntnis einer konkreten Rechtsverletzung m\u00f6glich. Bei Bekanntwerden von entsprechenden Rechtsverletzungen werden wir diese Inhalte umgehend entfernen.<\/p>\n<h3 style=\"text-align: left;\">Haftung f\u00fcr Links<\/h3>\n<p style=\"text-align: left;\">Unser Angebot enth\u00e4lt Links zu externen Websites Dritter, auf deren Inhalte wir keinen Einfluss haben. Deshalb k\u00f6nnen wir f\u00fcr diese fremden Inhalte auch keine Gew\u00e4hr \u00fcbernehmen. F\u00fcr die Inhalte der verlinkten Seiten ist stets der jeweilige Anbieter oder Betreiber der Seiten verantwortlich. Die verlinkten Seiten wurden zum Zeitpunkt der Verlinkung auf m\u00f6gliche Rechtsverst\u00f6\u00dfe \u00fcberpr\u00fcft. Rechtswidrige Inhalte waren zum Zeitpunkt der Verlinkung nicht erkennbar.<\/p>\n<p style=\"text-align: left;\">Eine permanente inhaltliche Kontrolle der verlinkten Seiten ist jedoch ohne konkrete Anhaltspunkte einer Rechtsverletzung nicht zumutbar. Bei Bekanntwerden von Rechtsverletzungen werden wir derartige Links umgehend entfernen.<\/p>\n<h3 style=\"text-align: left;\">Urheberrecht<\/h3>\n<p style=\"text-align: left;\">Die durch die Seitenbetreiber erstellten Inhalte und Werke auf diesen Seiten unterliegen dem deutschen Urheberrecht. Die Vervielf\u00e4ltigung, Bearbeitung, Verbreitung und jede Art der Verwertung au\u00dferhalb der Grenzen des Urheberrechtes bed\u00fcrfen der schriftlichen Zustimmung des jeweiligen Autors bzw. Erstellers. Downloads und Kopien dieser Seite sind nur f\u00fcr den privaten, nicht kommerziellen Gebrauch gestattet.<\/p>\n<p style=\"text-align: left;\">Soweit die Inhalte auf dieser Seite nicht vom Betreiber erstellt wurden, werden die Urheberrechte Dritter beachtet. Insbesondere werden Inhalte Dritter als solche gekennzeichnet. Sollten Sie trotzdem auf eine Urheberrechtsverletzung aufmerksam werden, bitten wir um einen entsprechenden Hinweis. Bei Bekanntwerden von Rechtsverletzungen werden wir derartige Inhalte umgehend entfernen.<\/p>\n<p><img loading=\"lazy\" decoding=\"async\" class=\"size-full wp-image-11858 aligncenter\" src=\"https:\/\/neue-herbold.com\/wp-content\/uploads\/2018\/05\/erecht24-siegel-impressum-blau.png\" alt=\"\" width=\"120\" height=\"156\" srcset=\"https:\/\/neue-herbold.com\/wp-content\/uploads\/2018\/05\/erecht24-siegel-impressum-blau.png 120w, https:\/\/neue-herbold.com\/wp-content\/uploads\/2018\/05\/erecht24-siegel-impressum-blau-100x130.png 100w\" sizes=\"(max-width: 120px) 100vw, 120px\" \/><\/p>\n<hr \/>\n<p style=\"text-align: left;\">Realisierung: <br \/>\n<a href=\"https:\/\/www.ekxakt.de\" target=\"_blank\" rel=\"noopener\"><strong>EKXAKT<\/strong> Marketing &amp; Kommunikation<\/a><\/p>\n","protected":false},"excerpt":{"rendered":"<p>Angaben gem\u00e4\u00df \u00a7 5 DDG:<\/p>\n<p style=\"text-align: left;\">NEUE HERBOLD Maschinen-u. Anlagenbau GmbH<br \/>\nWiesenstrasse 44<br \/>\n74889 Sinsheim<\/p>\n<p>Vertreten durch:<\/p>\n<p style=\"text-align: left;\">NEUE HERBOLD<br \/>\nMaschinen-u. Anlagenbau GmbH<br \/>\nvertreten durch den Gesch\u00e4ftsf\u00fchrer Arwed-Peter Abraham<\/p>\n<p>Kontakt:<\/p>\n<p style=\"text-align: left;\">Telefon: +49 (0) 7261 \/ 9248-0<br \/>\nTelefax: +49 (0) 7261 \/ 9248-99<br \/>\nE-Mail: <a href=\"mailto:info@neue-herbold.de\">info@neue-herbold.de<\/a><\/p>\n<p>Registereintrag:<\/p>\n<p style=\"text-align: left;\">Eintragung im Handelsregister.<\/p>\n<p><span class=\"ellipsis\">&hellip;<\/span><\/p>\n<div class=\"read-more\"><a href=\"https:\/\/neue-herbold.com\/de\/impressum\/\">Weiterlesen \u203a<\/a><\/div>\n<p><!-- end of .read-more --><\/p>\n","protected":false},"author":1,"featured_media":0,"parent":0,"menu_order":0,"comment_status":"closed","ping_status":"closed","template":"","meta":{"footnotes":""},"class_list":["post-11","page","type-page","status-publish","hentry"],"yoast_head":"<!-- This site is optimized with the Yoast SEO plugin v25.4 - https:\/\/yoast.com\/wordpress\/plugins\/seo\/ -->\n<title>Impressum<\/title>\n<meta name=\"description\" content=\"Urheberrecht\/Copyright Alle Rechte sind der NEUE HERBOLD vorbehalten. Die Online-Dokumente und Webseiten einschlie\u00dflich ihrer Teile sind urheberrechtlich\" \/>\n<meta name=\"robots\" content=\"index, follow, max-snippet:-1, max-image-preview:large, max-video-preview:-1\" \/>\n<link rel=\"canonical\" href=\"https:\/\/neue-herbold.com\/de\/impressum\/\" \/>\n<meta property=\"og:locale\" content=\"de_DE\" \/>\n<meta property=\"og:type\" content=\"article\" \/>\n<meta property=\"og:title\" content=\"Impressum\" \/>\n<meta property=\"og:description\" content=\"Urheberrecht\/Copyright Alle Rechte sind der NEUE HERBOLD vorbehalten. Die Online-Dokumente und Webseiten einschlie\u00dflich ihrer Teile sind urheberrechtlich\" \/>\n<meta property=\"og:url\" content=\"https:\/\/neue-herbold.com\/de\/impressum\/\" \/>\n<meta property=\"og:site_name\" content=\"Neue Herbold GmbH\" \/>\n<meta property=\"article:modified_time\" content=\"2024-06-07T17:49:01+00:00\" \/>\n<meta property=\"og:image\" content=\"https:\/\/neue-herbold.com\/wp-content\/uploads\/2018\/05\/erecht24-siegel-impressum-blau.png\" \/>\n<meta name=\"twitter:label1\" content=\"Gesch\u00e4tzte Lesezeit\" \/>\n\t<meta name=\"twitter:data1\" content=\"3\u00a0Minuten\" \/>\n<script type=\"application\/ld+json\" class=\"yoast-schema-graph\">{\"@context\":\"https:\/\/schema.org\",\"@graph\":[{\"@type\":\"WebPage\",\"@id\":\"https:\/\/neue-herbold.com\/de\/impressum\/\",\"url\":\"https:\/\/neue-herbold.com\/de\/impressum\/\",\"name\":\"Impressum\",\"isPartOf\":{\"@id\":\"https:\/\/neue-herbold.com\/en\/#website\"},\"primaryImageOfPage\":{\"@id\":\"https:\/\/neue-herbold.com\/de\/impressum\/#primaryimage\"},\"image\":{\"@id\":\"https:\/\/neue-herbold.com\/de\/impressum\/#primaryimage\"},\"thumbnailUrl\":\"https:\/\/neue-herbold.com\/wp-content\/uploads\/2018\/05\/erecht24-siegel-impressum-blau.png\",\"datePublished\":\"2014-09-21T19:19:09+00:00\",\"dateModified\":\"2024-06-07T17:49:01+00:00\",\"description\":\"Urheberrecht\/Copyright Alle Rechte sind der NEUE HERBOLD vorbehalten. Die Online-Dokumente und Webseiten einschlie\u00dflich ihrer Teile sind urheberrechtlich\",\"breadcrumb\":{\"@id\":\"https:\/\/neue-herbold.com\/de\/impressum\/#breadcrumb\"},\"inLanguage\":\"de\",\"potentialAction\":[{\"@type\":\"ReadAction\",\"target\":[\"https:\/\/neue-herbold.com\/de\/impressum\/\"]}]},{\"@type\":\"ImageObject\",\"inLanguage\":\"de\",\"@id\":\"https:\/\/neue-herbold.com\/de\/impressum\/#primaryimage\",\"url\":\"https:\/\/neue-herbold.com\/wp-content\/uploads\/2018\/05\/erecht24-siegel-impressum-blau.png\",\"contentUrl\":\"https:\/\/neue-herbold.com\/wp-content\/uploads\/2018\/05\/erecht24-siegel-impressum-blau.png\"},{\"@type\":\"BreadcrumbList\",\"@id\":\"https:\/\/neue-herbold.com\/de\/impressum\/#breadcrumb\",\"itemListElement\":[{\"@type\":\"ListItem\",\"position\":1,\"name\":\"Startseite\",\"item\":\"https:\/\/neue-herbold.com\/de\/\"},{\"@type\":\"ListItem\",\"position\":2,\"name\":\"Impressum\"}]},{\"@type\":\"WebSite\",\"@id\":\"https:\/\/neue-herbold.com\/en\/#website\",\"url\":\"https:\/\/neue-herbold.com\/en\/\",\"name\":\"Neue Herbold GmbH\",\"description\":\"\",\"potentialAction\":[{\"@type\":\"SearchAction\",\"target\":{\"@type\":\"EntryPoint\",\"urlTemplate\":\"https:\/\/neue-herbold.com\/en\/?s={search_term_string}\"},\"query-input\":{\"@type\":\"PropertyValueSpecification\",\"valueRequired\":true,\"valueName\":\"search_term_string\"}}],\"inLanguage\":\"de\"}]}<\/script>\n<!-- \/ Yoast SEO plugin. -->","yoast_head_json":{"title":"Impressum","description":"Urheberrecht\/Copyright Alle Rechte sind der NEUE HERBOLD vorbehalten. Die Online-Dokumente und Webseiten einschlie\u00dflich ihrer Teile sind urheberrechtlich","robots":{"index":"index","follow":"follow","max-snippet":"max-snippet:-1","max-image-preview":"max-image-preview:large","max-video-preview":"max-video-preview:-1"},"canonical":"https:\/\/neue-herbold.com\/de\/impressum\/","og_locale":"de_DE","og_type":"article","og_title":"Impressum","og_description":"Urheberrecht\/Copyright Alle Rechte sind der NEUE HERBOLD vorbehalten. Die Online-Dokumente und Webseiten einschlie\u00dflich ihrer Teile sind urheberrechtlich","og_url":"https:\/\/neue-herbold.com\/de\/impressum\/","og_site_name":"Neue Herbold GmbH","article_modified_time":"2024-06-07T17:49:01+00:00","og_image":[{"url":"https:\/\/neue-herbold.com\/wp-content\/uploads\/2018\/05\/erecht24-siegel-impressum-blau.png","type":"","width":"","height":""}],"twitter_misc":{"Gesch\u00e4tzte Lesezeit":"3\u00a0Minuten"},"schema":{"@context":"https:\/\/schema.org","@graph":[{"@type":"WebPage","@id":"https:\/\/neue-herbold.com\/de\/impressum\/","url":"https:\/\/neue-herbold.com\/de\/impressum\/","name":"Impressum","isPartOf":{"@id":"https:\/\/neue-herbold.com\/en\/#website"},"primaryImageOfPage":{"@id":"https:\/\/neue-herbold.com\/de\/impressum\/#primaryimage"},"image":{"@id":"https:\/\/neue-herbold.com\/de\/impressum\/#primaryimage"},"thumbnailUrl":"https:\/\/neue-herbold.com\/wp-content\/uploads\/2018\/05\/erecht24-siegel-impressum-blau.png","datePublished":"2014-09-21T19:19:09+00:00","dateModified":"2024-06-07T17:49:01+00:00","description":"Urheberrecht\/Copyright Alle Rechte sind der NEUE HERBOLD vorbehalten. Die Online-Dokumente und Webseiten einschlie\u00dflich ihrer Teile sind urheberrechtlich","breadcrumb":{"@id":"https:\/\/neue-herbold.com\/de\/impressum\/#breadcrumb"},"inLanguage":"de","potentialAction":[{"@type":"ReadAction","target":["https:\/\/neue-herbold.com\/de\/impressum\/"]}]},{"@type":"ImageObject","inLanguage":"de","@id":"https:\/\/neue-herbold.com\/de\/impressum\/#primaryimage","url":"https:\/\/neue-herbold.com\/wp-content\/uploads\/2018\/05\/erecht24-siegel-impressum-blau.png","contentUrl":"https:\/\/neue-herbold.com\/wp-content\/uploads\/2018\/05\/erecht24-siegel-impressum-blau.png"},{"@type":"BreadcrumbList","@id":"https:\/\/neue-herbold.com\/de\/impressum\/#breadcrumb","itemListElement":[{"@type":"ListItem","position":1,"name":"Startseite","item":"https:\/\/neue-herbold.com\/de\/"},{"@type":"ListItem","position":2,"name":"Impressum"}]},{"@type":"WebSite","@id":"https:\/\/neue-herbold.com\/en\/#website","url":"https:\/\/neue-herbold.com\/en\/","name":"Neue Herbold GmbH","description":"","potentialAction":[{"@type":"SearchAction","target":{"@type":"EntryPoint","urlTemplate":"https:\/\/neue-herbold.com\/en\/?s={search_term_string}"},"query-input":{"@type":"PropertyValueSpecification","valueRequired":true,"valueName":"search_term_string"}}],"inLanguage":"de"}]}},"_links":{"self":[{"href":"https:\/\/neue-herbold.com\/de\/wp-json\/wp\/v2\/pages\/11"}],"collection":[{"href":"https:\/\/neue-herbold.com\/de\/wp-json\/wp\/v2\/pages"}],"about":[{"href":"https:\/\/neue-herbold.com\/de\/wp-json\/wp\/v2\/types\/page"}],"author":[{"embeddable":true,"href":"https:\/\/neue-herbold.com\/de\/wp-json\/wp\/v2\/users\/1"}],"replies":[{"embeddable":true,"href":"https:\/\/neue-herbold.com\/de\/wp-json\/wp\/v2\/comments?post=11"}],"version-history":[{"count":28,"href":"https:\/\/neue-herbold.com\/de\/wp-json\/wp\/v2\/pages\/11\/revisions"}],"predecessor-version":[{"id":16381,"href":"https:\/\/neue-herbold.com\/de\/wp-json\/wp\/v2\/pages\/11\/revisions\/16381"}],"wp:attachment":[{"href":"https:\/\/neue-herbold.com\/de\/wp-json\/wp\/v2\/media?parent=11"}],"curies":[{"name":"wp","href":"https:\/\/api.w.org\/{rel}","templated":true}]}}